{"id":993,"date":"2023-08-15T13:13:58","date_gmt":"2023-08-15T13:13:58","guid":{"rendered":"https:\/\/www.hvar.com\/?page_id=993"},"modified":"2023-08-22T08:42:32","modified_gmt":"2023-08-22T08:42:32","slug":"svirce","status":"publish","type":"page","link":"https:\/\/www.hvar.com\/hr\/destinacije\/svirce\/","title":{"rendered":"Svir\u010de"},"content":{"rendered":"<p>[et_pb_section fb_built=&#8221;1&#8243; _builder_version=&#8221;4.20.0&#8243; _module_preset=&#8221;default&#8221; custom_padding=&#8221;20px||20px||false|false&#8221; global_colors_info=&#8221;{}&#8221;][et_pb_row _builder_version=&#8221;4.20.0&#8243; _module_preset=&#8221;default&#8221; custom_padding=&#8221;15px||15px||true|false&#8221; global_colors_info=&#8221;{}&#8221;][et_pb_column type=&#8221;4_4&#8243; _builder_version=&#8221;4.20.0&#8243; _module_preset=&#8221;default&#8221; global_colors_info=&#8221;{}&#8221;][et_pb_text _builder_version=&#8221;4.22.0&#8243; _module_preset=&#8221;default&#8221; header_font=&#8221;|700|||||||&#8221; header_font_size=&#8221;34px&#8221; hover_enabled=&#8221;0&#8243; global_colors_info=&#8221;{}&#8221; sticky_enabled=&#8221;0&#8243;]<\/p>\n<h1>Svir\u010de, otok Hvar<\/h1>\n<p>[\/et_pb_text][\/et_pb_column][\/et_pb_row][et_pb_row module_class=&#8221;reviewpage-img&#8221; _builder_version=&#8221;4.20.0&#8243; _module_preset=&#8221;default&#8221; max_height=&#8221;700px&#8221; custom_padding=&#8221;0px||0px||true|false&#8221; global_colors_info=&#8221;{}&#8221;][et_pb_column type=&#8221;4_4&#8243; _builder_version=&#8221;4.20.0&#8243; _module_preset=&#8221;default&#8221; global_colors_info=&#8221;{}&#8221;][et_pb_image src=&#8221;https:\/\/www.hvar.com\/wp-content\/uploads\/2023\/08\/svirce.jpg&#8221; alt=&#8221;svir\u010de&#8221; title_text=&#8221;svir\u010de&#8221; align=&#8221;center&#8221; _builder_version=&#8221;4.22.0&#8243; _module_preset=&#8221;default&#8221; hover_enabled=&#8221;0&#8243; global_colors_info=&#8221;{}&#8221; sticky_enabled=&#8221;0&#8243;][\/et_pb_image][\/et_pb_column][\/et_pb_row][\/et_pb_section][et_pb_section fb_built=&#8221;1&#8243; use_custom_gutter=&#8221;on&#8221; gutter_width=&#8221;2&#8243; specialty=&#8221;on&#8221; _builder_version=&#8221;4.21.0&#8243; _module_preset=&#8221;default&#8221; custom_padding=&#8221;10px||5px||false|false&#8221; global_colors_info=&#8221;{}&#8221;][et_pb_column type=&#8221;2_3&#8243; specialty_columns=&#8221;2&#8243; _builder_version=&#8221;4.16&#8243; custom_padding=&#8221;|||&#8221; global_colors_info=&#8221;{}&#8221; custom_padding__hover=&#8221;|||&#8221;][et_pb_row_inner _builder_version=&#8221;4.21.0&#8243; _module_preset=&#8221;default&#8221; custom_padding=&#8221;||29px|||&#8221; global_colors_info=&#8221;{}&#8221;][et_pb_column_inner saved_specialty_column_type=&#8221;2_3&#8243; _builder_version=&#8221;4.21.0&#8243; _module_preset=&#8221;default&#8221; global_colors_info=&#8221;{}&#8221;][et_pb_text _builder_version=&#8221;4.22.0&#8243; _module_preset=&#8221;default&#8221; header_2_font=&#8221;|700|||||||&#8221; hover_enabled=&#8221;0&#8243; global_colors_info=&#8221;{}&#8221; sticky_enabled=&#8221;0&#8243;]<\/p>\n<h2>Svir\u010de<\/h2>\n<p>\u00a0U udolinu izme\u0111u okolnih brda u koju se svakako slijeva voda i zelenilo, nastanili su se stanovnici Vrbanja ve\u0107 i radi mogu\u0107nosti \u0161talskog uzgoja. Rije\u010d \u201esvir\u201c zna\u010di voda, \u0161to je dobitna kombinacija na \u201eJugu\u201c za uzgoj vinove loze, \u0161to se ti\u010de obima prinosa, uz zagarantiranu kvalitetu koju daje Sunce. 2006. g. vinarija u Svir\u010du progla\u0161ena je najboljom u Hrvatskoj. Uz uzgoj maslina i ne\u0161to turizma tu se odr\u017eava \u010detiristotinjak stanovnika, \u0161to je samo prepolovljen broj u odnosu\u00a0 na populacijsko rekordnu 1900. g. Ostala mjesta na otoku Hvaru do\u017eivljavaju peterostruki pad broja stanovnika.<\/p>\n<p>Svir\u010dani se bave turizmom i vinogradarstvom i u Ivan Dolcu, Jagodni i Sv. Nedjelji koja pripada op\u0107ini Hvar. Prezimena Makijani\u0107, Plan\u010di\u0107, Plenkovi\u0107, poznata su svako na svoj na\u010din i u Evropi , na\u0161oj novoj u\u010diteljici \u017eivota, koja kao \u201e stara dama \u201e \u017eeli konkurirati ruralnoj sre\u0107i koju iznjedruju \u201e stare bakice\u201c. Upravo su \u201e bakice \u201e bile upori\u0161te podno\u0161enja igre\u00a0 \u201eVelikih\u201c generala<\/p>\n<p>Dvaju Svjetskih ratova, koje su snabdijevale vojske svojim sinovima i prehranjivale ra\u0161tikom i iznutricama svoje bli\u017enje, kako bi \u0161to vi\u0161e odlazilo za Vojske. \u201e Bakice\u201c kao upori\u0161te paterjarhalnog dru\u0161tava kao i paterjarhat razasute su SVUDA PO SVIJETU, sinonim su za vrlinu podno\u0161enja, kao neku \u201e prirodnost \u201e.Na njih se ne primjenjuje geometrijsko \u2013 teoretski pojam<\/p>\n<p>\u201e PRAVO \u201e kao ne\u0161to umjetno , izvitopereno u odnosu na zmijoliku krivudavost pojma \u201e priroda \u201e koji je \u010das neka Bogomdanost a \u010das neciviliziranost. Ta nekonsekventnost jest \u201ekratkost \u201e upravo kulture mi\u0161ljenja jer ba\u0161 ono-mi\u0161ljenje ne postoji kao ne\u0161to \u201eprirodno\u201c niti \u201epo prirodi\u201c. Svi mi \u201epo prirodi\u201c imamo 5 prstiju na rukama no nemamo i uputu, \u0161to s njima \u010diniti. \u0160to \u0107e \u010diniti \u017eenske ruke , kao po prirodi \u00a0t. j. Bogu je odre\u0111eno paterjarhatom. Zbogom pameti i do vi\u0111enja u slijede\u0107em ratu\u2026 upravo kao ne\u010dem \u201eprirodnom\u201c.<\/p>\n<p>[\/et_pb_text][\/et_pb_column_inner][\/et_pb_row_inner][\/et_pb_column][et_pb_column type=&#8221;1_3&#8243; _builder_version=&#8221;4.16&#8243; custom_padding=&#8221;|||&#8221; global_colors_info=&#8221;{}&#8221; custom_padding__hover=&#8221;|||&#8221;][et_pb_code disabled_on=&#8221;on|off|off&#8221; _builder_version=&#8221;4.22.0&#8243; _module_preset=&#8221;default&#8221; sticky_position=&#8221;top&#8221; sticky_offset_top=&#8221;20px&#8221; sticky_limit_bottom=&#8221;row&#8221; hover_enabled=&#8221;0&#8243; global_colors_info=&#8221;{}&#8221; sticky_enabled=&#8221;0&#8243;]<ins class=\"bookingaff\" data-aid=\"2340087\" data-target_aid=\"2340087\" data-prod=\"map\" data-width=\"100%\" data-height=\"590\" data-lang=\"ualng\" data-dest_id=\"0\" data-dest_type=\"landmark\" data-latitude=\"43.159412\" data-longitude=\"16.648024\" data-landmark_name=\"Hvar\" data-mwhsb=\"0\" data-address=\"Brusje, Hvar, Croatia\"><!-- [et_pb_line_break_holder] -->    <!-- Anything inside will go away once widget is loaded. --><!-- [et_pb_line_break_holder] -->        <a href=\"\/\/www.booking.com?aid=2340087\">Booking.com<\/a><!-- [et_pb_line_break_holder] --><\/ins><!-- [et_pb_line_break_holder] --><script type=\"text\/javascript\"><!-- [et_pb_line_break_holder] -->    (function(d, sc, u) {<!-- [et_pb_line_break_holder] -->      var s = d.createElement(sc), p = d.getElementsByTagName(sc)[0];<!-- [et_pb_line_break_holder] -->      s.type = 'text\/javascript';<!-- [et_pb_line_break_holder] -->      s.async = true;<!-- [et_pb_line_break_holder] -->      s.src = u + '?v=' + (+new Date());<!-- [et_pb_line_break_holder] -->      p.parentNode.insertBefore(s,p);<!-- [et_pb_line_break_holder] -->      })(document, 'script', '\/\/cf.bstatic.com\/static\/affiliate_base\/js\/flexiproduct.js');<!-- [et_pb_line_break_holder] --><\/script>[\/et_pb_code][\/et_pb_column][\/et_pb_section][et_pb_section fb_built=&#8221;1&#8243; _builder_version=&#8221;4.21.0&#8243; _module_preset=&#8221;default&#8221; custom_padding=&#8221;10px||||false|false&#8221; global_colors_info=&#8221;{}&#8221;][et_pb_row _builder_version=&#8221;4.20.0&#8243; _module_preset=&#8221;default&#8221; global_colors_info=&#8221;{}&#8221;][et_pb_column type=&#8221;4_4&#8243; _builder_version=&#8221;4.20.0&#8243; _module_preset=&#8221;default&#8221; global_colors_info=&#8221;{}&#8221;][et_pb_text _builder_version=&#8221;4.22.0&#8243; _module_preset=&#8221;default&#8221; header_3_font=&#8221;|700|||||||&#8221; custom_margin=&#8221;0px||15px||false|false&#8221; hover_enabled=&#8221;0&#8243; global_colors_info=&#8221;{}&#8221; sticky_enabled=&#8221;0&#8243;]<\/p>\n<h3>Galerija slika mjesta Svir\u010de<\/h3>\n<p>[\/et_pb_text][et_pb_gallery gallery_ids=&#8221;996,997,998,999,1000,1001,1002,1003&#8243; show_title_and_caption=&#8221;off&#8221; _builder_version=&#8221;4.22.0&#8243; _module_preset=&#8221;default&#8221; hover_enabled=&#8221;0&#8243; global_colors_info=&#8221;{}&#8221; sticky_enabled=&#8221;0&#8243;][\/et_pb_gallery][et_pb_code _builder_version=&#8221;4.22.0&#8243; _module_preset=&#8221;default&#8221; hover_enabled=&#8221;0&#8243; global_colors_info=&#8221;{}&#8221; sticky_enabled=&#8221;0&#8243;]<ins class=\"bookingaff\" data-aid=\"2340087\" data-target_aid=\"2340087\" data-prod=\"map\" data-width=\"100%\" data-height=\"590\" data-lang=\"ualng\" data-dest_id=\"0\" data-dest_type=\"landmark\" data-latitude=\"43.159412\" data-longitude=\"16.648024\" data-landmark_name=\"Hvar\" data-mwhsb=\"0\" data-address=\"Brusje, Hvar, Croatia\"><!-- [et_pb_line_break_holder] -->    <!-- Anything inside will go away once widget is loaded. --><!-- [et_pb_line_break_holder] -->        <a href=\"\/\/www.booking.com?aid=2340087\">Booking.com<\/a><!-- [et_pb_line_break_holder] --><\/ins><!-- [et_pb_line_break_holder] --><script type=\"text\/javascript\"><!-- [et_pb_line_break_holder] -->    (function(d, sc, u) {<!-- [et_pb_line_break_holder] -->      var s = d.createElement(sc), p = d.getElementsByTagName(sc)[0];<!-- [et_pb_line_break_holder] -->      s.type = 'text\/javascript';<!-- [et_pb_line_break_holder] -->      s.async = true;<!-- [et_pb_line_break_holder] -->      s.src = u + '?v=' + (+new Date());<!-- [et_pb_line_break_holder] -->      p.parentNode.insertBefore(s,p);<!-- [et_pb_line_break_holder] -->      })(document, 'script', '\/\/cf.bstatic.com\/static\/affiliate_base\/js\/flexiproduct.js');<!-- [et_pb_line_break_holder] --><\/script>[\/et_pb_code][\/et_pb_column][\/et_pb_row][\/et_pb_section]<\/p>\n","protected":false},"excerpt":{"rendered":"<p>Svir\u010de, otok HvarSvir\u010de \u00a0U udolinu izme\u0111u okolnih brda u koju se svakako slijeva voda i zelenilo, nastanili su se stanovnici Vrbanja ve\u0107 i radi mogu\u0107nosti \u0161talskog uzgoja. Rije\u010d \u201esvir\u201c zna\u010di voda, \u0161to je dobitna kombinacija na \u201eJugu\u201c za uzgoj vinove loze, \u0161to se ti\u010de obima prinosa, uz zagarantiranu kvalitetu koju daje Sunce. 2006. g. vinarija [&hellip;]<\/p>\n","protected":false},"author":1,"featured_media":0,"parent":49,"menu_order":0,"comment_status":"closed","ping_status":"closed","template":"","meta":{"_et_pb_use_builder":"on","_et_pb_old_content":"","_et_gb_content_width":"","inline_featured_image":false,"footnotes":""},"categories":[],"tags":[],"class_list":["post-993","page","type-page","status-publish","hentry"],"yoast_head":"<!-- This site is optimized with the Yoast SEO Premium plugin v27.5 (Yoast SEO v27.5) - https:\/\/yoast.com\/product\/yoast-seo-premium-wordpress\/ -->\n<title>Svir\u010de, informativni vodi\u0107 otoka Hvara - Hvar.com<\/title>\n<meta name=\"description\" content=\"Mjesto Svir\u010de smjestilo se u dolinu izme\u0111u okolnih brda otoka Hvara okru\u017eeno zelenilom. Svir\u010dani se bave turizmom i vinogradarstvom.\" \/>\n<meta name=\"robots\" content=\"index, follow, max-snippet:-1, max-image-preview:large, max-video-preview:-1\" \/>\n<link rel=\"canonical\" href=\"https:\/\/www.hvar.com\/hr\/destinacije\/svirce\/\" \/>\n<meta property=\"og:locale\" content=\"hr_HR\" \/>\n<meta property=\"og:type\" content=\"article\" \/>\n<meta property=\"og:title\" content=\"Svir\u010de\" \/>\n<meta property=\"og:description\" content=\"Mjesto Svir\u010de smjestilo se u dolinu izme\u0111u okolnih brda otoka Hvara okru\u017eeno zelenilom. Svir\u010dani se bave turizmom i vinogradarstvom.\" \/>\n<meta property=\"og:url\" content=\"https:\/\/www.hvar.com\/hr\/destinacije\/svirce\/\" \/>\n<meta property=\"og:site_name\" content=\"Hvar island Croatia\" \/>\n<meta property=\"article:modified_time\" content=\"2023-08-22T08:42:32+00:00\" \/>\n<meta name=\"twitter:card\" content=\"summary_large_image\" \/>\n<meta name=\"twitter:label1\" content=\"Procijenjeno vrijeme \u010ditanja\" \/>\n\t<meta name=\"twitter:data1\" content=\"2 minute\" \/>\n<script type=\"application\/ld+json\" class=\"yoast-schema-graph\">{\"@context\":\"https:\\\/\\\/schema.org\",\"@graph\":[{\"@type\":\"WebPage\",\"@id\":\"https:\\\/\\\/www.hvar.com\\\/hr\\\/destinacije\\\/svirce\\\/\",\"url\":\"https:\\\/\\\/www.hvar.com\\\/hr\\\/destinacije\\\/svirce\\\/\",\"name\":\"Svir\u010de, informativni vodi\u0107 otoka Hvara - Hvar.com\",\"isPartOf\":{\"@id\":\"https:\\\/\\\/www.hvar.com\\\/hr\\\/#website\"},\"datePublished\":\"2023-08-15T13:13:58+00:00\",\"dateModified\":\"2023-08-22T08:42:32+00:00\",\"description\":\"Mjesto Svir\u010de smjestilo se u dolinu izme\u0111u okolnih brda otoka Hvara okru\u017eeno zelenilom. Svir\u010dani se bave turizmom i vinogradarstvom.\",\"breadcrumb\":{\"@id\":\"https:\\\/\\\/www.hvar.com\\\/hr\\\/destinacije\\\/svirce\\\/#breadcrumb\"},\"inLanguage\":\"hr\",\"potentialAction\":[{\"@type\":\"ReadAction\",\"target\":[\"https:\\\/\\\/www.hvar.com\\\/hr\\\/destinacije\\\/svirce\\\/\"]}]},{\"@type\":\"BreadcrumbList\",\"@id\":\"https:\\\/\\\/www.hvar.com\\\/hr\\\/destinacije\\\/svirce\\\/#breadcrumb\",\"itemListElement\":[{\"@type\":\"ListItem\",\"position\":1,\"name\":\"Home\",\"item\":\"https:\\\/\\\/www.hvar.com\\\/hr\\\/\"},{\"@type\":\"ListItem\",\"position\":2,\"name\":\"Destinacije\",\"item\":\"https:\\\/\\\/www.hvar.com\\\/hr\\\/destinacije\\\/\"},{\"@type\":\"ListItem\",\"position\":3,\"name\":\"Svir\u010de\"}]},{\"@type\":\"WebSite\",\"@id\":\"https:\\\/\\\/www.hvar.com\\\/hr\\\/#website\",\"url\":\"https:\\\/\\\/www.hvar.com\\\/hr\\\/\",\"name\":\"Hvar island Croatia\",\"description\":\"hvar, hvar croatia, hvar island\",\"potentialAction\":[{\"@type\":\"SearchAction\",\"target\":{\"@type\":\"EntryPoint\",\"urlTemplate\":\"https:\\\/\\\/www.hvar.com\\\/hr\\\/?s={search_term_string}\"},\"query-input\":{\"@type\":\"PropertyValueSpecification\",\"valueRequired\":true,\"valueName\":\"search_term_string\"}}],\"inLanguage\":\"hr\"}]}<\/script>\n<!-- \/ Yoast SEO Premium plugin. -->","yoast_head_json":{"title":"Svir\u010de, informativni vodi\u0107 otoka Hvara - Hvar.com","description":"Mjesto Svir\u010de smjestilo se u dolinu izme\u0111u okolnih brda otoka Hvara okru\u017eeno zelenilom. Svir\u010dani se bave turizmom i vinogradarstvom.","robots":{"index":"index","follow":"follow","max-snippet":"max-snippet:-1","max-image-preview":"max-image-preview:large","max-video-preview":"max-video-preview:-1"},"canonical":"https:\/\/www.hvar.com\/hr\/destinacije\/svirce\/","og_locale":"hr_HR","og_type":"article","og_title":"Svir\u010de","og_description":"Mjesto Svir\u010de smjestilo se u dolinu izme\u0111u okolnih brda otoka Hvara okru\u017eeno zelenilom. Svir\u010dani se bave turizmom i vinogradarstvom.","og_url":"https:\/\/www.hvar.com\/hr\/destinacije\/svirce\/","og_site_name":"Hvar island Croatia","article_modified_time":"2023-08-22T08:42:32+00:00","twitter_card":"summary_large_image","twitter_misc":{"Procijenjeno vrijeme \u010ditanja":"2 minute"},"schema":{"@context":"https:\/\/schema.org","@graph":[{"@type":"WebPage","@id":"https:\/\/www.hvar.com\/hr\/destinacije\/svirce\/","url":"https:\/\/www.hvar.com\/hr\/destinacije\/svirce\/","name":"Svir\u010de, informativni vodi\u0107 otoka Hvara - Hvar.com","isPartOf":{"@id":"https:\/\/www.hvar.com\/hr\/#website"},"datePublished":"2023-08-15T13:13:58+00:00","dateModified":"2023-08-22T08:42:32+00:00","description":"Mjesto Svir\u010de smjestilo se u dolinu izme\u0111u okolnih brda otoka Hvara okru\u017eeno zelenilom. Svir\u010dani se bave turizmom i vinogradarstvom.","breadcrumb":{"@id":"https:\/\/www.hvar.com\/hr\/destinacije\/svirce\/#breadcrumb"},"inLanguage":"hr","potentialAction":[{"@type":"ReadAction","target":["https:\/\/www.hvar.com\/hr\/destinacije\/svirce\/"]}]},{"@type":"BreadcrumbList","@id":"https:\/\/www.hvar.com\/hr\/destinacije\/svirce\/#breadcrumb","itemListElement":[{"@type":"ListItem","position":1,"name":"Home","item":"https:\/\/www.hvar.com\/hr\/"},{"@type":"ListItem","position":2,"name":"Destinacije","item":"https:\/\/www.hvar.com\/hr\/destinacije\/"},{"@type":"ListItem","position":3,"name":"Svir\u010de"}]},{"@type":"WebSite","@id":"https:\/\/www.hvar.com\/hr\/#website","url":"https:\/\/www.hvar.com\/hr\/","name":"Hvar island Croatia","description":"hvar, hvar croatia, hvar island","potentialAction":[{"@type":"SearchAction","target":{"@type":"EntryPoint","urlTemplate":"https:\/\/www.hvar.com\/hr\/?s={search_term_string}"},"query-input":{"@type":"PropertyValueSpecification","valueRequired":true,"valueName":"search_term_string"}}],"inLanguage":"hr"}]}},"_links":{"self":[{"href":"https:\/\/www.hvar.com\/hr\/wp-json\/wp\/v2\/pages\/993","targetHints":{"allow":["GET"]}}],"collection":[{"href":"https:\/\/www.hvar.com\/hr\/wp-json\/wp\/v2\/pages"}],"about":[{"href":"https:\/\/www.hvar.com\/hr\/wp-json\/wp\/v2\/types\/page"}],"author":[{"embeddable":true,"href":"https:\/\/www.hvar.com\/hr\/wp-json\/wp\/v2\/users\/1"}],"replies":[{"embeddable":true,"href":"https:\/\/www.hvar.com\/hr\/wp-json\/wp\/v2\/comments?post=993"}],"version-history":[{"count":1,"href":"https:\/\/www.hvar.com\/hr\/wp-json\/wp\/v2\/pages\/993\/revisions"}],"predecessor-version":[{"id":1006,"href":"https:\/\/www.hvar.com\/hr\/wp-json\/wp\/v2\/pages\/993\/revisions\/1006"}],"up":[{"embeddable":true,"href":"https:\/\/www.hvar.com\/hr\/wp-json\/wp\/v2\/pages\/49"}],"wp:attachment":[{"href":"https:\/\/www.hvar.com\/hr\/wp-json\/wp\/v2\/media?parent=993"}],"wp:term":[{"taxonomy":"category","embeddable":true,"href":"https:\/\/www.hvar.com\/hr\/wp-json\/wp\/v2\/categories?post=993"},{"taxonomy":"post_tag","embeddable":true,"href":"https:\/\/www.hvar.com\/hr\/wp-json\/wp\/v2\/tags?post=993"}],"curies":[{"name":"wp","href":"https:\/\/api.w.org\/{rel}","templated":true}]}}