{"id":835,"date":"2023-08-14T13:31:23","date_gmt":"2023-08-14T13:31:23","guid":{"rendered":"https:\/\/www.hvar.com\/?page_id=835"},"modified":"2023-08-22T08:42:20","modified_gmt":"2023-08-22T08:42:20","slug":"sucuraj","status":"publish","type":"page","link":"https:\/\/www.hvar.com\/hr\/destinacije\/sucuraj\/","title":{"rendered":"Su\u0107uraj"},"content":{"rendered":"<p>[et_pb_section fb_built=&#8221;1&#8243; _builder_version=&#8221;4.20.0&#8243; _module_preset=&#8221;default&#8221; custom_padding=&#8221;20px||20px||false|false&#8221; global_colors_info=&#8221;{}&#8221;][et_pb_row _builder_version=&#8221;4.20.0&#8243; _module_preset=&#8221;default&#8221; custom_padding=&#8221;15px||15px||true|false&#8221; global_colors_info=&#8221;{}&#8221;][et_pb_column type=&#8221;4_4&#8243; _builder_version=&#8221;4.20.0&#8243; _module_preset=&#8221;default&#8221; global_colors_info=&#8221;{}&#8221;][et_pb_text _builder_version=&#8221;4.22.0&#8243; _module_preset=&#8221;default&#8221; header_font=&#8221;|700|||||||&#8221; header_font_size=&#8221;34px&#8221; hover_enabled=&#8221;0&#8243; global_colors_info=&#8221;{}&#8221; sticky_enabled=&#8221;0&#8243;]<\/p>\n<h1>Su\u0107uraj, otok Hvar<\/h1>\n<p>[\/et_pb_text][\/et_pb_column][\/et_pb_row][et_pb_row module_class=&#8221;reviewpage-img&#8221; _builder_version=&#8221;4.20.0&#8243; _module_preset=&#8221;default&#8221; max_height=&#8221;700px&#8221; custom_padding=&#8221;0px||0px||true|false&#8221; global_colors_info=&#8221;{}&#8221;][et_pb_column type=&#8221;4_4&#8243; _builder_version=&#8221;4.20.0&#8243; _module_preset=&#8221;default&#8221; global_colors_info=&#8221;{}&#8221;][et_pb_image src=&#8221;https:\/\/www.hvar.com\/wp-content\/uploads\/2023\/08\/sucuraj.jpg&#8221; alt=&#8221;su\u0107uraj&#8221; title_text=&#8221;su\u0107uraj&#8221; align=&#8221;center&#8221; _builder_version=&#8221;4.22.0&#8243; _module_preset=&#8221;default&#8221; hover_enabled=&#8221;0&#8243; global_colors_info=&#8221;{}&#8221; sticky_enabled=&#8221;0&#8243;][\/et_pb_image][\/et_pb_column][\/et_pb_row][\/et_pb_section][et_pb_section fb_built=&#8221;1&#8243; use_custom_gutter=&#8221;on&#8221; gutter_width=&#8221;2&#8243; specialty=&#8221;on&#8221; _builder_version=&#8221;4.21.0&#8243; _module_preset=&#8221;default&#8221; custom_padding=&#8221;10px||5px||false|false&#8221; global_colors_info=&#8221;{}&#8221;][et_pb_column type=&#8221;2_3&#8243; specialty_columns=&#8221;2&#8243; _builder_version=&#8221;4.16&#8243; custom_padding=&#8221;|||&#8221; global_colors_info=&#8221;{}&#8221; custom_padding__hover=&#8221;|||&#8221;][et_pb_row_inner _builder_version=&#8221;4.21.0&#8243; _module_preset=&#8221;default&#8221; custom_padding=&#8221;||29px|||&#8221; global_colors_info=&#8221;{}&#8221;][et_pb_column_inner saved_specialty_column_type=&#8221;2_3&#8243; _builder_version=&#8221;4.21.0&#8243; _module_preset=&#8221;default&#8221; global_colors_info=&#8221;{}&#8221;][et_pb_text _builder_version=&#8221;4.22.0&#8243; _module_preset=&#8221;default&#8221; header_2_font=&#8221;|700|||||||&#8221; hover_enabled=&#8221;0&#8243; global_colors_info=&#8221;{}&#8221; sticky_enabled=&#8221;0&#8243;]<\/p>\n<h2>Su\u0107uraj<\/h2>\n<p>Od grada Hvara udaljen je 77 km cestom koja prolazi du\u017e cijelog otoka. Trajektnom linijom, plovidbom koja traje 25 min. povezan je s Drvenikom na kopnu, koji je 86 km. udaljen od Splita ,\u00a0 58 km od Pelje\u0161kog mosta i\u00a0 136 km do Dubrovnika.<\/p>\n<p>Su\u0107uraj je osnovan Napoleonovim dekretom 25.4.1811. Ime je nastalo od Sv. Jurja \u00a0\u00a0\u00a0koji ubija zmaja. Hvarski statut\u00a0 1331. g. spominje\u00a0 crkvu Sv. Jurja iz 13. st. a u 19. st. napravljena je nova.\u00a0 Crkva Sv. Ante Padovanskog u baroknom stilu i samostan Sv. Augustina su sakralni spomenici.<\/p>\n<p>U 3. st. pr. Kr. Ilirska kraljica Teuta imala je dvorac na tom podru\u010dju, \u00a0a \u00a0sjeverno su u moru potonule gra\u0111evine. Venecija 1613. g. tu gradi tvr\u0111avu \u201e Forticu \u201e za obranu od Turaka. Od 15 st. nadolaze izbjeglice\u00a0 pred Turcima , a\u00a0 sa\u010duvan je i spomenik iz 1655. g. pisan Hrvatskom \u0107irilicom.<\/p>\n<p>U vrijeme 1. svjetskog rata 1916. g. francuska podmornica nedaleko Su\u0107urja potopila je putni\u010dko \u2013 teretni parobrod Dubrova\u010dke plovidbe. A u 2. Svjetskom Ratu bio je najja\u010de \u00a0\u00a0upori\u0161te\u00a0 antifa\u0161izma na otoku Hvaru .<\/p>\n<p>Danas ima flotu od desetak ribarskih brodova, a u uvali Mrtnovik \u2013 ribogojili\u0161te , te pogon za soljenje srdele. Proizvodi se maslinovo ulje u dvije uljare, vino Plame\u00a0 i Oka, \u00a0te med.<\/p>\n<p>U Su\u0107urju posluje desetak ugostiteljskih objekata , a izgra\u0111en je auto \u2013 kamp u uvali Mlaska. S ju\u017ene strane nalazi se pla\u017ea \u010cesminica a sa sjeverne Bilina, te uvale<\/p>\n<p>Perna i Mlaska.\u00a0\u00a0 Ribarska no\u0107 u Su\u0107urju najbolji je trenutak da se u nekoliko dana sve to ku\u0161a i obi\u0111e, a o potonulom gradu da i ne govorimo\u2026<\/p>\n<p>Gledaju\u0107i s visine koja oduvijek sugerira neku nadmo\u0107, Hvar izgleda kao Igla. Taj talijansko \u2013 nadmo\u0107ni naziv \u2013 Lesna\u00a0 ( Igla ) , izgleda Hvara, taj hvarski raste\u017eaj , koji se\u017ee od u\u0161ice njezine \u0161upljine, kao prolaza u kojem se nalaze Veliko i Malo Grablje a zavr\u0161ava ubodnom \u0161picom koplja Sv. Jurja, u Su\u0107urju. Nikada TAJ PROLAZ nije imao i nema neka \u201e vrata\u201c, niti je zemljani niti vodeni niti zra\u010dni niti vatreni. Na\u0161a orijentacija koja pose\u017ee za nekom pravilno\u0161\u0107u , ispravno\u0161\u0107u , sudom, koja je totalno dezorijentirana ukoliko ne\u00a0 \u201ebarata \u201e i ne prijeti nekim po\u010detkom i krajem, ne uo\u010dava niti sluti da je \u201ePROLAZ\u201c, Beskona\u010dnovje\u010dna Otvorenost Svijeta, Vje\u010dno Iskrenje Doga\u0111aja, a obzirnost \u00a0&#8211; \u201e Uzimanje u obzir\u201c \u2013 \u00a0bez selekcije i pojednostavljenja mo\u0107 Duha kojom se sazrijeva. Svijet nije niti kriv niti pogre\u0161an, niti grje\u0161an,\u00a0 nego \u00a0je Vje\u010dno zelenjenje mogu\u0107nosti kao onog NOVOG, kao \u0161to se Hvar \u00a0&#8211;\u00a0 IZVORI\u0160TE \u017dIVOTA\u00a0 zeleni, ne ki\u0161om i oblacima, koliko samoniklo\u0161\u0107u ROSE &#8211; vodom iz VEDRINE.<\/p>\n<p>[\/et_pb_text][\/et_pb_column_inner][\/et_pb_row_inner][\/et_pb_column][et_pb_column type=&#8221;1_3&#8243; _builder_version=&#8221;4.16&#8243; custom_padding=&#8221;|||&#8221; global_colors_info=&#8221;{}&#8221; custom_padding__hover=&#8221;|||&#8221;][et_pb_code disabled_on=&#8221;on|off|off&#8221; _builder_version=&#8221;4.22.0&#8243; _module_preset=&#8221;default&#8221; sticky_position=&#8221;top&#8221; sticky_offset_top=&#8221;20px&#8221; sticky_limit_bottom=&#8221;row&#8221; hover_enabled=&#8221;0&#8243; global_colors_info=&#8221;{}&#8221; sticky_enabled=&#8221;0&#8243;]<ins class=\"bookingaff\" data-aid=\"2340087\" data-target_aid=\"2340087\" data-prod=\"map\" data-width=\"100%\" data-height=\"590\" data-lang=\"ualng\" data-dest_id=\"0\" data-dest_type=\"landmark\" data-latitude=\"43.126103\" data-longitude=\"17.186603\" data-landmark_name=\"Hvar\" data-mwhsb=\"0\" data-address=\"Brusje, Hvar, Croatia\"><!-- [et_pb_line_break_holder] -->    <!-- Anything inside will go away once widget is loaded. --><!-- [et_pb_line_break_holder] -->        <a href=\"\/\/www.booking.com?aid=2340087\">Booking.com<\/a><!-- [et_pb_line_break_holder] --><\/ins><!-- [et_pb_line_break_holder] --><script type=\"text\/javascript\"><!-- [et_pb_line_break_holder] -->    (function(d, sc, u) {<!-- [et_pb_line_break_holder] -->      var s = d.createElement(sc), p = d.getElementsByTagName(sc)[0];<!-- [et_pb_line_break_holder] -->      s.type = 'text\/javascript';<!-- [et_pb_line_break_holder] -->      s.async = true;<!-- [et_pb_line_break_holder] -->      s.src = u + '?v=' + (+new Date());<!-- [et_pb_line_break_holder] -->      p.parentNode.insertBefore(s,p);<!-- [et_pb_line_break_holder] -->      })(document, 'script', '\/\/cf.bstatic.com\/static\/affiliate_base\/js\/flexiproduct.js');<!-- [et_pb_line_break_holder] --><\/script>[\/et_pb_code][\/et_pb_column][\/et_pb_section][et_pb_section fb_built=&#8221;1&#8243; _builder_version=&#8221;4.21.0&#8243; _module_preset=&#8221;default&#8221; custom_padding=&#8221;10px||||false|false&#8221; global_colors_info=&#8221;{}&#8221;][et_pb_row _builder_version=&#8221;4.20.0&#8243; _module_preset=&#8221;default&#8221; global_colors_info=&#8221;{}&#8221;][et_pb_column type=&#8221;4_4&#8243; _builder_version=&#8221;4.20.0&#8243; _module_preset=&#8221;default&#8221; global_colors_info=&#8221;{}&#8221;][et_pb_text _builder_version=&#8221;4.22.0&#8243; _module_preset=&#8221;default&#8221; header_3_font=&#8221;|700|||||||&#8221; custom_margin=&#8221;0px||15px||false|false&#8221; hover_enabled=&#8221;0&#8243; global_colors_info=&#8221;{}&#8221; sticky_enabled=&#8221;0&#8243;]<\/p>\n<h3>Galerija slika mjesta Su\u0107uraj<\/h3>\n<p>[\/et_pb_text][et_pb_gallery gallery_ids=&#8221;838,839,841,842,843,844,840,845,846,847,848,849,850,851,852,853&#8243; show_title_and_caption=&#8221;off&#8221; _builder_version=&#8221;4.22.0&#8243; _module_preset=&#8221;default&#8221; hover_enabled=&#8221;0&#8243; global_colors_info=&#8221;{}&#8221; sticky_enabled=&#8221;0&#8243;][\/et_pb_gallery][et_pb_code _builder_version=&#8221;4.22.0&#8243; _module_preset=&#8221;default&#8221; hover_enabled=&#8221;0&#8243; global_colors_info=&#8221;{}&#8221; sticky_enabled=&#8221;0&#8243;]<ins class=\"bookingaff\" data-aid=\"2340087\" data-target_aid=\"2340087\" data-prod=\"map\" data-width=\"100%\" data-height=\"590\" data-lang=\"ualng\" data-dest_id=\"0\" data-dest_type=\"landmark\" data-latitude=\"43.126103\" data-longitude=\"17.186603\" data-landmark_name=\"Hvar\" data-mwhsb=\"0\" data-address=\"Brusje, Hvar, Croatia\"><!-- [et_pb_line_break_holder] -->    <!-- Anything inside will go away once widget is loaded. --><!-- [et_pb_line_break_holder] -->        <a href=\"\/\/www.booking.com?aid=2340087\">Booking.com<\/a><!-- [et_pb_line_break_holder] --><\/ins><!-- [et_pb_line_break_holder] --><script type=\"text\/javascript\"><!-- [et_pb_line_break_holder] -->    (function(d, sc, u) {<!-- [et_pb_line_break_holder] -->      var s = d.createElement(sc), p = d.getElementsByTagName(sc)[0];<!-- [et_pb_line_break_holder] -->      s.type = 'text\/javascript';<!-- [et_pb_line_break_holder] -->      s.async = true;<!-- [et_pb_line_break_holder] -->      s.src = u + '?v=' + (+new Date());<!-- [et_pb_line_break_holder] -->      p.parentNode.insertBefore(s,p);<!-- [et_pb_line_break_holder] -->      })(document, 'script', '\/\/cf.bstatic.com\/static\/affiliate_base\/js\/flexiproduct.js');<!-- [et_pb_line_break_holder] --><\/script>[\/et_pb_code][\/et_pb_column][\/et_pb_row][\/et_pb_section]<\/p>\n","protected":false},"excerpt":{"rendered":"<p>Su\u0107uraj, otok HvarSu\u0107uraj Od grada Hvara udaljen je 77 km cestom koja prolazi du\u017e cijelog otoka. Trajektnom linijom, plovidbom koja traje 25 min. povezan je s Drvenikom na kopnu, koji je 86 km. udaljen od Splita ,\u00a0 58 km od Pelje\u0161kog mosta i\u00a0 136 km do Dubrovnika. Su\u0107uraj je osnovan Napoleonovim dekretom 25.4.1811. Ime je [&hellip;]<\/p>\n","protected":false},"author":1,"featured_media":0,"parent":49,"menu_order":0,"comment_status":"closed","ping_status":"closed","template":"","meta":{"_et_pb_use_builder":"on","_et_pb_old_content":"","_et_gb_content_width":"","inline_featured_image":false,"footnotes":""},"categories":[],"tags":[],"class_list":["post-835","page","type-page","status-publish","hentry"],"yoast_head":"<!-- This site is optimized with the Yoast SEO Premium plugin v27.4 (Yoast SEO v27.4) - https:\/\/yoast.com\/product\/yoast-seo-premium-wordpress\/ -->\n<title>Su\u0107uraj, informativni vodi\u0107 otoka Hvara - Hvar.com<\/title>\n<meta name=\"description\" content=\"Su\u0107uraj je od grada Hvara udaljen 77 km cestom koja prolazi du\u017e cijelog otoka. Osnovan Napoleonovim dekretom 1811. godine.\" \/>\n<meta name=\"robots\" content=\"index, follow, max-snippet:-1, max-image-preview:large, max-video-preview:-1\" \/>\n<link rel=\"canonical\" href=\"https:\/\/www.hvar.com\/hr\/destinacije\/sucuraj\/\" \/>\n<meta property=\"og:locale\" content=\"hr_HR\" \/>\n<meta property=\"og:type\" content=\"article\" \/>\n<meta property=\"og:title\" content=\"Su\u0107uraj\" \/>\n<meta property=\"og:description\" content=\"Su\u0107uraj je od grada Hvara udaljen 77 km cestom koja prolazi du\u017e cijelog otoka. Osnovan Napoleonovim dekretom 1811. godine.\" \/>\n<meta property=\"og:url\" content=\"https:\/\/www.hvar.com\/hr\/destinacije\/sucuraj\/\" \/>\n<meta property=\"og:site_name\" content=\"Hvar island Croatia\" \/>\n<meta property=\"article:modified_time\" content=\"2023-08-22T08:42:20+00:00\" \/>\n<meta name=\"twitter:card\" content=\"summary_large_image\" \/>\n<meta name=\"twitter:label1\" content=\"Procijenjeno vrijeme \u010ditanja\" \/>\n\t<meta name=\"twitter:data1\" content=\"2 minute\" \/>\n<script type=\"application\/ld+json\" class=\"yoast-schema-graph\">{\"@context\":\"https:\\\/\\\/schema.org\",\"@graph\":[{\"@type\":\"WebPage\",\"@id\":\"https:\\\/\\\/www.hvar.com\\\/hr\\\/destinacije\\\/sucuraj\\\/\",\"url\":\"https:\\\/\\\/www.hvar.com\\\/hr\\\/destinacije\\\/sucuraj\\\/\",\"name\":\"Su\u0107uraj, informativni vodi\u0107 otoka Hvara - Hvar.com\",\"isPartOf\":{\"@id\":\"https:\\\/\\\/www.hvar.com\\\/hr\\\/#website\"},\"datePublished\":\"2023-08-14T13:31:23+00:00\",\"dateModified\":\"2023-08-22T08:42:20+00:00\",\"description\":\"Su\u0107uraj je od grada Hvara udaljen 77 km cestom koja prolazi du\u017e cijelog otoka. Osnovan Napoleonovim dekretom 1811. godine.\",\"breadcrumb\":{\"@id\":\"https:\\\/\\\/www.hvar.com\\\/hr\\\/destinacije\\\/sucuraj\\\/#breadcrumb\"},\"inLanguage\":\"hr\",\"potentialAction\":[{\"@type\":\"ReadAction\",\"target\":[\"https:\\\/\\\/www.hvar.com\\\/hr\\\/destinacije\\\/sucuraj\\\/\"]}]},{\"@type\":\"BreadcrumbList\",\"@id\":\"https:\\\/\\\/www.hvar.com\\\/hr\\\/destinacije\\\/sucuraj\\\/#breadcrumb\",\"itemListElement\":[{\"@type\":\"ListItem\",\"position\":1,\"name\":\"Home\",\"item\":\"https:\\\/\\\/www.hvar.com\\\/hr\\\/\"},{\"@type\":\"ListItem\",\"position\":2,\"name\":\"Destinacije\",\"item\":\"https:\\\/\\\/www.hvar.com\\\/hr\\\/destinacije\\\/\"},{\"@type\":\"ListItem\",\"position\":3,\"name\":\"Su\u0107uraj\"}]},{\"@type\":\"WebSite\",\"@id\":\"https:\\\/\\\/www.hvar.com\\\/hr\\\/#website\",\"url\":\"https:\\\/\\\/www.hvar.com\\\/hr\\\/\",\"name\":\"Hvar island Croatia\",\"description\":\"hvar, hvar croatia, hvar island\",\"potentialAction\":[{\"@type\":\"SearchAction\",\"target\":{\"@type\":\"EntryPoint\",\"urlTemplate\":\"https:\\\/\\\/www.hvar.com\\\/hr\\\/?s={search_term_string}\"},\"query-input\":{\"@type\":\"PropertyValueSpecification\",\"valueRequired\":true,\"valueName\":\"search_term_string\"}}],\"inLanguage\":\"hr\"}]}<\/script>\n<!-- \/ Yoast SEO Premium plugin. -->","yoast_head_json":{"title":"Su\u0107uraj, informativni vodi\u0107 otoka Hvara - Hvar.com","description":"Su\u0107uraj je od grada Hvara udaljen 77 km cestom koja prolazi du\u017e cijelog otoka. Osnovan Napoleonovim dekretom 1811. godine.","robots":{"index":"index","follow":"follow","max-snippet":"max-snippet:-1","max-image-preview":"max-image-preview:large","max-video-preview":"max-video-preview:-1"},"canonical":"https:\/\/www.hvar.com\/hr\/destinacije\/sucuraj\/","og_locale":"hr_HR","og_type":"article","og_title":"Su\u0107uraj","og_description":"Su\u0107uraj je od grada Hvara udaljen 77 km cestom koja prolazi du\u017e cijelog otoka. Osnovan Napoleonovim dekretom 1811. godine.","og_url":"https:\/\/www.hvar.com\/hr\/destinacije\/sucuraj\/","og_site_name":"Hvar island Croatia","article_modified_time":"2023-08-22T08:42:20+00:00","twitter_card":"summary_large_image","twitter_misc":{"Procijenjeno vrijeme \u010ditanja":"2 minute"},"schema":{"@context":"https:\/\/schema.org","@graph":[{"@type":"WebPage","@id":"https:\/\/www.hvar.com\/hr\/destinacije\/sucuraj\/","url":"https:\/\/www.hvar.com\/hr\/destinacije\/sucuraj\/","name":"Su\u0107uraj, informativni vodi\u0107 otoka Hvara - Hvar.com","isPartOf":{"@id":"https:\/\/www.hvar.com\/hr\/#website"},"datePublished":"2023-08-14T13:31:23+00:00","dateModified":"2023-08-22T08:42:20+00:00","description":"Su\u0107uraj je od grada Hvara udaljen 77 km cestom koja prolazi du\u017e cijelog otoka. Osnovan Napoleonovim dekretom 1811. godine.","breadcrumb":{"@id":"https:\/\/www.hvar.com\/hr\/destinacije\/sucuraj\/#breadcrumb"},"inLanguage":"hr","potentialAction":[{"@type":"ReadAction","target":["https:\/\/www.hvar.com\/hr\/destinacije\/sucuraj\/"]}]},{"@type":"BreadcrumbList","@id":"https:\/\/www.hvar.com\/hr\/destinacije\/sucuraj\/#breadcrumb","itemListElement":[{"@type":"ListItem","position":1,"name":"Home","item":"https:\/\/www.hvar.com\/hr\/"},{"@type":"ListItem","position":2,"name":"Destinacije","item":"https:\/\/www.hvar.com\/hr\/destinacije\/"},{"@type":"ListItem","position":3,"name":"Su\u0107uraj"}]},{"@type":"WebSite","@id":"https:\/\/www.hvar.com\/hr\/#website","url":"https:\/\/www.hvar.com\/hr\/","name":"Hvar island Croatia","description":"hvar, hvar croatia, hvar island","potentialAction":[{"@type":"SearchAction","target":{"@type":"EntryPoint","urlTemplate":"https:\/\/www.hvar.com\/hr\/?s={search_term_string}"},"query-input":{"@type":"PropertyValueSpecification","valueRequired":true,"valueName":"search_term_string"}}],"inLanguage":"hr"}]}},"_links":{"self":[{"href":"https:\/\/www.hvar.com\/hr\/wp-json\/wp\/v2\/pages\/835","targetHints":{"allow":["GET"]}}],"collection":[{"href":"https:\/\/www.hvar.com\/hr\/wp-json\/wp\/v2\/pages"}],"about":[{"href":"https:\/\/www.hvar.com\/hr\/wp-json\/wp\/v2\/types\/page"}],"author":[{"embeddable":true,"href":"https:\/\/www.hvar.com\/hr\/wp-json\/wp\/v2\/users\/1"}],"replies":[{"embeddable":true,"href":"https:\/\/www.hvar.com\/hr\/wp-json\/wp\/v2\/comments?post=835"}],"version-history":[{"count":1,"href":"https:\/\/www.hvar.com\/hr\/wp-json\/wp\/v2\/pages\/835\/revisions"}],"predecessor-version":[{"id":856,"href":"https:\/\/www.hvar.com\/hr\/wp-json\/wp\/v2\/pages\/835\/revisions\/856"}],"up":[{"embeddable":true,"href":"https:\/\/www.hvar.com\/hr\/wp-json\/wp\/v2\/pages\/49"}],"wp:attachment":[{"href":"https:\/\/www.hvar.com\/hr\/wp-json\/wp\/v2\/media?parent=835"}],"wp:term":[{"taxonomy":"category","embeddable":true,"href":"https:\/\/www.hvar.com\/hr\/wp-json\/wp\/v2\/categories?post=835"},{"taxonomy":"post_tag","embeddable":true,"href":"https:\/\/www.hvar.com\/hr\/wp-json\/wp\/v2\/tags?post=835"}],"curies":[{"name":"wp","href":"https:\/\/api.w.org\/{rel}","templated":true}]}}