{"id":762,"date":"2023-08-10T12:03:01","date_gmt":"2023-08-10T12:03:01","guid":{"rendered":"https:\/\/www.hvar.com\/?page_id=762"},"modified":"2023-08-22T08:42:49","modified_gmt":"2023-08-22T08:42:49","slug":"vrboska","status":"publish","type":"page","link":"https:\/\/www.hvar.com\/hr\/destinacije\/vrboska\/","title":{"rendered":"Vrboska"},"content":{"rendered":"<p>[et_pb_section fb_built=&#8221;1&#8243; _builder_version=&#8221;4.20.0&#8243; _module_preset=&#8221;default&#8221; custom_padding=&#8221;20px||20px||false|false&#8221; global_colors_info=&#8221;{}&#8221;][et_pb_row _builder_version=&#8221;4.20.0&#8243; _module_preset=&#8221;default&#8221; custom_padding=&#8221;15px||15px||true|false&#8221; global_colors_info=&#8221;{}&#8221;][et_pb_column type=&#8221;4_4&#8243; _builder_version=&#8221;4.20.0&#8243; _module_preset=&#8221;default&#8221; global_colors_info=&#8221;{}&#8221;][et_pb_text _builder_version=&#8221;4.22.0&#8243; _module_preset=&#8221;default&#8221; header_font=&#8221;|700|||||||&#8221; header_font_size=&#8221;34px&#8221; hover_enabled=&#8221;0&#8243; global_colors_info=&#8221;{}&#8221; sticky_enabled=&#8221;0&#8243;]<\/p>\n<h1>Vrboska, otok Hvar<\/h1>\n<p>[\/et_pb_text][\/et_pb_column][\/et_pb_row][et_pb_row module_class=&#8221;reviewpage-img&#8221; _builder_version=&#8221;4.20.0&#8243; _module_preset=&#8221;default&#8221; max_height=&#8221;700px&#8221; custom_padding=&#8221;0px||0px||true|false&#8221; global_colors_info=&#8221;{}&#8221;][et_pb_column type=&#8221;4_4&#8243; _builder_version=&#8221;4.20.0&#8243; _module_preset=&#8221;default&#8221; global_colors_info=&#8221;{}&#8221;][et_pb_image src=&#8221;https:\/\/www.hvar.com\/wp-content\/uploads\/2023\/08\/vrboska-hvar.jpg&#8221; alt=&#8221;vrboska hvar&#8221; title_text=&#8221;vrboska hvar&#8221; align=&#8221;center&#8221; _builder_version=&#8221;4.22.0&#8243; _module_preset=&#8221;default&#8221; hover_enabled=&#8221;0&#8243; global_colors_info=&#8221;{}&#8221; sticky_enabled=&#8221;0&#8243;][\/et_pb_image][\/et_pb_column][\/et_pb_row][\/et_pb_section][et_pb_section fb_built=&#8221;1&#8243; use_custom_gutter=&#8221;on&#8221; gutter_width=&#8221;2&#8243; specialty=&#8221;on&#8221; _builder_version=&#8221;4.21.0&#8243; _module_preset=&#8221;default&#8221; custom_padding=&#8221;10px||5px||false|false&#8221; global_colors_info=&#8221;{}&#8221;][et_pb_column type=&#8221;2_3&#8243; specialty_columns=&#8221;2&#8243; _builder_version=&#8221;4.16&#8243; custom_padding=&#8221;|||&#8221; global_colors_info=&#8221;{}&#8221; custom_padding__hover=&#8221;|||&#8221;][et_pb_row_inner _builder_version=&#8221;4.21.0&#8243; _module_preset=&#8221;default&#8221; custom_padding=&#8221;||29px|||&#8221; global_colors_info=&#8221;{}&#8221;][et_pb_column_inner saved_specialty_column_type=&#8221;2_3&#8243; _builder_version=&#8221;4.21.0&#8243; _module_preset=&#8221;default&#8221; global_colors_info=&#8221;{}&#8221;][et_pb_text _builder_version=&#8221;4.22.0&#8243; _module_preset=&#8221;default&#8221; header_2_font=&#8221;|700|||||||&#8221; hover_enabled=&#8221;0&#8243; global_colors_info=&#8221;{}&#8221; sticky_enabled=&#8221;0&#8243;]<\/p>\n<h2>Vrboska<\/h2>\n<p>Prva ve\u0107a uvala prema sjeveru, nakon Jelse, postaje u 15. st. ribarska luka koju pomalo uzdi\u017eu Vrbanjani i polako izgra\u0111uju u naselje. Vrlo duga\u010dka i uska uvala nalik fjordu duga\u010dka je 4 km. u kojoj je danas ACI marina,\u00a0 oblikovana je \u00a0u bajkovit gradi\u0107, okru\u017een bujnom \u0161umom i zelenilom. Na suprotnoj strani, od Vrboske prema zapadu nalazi se Stari Grad a izme\u0111u njih, \u010duveni Starogr\u010dki ager, danas s malim aerodromom, najbli\u017eim upravo Vrboskoj.<\/p>\n<p>U vrijeme ustanka Matije Ivani\u0107a koji je porijeklom iz Vrbanja, Mleta\u010dke galije u\u0161le su u Vrbosku i spalile crkvu Sv. Lovre. Kr\u0161\u0107anski\u00a0 \u201edijalog\u201c izme\u0111u bogatih i siroma\u0161nih tako potpuno u svojoj konkretnosti ne pronalazi svoje upori\u0161te u \u201e Providnosti \u201e , koja uvijek \u201e kasni \u201e i javlja se kao naknadni komentar. Bogati ili siroma\u0161ni Duhom, pretvara se u problem kontekstualnog PODNO\u0160ENJA tipa\u00a0 \u201ePrinceze na zrnu gra\u0161ka.\u201c Kako god bilo, dva stolje\u0107a kasnije Venecija ponovo gradi crkvu Sv. Lovre, Sveca koji je crkveno zlato podijelio siroma\u0161nima ,ovaj puta u Baroknom stilu. Poliptih na glavnom oltaru izradio je Veronese ili Tizijan, zaista, bogata isprika.<\/p>\n<p>Od sakralnih spomenika u Vrboskoj na popisu Hvarskog statuta iz 1331.g. je crkva Sv. Petra izme\u0111u Vrboske i Jelse. Nakon provale Turaka u ljeto 1571. i spaljivanja Vrboske, \u010detiri godine kasnije izgra\u0111ena je jedinstvena fortifikacijska crkva-tvr\u0111ava Sv. Marije, a 1577.g. crkva Sv. Roka.<\/p>\n<p>Od povijesnih vrijednosti u uvali Duboka su i ostaci Anti\u010dkog brodoloma.<\/p>\n<p>Vrboska je bila utemeljena kao ribarsko \u2013 brodogradili\u0161na zajednica uz uvijek neophodno ratarstvo, no i istan\u010danog estetskog ukusa tako da je Vrboska dobila nadimak \u201e Mala Venecija \u201e.<\/p>\n<p>Gradi\u0107 je podijeljen na ju\u017enu padinu uvale, dio Pjaca i zapadni dio, Podva , uz potok s mostovima, malim, ve\u0107im i najve\u0107im, sre\u0107om postoje i nepremostive \u0161irine jer onda bi sve pretvorili\u00a0 u beskona\u010dnu \u0160irost &#8211; labirinti\u010dno sljepilo Duhovnog \u0161iroma\u0161tva, \u201eravnoplo\u010darstvo\u201c koje \u017eeli ZAUSTAVLJEN SVIJET, ZAUSTAVLJENO SVJETLO, ZAUSTAVLJENU SVIJEST, upravo\u00a0 kona\u010dnom predod\u017ebom kao nekim stanjem SAVR\u0160ENOG EKSPONATA oko kojeg uop\u0107e nije potrebno mi\u0161ljenje niti misliti\u00a0 niti bilo kakav NOVI\u00a0 doga\u0111aj. \u00a0Ribarski muzej, starih ribarskih alata i pomagala \u00a0su odnos s bi\u0107ima\u00a0 \u201edubine\u201c,\u00a0 jo\u0161 uvijek nalik poljoprivredi, najinteresantniji\u00a0 odnos s bi\u0107ima \u201edubine\u201c jest dijalog preko tanke niti udice s obostranim \u201e \u0161ansama\u201c. Najve\u0107a sre\u0107a Ribara je kad ga riba povu\u010de u more, a ne kada uhvati \u201e zlatnu ribicu \u201e koja ispunjava \u017eelje na ravnoplp\u010darski na\u010din.<\/p>\n<p>Poluotok Glavica prepun je prekrasnih pla\u017ea, Balun, Paklena, Kamenjara, a najve\u0107a je Soline. Postoje pla\u017ee i\u00a0 za surfere i Rokere , nudisti\u010dki kamp, a na oto\u010di\u0107u Ze\u010devo pla\u017ea za naturiste.<\/p>\n<p>Vrboska je 1900.g. imala 1119 stanovnika a 2021.g. 542.\u00a0 Za\u0161titnik mjesta je Sv Lovrinac, koji je u Jelsi zlato pretvorio u ljepotu, ne \u017eivi se samo o kruhu\u2026 ukoliko ga ima\u2026<\/p>\n<p>[\/et_pb_text][\/et_pb_column_inner][\/et_pb_row_inner][\/et_pb_column][et_pb_column type=&#8221;1_3&#8243; _builder_version=&#8221;4.16&#8243; custom_padding=&#8221;|||&#8221; global_colors_info=&#8221;{}&#8221; custom_padding__hover=&#8221;|||&#8221;][et_pb_code disabled_on=&#8221;on|off|off&#8221; _builder_version=&#8221;4.22.0&#8243; _module_preset=&#8221;default&#8221; sticky_position=&#8221;top&#8221; sticky_offset_top=&#8221;20px&#8221; sticky_limit_bottom=&#8221;row&#8221; hover_enabled=&#8221;0&#8243; global_colors_info=&#8221;{}&#8221; sticky_enabled=&#8221;0&#8243;]<ins class=\"bookingaff\" data-aid=\"2340087\" data-target_aid=\"2340087\" data-prod=\"map\" data-width=\"100%\" data-height=\"590\" data-lang=\"ualng\" data-dest_id=\"0\" data-dest_type=\"landmark\" data-latitude=\"43.181743\" data-longitude=\"16.670231\" data-landmark_name=\"Hvar\" data-mwhsb=\"0\" data-address=\"Brusje, Hvar, Croatia\"><!-- [et_pb_line_break_holder] -->    <!-- Anything inside will go away once widget is loaded. --><!-- [et_pb_line_break_holder] -->        <a href=\"\/\/www.booking.com?aid=2340087\">Booking.com<\/a><!-- [et_pb_line_break_holder] --><\/ins><!-- [et_pb_line_break_holder] --><script type=\"text\/javascript\"><!-- [et_pb_line_break_holder] -->    (function(d, sc, u) {<!-- [et_pb_line_break_holder] -->      var s = d.createElement(sc), p = d.getElementsByTagName(sc)[0];<!-- [et_pb_line_break_holder] -->      s.type = 'text\/javascript';<!-- [et_pb_line_break_holder] -->      s.async = true;<!-- [et_pb_line_break_holder] -->      s.src = u + '?v=' + (+new Date());<!-- [et_pb_line_break_holder] -->      p.parentNode.insertBefore(s,p);<!-- [et_pb_line_break_holder] -->      })(document, 'script', '\/\/cf.bstatic.com\/static\/affiliate_base\/js\/flexiproduct.js');<!-- [et_pb_line_break_holder] --><\/script>[\/et_pb_code][\/et_pb_column][\/et_pb_section][et_pb_section fb_built=&#8221;1&#8243; _builder_version=&#8221;4.21.0&#8243; _module_preset=&#8221;default&#8221; custom_padding=&#8221;10px||||false|false&#8221; global_colors_info=&#8221;{}&#8221;][et_pb_row _builder_version=&#8221;4.20.0&#8243; _module_preset=&#8221;default&#8221; global_colors_info=&#8221;{}&#8221;][et_pb_column type=&#8221;4_4&#8243; _builder_version=&#8221;4.20.0&#8243; _module_preset=&#8221;default&#8221; global_colors_info=&#8221;{}&#8221;][et_pb_text _builder_version=&#8221;4.22.0&#8243; _module_preset=&#8221;default&#8221; header_3_font=&#8221;|700|||||||&#8221; custom_margin=&#8221;0px||15px||false|false&#8221; hover_enabled=&#8221;0&#8243; global_colors_info=&#8221;{}&#8221; sticky_enabled=&#8221;0&#8243;]<\/p>\n<h3>Galerija slika mjesta Vrboska<\/h3>\n<p>[\/et_pb_text][et_pb_gallery gallery_ids=&#8221;765,766,767,768,769,770,771,772,773,774,775,776&#8243; show_title_and_caption=&#8221;off&#8221; _builder_version=&#8221;4.22.0&#8243; _module_preset=&#8221;default&#8221; hover_enabled=&#8221;0&#8243; global_colors_info=&#8221;{}&#8221; sticky_enabled=&#8221;0&#8243;][\/et_pb_gallery][et_pb_code _builder_version=&#8221;4.22.0&#8243; _module_preset=&#8221;default&#8221; hover_enabled=&#8221;0&#8243; global_colors_info=&#8221;{}&#8221; sticky_enabled=&#8221;0&#8243;]<ins class=\"bookingaff\" data-aid=\"2340087\" data-target_aid=\"2340087\" data-prod=\"map\" data-width=\"100%\" data-height=\"590\" data-lang=\"ualng\" data-dest_id=\"0\" data-dest_type=\"landmark\" data-latitude=\"43.181743\" data-longitude=\"16.670231\" data-landmark_name=\"Hvar\" data-mwhsb=\"0\" data-address=\"Brusje, Hvar, Croatia\"><!-- [et_pb_line_break_holder] -->    <!-- Anything inside will go away once widget is loaded. --><!-- [et_pb_line_break_holder] -->        <a href=\"\/\/www.booking.com?aid=2340087\">Booking.com<\/a><!-- [et_pb_line_break_holder] --><\/ins><!-- [et_pb_line_break_holder] --><script type=\"text\/javascript\"><!-- [et_pb_line_break_holder] -->    (function(d, sc, u) {<!-- [et_pb_line_break_holder] -->      var s = d.createElement(sc), p = d.getElementsByTagName(sc)[0];<!-- [et_pb_line_break_holder] -->      s.type = 'text\/javascript';<!-- [et_pb_line_break_holder] -->      s.async = true;<!-- [et_pb_line_break_holder] -->      s.src = u + '?v=' + (+new Date());<!-- [et_pb_line_break_holder] -->      p.parentNode.insertBefore(s,p);<!-- [et_pb_line_break_holder] -->      })(document, 'script', '\/\/cf.bstatic.com\/static\/affiliate_base\/js\/flexiproduct.js');<!-- [et_pb_line_break_holder] --><\/script>[\/et_pb_code][\/et_pb_column][\/et_pb_row][\/et_pb_section]<\/p>\n","protected":false},"excerpt":{"rendered":"<p>Vrboska, otok HvarVrboska Prva ve\u0107a uvala prema sjeveru, nakon Jelse, postaje u 15. st. ribarska luka koju pomalo uzdi\u017eu Vrbanjani i polako izgra\u0111uju u naselje. Vrlo duga\u010dka i uska uvala nalik fjordu duga\u010dka je 4 km. u kojoj je danas ACI marina,\u00a0 oblikovana je \u00a0u bajkovit gradi\u0107, okru\u017een bujnom \u0161umom i zelenilom. Na suprotnoj strani, [&hellip;]<\/p>\n","protected":false},"author":1,"featured_media":0,"parent":49,"menu_order":0,"comment_status":"closed","ping_status":"closed","template":"","meta":{"_et_pb_use_builder":"on","_et_pb_old_content":"","_et_gb_content_width":"","inline_featured_image":false,"footnotes":""},"categories":[],"tags":[],"class_list":["post-762","page","type-page","status-publish","hentry"],"yoast_head":"<!-- This site is optimized with the Yoast SEO Premium plugin v27.5 (Yoast SEO v27.5) - https:\/\/yoast.com\/product\/yoast-seo-premium-wordpress\/ -->\n<title>Vrboska, informativni vodi\u0107 otoka Hvara - Hvar.com<\/title>\n<meta name=\"description\" content=\"Upoznajte \u010darobni biser Jadrana - Vrbosku! Sa svojim slikovitim kanalima, \u0161armantnim ku\u0107ama i bogatom maritimnom ba\u0161tinom.\" \/>\n<meta name=\"robots\" content=\"index, follow, max-snippet:-1, max-image-preview:large, max-video-preview:-1\" \/>\n<link rel=\"canonical\" href=\"https:\/\/www.hvar.com\/hr\/destinacije\/vrboska\/\" \/>\n<meta property=\"og:locale\" content=\"hr_HR\" \/>\n<meta property=\"og:type\" content=\"article\" \/>\n<meta property=\"og:title\" content=\"Vrboska\" \/>\n<meta property=\"og:description\" content=\"Upoznajte \u010darobni biser Jadrana - Vrbosku! Sa svojim slikovitim kanalima, \u0161armantnim ku\u0107ama i bogatom maritimnom ba\u0161tinom.\" \/>\n<meta property=\"og:url\" content=\"https:\/\/www.hvar.com\/hr\/destinacije\/vrboska\/\" \/>\n<meta property=\"og:site_name\" content=\"Hvar island Croatia\" \/>\n<meta property=\"article:modified_time\" content=\"2023-08-22T08:42:49+00:00\" \/>\n<meta name=\"twitter:card\" content=\"summary_large_image\" \/>\n<meta name=\"twitter:label1\" content=\"Procijenjeno vrijeme \u010ditanja\" \/>\n\t<meta name=\"twitter:data1\" content=\"2 minute\" \/>\n<script type=\"application\/ld+json\" class=\"yoast-schema-graph\">{\"@context\":\"https:\\\/\\\/schema.org\",\"@graph\":[{\"@type\":\"WebPage\",\"@id\":\"https:\\\/\\\/www.hvar.com\\\/hr\\\/destinacije\\\/vrboska\\\/\",\"url\":\"https:\\\/\\\/www.hvar.com\\\/hr\\\/destinacije\\\/vrboska\\\/\",\"name\":\"Vrboska, informativni vodi\u0107 otoka Hvara - Hvar.com\",\"isPartOf\":{\"@id\":\"https:\\\/\\\/www.hvar.com\\\/hr\\\/#website\"},\"datePublished\":\"2023-08-10T12:03:01+00:00\",\"dateModified\":\"2023-08-22T08:42:49+00:00\",\"description\":\"Upoznajte \u010darobni biser Jadrana - Vrbosku! Sa svojim slikovitim kanalima, \u0161armantnim ku\u0107ama i bogatom maritimnom ba\u0161tinom.\",\"breadcrumb\":{\"@id\":\"https:\\\/\\\/www.hvar.com\\\/hr\\\/destinacije\\\/vrboska\\\/#breadcrumb\"},\"inLanguage\":\"hr\",\"potentialAction\":[{\"@type\":\"ReadAction\",\"target\":[\"https:\\\/\\\/www.hvar.com\\\/hr\\\/destinacije\\\/vrboska\\\/\"]}]},{\"@type\":\"BreadcrumbList\",\"@id\":\"https:\\\/\\\/www.hvar.com\\\/hr\\\/destinacije\\\/vrboska\\\/#breadcrumb\",\"itemListElement\":[{\"@type\":\"ListItem\",\"position\":1,\"name\":\"Home\",\"item\":\"https:\\\/\\\/www.hvar.com\\\/hr\\\/\"},{\"@type\":\"ListItem\",\"position\":2,\"name\":\"Destinacije\",\"item\":\"https:\\\/\\\/www.hvar.com\\\/hr\\\/destinacije\\\/\"},{\"@type\":\"ListItem\",\"position\":3,\"name\":\"Vrboska\"}]},{\"@type\":\"WebSite\",\"@id\":\"https:\\\/\\\/www.hvar.com\\\/hr\\\/#website\",\"url\":\"https:\\\/\\\/www.hvar.com\\\/hr\\\/\",\"name\":\"Hvar island Croatia\",\"description\":\"hvar, hvar croatia, hvar island\",\"potentialAction\":[{\"@type\":\"SearchAction\",\"target\":{\"@type\":\"EntryPoint\",\"urlTemplate\":\"https:\\\/\\\/www.hvar.com\\\/hr\\\/?s={search_term_string}\"},\"query-input\":{\"@type\":\"PropertyValueSpecification\",\"valueRequired\":true,\"valueName\":\"search_term_string\"}}],\"inLanguage\":\"hr\"}]}<\/script>\n<!-- \/ Yoast SEO Premium plugin. -->","yoast_head_json":{"title":"Vrboska, informativni vodi\u0107 otoka Hvara - Hvar.com","description":"Upoznajte \u010darobni biser Jadrana - Vrbosku! Sa svojim slikovitim kanalima, \u0161armantnim ku\u0107ama i bogatom maritimnom ba\u0161tinom.","robots":{"index":"index","follow":"follow","max-snippet":"max-snippet:-1","max-image-preview":"max-image-preview:large","max-video-preview":"max-video-preview:-1"},"canonical":"https:\/\/www.hvar.com\/hr\/destinacije\/vrboska\/","og_locale":"hr_HR","og_type":"article","og_title":"Vrboska","og_description":"Upoznajte \u010darobni biser Jadrana - Vrbosku! Sa svojim slikovitim kanalima, \u0161armantnim ku\u0107ama i bogatom maritimnom ba\u0161tinom.","og_url":"https:\/\/www.hvar.com\/hr\/destinacije\/vrboska\/","og_site_name":"Hvar island Croatia","article_modified_time":"2023-08-22T08:42:49+00:00","twitter_card":"summary_large_image","twitter_misc":{"Procijenjeno vrijeme \u010ditanja":"2 minute"},"schema":{"@context":"https:\/\/schema.org","@graph":[{"@type":"WebPage","@id":"https:\/\/www.hvar.com\/hr\/destinacije\/vrboska\/","url":"https:\/\/www.hvar.com\/hr\/destinacije\/vrboska\/","name":"Vrboska, informativni vodi\u0107 otoka Hvara - Hvar.com","isPartOf":{"@id":"https:\/\/www.hvar.com\/hr\/#website"},"datePublished":"2023-08-10T12:03:01+00:00","dateModified":"2023-08-22T08:42:49+00:00","description":"Upoznajte \u010darobni biser Jadrana - Vrbosku! Sa svojim slikovitim kanalima, \u0161armantnim ku\u0107ama i bogatom maritimnom ba\u0161tinom.","breadcrumb":{"@id":"https:\/\/www.hvar.com\/hr\/destinacije\/vrboska\/#breadcrumb"},"inLanguage":"hr","potentialAction":[{"@type":"ReadAction","target":["https:\/\/www.hvar.com\/hr\/destinacije\/vrboska\/"]}]},{"@type":"BreadcrumbList","@id":"https:\/\/www.hvar.com\/hr\/destinacije\/vrboska\/#breadcrumb","itemListElement":[{"@type":"ListItem","position":1,"name":"Home","item":"https:\/\/www.hvar.com\/hr\/"},{"@type":"ListItem","position":2,"name":"Destinacije","item":"https:\/\/www.hvar.com\/hr\/destinacije\/"},{"@type":"ListItem","position":3,"name":"Vrboska"}]},{"@type":"WebSite","@id":"https:\/\/www.hvar.com\/hr\/#website","url":"https:\/\/www.hvar.com\/hr\/","name":"Hvar island Croatia","description":"hvar, hvar croatia, hvar island","potentialAction":[{"@type":"SearchAction","target":{"@type":"EntryPoint","urlTemplate":"https:\/\/www.hvar.com\/hr\/?s={search_term_string}"},"query-input":{"@type":"PropertyValueSpecification","valueRequired":true,"valueName":"search_term_string"}}],"inLanguage":"hr"}]}},"_links":{"self":[{"href":"https:\/\/www.hvar.com\/hr\/wp-json\/wp\/v2\/pages\/762","targetHints":{"allow":["GET"]}}],"collection":[{"href":"https:\/\/www.hvar.com\/hr\/wp-json\/wp\/v2\/pages"}],"about":[{"href":"https:\/\/www.hvar.com\/hr\/wp-json\/wp\/v2\/types\/page"}],"author":[{"embeddable":true,"href":"https:\/\/www.hvar.com\/hr\/wp-json\/wp\/v2\/users\/1"}],"replies":[{"embeddable":true,"href":"https:\/\/www.hvar.com\/hr\/wp-json\/wp\/v2\/comments?post=762"}],"version-history":[{"count":1,"href":"https:\/\/www.hvar.com\/hr\/wp-json\/wp\/v2\/pages\/762\/revisions"}],"predecessor-version":[{"id":779,"href":"https:\/\/www.hvar.com\/hr\/wp-json\/wp\/v2\/pages\/762\/revisions\/779"}],"up":[{"embeddable":true,"href":"https:\/\/www.hvar.com\/hr\/wp-json\/wp\/v2\/pages\/49"}],"wp:attachment":[{"href":"https:\/\/www.hvar.com\/hr\/wp-json\/wp\/v2\/media?parent=762"}],"wp:term":[{"taxonomy":"category","embeddable":true,"href":"https:\/\/www.hvar.com\/hr\/wp-json\/wp\/v2\/categories?post=762"},{"taxonomy":"post_tag","embeddable":true,"href":"https:\/\/www.hvar.com\/hr\/wp-json\/wp\/v2\/tags?post=762"}],"curies":[{"name":"wp","href":"https:\/\/api.w.org\/{rel}","templated":true}]}}