{"id":747,"date":"2023-08-10T11:50:15","date_gmt":"2023-08-10T11:50:15","guid":{"rendered":"https:\/\/www.hvar.com\/?page_id=747"},"modified":"2023-08-22T08:40:52","modified_gmt":"2023-08-22T08:40:52","slug":"jelsa","status":"publish","type":"page","link":"https:\/\/www.hvar.com\/hr\/destinacije\/jelsa\/","title":{"rendered":"Jelsa"},"content":{"rendered":"<p>[et_pb_section fb_built=&#8221;1&#8243; _builder_version=&#8221;4.20.0&#8243; _module_preset=&#8221;default&#8221; custom_padding=&#8221;20px||20px||false|false&#8221; global_colors_info=&#8221;{}&#8221;][et_pb_row _builder_version=&#8221;4.20.0&#8243; _module_preset=&#8221;default&#8221; custom_padding=&#8221;15px||15px||true|false&#8221; global_colors_info=&#8221;{}&#8221;][et_pb_column type=&#8221;4_4&#8243; _builder_version=&#8221;4.20.0&#8243; _module_preset=&#8221;default&#8221; global_colors_info=&#8221;{}&#8221;][et_pb_text _builder_version=&#8221;4.22.0&#8243; _module_preset=&#8221;default&#8221; header_font=&#8221;|700|||||||&#8221; header_font_size=&#8221;34px&#8221; global_colors_info=&#8221;{}&#8221;]<\/p>\n<h1>Jelsa, otok Hvar<\/h1>\n<p>[\/et_pb_text][\/et_pb_column][\/et_pb_row][et_pb_row module_class=&#8221;reviewpage-img&#8221; _builder_version=&#8221;4.20.0&#8243; _module_preset=&#8221;default&#8221; max_height=&#8221;700px&#8221; custom_padding=&#8221;0px||0px||true|false&#8221; global_colors_info=&#8221;{}&#8221;][et_pb_column type=&#8221;4_4&#8243; _builder_version=&#8221;4.20.0&#8243; _module_preset=&#8221;default&#8221; global_colors_info=&#8221;{}&#8221;][et_pb_image src=&#8221;https:\/\/www.hvar.com\/wp-content\/uploads\/2023\/08\/jelsa-hvar.jpg&#8221; alt=&#8221;jelsa hvar&#8221; title_text=&#8221;jelsa hvar&#8221; align=&#8221;center&#8221; _builder_version=&#8221;4.22.0&#8243; _module_preset=&#8221;default&#8221; global_colors_info=&#8221;{}&#8221;][\/et_pb_image][\/et_pb_column][\/et_pb_row][\/et_pb_section][et_pb_section fb_built=&#8221;1&#8243; use_custom_gutter=&#8221;on&#8221; gutter_width=&#8221;2&#8243; specialty=&#8221;on&#8221; _builder_version=&#8221;4.21.0&#8243; _module_preset=&#8221;default&#8221; custom_padding=&#8221;10px||5px||false|false&#8221; global_colors_info=&#8221;{}&#8221;][et_pb_column type=&#8221;2_3&#8243; specialty_columns=&#8221;2&#8243; _builder_version=&#8221;4.16&#8243; custom_padding=&#8221;|||&#8221; global_colors_info=&#8221;{}&#8221; custom_padding__hover=&#8221;|||&#8221;][et_pb_row_inner _builder_version=&#8221;4.21.0&#8243; _module_preset=&#8221;default&#8221; custom_padding=&#8221;||29px|||&#8221; global_colors_info=&#8221;{}&#8221;][et_pb_column_inner saved_specialty_column_type=&#8221;2_3&#8243; _builder_version=&#8221;4.21.0&#8243; _module_preset=&#8221;default&#8221; global_colors_info=&#8221;{}&#8221;][et_pb_text _builder_version=&#8221;4.22.0&#8243; _module_preset=&#8221;default&#8221; header_2_font=&#8221;|700|||||||&#8221; global_colors_info=&#8221;{}&#8221;]<\/p>\n<h2>Jelsa<\/h2>\n<p>Op\u0107ina Jelsa povr\u0161inom zauzima 55% otoka Hvara. Grad Jelsa 1900.g. imao je 1550 stanovnika, a 2021,g 1750 stanovnika.<\/p>\n<p>Op\u0107ina\u00a0 Jelsa 1900,g ima 6600, a 2021.g 3500 stanovnika.<\/p>\n<p>Iako se broj stanovnika u Op\u0107ini Jelsa gotovo prepolovio, grad Jelsa\u00a0 bilje\u017ei pove\u0107anje broja stanovnika .U tom smislu jo\u0161 ve\u0107i porast stanovnika bilje\u017ei grada Hvar, sa 2039, tisu\u0107u devetstote godine na 3519 , dvije tisu\u0107e dvadeset prve.<\/p>\n<p>Ju\u017eno od Jelse prema Pitvama, nalaze se ostaci Ilirske utvrde iz 4.st Pr. Kr. zvane Kula Tor s koje su najvjerojatnije Pitovani pogledom kontrolirali priobalje na kojem je izgra\u0111ena dana\u0161nja Jelsa. Na poluotoku Gradina, odijeljen obrambenim zidom duga\u010dkim oko 180 m i visokim 2,5 m od Jelse i \u201esvega\u201c nalazio se Stari jel\u0161anski\u00a0 grad s pribje\u017ei\u0161tem Gale\u0161nikom, \u0161to se spominje u Hvarskom statutu iz 1331. g. No te dvije utvrde ne izgledaju dostatne za obranu od Saracenskog napada na otok Hvar 1571.g. prilikom kojeg je razorena Vrboska u neposrednoj blizini, a Jelsa ne. Razoreni i spaljeni su jo\u0161 gradovi Hvar i Stari Grad\u00a0 dok se Jelsa obranila. Iznad Jelse podignuta je i crkva -utvrda Sv. Marije u 13.-14st., te u 15.st crkva sv. Ivana s glavnim trgom te crkva Gospe od zdravlja. Crkva Sv. Fabijana i Sebastijana jo\u0161 od 1535g. ima fortifikacijski oblik. Nakon Ciparskog rata 1573.g. , dodatno je utvr\u0111ena. Za\u0161titnica grada Jelse je Velika Gospa.<\/p>\n<p>U vrijeme austrijske vladavine 1868.otvorena je u Jelsi hrvatska \u010ditaonica i knji\u017enica, a \u00a01870.g. na ulazu u Jelsu napravljen je prekrasan perivoj, pravi golemi \u201ehladnjak\u201c za vrijeme ljetnih vru\u0107ina. Napravio ga je najvjerojatnije austrijski institut u\u00a0 kojem je kasnije,1900.g. Robert Koch, stru\u010dnjak za malariju i TBC meliorirao i mo\u010dvarne \u00a0otoke Brijune kod Psu ule kao prilog borbi protiv malarije. Svega toga vjerojatno ne bi bilo \u00a0da godine 1866.austrijska mornarica u kojoj je bilo 2\/3 Hrvata u bitci kod Visa nije pobijedila\u00a0 dvostruko ve\u0107u ali o\u010dito ne i ja\u010du talijansku flotu. Bitka se vodila u sklopu Austrijsko-Pruskog rata \u010diji je saveznik bila Italija koja je htjela iskoristiti priliku da od Austrije uzme svoje , ali je \u201edobila svoje\u201c. U odnosu na Italiju , Austrija je na isto\u010dnoj obali Jadrana bila dobrodo\u0161ao gost. Svi Hrvatski gradovi i gradi\u0107i i mjesta\u0161ca izgradili su kameni lukobran i porat, a 1875 iskrcao se u Starom Gradu i Josip I,\u00a0 na portu koji je izgra\u0111en u vrijeme austrijske vladavine. Otok Mali Lo\u0161inj postao je careva ljetna rezidencija , izgra\u0111ena je Opatija s hotelima i ljetnikovcima, a Grad Hvar 1900.g. utemeljuje \u201e Higijeni\u010dko dru\u0161tvo \u201e.U vrijeme II svjetskog rata na Hvar dolazi Talijanska fa\u0161isti\u010dka vojska i pali Vrbanj uklju\u010div\u0161i i crkvu Sv. Duha, o kojeg je ogrije\u0161iti se, po Kristu , jedino \u0161to je neoprostivo\u2026<\/p>\n<p>Povijest Hvara od dolaska Kr\u0161\u0107anstva prepuna je prijepora i \u201e Kr\u0161\u0107anskih dijaloga \u201e ,jer je povijest , zapravo ljudskog Duha, nanijela fokus svijesti da se o\u010dituje i izgradi na taj na\u010din.<\/p>\n<p>Danas je Jelsa obgrljena\u00a0 s 14 uvala i pla\u017ea. Uz pla\u017eu Mina smje\u0161ten je Camp, a uvala Prapatnja ima neposredno uz pla\u017eu dvadesetak ku\u0107a , a pla\u017ea Mala Stiniva desetak ku\u0107a.<\/p>\n<p>Pla\u017ee Bo\u010di\u0107 i Vitarnja su s lijeve strane\u00a0 Jel\u0161anske uvale, u uvali Mina je i Aquapark Jelsa . Plitka pla\u017ea za djecu Grebi\u0161\u0107e tako\u0111er s Campom, pa Zen\u010di\u0161\u0107e ,su u uvalama ju\u017enije od Jelse.<\/p>\n<p>Od 15.7. do 15.8. grad Jelsa organizira kulturnu manifestaciju \u201eDani Antuna Dobroni\u0107a \u201e kompozitora koji je u prvoj polovici 20.st. temeljio glazbu na melodici i polifoniji , unosiv\u0161i \u201emodernizam\u201c u tradicionalnost, t.j. narodni melos. Po sazvu\u010dju interferira ime Jurja Dobrovi\u0107a, apstraktnog slikara tako\u0111er ro\u0111enog u Jelsi ,kojega je harmonija te\u017ee dohvatljiva i manje neposredna od \u201eestetskog \u201e ukusa kojeg svakako predvodi Grgo Gamulin , sinonim za velikog hrvatskog povjesni\u010dara umjetnosti. \u201c Predod\u017ebenost \u201e u kojoj se susre\u0107u umjetnost i religioznost Izuzetno je sugestivan\u00a0 i sugestibilan simbiozni tandem, kojeg je Hegel otklesao pojmom \u201eSamosvjesnog zora \u201e ,tvrdnjom da u prirodi nema ba\u0161 ni\u010deg \u201elijepog\u201c koliko u Duhu ,no to je tema od koje \u201eboli glava\u201c i na koju nije pristao niti jedan hrvatski povjesni\u010dar umjetnosti, raduju\u0107i se u svojoj elokventnoj neukosti &#8211; smiruju\u0107em apaurinu \u201eprirodno lijepog \u201e.kao<\/p>\n<p>\u201eOnog\u201c &#8211; Bo\u017eanskog. Svatko se uljuljkuje granicom do koje mo\u017ee razumjeti\u2026tek smo Duhom bezgrani\u010dni t. j. \u201egoli\u201c .<\/p>\n<p>[\/et_pb_text][\/et_pb_column_inner][\/et_pb_row_inner][\/et_pb_column][et_pb_column type=&#8221;1_3&#8243; _builder_version=&#8221;4.16&#8243; custom_padding=&#8221;|||&#8221; global_colors_info=&#8221;{}&#8221; custom_padding__hover=&#8221;|||&#8221;][et_pb_code disabled_on=&#8221;on|off|off&#8221; _builder_version=&#8221;4.22.0&#8243; _module_preset=&#8221;default&#8221; sticky_position=&#8221;top&#8221; sticky_offset_top=&#8221;20px&#8221; sticky_limit_bottom=&#8221;row&#8221; global_colors_info=&#8221;{}&#8221;]<ins class=\"bookingaff\" data-aid=\"2340087\" data-target_aid=\"2340087\" data-prod=\"map\" data-width=\"100%\" data-height=\"590\" data-lang=\"ualng\" data-dest_id=\"0\" data-dest_type=\"landmark\" data-latitude=\"43.161744\" data-longitude=\"16.693497\" data-landmark_name=\"Hvar\" data-mwhsb=\"0\" data-address=\"Brusje, Hvar, Croatia\"><!-- [et_pb_line_break_holder] -->    <!-- Anything inside will go away once widget is loaded. --><!-- [et_pb_line_break_holder] -->        <a href=\"\/\/www.booking.com?aid=2340087\">Booking.com<\/a><!-- [et_pb_line_break_holder] --><\/ins><!-- [et_pb_line_break_holder] --><script type=\"text\/javascript\"><!-- [et_pb_line_break_holder] -->    (function(d, sc, u) {<!-- [et_pb_line_break_holder] -->      var s = d.createElement(sc), p = d.getElementsByTagName(sc)[0];<!-- [et_pb_line_break_holder] -->      s.type = 'text\/javascript';<!-- [et_pb_line_break_holder] -->      s.async = true;<!-- [et_pb_line_break_holder] -->      s.src = u + '?v=' + (+new Date());<!-- [et_pb_line_break_holder] -->      p.parentNode.insertBefore(s,p);<!-- [et_pb_line_break_holder] -->      })(document, 'script', '\/\/cf.bstatic.com\/static\/affiliate_base\/js\/flexiproduct.js');<!-- [et_pb_line_break_holder] --><\/script>[\/et_pb_code][\/et_pb_column][\/et_pb_section][et_pb_section fb_built=&#8221;1&#8243; _builder_version=&#8221;4.21.0&#8243; _module_preset=&#8221;default&#8221; custom_padding=&#8221;10px||||false|false&#8221; global_colors_info=&#8221;{}&#8221;][et_pb_row _builder_version=&#8221;4.20.0&#8243; _module_preset=&#8221;default&#8221; global_colors_info=&#8221;{}&#8221;][et_pb_column type=&#8221;4_4&#8243; _builder_version=&#8221;4.20.0&#8243; _module_preset=&#8221;default&#8221; global_colors_info=&#8221;{}&#8221;][et_pb_text _builder_version=&#8221;4.22.0&#8243; _module_preset=&#8221;default&#8221; header_3_font=&#8221;|700|||||||&#8221; custom_margin=&#8221;0px||15px||false|false&#8221; global_colors_info=&#8221;{}&#8221;]<\/p>\n<h3>Galerija slika mjesta Jelsa<\/h3>\n<p>[\/et_pb_text][et_pb_gallery gallery_ids=&#8221;750,751,752,753,754,755,756,757&#8243; show_title_and_caption=&#8221;off&#8221; _builder_version=&#8221;4.22.0&#8243; _module_preset=&#8221;default&#8221; global_colors_info=&#8221;{}&#8221;][\/et_pb_gallery][et_pb_code _builder_version=&#8221;4.22.0&#8243; _module_preset=&#8221;default&#8221; global_colors_info=&#8221;{}&#8221;]<ins class=\"bookingaff\" data-aid=\"2340087\" data-target_aid=\"2340087\" data-prod=\"map\" data-width=\"100%\" data-height=\"590\" data-lang=\"ualng\" data-dest_id=\"0\" data-dest_type=\"landmark\" data-latitude=\"43.161744\" data-longitude=\"16.693497\" data-landmark_name=\"Hvar\" data-mwhsb=\"0\" data-address=\"Brusje, Hvar, Croatia\"><!-- [et_pb_line_break_holder] -->    <!-- Anything inside will go away once widget is loaded. --><!-- [et_pb_line_break_holder] -->        <a href=\"\/\/www.booking.com?aid=2340087\">Booking.com<\/a><!-- [et_pb_line_break_holder] --><\/ins><!-- [et_pb_line_break_holder] --><script type=\"text\/javascript\"><!-- [et_pb_line_break_holder] -->    (function(d, sc, u) {<!-- [et_pb_line_break_holder] -->      var s = d.createElement(sc), p = d.getElementsByTagName(sc)[0];<!-- [et_pb_line_break_holder] -->      s.type = 'text\/javascript';<!-- [et_pb_line_break_holder] -->      s.async = true;<!-- [et_pb_line_break_holder] -->      s.src = u + '?v=' + (+new Date());<!-- [et_pb_line_break_holder] -->      p.parentNode.insertBefore(s,p);<!-- [et_pb_line_break_holder] -->      })(document, 'script', '\/\/cf.bstatic.com\/static\/affiliate_base\/js\/flexiproduct.js');<!-- [et_pb_line_break_holder] --><\/script>[\/et_pb_code][\/et_pb_column][\/et_pb_row][\/et_pb_section]<\/p>\n","protected":false},"excerpt":{"rendered":"<p>Jelsa, otok HvarJelsa Op\u0107ina Jelsa povr\u0161inom zauzima 55% otoka Hvara. Grad Jelsa 1900.g. imao je 1550 stanovnika, a 2021,g 1750 stanovnika. Op\u0107ina\u00a0 Jelsa 1900,g ima 6600, a 2021.g 3500 stanovnika. Iako se broj stanovnika u Op\u0107ini Jelsa gotovo prepolovio, grad Jelsa\u00a0 bilje\u017ei pove\u0107anje broja stanovnika .U tom smislu jo\u0161 ve\u0107i porast stanovnika bilje\u017ei grada Hvar, [&hellip;]<\/p>\n","protected":false},"author":1,"featured_media":0,"parent":49,"menu_order":0,"comment_status":"closed","ping_status":"closed","template":"","meta":{"_et_pb_use_builder":"on","_et_pb_old_content":"","_et_gb_content_width":"","inline_featured_image":false,"footnotes":""},"categories":[],"tags":[],"class_list":["post-747","page","type-page","status-publish","hentry"],"yoast_head":"<!-- This site is optimized with the Yoast SEO Premium plugin v27.4 (Yoast SEO v27.4) - https:\/\/yoast.com\/product\/yoast-seo-premium-wordpress\/ -->\n<title>Jelsa, informativni vodi\u0107 otoka Hvara - Hvar.com<\/title>\n<meta name=\"description\" content=\"Jelsa nudi savr\u0161en bijeg od svakodnevnog \u017eivota. Istra\u017eite pla\u017ee i uvale, u\u017eivajte u lokalnoj kuhinji i do\u017eivite nezaboravne trenutke.\" \/>\n<meta name=\"robots\" content=\"index, follow, max-snippet:-1, max-image-preview:large, max-video-preview:-1\" \/>\n<link rel=\"canonical\" href=\"https:\/\/www.hvar.com\/hr\/destinacije\/jelsa\/\" \/>\n<meta property=\"og:locale\" content=\"hr_HR\" \/>\n<meta property=\"og:type\" content=\"article\" \/>\n<meta property=\"og:title\" content=\"Jelsa\" \/>\n<meta property=\"og:description\" content=\"Jelsa nudi savr\u0161en bijeg od svakodnevnog \u017eivota. Istra\u017eite pla\u017ee i uvale, u\u017eivajte u lokalnoj kuhinji i do\u017eivite nezaboravne trenutke.\" \/>\n<meta property=\"og:url\" content=\"https:\/\/www.hvar.com\/hr\/destinacije\/jelsa\/\" \/>\n<meta property=\"og:site_name\" content=\"Hvar island Croatia\" \/>\n<meta property=\"article:modified_time\" content=\"2023-08-22T08:40:52+00:00\" \/>\n<meta name=\"twitter:card\" content=\"summary_large_image\" \/>\n<meta name=\"twitter:label1\" content=\"Procijenjeno vrijeme \u010ditanja\" \/>\n\t<meta name=\"twitter:data1\" content=\"4 minute\" \/>\n<script type=\"application\/ld+json\" class=\"yoast-schema-graph\">{\"@context\":\"https:\\\/\\\/schema.org\",\"@graph\":[{\"@type\":\"WebPage\",\"@id\":\"https:\\\/\\\/www.hvar.com\\\/hr\\\/destinacije\\\/jelsa\\\/\",\"url\":\"https:\\\/\\\/www.hvar.com\\\/hr\\\/destinacije\\\/jelsa\\\/\",\"name\":\"Jelsa, informativni vodi\u0107 otoka Hvara - Hvar.com\",\"isPartOf\":{\"@id\":\"https:\\\/\\\/www.hvar.com\\\/hr\\\/#website\"},\"datePublished\":\"2023-08-10T11:50:15+00:00\",\"dateModified\":\"2023-08-22T08:40:52+00:00\",\"description\":\"Jelsa nudi savr\u0161en bijeg od svakodnevnog \u017eivota. Istra\u017eite pla\u017ee i uvale, u\u017eivajte u lokalnoj kuhinji i do\u017eivite nezaboravne trenutke.\",\"breadcrumb\":{\"@id\":\"https:\\\/\\\/www.hvar.com\\\/hr\\\/destinacije\\\/jelsa\\\/#breadcrumb\"},\"inLanguage\":\"hr\",\"potentialAction\":[{\"@type\":\"ReadAction\",\"target\":[\"https:\\\/\\\/www.hvar.com\\\/hr\\\/destinacije\\\/jelsa\\\/\"]}]},{\"@type\":\"BreadcrumbList\",\"@id\":\"https:\\\/\\\/www.hvar.com\\\/hr\\\/destinacije\\\/jelsa\\\/#breadcrumb\",\"itemListElement\":[{\"@type\":\"ListItem\",\"position\":1,\"name\":\"Home\",\"item\":\"https:\\\/\\\/www.hvar.com\\\/hr\\\/\"},{\"@type\":\"ListItem\",\"position\":2,\"name\":\"Destinacije\",\"item\":\"https:\\\/\\\/www.hvar.com\\\/hr\\\/destinacije\\\/\"},{\"@type\":\"ListItem\",\"position\":3,\"name\":\"Jelsa\"}]},{\"@type\":\"WebSite\",\"@id\":\"https:\\\/\\\/www.hvar.com\\\/hr\\\/#website\",\"url\":\"https:\\\/\\\/www.hvar.com\\\/hr\\\/\",\"name\":\"Hvar island Croatia\",\"description\":\"hvar, hvar croatia, hvar island\",\"potentialAction\":[{\"@type\":\"SearchAction\",\"target\":{\"@type\":\"EntryPoint\",\"urlTemplate\":\"https:\\\/\\\/www.hvar.com\\\/hr\\\/?s={search_term_string}\"},\"query-input\":{\"@type\":\"PropertyValueSpecification\",\"valueRequired\":true,\"valueName\":\"search_term_string\"}}],\"inLanguage\":\"hr\"}]}<\/script>\n<!-- \/ Yoast SEO Premium plugin. -->","yoast_head_json":{"title":"Jelsa, informativni vodi\u0107 otoka Hvara - Hvar.com","description":"Jelsa nudi savr\u0161en bijeg od svakodnevnog \u017eivota. Istra\u017eite pla\u017ee i uvale, u\u017eivajte u lokalnoj kuhinji i do\u017eivite nezaboravne trenutke.","robots":{"index":"index","follow":"follow","max-snippet":"max-snippet:-1","max-image-preview":"max-image-preview:large","max-video-preview":"max-video-preview:-1"},"canonical":"https:\/\/www.hvar.com\/hr\/destinacije\/jelsa\/","og_locale":"hr_HR","og_type":"article","og_title":"Jelsa","og_description":"Jelsa nudi savr\u0161en bijeg od svakodnevnog \u017eivota. Istra\u017eite pla\u017ee i uvale, u\u017eivajte u lokalnoj kuhinji i do\u017eivite nezaboravne trenutke.","og_url":"https:\/\/www.hvar.com\/hr\/destinacije\/jelsa\/","og_site_name":"Hvar island Croatia","article_modified_time":"2023-08-22T08:40:52+00:00","twitter_card":"summary_large_image","twitter_misc":{"Procijenjeno vrijeme \u010ditanja":"4 minute"},"schema":{"@context":"https:\/\/schema.org","@graph":[{"@type":"WebPage","@id":"https:\/\/www.hvar.com\/hr\/destinacije\/jelsa\/","url":"https:\/\/www.hvar.com\/hr\/destinacije\/jelsa\/","name":"Jelsa, informativni vodi\u0107 otoka Hvara - Hvar.com","isPartOf":{"@id":"https:\/\/www.hvar.com\/hr\/#website"},"datePublished":"2023-08-10T11:50:15+00:00","dateModified":"2023-08-22T08:40:52+00:00","description":"Jelsa nudi savr\u0161en bijeg od svakodnevnog \u017eivota. Istra\u017eite pla\u017ee i uvale, u\u017eivajte u lokalnoj kuhinji i do\u017eivite nezaboravne trenutke.","breadcrumb":{"@id":"https:\/\/www.hvar.com\/hr\/destinacije\/jelsa\/#breadcrumb"},"inLanguage":"hr","potentialAction":[{"@type":"ReadAction","target":["https:\/\/www.hvar.com\/hr\/destinacije\/jelsa\/"]}]},{"@type":"BreadcrumbList","@id":"https:\/\/www.hvar.com\/hr\/destinacije\/jelsa\/#breadcrumb","itemListElement":[{"@type":"ListItem","position":1,"name":"Home","item":"https:\/\/www.hvar.com\/hr\/"},{"@type":"ListItem","position":2,"name":"Destinacije","item":"https:\/\/www.hvar.com\/hr\/destinacije\/"},{"@type":"ListItem","position":3,"name":"Jelsa"}]},{"@type":"WebSite","@id":"https:\/\/www.hvar.com\/hr\/#website","url":"https:\/\/www.hvar.com\/hr\/","name":"Hvar island Croatia","description":"hvar, hvar croatia, hvar island","potentialAction":[{"@type":"SearchAction","target":{"@type":"EntryPoint","urlTemplate":"https:\/\/www.hvar.com\/hr\/?s={search_term_string}"},"query-input":{"@type":"PropertyValueSpecification","valueRequired":true,"valueName":"search_term_string"}}],"inLanguage":"hr"}]}},"_links":{"self":[{"href":"https:\/\/www.hvar.com\/hr\/wp-json\/wp\/v2\/pages\/747","targetHints":{"allow":["GET"]}}],"collection":[{"href":"https:\/\/www.hvar.com\/hr\/wp-json\/wp\/v2\/pages"}],"about":[{"href":"https:\/\/www.hvar.com\/hr\/wp-json\/wp\/v2\/types\/page"}],"author":[{"embeddable":true,"href":"https:\/\/www.hvar.com\/hr\/wp-json\/wp\/v2\/users\/1"}],"replies":[{"embeddable":true,"href":"https:\/\/www.hvar.com\/hr\/wp-json\/wp\/v2\/comments?post=747"}],"version-history":[{"count":1,"href":"https:\/\/www.hvar.com\/hr\/wp-json\/wp\/v2\/pages\/747\/revisions"}],"predecessor-version":[{"id":1162,"href":"https:\/\/www.hvar.com\/hr\/wp-json\/wp\/v2\/pages\/747\/revisions\/1162"}],"up":[{"embeddable":true,"href":"https:\/\/www.hvar.com\/hr\/wp-json\/wp\/v2\/pages\/49"}],"wp:attachment":[{"href":"https:\/\/www.hvar.com\/hr\/wp-json\/wp\/v2\/media?parent=747"}],"wp:term":[{"taxonomy":"category","embeddable":true,"href":"https:\/\/www.hvar.com\/hr\/wp-json\/wp\/v2\/categories?post=747"},{"taxonomy":"post_tag","embeddable":true,"href":"https:\/\/www.hvar.com\/hr\/wp-json\/wp\/v2\/tags?post=747"}],"curies":[{"name":"wp","href":"https:\/\/api.w.org\/{rel}","templated":true}]}}