{"id":694,"date":"2023-05-17T15:10:54","date_gmt":"2023-05-17T15:10:54","guid":{"rendered":"https:\/\/www.hvar.com\/?page_id=694"},"modified":"2023-05-17T15:40:39","modified_gmt":"2023-05-17T15:40:39","slug":"povijest-otoka-hvara","status":"publish","type":"page","link":"https:\/\/www.hvar.com\/hr\/povijest-otoka-hvara\/","title":{"rendered":"Povijest otoka Hvara"},"content":{"rendered":"<p>[et_pb_section fb_built=&#8221;1&#8243; admin_label=&#8221;Section&#8221; _builder_version=&#8221;4.20.0&#8243; _module_preset=&#8221;default&#8221; custom_padding=&#8221;20px||20px||false|false&#8221; global_colors_info=&#8221;{}&#8221;][et_pb_row _builder_version=&#8221;4.20.0&#8243; _module_preset=&#8221;default&#8221; custom_padding=&#8221;15px||15px||true|false&#8221; global_colors_info=&#8221;{}&#8221;][et_pb_column type=&#8221;4_4&#8243; _builder_version=&#8221;4.20.0&#8243; _module_preset=&#8221;default&#8221; global_colors_info=&#8221;{}&#8221;][et_pb_text _builder_version=&#8221;4.21.0&#8243; _module_preset=&#8221;default&#8221; header_font=&#8221;|700|||||||&#8221; header_font_size=&#8221;34px&#8221; global_colors_info=&#8221;{}&#8221;]<\/p>\n<h1>Povijest otoka Hvara<\/h1>\n<p>[\/et_pb_text][\/et_pb_column][\/et_pb_row][et_pb_row module_class=&#8221;reviewpage-img&#8221; _builder_version=&#8221;4.20.0&#8243; _module_preset=&#8221;default&#8221; max_height=&#8221;700px&#8221; custom_padding=&#8221;0px||0px||true|false&#8221; global_colors_info=&#8221;{}&#8221;][et_pb_column type=&#8221;4_4&#8243; _builder_version=&#8221;4.20.0&#8243; _module_preset=&#8221;default&#8221; global_colors_info=&#8221;{}&#8221;][et_pb_image src=&#8221;https:\/\/www.hvar.com\/wp-content\/uploads\/2023\/05\/povijest-hvara.jpg&#8221; alt=&#8221;povijest hvara&#8221; title_text=&#8221;povijest hvara&#8221; align=&#8221;center&#8221; _builder_version=&#8221;4.21.0&#8243; _module_preset=&#8221;default&#8221; global_colors_info=&#8221;{}&#8221;][\/et_pb_image][\/et_pb_column][\/et_pb_row][\/et_pb_section][et_pb_section fb_built=&#8221;1&#8243; use_custom_gutter=&#8221;on&#8221; gutter_width=&#8221;2&#8243; specialty=&#8221;on&#8221; _builder_version=&#8221;4.21.0&#8243; _module_preset=&#8221;default&#8221; custom_padding=&#8221;10px||5px||false|false&#8221; global_colors_info=&#8221;{}&#8221;][et_pb_column type=&#8221;2_3&#8243; specialty_columns=&#8221;2&#8243; _builder_version=&#8221;4.16&#8243; custom_padding=&#8221;|||&#8221; global_colors_info=&#8221;{}&#8221; custom_padding__hover=&#8221;|||&#8221;][et_pb_row_inner _builder_version=&#8221;4.21.0&#8243; _module_preset=&#8221;default&#8221; custom_padding=&#8221;||29px|||&#8221; global_colors_info=&#8221;{}&#8221;][et_pb_column_inner saved_specialty_column_type=&#8221;2_3&#8243; _builder_version=&#8221;4.21.0&#8243; _module_preset=&#8221;default&#8221; global_colors_info=&#8221;{}&#8221;][et_pb_text _builder_version=&#8221;4.21.0&#8243; _module_preset=&#8221;default&#8221; header_2_font=&#8221;|700|||||||&#8221; hover_enabled=&#8221;0&#8243; global_colors_info=&#8221;{}&#8221; sticky_enabled=&#8221;0&#8243;]<\/p>\n<h2>Povijest Hvara &#8211; o otoku Hvaru:<\/h2>\n<p>Ovaj je otok jo\u0161 u doba kada je Trojanski rat nali\u010dio na ratove zvijezda, a pjev sirena na svakodnevnu simfoniju cvr\u010daka, izvirao \u017eivotom i putevima. \u010covjek je Zemljanin, on iska\u010de iz utrobe Zemlje, \u0161e\u0107e po njoj i luta hrane\u0107i se usput. Ne za\u010du\u0111uje \u0161to je stao i zaustavio se na ovom otoku. Otok je ipak premali da bi se uspjelo pobje\u0107i pred zimom ili oti\u0107i od ljeta. No, na Hvaru zime gotovo da i nema. Poznata je dosjetka da kad padne snijeg, u hvarskim hotelima je sve besplatno.<\/p>\n<p>Nicali\u0161ta ljudi, pe\u0107ine i spilje razasute po Hvaru, imale su svoje stanovnike ve\u0107 u sedmom tisu\u0107lje\u0107u prije Krista. Dogodio se sljede\u0107i paradoks da su ljudi na kopnu jo\u0161 1500 do 2000 godina \u0161etali od sjevera na jug kao nomadi \u2013 lovci i sakuplja\u010di, a da su se na Hvaru pe\u0107inski ljudi po\u010deli baviti keramikom. Obojenom keramikom jer prona\u0111eni kerami\u010dki uzorci i oblici s Hvara, dakle 7000 prije Krista po istra\u017eivanju dr Grge Novaka, nalaze se i po isto\u010dnoj obali Jadrana. Po kopnu u prostoru od 200 km uz obalu i u dubinu od 50 km. Dakle, Hvar je uistinu otok \u0161irenja kulture.<\/p>\n<p>Arheolo\u0161ki nalazi hvarske kulture kulminiraju izradom Veli\u0161taka na\u0111enog u Stankovcima u okolici Zadra iz petog tisu\u0107lje\u0107a. Dakle, Markova spilja odaljena tri kilometra od grada Hvara, jedan je od najstarijih mezopaleolitskih nalaza sjedila\u010dke kulture koja odolijeva promjeni godi\u0161njih doba rade\u0107i i imaju\u0107i o\u010di\u0161te s jednog mjesta, primje\u0107uje kozmi\u010dke promjene te nastale najstariji lunarni kalendar u Europi: Veli\u0161tak pod utjecajem kasno neoliti\u010dke hvarske kulture. U to doba, 7000 godina prije Krista, Jadransko more se podiglo za sto metara. Dakle, kulminacija zatopljenja nakon ledenog doba.<\/p>\n<p>U 6. i 5. stolje\u0107u prije Krista formiraju se kao zasebne strukture ilirska plemena Dalmati, Ardijei, Daorsi, a Grci utemeljuju u \u010detvrtom stolje\u0107u prije Krista svoje kolonije na otocima Visu, Hvaru, Kor\u010duli. Doseljenici s gr\u010dkog otoka Paros na Hvaru podi\u017eu grad Pharos 385 godine prije Krista, a u blizini na Issi \u2013 Visu 390-te godine Siraku\u0161ki kralj Dionis gradi utvrdu. Kako su ba\u0161 u \u010detvrtom stolje\u0107u prije Krista Kelti potisnuli Ilire sa sjevera prema Jadranskom moru, taman ih se dovoljno \u201ezgusnulo\u201c da zarate s novonaseljenim gr\u010dkim otocima i za ono doba 5000 mrtvih i 2000 zarobljenih Iliraca ukazuje na veliku bitku i veliki poraz. No, Grci ipak nisu uspjeli u Jadranskom moru stvoriti i izgraditi svoj polis &#8211; autonomnu kulturno demokratsku zajednicu koju je okon\u010davala izgradnja teatra. Vi\u0161ki tirani nisu voljeli kazali\u0161te, ali parcelacija Farskoga Staro Gradskog polja koje je danas pod za\u0161titom UNESCO &#8211; a, ukazuje na demokratsku opredijeljenost stanovnika grada Pharosa.<\/p>\n<p>229. godine prije Krista Ilirac Ardiei, Teutin odmetnuti vojskovo\u0111a Demetrije Hvaranin osvaja Pharos i stvara dr\u017eavu. No, 219. godine prije Krista dolaze Rimljani, pora\u017eavaju Demetrija i ru\u0161e Pharos. Gr\u010dku parcelizaciju polja nisu dirali jer sad je ionako njihovo. Ipak, ostao je jedan misterij: nije otkrivena Pharoska nekropola koja je u 200 godina trebala imati bar 1000 grobova sude\u0107i po broju parcela plodnog polja, a nadalje taj prostor naseljavaju Rimljani i grade novi grad. No, tako\u0111er bez mrtvih. Nakon podjele Rimskog carstva 395. godine, ve\u0107 476. godine propada zapadno Rimsko carstvo i Bizant preuzima religijski i politi\u010dki utjecaj sve do crkvenog raskola 1054. godine.<\/p>\n<p>U 12. stolje\u0107u Venecija u potpunosti zamjenjuje Bizant sve do 18. stolje\u0107a. Kako Venecija vlada morem, a ne kopnom, svi otoci uz isto\u010dnu jadransku obalu dobili su velike i dominantne gradove okrenute prema moru, a ne kopnu kako bi bili podr\u0161ka i sigurnost venecijanskoj floti na prolazu kroz Jadran u Sredozemlje. Tada je nastao i grad Hvar. Hrvati koje pokr\u0161tavaju i opismenjavaju \u0106iril i Metoda u devetom stolje\u0107u sa strane Bizanta, a papinska frana\u010dka dr\u017eava sa sjevera na kopnenoj strani obale sukobljuje se oko Zadra. Sa strane zapadne crkve pojavljuju se na tom podru\u010dju prvi hrvatski papinski kraljevi u desetom i jedanaestom stolje\u0107u jer Hrvati postaju ve\u0107insko stanovni\u0161tvo. No, sa sjeverozapada Ugarska i Venecija na obali dr\u017ee novu hrvatsku dr\u017eavu u klije\u0161tima tako da 1000 godina Hrvati \u010deznu za svojom samostalno\u0161\u0107u.<\/p>\n<p>Pokr\u0161teni Hrvati unutar ve\u0107ih, tako\u0111er kr\u0161\u0107anskih dr\u017eava imaju svoju autonomiju \u0161to se vidi po nastanku hrvatskog plemstva, no samo ako je kr\u0161\u0107anske kulture i opredjeljenja. Kr\u0161\u0107anstvo je u tom smislu bilo demokratska opcija, zajedni\u010dki nazivnik, univerzalnost za su\u017eivot i prosperitet. Tako, interesantno, i pod Venecijom u venecijanskim gradovima nastaju hrvatski plemi\u0107i i \u010dak su prosperitetniji i kreativniji od venecijanskih ili ugarskih plemi\u0107a na hrvatskim podru\u010djima. U sedamnaestom stolje\u0107u godine 1612., grad Hvar me\u0111u prvima u Europi gradi pu\u010dko kazali\u0161te.<\/p>\n<p>Tako Markova \u0161pilja otvara prostor platoni\u010dke \u0161pilje i razara zid sa slu\u017ebenim istinama i jednostavnim interpretacijama svijeta kao \u0161to je, na primjer, da je svijet ravna plo\u010da. Kazali\u0161te je otvoreno doga\u0111ali\u0161te koje je kroz ideje slobode sama ideja svijeta kao otvorenosti za: svijet postoji radi doga\u0111aja \u201ecijeli svijet je pozornica na kojoj su svi ljudi samo glumci\u2026\u201c-Shakespeare. Kazali\u0161ni prostor je mala beskona\u010dnost. Hvar, me\u0111utim, nije muzej, Hvar ne \u017eeli veli\u010dati povijest, Hvar je naprosto ima. Hvar je neprestano prostor u kojem se osje\u0107a sam rub vremena, ono najljep\u0161e \u0161to dolazi iz ruba vremena, ono novo, ono iznena\u0111uju\u0107e, ono svje\u017ee, ono \u0161to jo\u0161 nije vi\u0111eno, ono radi \u010dega postoji svijet. Radi novih doga\u0111aja i doga\u0111anja radi slobode i radi svega onoga \u0161to mo\u017eemo u\u010diniti\u2026 Tajna hvarskog zelenila, otoka na kojem pada tako malo ki\u0161e jest u misteriju jutarnje rose kojom se zalijeva. Hvar &#8211; otok \u017eivota.<\/p>\n<p>&nbsp;<\/p>\n<p>&nbsp;<\/p>\n<p>[\/et_pb_text][\/et_pb_column_inner][\/et_pb_row_inner][\/et_pb_column][et_pb_column type=&#8221;1_3&#8243; _builder_version=&#8221;4.16&#8243; custom_padding=&#8221;|||&#8221; global_colors_info=&#8221;{}&#8221; custom_padding__hover=&#8221;|||&#8221;][et_pb_code disabled_on=&#8221;on|off|off&#8221; _builder_version=&#8221;4.21.0&#8243; _module_preset=&#8221;default&#8221; sticky_position=&#8221;top&#8221; sticky_offset_top=&#8221;20px&#8221; sticky_limit_bottom=&#8221;row&#8221; global_colors_info=&#8221;{}&#8221;]<ins class=\"bookingaff\" data-aid=\"2340087\" data-target_aid=\"2340087\" data-prod=\"map\" data-width=\"100%\" data-height=\"590\" data-lang=\"ualng\" data-dest_id=\"0\" data-dest_type=\"landmark\" data-latitude=\"43.172178\" data-longitude=\"16.441681\" data-landmark_name=\"Hvar\" data-mwhsb=\"0\" data-address=\"Hvar, Croatia\"><!-- [et_pb_line_break_holder] -->    <!-- Anything inside will go away once widget is loaded. --><!-- [et_pb_line_break_holder] -->        <a href=\"\/\/www.booking.com?aid=2340087\">Booking.com<\/a><!-- [et_pb_line_break_holder] --><\/ins><!-- [et_pb_line_break_holder] --><script type=\"text\/javascript\"><!-- [et_pb_line_break_holder] -->    (function(d, sc, u) {<!-- [et_pb_line_break_holder] -->      var s = d.createElement(sc), p = d.getElementsByTagName(sc)[0];<!-- [et_pb_line_break_holder] -->      s.type = 'text\/javascript';<!-- [et_pb_line_break_holder] -->      s.async = true;<!-- [et_pb_line_break_holder] -->      s.src = u + '?v=' + (+new Date());<!-- [et_pb_line_break_holder] -->      p.parentNode.insertBefore(s,p);<!-- [et_pb_line_break_holder] -->      })(document, 'script', '\/\/cf.bstatic.com\/static\/affiliate_base\/js\/flexiproduct.js');<!-- [et_pb_line_break_holder] --><\/script>[\/et_pb_code][\/et_pb_column][\/et_pb_section][et_pb_section fb_built=&#8221;1&#8243; _builder_version=&#8221;4.21.0&#8243; _module_preset=&#8221;default&#8221; custom_padding=&#8221;10px||||false|false&#8221; global_colors_info=&#8221;{}&#8221;][et_pb_row _builder_version=&#8221;4.20.0&#8243; _module_preset=&#8221;default&#8221; global_colors_info=&#8221;{}&#8221;][et_pb_column type=&#8221;4_4&#8243; _builder_version=&#8221;4.20.0&#8243; _module_preset=&#8221;default&#8221; global_colors_info=&#8221;{}&#8221;][et_pb_text _builder_version=&#8221;4.21.0&#8243; _module_preset=&#8221;default&#8221; header_3_font=&#8221;|700|||||||&#8221; custom_margin=&#8221;0px||15px||false|false&#8221; global_colors_info=&#8221;{}&#8221;]<\/p>\n<h3>Galerija slika otoka Hvara<\/h3>\n<p>[\/et_pb_text][et_pb_gallery gallery_ids=&#8221;708,701,705,702,703,704,707,706,709,710,713,711,712,714,716,715,717,719,718,720&#8243; show_title_and_caption=&#8221;off&#8221; _builder_version=&#8221;4.21.0&#8243; _module_preset=&#8221;default&#8221; hover_enabled=&#8221;0&#8243; global_colors_info=&#8221;{}&#8221; sticky_enabled=&#8221;0&#8243;][\/et_pb_gallery][et_pb_code _builder_version=&#8221;4.21.0&#8243; _module_preset=&#8221;default&#8221; global_colors_info=&#8221;{}&#8221;]<ins class=\"bookingaff\" data-aid=\"2340087\" data-target_aid=\"2340087\" data-prod=\"map\" data-width=\"100%\" data-height=\"590\" data-lang=\"ualng\" data-dest_id=\"0\" data-dest_type=\"landmark\" data-latitude=\"43.172178\" data-longitude=\"16.441681\" data-landmark_name=\"Hvar\" data-mwhsb=\"0\" data-address=\"Hvar, Croatia\"><!-- [et_pb_line_break_holder] -->    <!-- Anything inside will go away once widget is loaded. --><!-- [et_pb_line_break_holder] -->        <a href=\"\/\/www.booking.com?aid=2340087\">Booking.com<\/a><!-- [et_pb_line_break_holder] --><\/ins><!-- [et_pb_line_break_holder] --><script type=\"text\/javascript\"><!-- [et_pb_line_break_holder] -->    (function(d, sc, u) {<!-- [et_pb_line_break_holder] -->      var s = d.createElement(sc), p = d.getElementsByTagName(sc)[0];<!-- [et_pb_line_break_holder] -->      s.type = 'text\/javascript';<!-- [et_pb_line_break_holder] -->      s.async = true;<!-- [et_pb_line_break_holder] -->      s.src = u + '?v=' + (+new Date());<!-- [et_pb_line_break_holder] -->      p.parentNode.insertBefore(s,p);<!-- [et_pb_line_break_holder] -->      })(document, 'script', '\/\/cf.bstatic.com\/static\/affiliate_base\/js\/flexiproduct.js');<!-- [et_pb_line_break_holder] --><\/script>[\/et_pb_code][\/et_pb_column][\/et_pb_row][\/et_pb_section]<\/p>\n","protected":false},"excerpt":{"rendered":"<p>Povijest otoka HvaraPovijest Hvara &#8211; o otoku Hvaru: Ovaj je otok jo\u0161 u doba kada je Trojanski rat nali\u010dio na ratove zvijezda, a pjev sirena na svakodnevnu simfoniju cvr\u010daka, izvirao \u017eivotom i putevima. \u010covjek je Zemljanin, on iska\u010de iz utrobe Zemlje, \u0161e\u0107e po njoj i luta hrane\u0107i se usput. Ne za\u010du\u0111uje \u0161to je stao i [&hellip;]<\/p>\n","protected":false},"author":1,"featured_media":0,"parent":0,"menu_order":0,"comment_status":"closed","ping_status":"closed","template":"","meta":{"_et_pb_use_builder":"on","_et_pb_old_content":"","_et_gb_content_width":"","inline_featured_image":false,"footnotes":""},"categories":[],"tags":[],"class_list":["post-694","page","type-page","status-publish","hentry"],"yoast_head":"<!-- This site is optimized with the Yoast SEO Premium plugin v27.4 (Yoast SEO v27.4) - https:\/\/yoast.com\/product\/yoast-seo-premium-wordpress\/ -->\n<title>Povijest otoka Hvara - Hvar.com<\/title>\n<meta name=\"description\" content=\"Otok Hvar ima dugu i bogatu povijest koja je kroz stolje\u0107a mjenjala kulturu i obi\u010daje. Upoznajte Hvar kroz povijesne doga\u0111aje na otoku.\" \/>\n<meta name=\"robots\" content=\"index, follow, max-snippet:-1, max-image-preview:large, max-video-preview:-1\" \/>\n<link rel=\"canonical\" href=\"https:\/\/www.hvar.com\/hr\/povijest-otoka-hvara\/\" \/>\n<meta property=\"og:locale\" content=\"hr_HR\" \/>\n<meta property=\"og:type\" content=\"article\" \/>\n<meta property=\"og:title\" content=\"Povijest otoka Hvara\" \/>\n<meta property=\"og:description\" content=\"Otok Hvar ima dugu i bogatu povijest koja je kroz stolje\u0107a mjenjala kulturu i obi\u010daje. Upoznajte Hvar kroz povijesne doga\u0111aje na otoku.\" \/>\n<meta property=\"og:url\" content=\"https:\/\/www.hvar.com\/hr\/povijest-otoka-hvara\/\" \/>\n<meta property=\"og:site_name\" content=\"Hvar island Croatia\" \/>\n<meta property=\"article:modified_time\" content=\"2023-05-17T15:40:39+00:00\" \/>\n<meta name=\"twitter:card\" content=\"summary_large_image\" \/>\n<meta name=\"twitter:label1\" content=\"Procijenjeno vrijeme \u010ditanja\" \/>\n\t<meta name=\"twitter:data1\" content=\"5 minuta\" \/>\n<script type=\"application\/ld+json\" class=\"yoast-schema-graph\">{\"@context\":\"https:\\\/\\\/schema.org\",\"@graph\":[{\"@type\":\"WebPage\",\"@id\":\"https:\\\/\\\/www.hvar.com\\\/hr\\\/povijest-otoka-hvara\\\/\",\"url\":\"https:\\\/\\\/www.hvar.com\\\/hr\\\/povijest-otoka-hvara\\\/\",\"name\":\"Povijest otoka Hvara - Hvar.com\",\"isPartOf\":{\"@id\":\"https:\\\/\\\/www.hvar.com\\\/hr\\\/#website\"},\"datePublished\":\"2023-05-17T15:10:54+00:00\",\"dateModified\":\"2023-05-17T15:40:39+00:00\",\"description\":\"Otok Hvar ima dugu i bogatu povijest koja je kroz stolje\u0107a mjenjala kulturu i obi\u010daje. Upoznajte Hvar kroz povijesne doga\u0111aje na otoku.\",\"breadcrumb\":{\"@id\":\"https:\\\/\\\/www.hvar.com\\\/hr\\\/povijest-otoka-hvara\\\/#breadcrumb\"},\"inLanguage\":\"hr\",\"potentialAction\":[{\"@type\":\"ReadAction\",\"target\":[\"https:\\\/\\\/www.hvar.com\\\/hr\\\/povijest-otoka-hvara\\\/\"]}]},{\"@type\":\"BreadcrumbList\",\"@id\":\"https:\\\/\\\/www.hvar.com\\\/hr\\\/povijest-otoka-hvara\\\/#breadcrumb\",\"itemListElement\":[{\"@type\":\"ListItem\",\"position\":1,\"name\":\"Home\",\"item\":\"https:\\\/\\\/www.hvar.com\\\/hr\\\/\"},{\"@type\":\"ListItem\",\"position\":2,\"name\":\"Povijest otoka Hvara\"}]},{\"@type\":\"WebSite\",\"@id\":\"https:\\\/\\\/www.hvar.com\\\/hr\\\/#website\",\"url\":\"https:\\\/\\\/www.hvar.com\\\/hr\\\/\",\"name\":\"Hvar island Croatia\",\"description\":\"hvar, hvar croatia, hvar island\",\"potentialAction\":[{\"@type\":\"SearchAction\",\"target\":{\"@type\":\"EntryPoint\",\"urlTemplate\":\"https:\\\/\\\/www.hvar.com\\\/hr\\\/?s={search_term_string}\"},\"query-input\":{\"@type\":\"PropertyValueSpecification\",\"valueRequired\":true,\"valueName\":\"search_term_string\"}}],\"inLanguage\":\"hr\"}]}<\/script>\n<!-- \/ Yoast SEO Premium plugin. -->","yoast_head_json":{"title":"Povijest otoka Hvara - Hvar.com","description":"Otok Hvar ima dugu i bogatu povijest koja je kroz stolje\u0107a mjenjala kulturu i obi\u010daje. Upoznajte Hvar kroz povijesne doga\u0111aje na otoku.","robots":{"index":"index","follow":"follow","max-snippet":"max-snippet:-1","max-image-preview":"max-image-preview:large","max-video-preview":"max-video-preview:-1"},"canonical":"https:\/\/www.hvar.com\/hr\/povijest-otoka-hvara\/","og_locale":"hr_HR","og_type":"article","og_title":"Povijest otoka Hvara","og_description":"Otok Hvar ima dugu i bogatu povijest koja je kroz stolje\u0107a mjenjala kulturu i obi\u010daje. Upoznajte Hvar kroz povijesne doga\u0111aje na otoku.","og_url":"https:\/\/www.hvar.com\/hr\/povijest-otoka-hvara\/","og_site_name":"Hvar island Croatia","article_modified_time":"2023-05-17T15:40:39+00:00","twitter_card":"summary_large_image","twitter_misc":{"Procijenjeno vrijeme \u010ditanja":"5 minuta"},"schema":{"@context":"https:\/\/schema.org","@graph":[{"@type":"WebPage","@id":"https:\/\/www.hvar.com\/hr\/povijest-otoka-hvara\/","url":"https:\/\/www.hvar.com\/hr\/povijest-otoka-hvara\/","name":"Povijest otoka Hvara - Hvar.com","isPartOf":{"@id":"https:\/\/www.hvar.com\/hr\/#website"},"datePublished":"2023-05-17T15:10:54+00:00","dateModified":"2023-05-17T15:40:39+00:00","description":"Otok Hvar ima dugu i bogatu povijest koja je kroz stolje\u0107a mjenjala kulturu i obi\u010daje. Upoznajte Hvar kroz povijesne doga\u0111aje na otoku.","breadcrumb":{"@id":"https:\/\/www.hvar.com\/hr\/povijest-otoka-hvara\/#breadcrumb"},"inLanguage":"hr","potentialAction":[{"@type":"ReadAction","target":["https:\/\/www.hvar.com\/hr\/povijest-otoka-hvara\/"]}]},{"@type":"BreadcrumbList","@id":"https:\/\/www.hvar.com\/hr\/povijest-otoka-hvara\/#breadcrumb","itemListElement":[{"@type":"ListItem","position":1,"name":"Home","item":"https:\/\/www.hvar.com\/hr\/"},{"@type":"ListItem","position":2,"name":"Povijest otoka Hvara"}]},{"@type":"WebSite","@id":"https:\/\/www.hvar.com\/hr\/#website","url":"https:\/\/www.hvar.com\/hr\/","name":"Hvar island Croatia","description":"hvar, hvar croatia, hvar island","potentialAction":[{"@type":"SearchAction","target":{"@type":"EntryPoint","urlTemplate":"https:\/\/www.hvar.com\/hr\/?s={search_term_string}"},"query-input":{"@type":"PropertyValueSpecification","valueRequired":true,"valueName":"search_term_string"}}],"inLanguage":"hr"}]}},"_links":{"self":[{"href":"https:\/\/www.hvar.com\/hr\/wp-json\/wp\/v2\/pages\/694","targetHints":{"allow":["GET"]}}],"collection":[{"href":"https:\/\/www.hvar.com\/hr\/wp-json\/wp\/v2\/pages"}],"about":[{"href":"https:\/\/www.hvar.com\/hr\/wp-json\/wp\/v2\/types\/page"}],"author":[{"embeddable":true,"href":"https:\/\/www.hvar.com\/hr\/wp-json\/wp\/v2\/users\/1"}],"replies":[{"embeddable":true,"href":"https:\/\/www.hvar.com\/hr\/wp-json\/wp\/v2\/comments?post=694"}],"version-history":[{"count":1,"href":"https:\/\/www.hvar.com\/hr\/wp-json\/wp\/v2\/pages\/694\/revisions"}],"predecessor-version":[{"id":721,"href":"https:\/\/www.hvar.com\/hr\/wp-json\/wp\/v2\/pages\/694\/revisions\/721"}],"wp:attachment":[{"href":"https:\/\/www.hvar.com\/hr\/wp-json\/wp\/v2\/media?parent=694"}],"wp:term":[{"taxonomy":"category","embeddable":true,"href":"https:\/\/www.hvar.com\/hr\/wp-json\/wp\/v2\/categories?post=694"},{"taxonomy":"post_tag","embeddable":true,"href":"https:\/\/www.hvar.com\/hr\/wp-json\/wp\/v2\/tags?post=694"}],"curies":[{"name":"wp","href":"https:\/\/api.w.org\/{rel}","templated":true}]}}