{"id":672,"date":"2023-05-17T13:23:06","date_gmt":"2023-05-17T13:23:06","guid":{"rendered":"https:\/\/www.hvar.com\/?page_id=672"},"modified":"2024-06-28T12:46:47","modified_gmt":"2024-06-28T12:46:47","slug":"sveta-nedjelja","status":"publish","type":"page","link":"https:\/\/www.hvar.com\/hr\/destinacije\/sveta-nedjelja\/","title":{"rendered":"Sveta Nedjelja"},"content":{"rendered":"<p>[et_pb_section fb_built=&#8221;1&#8243; _builder_version=&#8221;4.20.0&#8243; _module_preset=&#8221;default&#8221; custom_padding=&#8221;20px||20px||false|false&#8221; global_colors_info=&#8221;{}&#8221;][et_pb_row _builder_version=&#8221;4.20.0&#8243; _module_preset=&#8221;default&#8221; custom_padding=&#8221;15px||15px||true|false&#8221; global_colors_info=&#8221;{}&#8221;][et_pb_column type=&#8221;4_4&#8243; _builder_version=&#8221;4.20.0&#8243; _module_preset=&#8221;default&#8221; global_colors_info=&#8221;{}&#8221;][et_pb_text _builder_version=&#8221;4.21.0&#8243; _module_preset=&#8221;default&#8221; header_font=&#8221;|700|||||||&#8221; header_font_size=&#8221;34px&#8221; global_colors_info=&#8221;{}&#8221;]<\/p>\n<h1>Sveta Nedjelja, otok Hvar<\/h1>\n<p>[\/et_pb_text][\/et_pb_column][\/et_pb_row][et_pb_row module_class=&#8221;reviewpage-img&#8221; _builder_version=&#8221;4.20.0&#8243; _module_preset=&#8221;default&#8221; max_height=&#8221;700px&#8221; custom_padding=&#8221;0px||0px||true|false&#8221; global_colors_info=&#8221;{}&#8221;][et_pb_column type=&#8221;4_4&#8243; _builder_version=&#8221;4.20.0&#8243; _module_preset=&#8221;default&#8221; global_colors_info=&#8221;{}&#8221;][et_pb_image src=&#8221;https:\/\/www.hvar.com\/wp-content\/uploads\/2023\/05\/sveta-nedjelja.jpg&#8221; alt=&#8221;sveta nedjelja&#8221; title_text=&#8221;sveta nedjelja&#8221; align=&#8221;center&#8221; _builder_version=&#8221;4.21.0&#8243; _module_preset=&#8221;default&#8221; global_colors_info=&#8221;{}&#8221;][\/et_pb_image][\/et_pb_column][\/et_pb_row][\/et_pb_section][et_pb_section fb_built=&#8221;1&#8243; use_custom_gutter=&#8221;on&#8221; gutter_width=&#8221;2&#8243; specialty=&#8221;on&#8221; _builder_version=&#8221;4.21.0&#8243; _module_preset=&#8221;default&#8221; custom_padding=&#8221;10px||5px||false|false&#8221; global_colors_info=&#8221;{}&#8221;][et_pb_column type=&#8221;2_3&#8243; specialty_columns=&#8221;2&#8243; _builder_version=&#8221;4.16&#8243; custom_padding=&#8221;|||&#8221; global_colors_info=&#8221;{}&#8221; custom_padding__hover=&#8221;|||&#8221;][et_pb_row_inner _builder_version=&#8221;4.21.0&#8243; _module_preset=&#8221;default&#8221; custom_padding=&#8221;||29px|||&#8221; global_colors_info=&#8221;{}&#8221;][et_pb_column_inner saved_specialty_column_type=&#8221;2_3&#8243; _builder_version=&#8221;4.21.0&#8243; _module_preset=&#8221;default&#8221; global_colors_info=&#8221;{}&#8221;][et_pb_text _builder_version=&#8221;4.25.2&#8243; _module_preset=&#8221;default&#8221; header_2_font=&#8221;|700|||||||&#8221; hover_enabled=&#8221;0&#8243; global_colors_info=&#8221;{}&#8221; sticky_enabled=&#8221;0&#8243;]<\/p>\n<h2>Sveta Nedjelja<\/h2>\n<p>Sveta Nedjelja mjesto na klisuri na ju\u017enom dijelu otoka Hvara. Jedina mogu\u0107nost kako do naselja do\u0107i jest preko Jelse<strong> tunelom <\/strong><strong>Pitve- Zavala dugim oko 1.5 km<\/strong>. Mjesta koja \u0107ete tada prona\u0107i su Zavala, Ivan Dolac i Sv. Nedjelja. Sv. Nedjela pitoreskno je i plavetno mjesto ju\u017ene strane otoka Hvara ome\u0111eno nepojmljivim morskim plavetnilom s morske strane i klisurom najvi\u0161eg oto\u010dkog<strong> vrha Sv.Nikola (626 m)<\/strong> s kopnene strane. Kroz cijelo mjesto skladno se nadopunjuju kamen, more, maslinici, poljane , sunce, kr\u0161 i privatni vinogradi jer samo na kosim i \u0161krtim obroncima obasjanim morem i soli uspijevaju najabolja i najizvrsnija vina. Ve\u0107ina stanovnika Sv Nedjelje prete\u017eno se bavi turizmom, ribarstvom, poljoprivredom, maslinarstvom, uzgojem lavande, te uzgojem vinove loze. Za\u0161titnik Svete Nedjelje je sv. Spiridon biskup, blagdan 14. Prosinca.<\/p>\n<p>Smje\u0161tena na izbo\u010denom obronku brda na dnu uz more, is<strong>pod spilje gdje se nalaze ostatci augustijanskon samostana koji je postojao od 15.st do 1787<\/strong>., danas izgleda kao uvala unutar koje je moderna luka, sa svih strana ome\u0111ena kr\u0161kim stijenama i borovom \u0161umom. Danas Sv. Nedjelju \u010dine svega\u00a0 \u00a0<strong>\u017dupna crkva \u00bbSv. \u0160piridijun\u00ab ,<\/strong>stotinjak kamenih ku\u0107a, ku\u0107a za odmor i privatnih apartmanskih smje\u0161taja, modernu luku, mini market i restoran. Okolne pla\u017ee su strme ali dostupne, a more je kristalno \u010disto i bez obzorja nakon njega.<\/p>\n<p>Nekada\u0161nji Augustinski samostan posve je bio izgra\u0111en u spilji povrh Sv.Nedjelje negdje u 15 st. oko izvora pitke vode koji je postojao u spilji, skoro cijeli prednji dio spilje ome\u0111ivali su samostan, kapelica i groblje, no do danas je od njega preostala samo crkvica\u00a0posve\u0107ena<strong> &#8220;Gospi od sniga&#8221;, kri\u017e, ogra\u0111eni izvor pitke vode<\/strong> i nekoliko kamenih obzida zgrade nekada\u0161njeg samostana. Samostan je djelovao do 1787. godine. do kad se i selo slu\u017eilo samostanskom crkvom u spilji. Nova crkva sagra\u0111ena je u 20.st,\u00a0 na seoskom vidikovcu <strong>\u00bbSv. \u0160piridijun\u00ab sa osebujnim vrtom i opasana hortikulturom podneblja.<\/strong><\/p>\n<p><strong>\u00bbMarina Bilo Idro\u00ab , poznata kao i luka &#8220;Sveta Nedjelja&#8221; <\/strong>u potonjem dolu mjesta sastoji se od 4 dijela, te iako ograni\u010denog broja vezova za jahte velike i srednje veli\u010dine ima dostatan kapacitet mjesta i popunjenosti za sve vrste gostiju, pa \u010dak i iznad 40m. U sklopu luke, za sve posjetitelje nauti\u010dare ili automobilisti\u010dke goste nalazi se i istoimeni restoran r Bilo Idro sa najvrsnijim kulinarskim specijalitetima podbo\u010denih najvrsnijim vinima ovoga podneblja, a i Republike Hrvatske op\u0107enito.<\/p>\n<p>Dok u\u017eivate u delicijama ili \u010disto \u0161etnjom kroz mjesto beskona\u010dni plavetni obzor, nudi Vam i poglede uz more, s klisura i daljinske otoke ju\u017eno dalmatinskog arhipelaga Vis, Kor\u010dulu i Mljet.<\/p>\n<p>Da ta plavetna osun\u010danost od strane mora i neprestana toplina sunca i tla ne bi ostala neiskori\u0161tena, kao \u0161to se pri\u010da, a po ve\u0107ini i jest, na ovome se ju\u017enom hvarskom polo\u017eaju proizvode najbolja i najsun\u010danija vrhunska Hvarska vina, poglavito sorte Plavac mali, tako su polja, vinogradi i maslinici obilati najvrsnijim sortama koje mogu do maksimuma iskoristiti ovakav dar prirode i fantasti\u010dne i specifi\u010dne mikroklimatske uvijete za agrikulturnu izvrsnost. Desetak ne ba\u0161 uvijek lako dostupnih <strong>pla\u017ea i uvala kojim je Sv.Nedjelja okru\u017eena<\/strong> zaokru\u017euju ovu romanti\u010dnu sliku jednog vrijednog i nesvakida\u0161njeg mjesta, a i sliku otoka Hvara u kojem postoje kao velik i neizostavan dio rasko\u0161ne cjeline Hrvatskog najsun\u010danijeg otoka.***Pod selom je dojmljiva\u00a0<strong>pla\u017ea<\/strong>\u00a0sa spiljom na\u00a0<strong>Patar\u0161\u0107ici<\/strong>, a u okolici se nalaze brojne \u0161ljun\u010dane pla\u017ee i skrovite uvale.<\/p>\n<p>Mjesto jo\u0161 posjeduje vlastito groblje sa crkvom <strong>\u00a0\u00bbGospe od zdravlja\u00ab, nekoliko prelijepih kapelica, natpisa i nadgrobnih spomenika. Priobalno more, obiluje florom i faunom ovog specifi\u010dnog podneblja, a sadr\u017ei i podmorski lokalitet sa Podvodnim nalazi\u0161tem \u00bbOstaci brodoloma ispred uvale Lu\u010di\u0161\u0107e\u00ab koji datira oko 1 st. Nove ere.<\/strong><\/p>\n<p>Cesta do SV. Nedjelje je uredna i pristupa\u010dna za sve vrste vozila, te u samom mjestu postoje uredovna parkirna mjesta za sve vrste motornih vozila.<\/p>\n<p>&nbsp;<\/p>\n<p>[\/et_pb_text][\/et_pb_column_inner][\/et_pb_row_inner][\/et_pb_column][et_pb_column type=&#8221;1_3&#8243; _builder_version=&#8221;4.16&#8243; custom_padding=&#8221;|||&#8221; global_colors_info=&#8221;{}&#8221; custom_padding__hover=&#8221;|||&#8221;][et_pb_code disabled_on=&#8221;on|off|off&#8221; _builder_version=&#8221;4.21.0&#8243; _module_preset=&#8221;default&#8221; sticky_position=&#8221;top&#8221; sticky_offset_top=&#8221;20px&#8221; sticky_limit_bottom=&#8221;row&#8221; global_colors_info=&#8221;{}&#8221;]<ins class=\"bookingaff\" data-aid=\"2340087\" data-target_aid=\"2340087\" data-prod=\"map\" data-width=\"100%\" data-height=\"590\" data-lang=\"ualng\" data-dest_id=\"0\" data-dest_type=\"landmark\" data-latitude=\"43.138563\" data-longitude=\"16.587358\" data-landmark_name=\"Hvar\" data-mwhsb=\"0\" data-address=\"Sveta Nedjelja, Hvar, Croatia\"><!-- [et_pb_line_break_holder] -->    <!-- Anything inside will go away once widget is loaded. --><!-- [et_pb_line_break_holder] -->        <a href=\"\/\/www.booking.com?aid=2340087\">Booking.com<\/a><!-- [et_pb_line_break_holder] --><\/ins><!-- [et_pb_line_break_holder] --><script type=\"text\/javascript\"><!-- [et_pb_line_break_holder] -->    (function(d, sc, u) {<!-- [et_pb_line_break_holder] -->      var s = d.createElement(sc), p = d.getElementsByTagName(sc)[0];<!-- [et_pb_line_break_holder] -->      s.type = 'text\/javascript';<!-- [et_pb_line_break_holder] -->      s.async = true;<!-- [et_pb_line_break_holder] -->      s.src = u + '?v=' + (+new Date());<!-- [et_pb_line_break_holder] -->      p.parentNode.insertBefore(s,p);<!-- [et_pb_line_break_holder] -->      })(document, 'script', '\/\/cf.bstatic.com\/static\/affiliate_base\/js\/flexiproduct.js');<!-- [et_pb_line_break_holder] --><\/script>[\/et_pb_code][\/et_pb_column][\/et_pb_section][et_pb_section fb_built=&#8221;1&#8243; _builder_version=&#8221;4.21.0&#8243; _module_preset=&#8221;default&#8221; custom_padding=&#8221;10px||||false|false&#8221; global_colors_info=&#8221;{}&#8221;][et_pb_row _builder_version=&#8221;4.20.0&#8243; _module_preset=&#8221;default&#8221; global_colors_info=&#8221;{}&#8221;][et_pb_column type=&#8221;4_4&#8243; _builder_version=&#8221;4.20.0&#8243; _module_preset=&#8221;default&#8221; global_colors_info=&#8221;{}&#8221;][et_pb_text _builder_version=&#8221;4.21.0&#8243; _module_preset=&#8221;default&#8221; header_3_font=&#8221;|700|||||||&#8221; custom_margin=&#8221;0px||15px||false|false&#8221; global_colors_info=&#8221;{}&#8221;]<\/p>\n<h3>Galerija slika mjesta Sveta Nedjelja<\/h3>\n<p>[\/et_pb_text][et_pb_gallery gallery_ids=&#8221;678,681,676,682,679,675,677,680,683,684,685&#8243; show_title_and_caption=&#8221;off&#8221; _builder_version=&#8221;4.21.0&#8243; _module_preset=&#8221;default&#8221; global_colors_info=&#8221;{}&#8221;][\/et_pb_gallery][et_pb_code _builder_version=&#8221;4.21.0&#8243; _module_preset=&#8221;default&#8221; global_colors_info=&#8221;{}&#8221;]<ins class=\"bookingaff\" data-aid=\"2340087\" data-target_aid=\"2340087\" data-prod=\"map\" data-width=\"100%\" data-height=\"590\" data-lang=\"ualng\" data-dest_id=\"0\" data-dest_type=\"landmark\" data-latitude=\"43.138563\" data-longitude=\"16.587358\" data-landmark_name=\"Hvar\" data-mwhsb=\"0\" data-address=\"Sveta Nedjelja, Hvar, Croatia\"><!-- [et_pb_line_break_holder] -->    <!-- Anything inside will go away once widget is loaded. --><!-- [et_pb_line_break_holder] -->        <a href=\"\/\/www.booking.com?aid=2340087\">Booking.com<\/a><!-- [et_pb_line_break_holder] --><\/ins><!-- [et_pb_line_break_holder] --><script type=\"text\/javascript\"><!-- [et_pb_line_break_holder] -->    (function(d, sc, u) {<!-- [et_pb_line_break_holder] -->      var s = d.createElement(sc), p = d.getElementsByTagName(sc)[0];<!-- [et_pb_line_break_holder] -->      s.type = 'text\/javascript';<!-- [et_pb_line_break_holder] -->      s.async = true;<!-- [et_pb_line_break_holder] -->      s.src = u + '?v=' + (+new Date());<!-- [et_pb_line_break_holder] -->      p.parentNode.insertBefore(s,p);<!-- [et_pb_line_break_holder] -->      })(document, 'script', '\/\/cf.bstatic.com\/static\/affiliate_base\/js\/flexiproduct.js');<!-- [et_pb_line_break_holder] --><\/script>[\/et_pb_code][\/et_pb_column][\/et_pb_row][\/et_pb_section]<\/p>\n","protected":false},"excerpt":{"rendered":"<p>Sveta Nedjelja, otok HvarSveta Nedjelja Sveta Nedjelja mjesto na klisuri na ju\u017enom dijelu otoka Hvara. Jedina mogu\u0107nost kako do naselja do\u0107i jest preko Jelse tunelom Pitve- Zavala dugim oko 1.5 km. Mjesta koja \u0107ete tada prona\u0107i su Zavala, Ivan Dolac i Sv. Nedjelja. Sv. Nedjela pitoreskno je i plavetno mjesto ju\u017ene strane otoka Hvara ome\u0111eno [&hellip;]<\/p>\n","protected":false},"author":1,"featured_media":0,"parent":49,"menu_order":0,"comment_status":"closed","ping_status":"closed","template":"","meta":{"_et_pb_use_builder":"on","_et_pb_old_content":"","_et_gb_content_width":"","inline_featured_image":false,"footnotes":""},"categories":[],"tags":[],"class_list":["post-672","page","type-page","status-publish","hentry"],"yoast_head":"<!-- This site is optimized with the Yoast SEO Premium plugin v27.4 (Yoast SEO v27.4) - https:\/\/yoast.com\/product\/yoast-seo-premium-wordpress\/ -->\n<title>Sveta Nedjelja, informativni vodi\u0107 otoka Hvara - Hvar.com<\/title>\n<meta name=\"description\" content=\"Sveta Nedjelja mjesto na klisuri na ju\u017enom dijelu otoka Hvara. Jedina mogu\u0107nost kako do naselja do\u0107i jest preko Jelse tunelom.\" \/>\n<meta name=\"robots\" content=\"index, follow, max-snippet:-1, max-image-preview:large, max-video-preview:-1\" \/>\n<link rel=\"canonical\" href=\"https:\/\/www.hvar.com\/hr\/destinacije\/sveta-nedjelja\/\" \/>\n<meta property=\"og:locale\" content=\"hr_HR\" \/>\n<meta property=\"og:type\" content=\"article\" \/>\n<meta property=\"og:title\" content=\"Sveta Nedjelja\" \/>\n<meta property=\"og:description\" content=\"Sveta Nedjelja mjesto na klisuri na ju\u017enom dijelu otoka Hvara. Jedina mogu\u0107nost kako do naselja do\u0107i jest preko Jelse tunelom.\" \/>\n<meta property=\"og:url\" content=\"https:\/\/www.hvar.com\/hr\/destinacije\/sveta-nedjelja\/\" \/>\n<meta property=\"og:site_name\" content=\"Hvar island Croatia\" \/>\n<meta property=\"article:modified_time\" content=\"2024-06-28T12:46:47+00:00\" \/>\n<meta name=\"twitter:card\" content=\"summary_large_image\" \/>\n<meta name=\"twitter:label1\" content=\"Procijenjeno vrijeme \u010ditanja\" \/>\n\t<meta name=\"twitter:data1\" content=\"6 minuta\" \/>\n<script type=\"application\/ld+json\" class=\"yoast-schema-graph\">{\"@context\":\"https:\\\/\\\/schema.org\",\"@graph\":[{\"@type\":\"WebPage\",\"@id\":\"https:\\\/\\\/www.hvar.com\\\/hr\\\/destinacije\\\/sveta-nedjelja\\\/\",\"url\":\"https:\\\/\\\/www.hvar.com\\\/hr\\\/destinacije\\\/sveta-nedjelja\\\/\",\"name\":\"Sveta Nedjelja, informativni vodi\u0107 otoka Hvara - Hvar.com\",\"isPartOf\":{\"@id\":\"https:\\\/\\\/www.hvar.com\\\/hr\\\/#website\"},\"datePublished\":\"2023-05-17T13:23:06+00:00\",\"dateModified\":\"2024-06-28T12:46:47+00:00\",\"description\":\"Sveta Nedjelja mjesto na klisuri na ju\u017enom dijelu otoka Hvara. Jedina mogu\u0107nost kako do naselja do\u0107i jest preko Jelse tunelom.\",\"breadcrumb\":{\"@id\":\"https:\\\/\\\/www.hvar.com\\\/hr\\\/destinacije\\\/sveta-nedjelja\\\/#breadcrumb\"},\"inLanguage\":\"hr\",\"potentialAction\":[{\"@type\":\"ReadAction\",\"target\":[\"https:\\\/\\\/www.hvar.com\\\/hr\\\/destinacije\\\/sveta-nedjelja\\\/\"]}]},{\"@type\":\"BreadcrumbList\",\"@id\":\"https:\\\/\\\/www.hvar.com\\\/hr\\\/destinacije\\\/sveta-nedjelja\\\/#breadcrumb\",\"itemListElement\":[{\"@type\":\"ListItem\",\"position\":1,\"name\":\"Home\",\"item\":\"https:\\\/\\\/www.hvar.com\\\/hr\\\/\"},{\"@type\":\"ListItem\",\"position\":2,\"name\":\"Destinacije\",\"item\":\"https:\\\/\\\/www.hvar.com\\\/hr\\\/destinacije\\\/\"},{\"@type\":\"ListItem\",\"position\":3,\"name\":\"Sveta Nedjelja\"}]},{\"@type\":\"WebSite\",\"@id\":\"https:\\\/\\\/www.hvar.com\\\/hr\\\/#website\",\"url\":\"https:\\\/\\\/www.hvar.com\\\/hr\\\/\",\"name\":\"Hvar island Croatia\",\"description\":\"hvar, hvar croatia, hvar island\",\"potentialAction\":[{\"@type\":\"SearchAction\",\"target\":{\"@type\":\"EntryPoint\",\"urlTemplate\":\"https:\\\/\\\/www.hvar.com\\\/hr\\\/?s={search_term_string}\"},\"query-input\":{\"@type\":\"PropertyValueSpecification\",\"valueRequired\":true,\"valueName\":\"search_term_string\"}}],\"inLanguage\":\"hr\"}]}<\/script>\n<!-- \/ Yoast SEO Premium plugin. -->","yoast_head_json":{"title":"Sveta Nedjelja, informativni vodi\u0107 otoka Hvara - Hvar.com","description":"Sveta Nedjelja mjesto na klisuri na ju\u017enom dijelu otoka Hvara. Jedina mogu\u0107nost kako do naselja do\u0107i jest preko Jelse tunelom.","robots":{"index":"index","follow":"follow","max-snippet":"max-snippet:-1","max-image-preview":"max-image-preview:large","max-video-preview":"max-video-preview:-1"},"canonical":"https:\/\/www.hvar.com\/hr\/destinacije\/sveta-nedjelja\/","og_locale":"hr_HR","og_type":"article","og_title":"Sveta Nedjelja","og_description":"Sveta Nedjelja mjesto na klisuri na ju\u017enom dijelu otoka Hvara. Jedina mogu\u0107nost kako do naselja do\u0107i jest preko Jelse tunelom.","og_url":"https:\/\/www.hvar.com\/hr\/destinacije\/sveta-nedjelja\/","og_site_name":"Hvar island Croatia","article_modified_time":"2024-06-28T12:46:47+00:00","twitter_card":"summary_large_image","twitter_misc":{"Procijenjeno vrijeme \u010ditanja":"6 minuta"},"schema":{"@context":"https:\/\/schema.org","@graph":[{"@type":"WebPage","@id":"https:\/\/www.hvar.com\/hr\/destinacije\/sveta-nedjelja\/","url":"https:\/\/www.hvar.com\/hr\/destinacije\/sveta-nedjelja\/","name":"Sveta Nedjelja, informativni vodi\u0107 otoka Hvara - Hvar.com","isPartOf":{"@id":"https:\/\/www.hvar.com\/hr\/#website"},"datePublished":"2023-05-17T13:23:06+00:00","dateModified":"2024-06-28T12:46:47+00:00","description":"Sveta Nedjelja mjesto na klisuri na ju\u017enom dijelu otoka Hvara. Jedina mogu\u0107nost kako do naselja do\u0107i jest preko Jelse tunelom.","breadcrumb":{"@id":"https:\/\/www.hvar.com\/hr\/destinacije\/sveta-nedjelja\/#breadcrumb"},"inLanguage":"hr","potentialAction":[{"@type":"ReadAction","target":["https:\/\/www.hvar.com\/hr\/destinacije\/sveta-nedjelja\/"]}]},{"@type":"BreadcrumbList","@id":"https:\/\/www.hvar.com\/hr\/destinacije\/sveta-nedjelja\/#breadcrumb","itemListElement":[{"@type":"ListItem","position":1,"name":"Home","item":"https:\/\/www.hvar.com\/hr\/"},{"@type":"ListItem","position":2,"name":"Destinacije","item":"https:\/\/www.hvar.com\/hr\/destinacije\/"},{"@type":"ListItem","position":3,"name":"Sveta Nedjelja"}]},{"@type":"WebSite","@id":"https:\/\/www.hvar.com\/hr\/#website","url":"https:\/\/www.hvar.com\/hr\/","name":"Hvar island Croatia","description":"hvar, hvar croatia, hvar island","potentialAction":[{"@type":"SearchAction","target":{"@type":"EntryPoint","urlTemplate":"https:\/\/www.hvar.com\/hr\/?s={search_term_string}"},"query-input":{"@type":"PropertyValueSpecification","valueRequired":true,"valueName":"search_term_string"}}],"inLanguage":"hr"}]}},"_links":{"self":[{"href":"https:\/\/www.hvar.com\/hr\/wp-json\/wp\/v2\/pages\/672","targetHints":{"allow":["GET"]}}],"collection":[{"href":"https:\/\/www.hvar.com\/hr\/wp-json\/wp\/v2\/pages"}],"about":[{"href":"https:\/\/www.hvar.com\/hr\/wp-json\/wp\/v2\/types\/page"}],"author":[{"embeddable":true,"href":"https:\/\/www.hvar.com\/hr\/wp-json\/wp\/v2\/users\/1"}],"replies":[{"embeddable":true,"href":"https:\/\/www.hvar.com\/hr\/wp-json\/wp\/v2\/comments?post=672"}],"version-history":[{"count":1,"href":"https:\/\/www.hvar.com\/hr\/wp-json\/wp\/v2\/pages\/672\/revisions"}],"predecessor-version":[{"id":2161,"href":"https:\/\/www.hvar.com\/hr\/wp-json\/wp\/v2\/pages\/672\/revisions\/2161"}],"up":[{"embeddable":true,"href":"https:\/\/www.hvar.com\/hr\/wp-json\/wp\/v2\/pages\/49"}],"wp:attachment":[{"href":"https:\/\/www.hvar.com\/hr\/wp-json\/wp\/v2\/media?parent=672"}],"wp:term":[{"taxonomy":"category","embeddable":true,"href":"https:\/\/www.hvar.com\/hr\/wp-json\/wp\/v2\/categories?post=672"},{"taxonomy":"post_tag","embeddable":true,"href":"https:\/\/www.hvar.com\/hr\/wp-json\/wp\/v2\/tags?post=672"}],"curies":[{"name":"wp","href":"https:\/\/api.w.org\/{rel}","templated":true}]}}