{"id":582,"date":"2023-05-17T08:25:19","date_gmt":"2023-05-17T08:25:19","guid":{"rendered":"https:\/\/www.hvar.com\/?page_id=582"},"modified":"2023-08-22T08:39:30","modified_gmt":"2023-08-22T08:39:30","slug":"brusje","status":"publish","type":"page","link":"https:\/\/www.hvar.com\/hr\/destinacije\/brusje\/","title":{"rendered":"Brusje"},"content":{"rendered":"<p>[et_pb_section fb_built=&#8221;1&#8243; _builder_version=&#8221;4.20.0&#8243; _module_preset=&#8221;default&#8221; custom_padding=&#8221;20px||20px||false|false&#8221; global_colors_info=&#8221;{}&#8221;][et_pb_row _builder_version=&#8221;4.20.0&#8243; _module_preset=&#8221;default&#8221; custom_padding=&#8221;15px||15px||true|false&#8221; global_colors_info=&#8221;{}&#8221;][et_pb_column type=&#8221;4_4&#8243; _builder_version=&#8221;4.20.0&#8243; _module_preset=&#8221;default&#8221; global_colors_info=&#8221;{}&#8221;][et_pb_text _builder_version=&#8221;4.21.0&#8243; _module_preset=&#8221;default&#8221; header_font=&#8221;|700|||||||&#8221; header_font_size=&#8221;34px&#8221; global_colors_info=&#8221;{}&#8221;]<\/p>\n<h1>Brusje, otok Hvar<\/h1>\n<p>[\/et_pb_text][\/et_pb_column][\/et_pb_row][et_pb_row module_class=&#8221;reviewpage-img&#8221; _builder_version=&#8221;4.20.0&#8243; _module_preset=&#8221;default&#8221; max_height=&#8221;700px&#8221; custom_padding=&#8221;0px||0px||true|false&#8221; global_colors_info=&#8221;{}&#8221;][et_pb_column type=&#8221;4_4&#8243; _builder_version=&#8221;4.20.0&#8243; _module_preset=&#8221;default&#8221; global_colors_info=&#8221;{}&#8221;][et_pb_image src=&#8221;https:\/\/www.hvar.com\/wp-content\/uploads\/2023\/05\/brusje.jpg&#8221; alt=&#8221;brusje&#8221; title_text=&#8221;brusje&#8221; align=&#8221;center&#8221; _builder_version=&#8221;4.21.0&#8243; _module_preset=&#8221;default&#8221; global_colors_info=&#8221;{}&#8221;][\/et_pb_image][\/et_pb_column][\/et_pb_row][\/et_pb_section][et_pb_section fb_built=&#8221;1&#8243; use_custom_gutter=&#8221;on&#8221; gutter_width=&#8221;2&#8243; specialty=&#8221;on&#8221; _builder_version=&#8221;4.21.0&#8243; _module_preset=&#8221;default&#8221; custom_padding=&#8221;10px||5px||false|false&#8221; global_colors_info=&#8221;{}&#8221;][et_pb_column type=&#8221;2_3&#8243; specialty_columns=&#8221;2&#8243; _builder_version=&#8221;4.16&#8243; custom_padding=&#8221;|||&#8221; global_colors_info=&#8221;{}&#8221; custom_padding__hover=&#8221;|||&#8221;][et_pb_row_inner _builder_version=&#8221;4.21.0&#8243; _module_preset=&#8221;default&#8221; custom_padding=&#8221;||29px|||&#8221; global_colors_info=&#8221;{}&#8221;][et_pb_column_inner saved_specialty_column_type=&#8221;2_3&#8243; _builder_version=&#8221;4.21.0&#8243; _module_preset=&#8221;default&#8221; global_colors_info=&#8221;{}&#8221;][et_pb_text _builder_version=&#8221;4.21.0&#8243; _module_preset=&#8221;default&#8221; header_2_font=&#8221;|700|||||||&#8221; global_colors_info=&#8221;{}&#8221;]<\/p>\n<h2>Brusje<\/h2>\n<p>Na pobr\u0111u &#8211; padinama, dvije stotine metara nad morem s pogledom koji &#8220;sve&#8221; obuhva\u0107a i samo 7 kilometara od grada Hvara mjesto je Brusje gdje je sve po\u010delo s pastirskim stanovima &#8211; nastambama jo\u0161 u 16. stolje\u0107u. Vra\u0107ati se natrag u grad Hvar svakoga dana u periodu mu\u017enje ovaca i izrade sira nije toliko te\u0161ko koliko umorno na kraju dana pastirskoga rada. Preno\u0107iti, zna\u010dilo je, skratiti jutarnji povratak i imati vremena za gledanje i organizaciju pastirskog stada i poljoprivrednih aktivnosti. Pogled na rad ostaje u sje\u0107anju, no ljep\u0161i je kad se gleda i umuje.<\/p>\n<p>Ru\u0161evine dvaju ljetnikovaca, ne uz more, nego gore, gdje se vidi sve, govore o \u010dudesnom motivu mirno\u0107e gledanja i promatranja, tog zapravo vanjskog otkrivanja samog sebe, zapravo &#8220;obrnuti&#8221; motiv prisutnosti\u00a0 nego li u Malom Grablju. Otporno na isku\u0161enja &#8220;otvorenosti&#8221;, 400-tinjak stanovnika Brusja i danas \u017eivi, gleda i u\u017eiva, di\u0161u\u0107i lavandu i ru\u017emarin koje iz okolnoga zraka niti jedan vjetar ne mo\u017ee otjerati. Mala mjesta, poznata su po &#8220;velikim ljudima&#8221;, te su po njima jo\u0161 i vrjednija, a koliko je zapravo vrijedan taj pogled koji svako naseljeno mjesto &#8220;ima&#8221; mo\u017ee se otkriti po samom duhu, atmosferi i du\u0161i mje\u0161tana koje u Brusju zahva\u0107a prolaznika nadilaze\u0107i u &#8220;3. dimenziju&#8221;. Rodno mjesto Brusje, bilo je i velikog Hrvatskog slikara Ive Dul\u010di\u0107a, pa se samo mo\u017eemo sje\u0107ati njegova poznatog ulja- na- platnu &#8220;Uvala Stiniva&#8221;.<\/p>\n<p>Predivne Bru\u0161ke vale i okolni Lozna, Zastupac, Jagodna tako\u0111er su mjesta u kojima mo\u017eete biti uslu\u017eeni, preno\u0107iti ili ostati neko vrijeme, dok je kulminacija svega uvala Parja u kojoj se nalazi &#8220;neolitska&#8221; Markova spilja , izvor &#8220;\u010dovje\u010danstva&#8221; i rasadnik Hvarske neolitske kulture.<\/p>\n<p>[\/et_pb_text][\/et_pb_column_inner][\/et_pb_row_inner][\/et_pb_column][et_pb_column type=&#8221;1_3&#8243; _builder_version=&#8221;4.16&#8243; custom_padding=&#8221;|||&#8221; global_colors_info=&#8221;{}&#8221; custom_padding__hover=&#8221;|||&#8221;][et_pb_code disabled_on=&#8221;on|off|off&#8221; _builder_version=&#8221;4.21.0&#8243; _module_preset=&#8221;default&#8221; sticky_position=&#8221;top&#8221; sticky_offset_top=&#8221;20px&#8221; sticky_limit_bottom=&#8221;row&#8221; global_colors_info=&#8221;{}&#8221;]<ins class=\"bookingaff\" data-aid=\"2340087\" data-target_aid=\"2340087\" data-prod=\"map\" data-width=\"100%\" data-height=\"590\" data-lang=\"ualng\" data-dest_id=\"0\" data-dest_type=\"landmark\" data-latitude=\"43.191366\" data-longitude=\"16.488028\" data-landmark_name=\"Hvar\" data-mwhsb=\"0\" data-address=\"Brusje, Hvar, Croatia\"><!-- [et_pb_line_break_holder] -->    <!-- Anything inside will go away once widget is loaded. --><!-- [et_pb_line_break_holder] -->        <a href=\"\/\/www.booking.com?aid=2340087\">Booking.com<\/a><!-- [et_pb_line_break_holder] --><\/ins><!-- [et_pb_line_break_holder] --><script type=\"text\/javascript\"><!-- [et_pb_line_break_holder] -->    (function(d, sc, u) {<!-- [et_pb_line_break_holder] -->      var s = d.createElement(sc), p = d.getElementsByTagName(sc)[0];<!-- [et_pb_line_break_holder] -->      s.type = 'text\/javascript';<!-- [et_pb_line_break_holder] -->      s.async = true;<!-- [et_pb_line_break_holder] -->      s.src = u + '?v=' + (+new Date());<!-- [et_pb_line_break_holder] -->      p.parentNode.insertBefore(s,p);<!-- [et_pb_line_break_holder] -->      })(document, 'script', '\/\/cf.bstatic.com\/static\/affiliate_base\/js\/flexiproduct.js');<!-- [et_pb_line_break_holder] --><\/script>[\/et_pb_code][\/et_pb_column][\/et_pb_section][et_pb_section fb_built=&#8221;1&#8243; _builder_version=&#8221;4.21.0&#8243; _module_preset=&#8221;default&#8221; custom_padding=&#8221;10px||||false|false&#8221; global_colors_info=&#8221;{}&#8221;][et_pb_row _builder_version=&#8221;4.20.0&#8243; _module_preset=&#8221;default&#8221; global_colors_info=&#8221;{}&#8221;][et_pb_column type=&#8221;4_4&#8243; _builder_version=&#8221;4.20.0&#8243; _module_preset=&#8221;default&#8221; global_colors_info=&#8221;{}&#8221;][et_pb_text _builder_version=&#8221;4.21.0&#8243; _module_preset=&#8221;default&#8221; header_3_font=&#8221;|700|||||||&#8221; custom_margin=&#8221;0px||15px||false|false&#8221; hover_enabled=&#8221;0&#8243; global_colors_info=&#8221;{}&#8221; sticky_enabled=&#8221;0&#8243;]<\/p>\n<h3>Galerija slika mjesta Brusje<\/h3>\n<p>[\/et_pb_text][et_pb_gallery gallery_ids=&#8221;589,591,590,592,593,595,594,596&#8243; show_title_and_caption=&#8221;off&#8221; _builder_version=&#8221;4.21.0&#8243; _module_preset=&#8221;default&#8221; hover_enabled=&#8221;0&#8243; global_colors_info=&#8221;{}&#8221; sticky_enabled=&#8221;0&#8243;][\/et_pb_gallery][et_pb_code _builder_version=&#8221;4.21.0&#8243; _module_preset=&#8221;default&#8221; global_colors_info=&#8221;{}&#8221;]<ins class=\"bookingaff\" data-aid=\"2340087\" data-target_aid=\"2340087\" data-prod=\"map\" data-width=\"100%\" data-height=\"590\" data-lang=\"ualng\" data-dest_id=\"0\" data-dest_type=\"landmark\" data-latitude=\"43.191366\" data-longitude=\"16.488028\" data-landmark_name=\"Hvar\" data-mwhsb=\"0\" data-address=\"Brusje, Hvar, Croatia\"><!-- [et_pb_line_break_holder] -->    <!-- Anything inside will go away once widget is loaded. --><!-- [et_pb_line_break_holder] -->        <a href=\"\/\/www.booking.com?aid=2340087\">Booking.com<\/a><!-- [et_pb_line_break_holder] --><\/ins><!-- [et_pb_line_break_holder] --><script type=\"text\/javascript\"><!-- [et_pb_line_break_holder] -->    (function(d, sc, u) {<!-- [et_pb_line_break_holder] -->      var s = d.createElement(sc), p = d.getElementsByTagName(sc)[0];<!-- [et_pb_line_break_holder] -->      s.type = 'text\/javascript';<!-- [et_pb_line_break_holder] -->      s.async = true;<!-- [et_pb_line_break_holder] -->      s.src = u + '?v=' + (+new Date());<!-- [et_pb_line_break_holder] -->      p.parentNode.insertBefore(s,p);<!-- [et_pb_line_break_holder] -->      })(document, 'script', '\/\/cf.bstatic.com\/static\/affiliate_base\/js\/flexiproduct.js');<!-- [et_pb_line_break_holder] --><\/script>[\/et_pb_code][\/et_pb_column][\/et_pb_row][\/et_pb_section]<\/p>\n","protected":false},"excerpt":{"rendered":"<p>Brusje, otok HvarBrusje Na pobr\u0111u &#8211; padinama, dvije stotine metara nad morem s pogledom koji &#8220;sve&#8221; obuhva\u0107a i samo 7 kilometara od grada Hvara mjesto je Brusje gdje je sve po\u010delo s pastirskim stanovima &#8211; nastambama jo\u0161 u 16. stolje\u0107u. Vra\u0107ati se natrag u grad Hvar svakoga dana u periodu mu\u017enje ovaca i izrade sira [&hellip;]<\/p>\n","protected":false},"author":1,"featured_media":0,"parent":49,"menu_order":0,"comment_status":"closed","ping_status":"closed","template":"","meta":{"_et_pb_use_builder":"on","_et_pb_old_content":"","_et_gb_content_width":"","inline_featured_image":false,"footnotes":""},"categories":[],"tags":[],"class_list":["post-582","page","type-page","status-publish","hentry"],"yoast_head":"<!-- This site is optimized with the Yoast SEO Premium plugin v27.4 (Yoast SEO v27.4) - https:\/\/yoast.com\/product\/yoast-seo-premium-wordpress\/ -->\n<title>Brusje, informativni vodi\u0107 otoka Hvara - Hvar.com<\/title>\n<meta name=\"description\" content=\"Brusje je malo mjesto na otoku Hvaru udaljeno 7 kilometara od Grada Hvara. Nalazi se na brdu s kojeg se\u017ee pogled na cijeli otok i more.\" \/>\n<meta name=\"robots\" content=\"index, follow, max-snippet:-1, max-image-preview:large, max-video-preview:-1\" \/>\n<link rel=\"canonical\" href=\"https:\/\/www.hvar.com\/hr\/destinacije\/brusje\/\" \/>\n<meta property=\"og:locale\" content=\"hr_HR\" \/>\n<meta property=\"og:type\" content=\"article\" \/>\n<meta property=\"og:title\" content=\"Brusje\" \/>\n<meta property=\"og:description\" content=\"Brusje je malo mjesto na otoku Hvaru udaljeno 7 kilometara od Grada Hvara. Nalazi se na brdu s kojeg se\u017ee pogled na cijeli otok i more.\" \/>\n<meta property=\"og:url\" content=\"https:\/\/www.hvar.com\/hr\/destinacije\/brusje\/\" \/>\n<meta property=\"og:site_name\" content=\"Hvar island Croatia\" \/>\n<meta property=\"article:modified_time\" content=\"2023-08-22T08:39:30+00:00\" \/>\n<meta name=\"twitter:card\" content=\"summary_large_image\" \/>\n<meta name=\"twitter:label1\" content=\"Procijenjeno vrijeme \u010ditanja\" \/>\n\t<meta name=\"twitter:data1\" content=\"2 minute\" \/>\n<script type=\"application\/ld+json\" class=\"yoast-schema-graph\">{\"@context\":\"https:\\\/\\\/schema.org\",\"@graph\":[{\"@type\":\"WebPage\",\"@id\":\"https:\\\/\\\/www.hvar.com\\\/hr\\\/destinacije\\\/brusje\\\/\",\"url\":\"https:\\\/\\\/www.hvar.com\\\/hr\\\/destinacije\\\/brusje\\\/\",\"name\":\"Brusje, informativni vodi\u0107 otoka Hvara - Hvar.com\",\"isPartOf\":{\"@id\":\"https:\\\/\\\/www.hvar.com\\\/hr\\\/#website\"},\"datePublished\":\"2023-05-17T08:25:19+00:00\",\"dateModified\":\"2023-08-22T08:39:30+00:00\",\"description\":\"Brusje je malo mjesto na otoku Hvaru udaljeno 7 kilometara od Grada Hvara. Nalazi se na brdu s kojeg se\u017ee pogled na cijeli otok i more.\",\"breadcrumb\":{\"@id\":\"https:\\\/\\\/www.hvar.com\\\/hr\\\/destinacije\\\/brusje\\\/#breadcrumb\"},\"inLanguage\":\"hr\",\"potentialAction\":[{\"@type\":\"ReadAction\",\"target\":[\"https:\\\/\\\/www.hvar.com\\\/hr\\\/destinacije\\\/brusje\\\/\"]}]},{\"@type\":\"BreadcrumbList\",\"@id\":\"https:\\\/\\\/www.hvar.com\\\/hr\\\/destinacije\\\/brusje\\\/#breadcrumb\",\"itemListElement\":[{\"@type\":\"ListItem\",\"position\":1,\"name\":\"Home\",\"item\":\"https:\\\/\\\/www.hvar.com\\\/hr\\\/\"},{\"@type\":\"ListItem\",\"position\":2,\"name\":\"Destinacije\",\"item\":\"https:\\\/\\\/www.hvar.com\\\/hr\\\/destinacije\\\/\"},{\"@type\":\"ListItem\",\"position\":3,\"name\":\"Brusje\"}]},{\"@type\":\"WebSite\",\"@id\":\"https:\\\/\\\/www.hvar.com\\\/hr\\\/#website\",\"url\":\"https:\\\/\\\/www.hvar.com\\\/hr\\\/\",\"name\":\"Hvar island Croatia\",\"description\":\"hvar, hvar croatia, hvar island\",\"potentialAction\":[{\"@type\":\"SearchAction\",\"target\":{\"@type\":\"EntryPoint\",\"urlTemplate\":\"https:\\\/\\\/www.hvar.com\\\/hr\\\/?s={search_term_string}\"},\"query-input\":{\"@type\":\"PropertyValueSpecification\",\"valueRequired\":true,\"valueName\":\"search_term_string\"}}],\"inLanguage\":\"hr\"}]}<\/script>\n<!-- \/ Yoast SEO Premium plugin. -->","yoast_head_json":{"title":"Brusje, informativni vodi\u0107 otoka Hvara - Hvar.com","description":"Brusje je malo mjesto na otoku Hvaru udaljeno 7 kilometara od Grada Hvara. Nalazi se na brdu s kojeg se\u017ee pogled na cijeli otok i more.","robots":{"index":"index","follow":"follow","max-snippet":"max-snippet:-1","max-image-preview":"max-image-preview:large","max-video-preview":"max-video-preview:-1"},"canonical":"https:\/\/www.hvar.com\/hr\/destinacije\/brusje\/","og_locale":"hr_HR","og_type":"article","og_title":"Brusje","og_description":"Brusje je malo mjesto na otoku Hvaru udaljeno 7 kilometara od Grada Hvara. Nalazi se na brdu s kojeg se\u017ee pogled na cijeli otok i more.","og_url":"https:\/\/www.hvar.com\/hr\/destinacije\/brusje\/","og_site_name":"Hvar island Croatia","article_modified_time":"2023-08-22T08:39:30+00:00","twitter_card":"summary_large_image","twitter_misc":{"Procijenjeno vrijeme \u010ditanja":"2 minute"},"schema":{"@context":"https:\/\/schema.org","@graph":[{"@type":"WebPage","@id":"https:\/\/www.hvar.com\/hr\/destinacije\/brusje\/","url":"https:\/\/www.hvar.com\/hr\/destinacije\/brusje\/","name":"Brusje, informativni vodi\u0107 otoka Hvara - Hvar.com","isPartOf":{"@id":"https:\/\/www.hvar.com\/hr\/#website"},"datePublished":"2023-05-17T08:25:19+00:00","dateModified":"2023-08-22T08:39:30+00:00","description":"Brusje je malo mjesto na otoku Hvaru udaljeno 7 kilometara od Grada Hvara. Nalazi se na brdu s kojeg se\u017ee pogled na cijeli otok i more.","breadcrumb":{"@id":"https:\/\/www.hvar.com\/hr\/destinacije\/brusje\/#breadcrumb"},"inLanguage":"hr","potentialAction":[{"@type":"ReadAction","target":["https:\/\/www.hvar.com\/hr\/destinacije\/brusje\/"]}]},{"@type":"BreadcrumbList","@id":"https:\/\/www.hvar.com\/hr\/destinacije\/brusje\/#breadcrumb","itemListElement":[{"@type":"ListItem","position":1,"name":"Home","item":"https:\/\/www.hvar.com\/hr\/"},{"@type":"ListItem","position":2,"name":"Destinacije","item":"https:\/\/www.hvar.com\/hr\/destinacije\/"},{"@type":"ListItem","position":3,"name":"Brusje"}]},{"@type":"WebSite","@id":"https:\/\/www.hvar.com\/hr\/#website","url":"https:\/\/www.hvar.com\/hr\/","name":"Hvar island Croatia","description":"hvar, hvar croatia, hvar island","potentialAction":[{"@type":"SearchAction","target":{"@type":"EntryPoint","urlTemplate":"https:\/\/www.hvar.com\/hr\/?s={search_term_string}"},"query-input":{"@type":"PropertyValueSpecification","valueRequired":true,"valueName":"search_term_string"}}],"inLanguage":"hr"}]}},"_links":{"self":[{"href":"https:\/\/www.hvar.com\/hr\/wp-json\/wp\/v2\/pages\/582","targetHints":{"allow":["GET"]}}],"collection":[{"href":"https:\/\/www.hvar.com\/hr\/wp-json\/wp\/v2\/pages"}],"about":[{"href":"https:\/\/www.hvar.com\/hr\/wp-json\/wp\/v2\/types\/page"}],"author":[{"embeddable":true,"href":"https:\/\/www.hvar.com\/hr\/wp-json\/wp\/v2\/users\/1"}],"replies":[{"embeddable":true,"href":"https:\/\/www.hvar.com\/hr\/wp-json\/wp\/v2\/comments?post=582"}],"version-history":[{"count":1,"href":"https:\/\/www.hvar.com\/hr\/wp-json\/wp\/v2\/pages\/582\/revisions"}],"predecessor-version":[{"id":597,"href":"https:\/\/www.hvar.com\/hr\/wp-json\/wp\/v2\/pages\/582\/revisions\/597"}],"up":[{"embeddable":true,"href":"https:\/\/www.hvar.com\/hr\/wp-json\/wp\/v2\/pages\/49"}],"wp:attachment":[{"href":"https:\/\/www.hvar.com\/hr\/wp-json\/wp\/v2\/media?parent=582"}],"wp:term":[{"taxonomy":"category","embeddable":true,"href":"https:\/\/www.hvar.com\/hr\/wp-json\/wp\/v2\/categories?post=582"},{"taxonomy":"post_tag","embeddable":true,"href":"https:\/\/www.hvar.com\/hr\/wp-json\/wp\/v2\/tags?post=582"}],"curies":[{"name":"wp","href":"https:\/\/api.w.org\/{rel}","templated":true}]}}