{"id":555,"date":"2023-05-16T13:34:33","date_gmt":"2023-05-16T13:34:33","guid":{"rendered":"https:\/\/www.hvar.com\/?page_id=555"},"modified":"2023-08-22T08:42:44","modified_gmt":"2023-08-22T08:42:44","slug":"vrbanj","status":"publish","type":"page","link":"https:\/\/www.hvar.com\/hr\/destinacije\/vrbanj\/","title":{"rendered":"Vrbanj"},"content":{"rendered":"<p>[et_pb_section fb_built=&#8221;1&#8243; _builder_version=&#8221;4.20.0&#8243; _module_preset=&#8221;default&#8221; custom_padding=&#8221;20px||20px||false|false&#8221; global_colors_info=&#8221;{}&#8221;][et_pb_row _builder_version=&#8221;4.20.0&#8243; _module_preset=&#8221;default&#8221; custom_padding=&#8221;15px||15px||true|false&#8221; global_colors_info=&#8221;{}&#8221;][et_pb_column type=&#8221;4_4&#8243; _builder_version=&#8221;4.20.0&#8243; _module_preset=&#8221;default&#8221; global_colors_info=&#8221;{}&#8221;][et_pb_text _builder_version=&#8221;4.21.0&#8243; _module_preset=&#8221;default&#8221; header_font=&#8221;|700|||||||&#8221; header_font_size=&#8221;34px&#8221; global_colors_info=&#8221;{}&#8221;]<\/p>\n<h1>Vrbanj, otok Hvar<\/h1>\n<p>[\/et_pb_text][\/et_pb_column][\/et_pb_row][et_pb_row module_class=&#8221;reviewpage-img&#8221; _builder_version=&#8221;4.20.0&#8243; _module_preset=&#8221;default&#8221; max_height=&#8221;700px&#8221; custom_padding=&#8221;0px||0px||true|false&#8221; global_colors_info=&#8221;{}&#8221;][et_pb_column type=&#8221;4_4&#8243; _builder_version=&#8221;4.20.0&#8243; _module_preset=&#8221;default&#8221; global_colors_info=&#8221;{}&#8221;][et_pb_image src=&#8221;https:\/\/www.hvar.com\/wp-content\/uploads\/2023\/05\/vrbanj.jpg&#8221; alt=&#8221;vrbanj&#8221; title_text=&#8221;vrbanj&#8221; align=&#8221;center&#8221; _builder_version=&#8221;4.21.0&#8243; _module_preset=&#8221;default&#8221; global_colors_info=&#8221;{}&#8221;][\/et_pb_image][\/et_pb_column][\/et_pb_row][\/et_pb_section][et_pb_section fb_built=&#8221;1&#8243; use_custom_gutter=&#8221;on&#8221; gutter_width=&#8221;2&#8243; specialty=&#8221;on&#8221; _builder_version=&#8221;4.21.0&#8243; _module_preset=&#8221;default&#8221; custom_padding=&#8221;10px||5px||false|false&#8221; global_colors_info=&#8221;{}&#8221;][et_pb_column type=&#8221;2_3&#8243; specialty_columns=&#8221;2&#8243; _builder_version=&#8221;4.16&#8243; custom_padding=&#8221;|||&#8221; global_colors_info=&#8221;{}&#8221; custom_padding__hover=&#8221;|||&#8221;][et_pb_row_inner _builder_version=&#8221;4.21.0&#8243; _module_preset=&#8221;default&#8221; custom_padding=&#8221;||29px|||&#8221; global_colors_info=&#8221;{}&#8221;][et_pb_column_inner saved_specialty_column_type=&#8221;2_3&#8243; _builder_version=&#8221;4.21.0&#8243; _module_preset=&#8221;default&#8221; global_colors_info=&#8221;{}&#8221;][et_pb_text _builder_version=&#8221;4.21.0&#8243; _module_preset=&#8221;default&#8221; header_2_font=&#8221;|700|||||||&#8221; hover_enabled=&#8221;0&#8243; global_colors_info=&#8221;{}&#8221; sticky_enabled=&#8221;0&#8243;]<\/p>\n<h2>Vrbanj i njegova povijest<\/h2>\n<p>Najranije spominjanje Vrbanja pod nazivom \u201eVarbonj\u201c datira iz 1331.g.<\/p>\n<p>Na lokaciji Hum iznad mjesta nalazi se kamena gomila vjerojatno prapovijesna tvorevina pored koje su ostaci pred romani\u010dke crkvice Sv. Vida.<\/p>\n<p>Na podru\u010dju samog mjesta na\u0111eni su rimski ostaci. Plato me\u0111u brdima sredi\u0161njeg dijela Hvara o\u010dito je interesantna prirodna konstelacija za ljudsko prebivali\u0161te.<\/p>\n<p>S 1400 stanovnika 1900.g. ipak ne velika ravan me\u0111u brdima stvorila je najve\u0107e kopneno naselje na otoku Hvaru. Danas Vrbanj nastanjuje oko 400 stanovnika.<\/p>\n<p>S ruba mjesta na sjevernoj strani pru\u017ea se pogled na Staro Gradsko polje a na ju\u017enoj po\u010dinje postupni put \u2013 uspon prema najvi\u0161oj uzvisini Hvara ,Sv. Nikoli 626 m.<\/p>\n<p>U 15. st. stanovnici Vrbanja za\u010dinju mjesto Vrbosku na morskoj obali udaljenu 4 km. , te se po\u010dinju baviti brodogradnjom. Godine 1475. dakle isto u 15 st. Vrbanj dobiva vlastitog \u017eupnika koji je prvi lokalni \u017eupnik na otoku Hvaru.<\/p>\n<p>Uvijek interesantna mjesta sa \u017eupnom crkvom Sv. Duha koji nekako osloba\u0111a svijest od zatvorenosti konkretnim formama, fiksacijama i strahovima iz upravo dubine Duha donosi slobodarsku otvorenost prema \u0161irini svijeta \u201eure\u0111enu\u201c kao hijerarhijsku uvjetovanost. Uva\u017eavanje \u201eVelikog\u201c\u00a0 od strane \u201eMalog\u201c i obrnuto sastoji se od procjene omjera &#8211; podno\u0161enja i obijesti s jedne i druge strane. Kako god bilo, od 1510. &#8211; 1514. dolazi do selja\u010dke bune Matije Ivani\u0107a, plemenita\u0161a ro\u0111enog u Vrbanju koja je zahvatila cijeli otok Hvar. U Vrbanju je napravljen memorijalni park u centru mjesta kao spomen na taj doga\u0111aj, radi kojeg su morale do\u0107i Mleta\u010dke ratne galije, da ponovo uspostave hijerarhijski \u201ehipnos\u201c. U vrijeme tih doga\u0111anja prokrvario je i Sv. Kri\u017e\u00a0 \u017eupne crkve u gradu Hvaru. No u sije\u010dnju 1943. godine Talijanski fa\u0161isti pale Vrbanj i devastiraju infrastrukturu radosno odlaze\u0107i iz povijesti.<\/p>\n<p>Duh, duhovitost i duhovnost naro\u010dito je zna\u010dajno u umjetnosti, tako da je Vrbanj rodno mjesto dvaju izrazito darovitih umjetnika, Jakova Bratani\u0107a koji se vrlo rano na izrazito lirski na\u010din usmjerio prema\u00a0 Art Brut slikarsko-umjetni\u010dkoj estetici te kant autora Zlatana Stipi\u0161i\u0107a Gibonnija. Danas Vrbanj nastanjuju i posje\u0107uju vrlo razli\u010diti umjetnici i osobenjaci uz uobi\u010dajene turisti\u010dke ophodnje.<\/p>\n<p>&nbsp;<\/p>\n<p>[\/et_pb_text][\/et_pb_column_inner][\/et_pb_row_inner][\/et_pb_column][et_pb_column type=&#8221;1_3&#8243; _builder_version=&#8221;4.16&#8243; custom_padding=&#8221;|||&#8221; global_colors_info=&#8221;{}&#8221; custom_padding__hover=&#8221;|||&#8221;][et_pb_code disabled_on=&#8221;on|off|off&#8221; _builder_version=&#8221;4.21.0&#8243; _module_preset=&#8221;default&#8221; sticky_position=&#8221;top&#8221; sticky_offset_top=&#8221;20px&#8221; sticky_limit_bottom=&#8221;row&#8221; global_colors_info=&#8221;{}&#8221;]<ins class=\"bookingaff\" data-aid=\"2340087\" data-target_aid=\"2340087\" data-prod=\"map\" data-width=\"100%\" data-height=\"590\" data-lang=\"ualng\" data-dest_id=\"0\" data-dest_type=\"landmark\" data-latitude=\"43.165664\" data-longitude=\"16.643295\" data-landmark_name=\"Hvar\" data-mwhsb=\"0\" data-address=\"Vrbanj, Hvar, Croatia\"><!-- [et_pb_line_break_holder] -->    <!-- Anything inside will go away once widget is loaded. --><!-- [et_pb_line_break_holder] -->        <a href=\"\/\/www.booking.com?aid=2340087\">Booking.com<\/a><!-- [et_pb_line_break_holder] --><\/ins><!-- [et_pb_line_break_holder] --><script type=\"text\/javascript\"><!-- [et_pb_line_break_holder] -->    (function(d, sc, u) {<!-- [et_pb_line_break_holder] -->      var s = d.createElement(sc), p = d.getElementsByTagName(sc)[0];<!-- [et_pb_line_break_holder] -->      s.type = 'text\/javascript';<!-- [et_pb_line_break_holder] -->      s.async = true;<!-- [et_pb_line_break_holder] -->      s.src = u + '?v=' + (+new Date());<!-- [et_pb_line_break_holder] -->      p.parentNode.insertBefore(s,p);<!-- [et_pb_line_break_holder] -->      })(document, 'script', '\/\/cf.bstatic.com\/static\/affiliate_base\/js\/flexiproduct.js');<!-- [et_pb_line_break_holder] --><\/script>[\/et_pb_code][\/et_pb_column][\/et_pb_section][et_pb_section fb_built=&#8221;1&#8243; _builder_version=&#8221;4.21.0&#8243; _module_preset=&#8221;default&#8221; custom_padding=&#8221;10px||||false|false&#8221; global_colors_info=&#8221;{}&#8221;][et_pb_row _builder_version=&#8221;4.20.0&#8243; _module_preset=&#8221;default&#8221; global_colors_info=&#8221;{}&#8221;][et_pb_column type=&#8221;4_4&#8243; _builder_version=&#8221;4.20.0&#8243; _module_preset=&#8221;default&#8221; global_colors_info=&#8221;{}&#8221;][et_pb_text _builder_version=&#8221;4.21.0&#8243; _module_preset=&#8221;default&#8221; header_3_font=&#8221;|700|||||||&#8221; custom_margin=&#8221;0px||15px||false|false&#8221; global_colors_info=&#8221;{}&#8221;]<\/p>\n<h3>Galerija slika mjesta Vrbanj<\/h3>\n<p>[\/et_pb_text][et_pb_gallery gallery_ids=&#8221;538,539,540,541,542,543,544,545,546,547,548,549,550&#8243; show_title_and_caption=&#8221;off&#8221; _builder_version=&#8221;4.21.0&#8243; _module_preset=&#8221;default&#8221; global_colors_info=&#8221;{}&#8221;][\/et_pb_gallery][et_pb_code _builder_version=&#8221;4.21.0&#8243; _module_preset=&#8221;default&#8221; global_colors_info=&#8221;{}&#8221;]<ins class=\"bookingaff\" data-aid=\"2340087\" data-target_aid=\"2340087\" data-prod=\"map\" data-width=\"100%\" data-height=\"590\" data-lang=\"ualng\" data-dest_id=\"0\" data-dest_type=\"landmark\" data-latitude=\"43.165664\" data-longitude=\"16.643295\" data-landmark_name=\"Hvar\" data-mwhsb=\"0\" data-address=\"Vrbanj, Hvar, Croatia\"><!-- [et_pb_line_break_holder] -->    <!-- Anything inside will go away once widget is loaded. --><!-- [et_pb_line_break_holder] -->        <a href=\"\/\/www.booking.com?aid=2340087\">Booking.com<\/a><!-- [et_pb_line_break_holder] --><\/ins><!-- [et_pb_line_break_holder] --><script type=\"text\/javascript\"><!-- [et_pb_line_break_holder] -->    (function(d, sc, u) {<!-- [et_pb_line_break_holder] -->      var s = d.createElement(sc), p = d.getElementsByTagName(sc)[0];<!-- [et_pb_line_break_holder] -->      s.type = 'text\/javascript';<!-- [et_pb_line_break_holder] -->      s.async = true;<!-- [et_pb_line_break_holder] -->      s.src = u + '?v=' + (+new Date());<!-- [et_pb_line_break_holder] -->      p.parentNode.insertBefore(s,p);<!-- [et_pb_line_break_holder] -->      })(document, 'script', '\/\/cf.bstatic.com\/static\/affiliate_base\/js\/flexiproduct.js');<!-- [et_pb_line_break_holder] --><\/script>[\/et_pb_code][\/et_pb_column][\/et_pb_row][\/et_pb_section]<\/p>\n","protected":false},"excerpt":{"rendered":"<p>Vrbanj, otok HvarVrbanj i njegova povijest Najranije spominjanje Vrbanja pod nazivom \u201eVarbonj\u201c datira iz 1331.g. Na lokaciji Hum iznad mjesta nalazi se kamena gomila vjerojatno prapovijesna tvorevina pored koje su ostaci pred romani\u010dke crkvice Sv. Vida. Na podru\u010dju samog mjesta na\u0111eni su rimski ostaci. Plato me\u0111u brdima sredi\u0161njeg dijela Hvara o\u010dito je interesantna prirodna konstelacija [&hellip;]<\/p>\n","protected":false},"author":1,"featured_media":0,"parent":49,"menu_order":0,"comment_status":"closed","ping_status":"closed","template":"","meta":{"_et_pb_use_builder":"on","_et_pb_old_content":"","_et_gb_content_width":"","inline_featured_image":false,"footnotes":""},"categories":[],"tags":[],"class_list":["post-555","page","type-page","status-publish","hentry"],"yoast_head":"<!-- This site is optimized with the Yoast SEO Premium plugin v27.4 (Yoast SEO v27.4) - https:\/\/yoast.com\/product\/yoast-seo-premium-wordpress\/ -->\n<title>Vrbanj, informativni vodi\u0107 otoka Hvara - Hvar.com<\/title>\n<meta name=\"description\" content=\"Mjesto Vrbanj povijesni je dio otoka Hvara. Vrbanj pri\u010da svoju prepoznatljivu pri\u010du zahvaljuju\u0107i kojoj je dio turisti\u010dke rute otoka.\" \/>\n<meta name=\"robots\" content=\"index, follow, max-snippet:-1, max-image-preview:large, max-video-preview:-1\" \/>\n<link rel=\"canonical\" href=\"https:\/\/www.hvar.com\/hr\/destinacije\/vrbanj\/\" \/>\n<meta property=\"og:locale\" content=\"hr_HR\" \/>\n<meta property=\"og:type\" content=\"article\" \/>\n<meta property=\"og:title\" content=\"Vrbanj\" \/>\n<meta property=\"og:description\" content=\"Mjesto Vrbanj povijesni je dio otoka Hvara. Vrbanj pri\u010da svoju prepoznatljivu pri\u010du zahvaljuju\u0107i kojoj je dio turisti\u010dke rute otoka.\" \/>\n<meta property=\"og:url\" content=\"https:\/\/www.hvar.com\/hr\/destinacije\/vrbanj\/\" \/>\n<meta property=\"og:site_name\" content=\"Hvar island Croatia\" \/>\n<meta property=\"article:modified_time\" content=\"2023-08-22T08:42:44+00:00\" \/>\n<meta name=\"twitter:card\" content=\"summary_large_image\" \/>\n<meta name=\"twitter:label1\" content=\"Procijenjeno vrijeme \u010ditanja\" \/>\n\t<meta name=\"twitter:data1\" content=\"3 minute\" \/>\n<script type=\"application\/ld+json\" class=\"yoast-schema-graph\">{\"@context\":\"https:\\\/\\\/schema.org\",\"@graph\":[{\"@type\":\"WebPage\",\"@id\":\"https:\\\/\\\/www.hvar.com\\\/hr\\\/destinacije\\\/vrbanj\\\/\",\"url\":\"https:\\\/\\\/www.hvar.com\\\/hr\\\/destinacije\\\/vrbanj\\\/\",\"name\":\"Vrbanj, informativni vodi\u0107 otoka Hvara - Hvar.com\",\"isPartOf\":{\"@id\":\"https:\\\/\\\/www.hvar.com\\\/hr\\\/#website\"},\"datePublished\":\"2023-05-16T13:34:33+00:00\",\"dateModified\":\"2023-08-22T08:42:44+00:00\",\"description\":\"Mjesto Vrbanj povijesni je dio otoka Hvara. Vrbanj pri\u010da svoju prepoznatljivu pri\u010du zahvaljuju\u0107i kojoj je dio turisti\u010dke rute otoka.\",\"breadcrumb\":{\"@id\":\"https:\\\/\\\/www.hvar.com\\\/hr\\\/destinacije\\\/vrbanj\\\/#breadcrumb\"},\"inLanguage\":\"hr\",\"potentialAction\":[{\"@type\":\"ReadAction\",\"target\":[\"https:\\\/\\\/www.hvar.com\\\/hr\\\/destinacije\\\/vrbanj\\\/\"]}]},{\"@type\":\"BreadcrumbList\",\"@id\":\"https:\\\/\\\/www.hvar.com\\\/hr\\\/destinacije\\\/vrbanj\\\/#breadcrumb\",\"itemListElement\":[{\"@type\":\"ListItem\",\"position\":1,\"name\":\"Home\",\"item\":\"https:\\\/\\\/www.hvar.com\\\/hr\\\/\"},{\"@type\":\"ListItem\",\"position\":2,\"name\":\"Destinacije\",\"item\":\"https:\\\/\\\/www.hvar.com\\\/hr\\\/destinacije\\\/\"},{\"@type\":\"ListItem\",\"position\":3,\"name\":\"Vrbanj\"}]},{\"@type\":\"WebSite\",\"@id\":\"https:\\\/\\\/www.hvar.com\\\/hr\\\/#website\",\"url\":\"https:\\\/\\\/www.hvar.com\\\/hr\\\/\",\"name\":\"Hvar island Croatia\",\"description\":\"hvar, hvar croatia, hvar island\",\"potentialAction\":[{\"@type\":\"SearchAction\",\"target\":{\"@type\":\"EntryPoint\",\"urlTemplate\":\"https:\\\/\\\/www.hvar.com\\\/hr\\\/?s={search_term_string}\"},\"query-input\":{\"@type\":\"PropertyValueSpecification\",\"valueRequired\":true,\"valueName\":\"search_term_string\"}}],\"inLanguage\":\"hr\"}]}<\/script>\n<!-- \/ Yoast SEO Premium plugin. -->","yoast_head_json":{"title":"Vrbanj, informativni vodi\u0107 otoka Hvara - Hvar.com","description":"Mjesto Vrbanj povijesni je dio otoka Hvara. Vrbanj pri\u010da svoju prepoznatljivu pri\u010du zahvaljuju\u0107i kojoj je dio turisti\u010dke rute otoka.","robots":{"index":"index","follow":"follow","max-snippet":"max-snippet:-1","max-image-preview":"max-image-preview:large","max-video-preview":"max-video-preview:-1"},"canonical":"https:\/\/www.hvar.com\/hr\/destinacije\/vrbanj\/","og_locale":"hr_HR","og_type":"article","og_title":"Vrbanj","og_description":"Mjesto Vrbanj povijesni je dio otoka Hvara. Vrbanj pri\u010da svoju prepoznatljivu pri\u010du zahvaljuju\u0107i kojoj je dio turisti\u010dke rute otoka.","og_url":"https:\/\/www.hvar.com\/hr\/destinacije\/vrbanj\/","og_site_name":"Hvar island Croatia","article_modified_time":"2023-08-22T08:42:44+00:00","twitter_card":"summary_large_image","twitter_misc":{"Procijenjeno vrijeme \u010ditanja":"3 minute"},"schema":{"@context":"https:\/\/schema.org","@graph":[{"@type":"WebPage","@id":"https:\/\/www.hvar.com\/hr\/destinacije\/vrbanj\/","url":"https:\/\/www.hvar.com\/hr\/destinacije\/vrbanj\/","name":"Vrbanj, informativni vodi\u0107 otoka Hvara - Hvar.com","isPartOf":{"@id":"https:\/\/www.hvar.com\/hr\/#website"},"datePublished":"2023-05-16T13:34:33+00:00","dateModified":"2023-08-22T08:42:44+00:00","description":"Mjesto Vrbanj povijesni je dio otoka Hvara. Vrbanj pri\u010da svoju prepoznatljivu pri\u010du zahvaljuju\u0107i kojoj je dio turisti\u010dke rute otoka.","breadcrumb":{"@id":"https:\/\/www.hvar.com\/hr\/destinacije\/vrbanj\/#breadcrumb"},"inLanguage":"hr","potentialAction":[{"@type":"ReadAction","target":["https:\/\/www.hvar.com\/hr\/destinacije\/vrbanj\/"]}]},{"@type":"BreadcrumbList","@id":"https:\/\/www.hvar.com\/hr\/destinacije\/vrbanj\/#breadcrumb","itemListElement":[{"@type":"ListItem","position":1,"name":"Home","item":"https:\/\/www.hvar.com\/hr\/"},{"@type":"ListItem","position":2,"name":"Destinacije","item":"https:\/\/www.hvar.com\/hr\/destinacije\/"},{"@type":"ListItem","position":3,"name":"Vrbanj"}]},{"@type":"WebSite","@id":"https:\/\/www.hvar.com\/hr\/#website","url":"https:\/\/www.hvar.com\/hr\/","name":"Hvar island Croatia","description":"hvar, hvar croatia, hvar island","potentialAction":[{"@type":"SearchAction","target":{"@type":"EntryPoint","urlTemplate":"https:\/\/www.hvar.com\/hr\/?s={search_term_string}"},"query-input":{"@type":"PropertyValueSpecification","valueRequired":true,"valueName":"search_term_string"}}],"inLanguage":"hr"}]}},"_links":{"self":[{"href":"https:\/\/www.hvar.com\/hr\/wp-json\/wp\/v2\/pages\/555","targetHints":{"allow":["GET"]}}],"collection":[{"href":"https:\/\/www.hvar.com\/hr\/wp-json\/wp\/v2\/pages"}],"about":[{"href":"https:\/\/www.hvar.com\/hr\/wp-json\/wp\/v2\/types\/page"}],"author":[{"embeddable":true,"href":"https:\/\/www.hvar.com\/hr\/wp-json\/wp\/v2\/users\/1"}],"replies":[{"embeddable":true,"href":"https:\/\/www.hvar.com\/hr\/wp-json\/wp\/v2\/comments?post=555"}],"version-history":[{"count":1,"href":"https:\/\/www.hvar.com\/hr\/wp-json\/wp\/v2\/pages\/555\/revisions"}],"predecessor-version":[{"id":569,"href":"https:\/\/www.hvar.com\/hr\/wp-json\/wp\/v2\/pages\/555\/revisions\/569"}],"up":[{"embeddable":true,"href":"https:\/\/www.hvar.com\/hr\/wp-json\/wp\/v2\/pages\/49"}],"wp:attachment":[{"href":"https:\/\/www.hvar.com\/hr\/wp-json\/wp\/v2\/media?parent=555"}],"wp:term":[{"taxonomy":"category","embeddable":true,"href":"https:\/\/www.hvar.com\/hr\/wp-json\/wp\/v2\/categories?post=555"},{"taxonomy":"post_tag","embeddable":true,"href":"https:\/\/www.hvar.com\/hr\/wp-json\/wp\/v2\/tags?post=555"}],"curies":[{"name":"wp","href":"https:\/\/api.w.org\/{rel}","templated":true}]}}