{"id":466,"date":"2023-05-16T10:06:56","date_gmt":"2023-05-16T10:06:56","guid":{"rendered":"https:\/\/www.hvar.com\/?page_id=466"},"modified":"2023-08-22T08:39:37","modified_gmt":"2023-08-22T08:39:37","slug":"dol","status":"publish","type":"page","link":"https:\/\/www.hvar.com\/hr\/destinacije\/dol\/","title":{"rendered":"Dol"},"content":{"rendered":"<p>[et_pb_section fb_built=&#8221;1&#8243; _builder_version=&#8221;4.20.0&#8243; _module_preset=&#8221;default&#8221; custom_padding=&#8221;20px||20px||false|false&#8221; global_colors_info=&#8221;{}&#8221;][et_pb_row _builder_version=&#8221;4.20.0&#8243; _module_preset=&#8221;default&#8221; custom_padding=&#8221;15px||15px||true|false&#8221; global_colors_info=&#8221;{}&#8221;][et_pb_column type=&#8221;4_4&#8243; _builder_version=&#8221;4.20.0&#8243; _module_preset=&#8221;default&#8221; global_colors_info=&#8221;{}&#8221;][et_pb_text _builder_version=&#8221;4.21.0&#8243; _module_preset=&#8221;default&#8221; header_font=&#8221;|700|||||||&#8221; header_font_size=&#8221;34px&#8221; global_colors_info=&#8221;{}&#8221;]<\/p>\n<h1>Dol, otok Hvar<\/h1>\n<p>[\/et_pb_text][\/et_pb_column][\/et_pb_row][et_pb_row module_class=&#8221;reviewpage-img&#8221; _builder_version=&#8221;4.20.0&#8243; _module_preset=&#8221;default&#8221; max_height=&#8221;700px&#8221; custom_padding=&#8221;0px||0px||true|false&#8221; global_colors_info=&#8221;{}&#8221;][et_pb_column type=&#8221;4_4&#8243; _builder_version=&#8221;4.20.0&#8243; _module_preset=&#8221;default&#8221; global_colors_info=&#8221;{}&#8221;][et_pb_image src=&#8221;https:\/\/www.hvar.com\/wp-content\/uploads\/2023\/05\/Dol.jpg&#8221; alt=&#8221;Dol&#8221; title_text=&#8221;Dol&#8221; align=&#8221;center&#8221; _builder_version=&#8221;4.21.0&#8243; _module_preset=&#8221;default&#8221; global_colors_info=&#8221;{}&#8221;][\/et_pb_image][\/et_pb_column][\/et_pb_row][\/et_pb_section][et_pb_section fb_built=&#8221;1&#8243; use_custom_gutter=&#8221;on&#8221; gutter_width=&#8221;2&#8243; specialty=&#8221;on&#8221; _builder_version=&#8221;4.21.0&#8243; _module_preset=&#8221;default&#8221; custom_padding=&#8221;10px||5px||false|false&#8221; global_colors_info=&#8221;{}&#8221;][et_pb_column type=&#8221;2_3&#8243; specialty_columns=&#8221;2&#8243; _builder_version=&#8221;4.16&#8243; custom_padding=&#8221;|||&#8221; global_colors_info=&#8221;{}&#8221; custom_padding__hover=&#8221;|||&#8221;][et_pb_row_inner _builder_version=&#8221;4.21.0&#8243; _module_preset=&#8221;default&#8221; custom_padding=&#8221;||29px|||&#8221; global_colors_info=&#8221;{}&#8221;][et_pb_column_inner saved_specialty_column_type=&#8221;2_3&#8243; _builder_version=&#8221;4.21.0&#8243; _module_preset=&#8221;default&#8221; global_colors_info=&#8221;{}&#8221;][et_pb_text _builder_version=&#8221;4.21.0&#8243; _module_preset=&#8221;default&#8221; header_2_font=&#8221;|700|||||||&#8221; global_colors_info=&#8221;{}&#8221;]<\/p>\n<h2>O mjestu Dol<\/h2>\n<p>Mjesto Dol, svega 6km udaljeno od Staroga Grada, prostire se du\u017einom kroz tri dijela. Srednji Dol kod \u017eupne crkve Sv.Mihovila arhan\u0111ela, \u017eupnog ogranka i mjesnog groblja, Donji Dol &#8220;Sv.Marije&#8221; sa starijom crkvicom Sv.Roka iz 19.st , te sa crkvom Sv.Marije \u010dija izgradnja datira iz 14.\/15.stolje\u0107a a dovr\u0161ena je 1889.g, i dakako Gornji Dol, &#8220;Dol sv.Ane&#8221; sa crkvom Sv.Ane iz 13.st. (ranije znana kao crkva sv.Barbare koja se spominje ve\u0107 1226.g) no kasnije se nadogra\u0111uje i preure\u0111uje, te biva zavr\u0161ena 1589.g i dodijeljena \u017eupniku kao beneficij.<\/p>\n<p>Plodna zemlja u blizini starogradskog polja, izvori pitke vode, vlaga u udolini i nepresu\u0161an broj sun\u010danih sati u\u010dinili su ovaj predio povoljnim za naseljavanje jo\u0161 u ranijim anti\u010dkim vremenima, tako na podru\u010dju Dola mo\u017eemo prona\u0107i razne natpise i ostatke arhitekture iz rimskog doba, rimska vila rustica Kupinovik a najzna\u010dajnije jo\u0161 i iz prvog tisu\u0107lje\u0107apr.Kr. kada je sagra\u0111ena Prapovijesna Ilirska gradina Purkin kuk koja je kasnije gr\u010dkim dolaskom u 4.st.pkr nadogra\u0111ivana megalitskim bedemima kao osmatra\u010dnica polja i grada Farosa,a\u00a0 kroz rimski period u 1. i 2.st.\u00a0 modulirana za razne uporabne djelatnosti, pa ondje pronalazimo i razne ostatke pre\u0161a za vino, maslinovo ulje i mnogobrojne druge relikte.<\/p>\n<p>Na putu za Vrbanj nalaze se neznatni ostaci crkvice Sv. Dujma iz 11 st.<\/p>\n<p>Dol je 1900.g imao skoro 1000 stanovnika,2001. g.,348 ,a 2021.g.,107 stanovnika.<\/p>\n<p>Stanovni\u0161tvo se sve vi\u0161e bavi turizmom, iznajmljivanjem apartmana a na tr\u017ei\u0161tu nekretnina vrlo su interesantne kamene ku\u0107e s vrtom i pogledom na more.<\/p>\n<p>U ljetnim mjesecima aktivtno je nekoliko restorana s doma\u0107om gastronomskom ponudom, a naro\u010dito je posje\u0107ena \u201ePuhijada\u201c, fe\u0161ta na kojoj mo\u017eete ku\u0161ati puha spremljenog na nekoliko na\u010dina.<\/p>\n<p>Na skretanju s glavne ceste Stari Grad, Jelsa, prema\u00a0 Dolu , biolog Matko Roji\u0107, porijeklom iz Dola, napravio je prekrasan Arboretum s vrlo malo intervencija na spontanu samoniklost prirode, tako da na stotinjak metara mo\u017eete upoznati sve biljke otoka Hvara i nekoliko vrsta maslina u njihovom prirodnom nicali\u0161tu, \u0161etaju\u0107i po utabanim stazama prirodnog kamenjara.<\/p>\n<p>U Dolu je u Du\u017eevim dvorima \u017eivio Hrvatski slikar Marin Ribari\u0107.<\/p>\n<p>[\/et_pb_text][\/et_pb_column_inner][\/et_pb_row_inner][\/et_pb_column][et_pb_column type=&#8221;1_3&#8243; _builder_version=&#8221;4.16&#8243; custom_padding=&#8221;|||&#8221; global_colors_info=&#8221;{}&#8221; custom_padding__hover=&#8221;|||&#8221;][et_pb_code disabled_on=&#8221;on|off|off&#8221; _builder_version=&#8221;4.21.0&#8243; _module_preset=&#8221;default&#8221; sticky_position=&#8221;top&#8221; sticky_offset_top=&#8221;20px&#8221; sticky_limit_bottom=&#8221;row&#8221; global_colors_info=&#8221;{}&#8221;]<ins class=\"bookingaff\" data-aid=\"2340087\" data-target_aid=\"2340087\" data-prod=\"map\" data-width=\"100%\" data-height=\"590\" data-lang=\"ualng\" data-dest_id=\"0\" data-dest_type=\"landmark\" data-latitude=\"43.16881\" data-longitude=\"16.61564\" data-landmark_name=\"Hvar\" data-mwhsb=\"0\" data-address=\"Dol, Hvar, Croatia\"><!-- [et_pb_line_break_holder] -->    <!-- Anything inside will go away once widget is loaded. --><!-- [et_pb_line_break_holder] -->        <a href=\"\/\/www.booking.com?aid=2340087\">Booking.com<\/a><!-- [et_pb_line_break_holder] --><\/ins><!-- [et_pb_line_break_holder] --><script type=\"text\/javascript\"><!-- [et_pb_line_break_holder] -->    (function(d, sc, u) {<!-- [et_pb_line_break_holder] -->      var s = d.createElement(sc), p = d.getElementsByTagName(sc)[0];<!-- [et_pb_line_break_holder] -->      s.type = 'text\/javascript';<!-- [et_pb_line_break_holder] -->      s.async = true;<!-- [et_pb_line_break_holder] -->      s.src = u + '?v=' + (+new Date());<!-- [et_pb_line_break_holder] -->      p.parentNode.insertBefore(s,p);<!-- [et_pb_line_break_holder] -->      })(document, 'script', '\/\/cf.bstatic.com\/static\/affiliate_base\/js\/flexiproduct.js');<!-- [et_pb_line_break_holder] --><\/script>[\/et_pb_code][\/et_pb_column][\/et_pb_section][et_pb_section fb_built=&#8221;1&#8243; _builder_version=&#8221;4.21.0&#8243; _module_preset=&#8221;default&#8221; custom_padding=&#8221;10px||||false|false&#8221; global_colors_info=&#8221;{}&#8221;][et_pb_row _builder_version=&#8221;4.20.0&#8243; _module_preset=&#8221;default&#8221; global_colors_info=&#8221;{}&#8221;][et_pb_column type=&#8221;4_4&#8243; _builder_version=&#8221;4.20.0&#8243; _module_preset=&#8221;default&#8221; global_colors_info=&#8221;{}&#8221;][et_pb_text _builder_version=&#8221;4.21.0&#8243; _module_preset=&#8221;default&#8221; header_3_font=&#8221;|700|||||||&#8221; custom_margin=&#8221;0px||15px||false|false&#8221; global_colors_info=&#8221;{}&#8221;]<\/p>\n<h3>Galerija slika mjesta Dol<\/h3>\n<p>[\/et_pb_text][et_pb_gallery gallery_ids=&#8221;488,485,490,486,491,487,489,492,494&#8243; show_title_and_caption=&#8221;off&#8221; _builder_version=&#8221;4.21.0&#8243; _module_preset=&#8221;default&#8221; global_colors_info=&#8221;{}&#8221;][\/et_pb_gallery][et_pb_code _builder_version=&#8221;4.21.0&#8243; _module_preset=&#8221;default&#8221; global_colors_info=&#8221;{}&#8221;]<ins class=\"bookingaff\" data-aid=\"2340087\" data-target_aid=\"2340087\" data-prod=\"map\" data-width=\"100%\" data-height=\"590\" data-lang=\"ualng\" data-dest_id=\"0\" data-dest_type=\"landmark\" data-latitude=\"43.16881\" data-longitude=\"16.61564\" data-landmark_name=\"Hvar\" data-mwhsb=\"0\" data-address=\"Dol, Hvar, Croatia\"><!-- [et_pb_line_break_holder] -->    <!-- Anything inside will go away once widget is loaded. --><!-- [et_pb_line_break_holder] -->        <a href=\"\/\/www.booking.com?aid=2340087\">Booking.com<\/a><!-- [et_pb_line_break_holder] --><\/ins><!-- [et_pb_line_break_holder] --><script type=\"text\/javascript\"><!-- [et_pb_line_break_holder] -->    (function(d, sc, u) {<!-- [et_pb_line_break_holder] -->      var s = d.createElement(sc), p = d.getElementsByTagName(sc)[0];<!-- [et_pb_line_break_holder] -->      s.type = 'text\/javascript';<!-- [et_pb_line_break_holder] -->      s.async = true;<!-- [et_pb_line_break_holder] -->      s.src = u + '?v=' + (+new Date());<!-- [et_pb_line_break_holder] -->      p.parentNode.insertBefore(s,p);<!-- [et_pb_line_break_holder] -->      })(document, 'script', '\/\/cf.bstatic.com\/static\/affiliate_base\/js\/flexiproduct.js');<!-- [et_pb_line_break_holder] --><\/script>[\/et_pb_code][\/et_pb_column][\/et_pb_row][\/et_pb_section]<\/p>\n","protected":false},"excerpt":{"rendered":"<p>Dol, otok HvarO mjestu Dol Mjesto Dol, svega 6km udaljeno od Staroga Grada, prostire se du\u017einom kroz tri dijela. Srednji Dol kod \u017eupne crkve Sv.Mihovila arhan\u0111ela, \u017eupnog ogranka i mjesnog groblja, Donji Dol &#8220;Sv.Marije&#8221; sa starijom crkvicom Sv.Roka iz 19.st , te sa crkvom Sv.Marije \u010dija izgradnja datira iz 14.\/15.stolje\u0107a a dovr\u0161ena je 1889.g, i [&hellip;]<\/p>\n","protected":false},"author":1,"featured_media":0,"parent":49,"menu_order":0,"comment_status":"closed","ping_status":"closed","template":"","meta":{"_et_pb_use_builder":"on","_et_pb_old_content":"","_et_gb_content_width":"","inline_featured_image":false,"footnotes":""},"categories":[],"tags":[],"class_list":["post-466","page","type-page","status-publish","hentry"],"yoast_head":"<!-- This site is optimized with the Yoast SEO Premium plugin v27.4 (Yoast SEO v27.4) - https:\/\/yoast.com\/product\/yoast-seo-premium-wordpress\/ -->\n<title>Dol, informativni vodi\u0107 otoka Hvara - Hvar.com<\/title>\n<meta name=\"description\" content=\"Mjesto Dol autohtono je selo na otoku Hvaru udaljeno svega 6 km od Stari Grada, Upoznajte Srednji, Donji i Gornji Dol.\" \/>\n<meta name=\"robots\" content=\"index, follow, max-snippet:-1, max-image-preview:large, max-video-preview:-1\" \/>\n<link rel=\"canonical\" href=\"https:\/\/www.hvar.com\/hr\/destinacije\/dol\/\" \/>\n<meta property=\"og:locale\" content=\"hr_HR\" \/>\n<meta property=\"og:type\" content=\"article\" \/>\n<meta property=\"og:title\" content=\"Dol\" \/>\n<meta property=\"og:description\" content=\"Mjesto Dol autohtono je selo na otoku Hvaru udaljeno svega 6 km od Stari Grada, Upoznajte Srednji, Donji i Gornji Dol.\" \/>\n<meta property=\"og:url\" content=\"https:\/\/www.hvar.com\/hr\/destinacije\/dol\/\" \/>\n<meta property=\"og:site_name\" content=\"Hvar island Croatia\" \/>\n<meta property=\"article:modified_time\" content=\"2023-08-22T08:39:37+00:00\" \/>\n<meta name=\"twitter:card\" content=\"summary_large_image\" \/>\n<meta name=\"twitter:label1\" content=\"Procijenjeno vrijeme \u010ditanja\" \/>\n\t<meta name=\"twitter:data1\" content=\"3 minute\" \/>\n<script type=\"application\/ld+json\" class=\"yoast-schema-graph\">{\"@context\":\"https:\\\/\\\/schema.org\",\"@graph\":[{\"@type\":\"WebPage\",\"@id\":\"https:\\\/\\\/www.hvar.com\\\/hr\\\/destinacije\\\/dol\\\/\",\"url\":\"https:\\\/\\\/www.hvar.com\\\/hr\\\/destinacije\\\/dol\\\/\",\"name\":\"Dol, informativni vodi\u0107 otoka Hvara - Hvar.com\",\"isPartOf\":{\"@id\":\"https:\\\/\\\/www.hvar.com\\\/hr\\\/#website\"},\"datePublished\":\"2023-05-16T10:06:56+00:00\",\"dateModified\":\"2023-08-22T08:39:37+00:00\",\"description\":\"Mjesto Dol autohtono je selo na otoku Hvaru udaljeno svega 6 km od Stari Grada, Upoznajte Srednji, Donji i Gornji Dol.\",\"breadcrumb\":{\"@id\":\"https:\\\/\\\/www.hvar.com\\\/hr\\\/destinacije\\\/dol\\\/#breadcrumb\"},\"inLanguage\":\"hr\",\"potentialAction\":[{\"@type\":\"ReadAction\",\"target\":[\"https:\\\/\\\/www.hvar.com\\\/hr\\\/destinacije\\\/dol\\\/\"]}]},{\"@type\":\"BreadcrumbList\",\"@id\":\"https:\\\/\\\/www.hvar.com\\\/hr\\\/destinacije\\\/dol\\\/#breadcrumb\",\"itemListElement\":[{\"@type\":\"ListItem\",\"position\":1,\"name\":\"Home\",\"item\":\"https:\\\/\\\/www.hvar.com\\\/hr\\\/\"},{\"@type\":\"ListItem\",\"position\":2,\"name\":\"Destinacije\",\"item\":\"https:\\\/\\\/www.hvar.com\\\/hr\\\/destinacije\\\/\"},{\"@type\":\"ListItem\",\"position\":3,\"name\":\"Dol\"}]},{\"@type\":\"WebSite\",\"@id\":\"https:\\\/\\\/www.hvar.com\\\/hr\\\/#website\",\"url\":\"https:\\\/\\\/www.hvar.com\\\/hr\\\/\",\"name\":\"Hvar island Croatia\",\"description\":\"hvar, hvar croatia, hvar island\",\"potentialAction\":[{\"@type\":\"SearchAction\",\"target\":{\"@type\":\"EntryPoint\",\"urlTemplate\":\"https:\\\/\\\/www.hvar.com\\\/hr\\\/?s={search_term_string}\"},\"query-input\":{\"@type\":\"PropertyValueSpecification\",\"valueRequired\":true,\"valueName\":\"search_term_string\"}}],\"inLanguage\":\"hr\"}]}<\/script>\n<!-- \/ Yoast SEO Premium plugin. -->","yoast_head_json":{"title":"Dol, informativni vodi\u0107 otoka Hvara - Hvar.com","description":"Mjesto Dol autohtono je selo na otoku Hvaru udaljeno svega 6 km od Stari Grada, Upoznajte Srednji, Donji i Gornji Dol.","robots":{"index":"index","follow":"follow","max-snippet":"max-snippet:-1","max-image-preview":"max-image-preview:large","max-video-preview":"max-video-preview:-1"},"canonical":"https:\/\/www.hvar.com\/hr\/destinacije\/dol\/","og_locale":"hr_HR","og_type":"article","og_title":"Dol","og_description":"Mjesto Dol autohtono je selo na otoku Hvaru udaljeno svega 6 km od Stari Grada, Upoznajte Srednji, Donji i Gornji Dol.","og_url":"https:\/\/www.hvar.com\/hr\/destinacije\/dol\/","og_site_name":"Hvar island Croatia","article_modified_time":"2023-08-22T08:39:37+00:00","twitter_card":"summary_large_image","twitter_misc":{"Procijenjeno vrijeme \u010ditanja":"3 minute"},"schema":{"@context":"https:\/\/schema.org","@graph":[{"@type":"WebPage","@id":"https:\/\/www.hvar.com\/hr\/destinacije\/dol\/","url":"https:\/\/www.hvar.com\/hr\/destinacije\/dol\/","name":"Dol, informativni vodi\u0107 otoka Hvara - Hvar.com","isPartOf":{"@id":"https:\/\/www.hvar.com\/hr\/#website"},"datePublished":"2023-05-16T10:06:56+00:00","dateModified":"2023-08-22T08:39:37+00:00","description":"Mjesto Dol autohtono je selo na otoku Hvaru udaljeno svega 6 km od Stari Grada, Upoznajte Srednji, Donji i Gornji Dol.","breadcrumb":{"@id":"https:\/\/www.hvar.com\/hr\/destinacije\/dol\/#breadcrumb"},"inLanguage":"hr","potentialAction":[{"@type":"ReadAction","target":["https:\/\/www.hvar.com\/hr\/destinacije\/dol\/"]}]},{"@type":"BreadcrumbList","@id":"https:\/\/www.hvar.com\/hr\/destinacije\/dol\/#breadcrumb","itemListElement":[{"@type":"ListItem","position":1,"name":"Home","item":"https:\/\/www.hvar.com\/hr\/"},{"@type":"ListItem","position":2,"name":"Destinacije","item":"https:\/\/www.hvar.com\/hr\/destinacije\/"},{"@type":"ListItem","position":3,"name":"Dol"}]},{"@type":"WebSite","@id":"https:\/\/www.hvar.com\/hr\/#website","url":"https:\/\/www.hvar.com\/hr\/","name":"Hvar island Croatia","description":"hvar, hvar croatia, hvar island","potentialAction":[{"@type":"SearchAction","target":{"@type":"EntryPoint","urlTemplate":"https:\/\/www.hvar.com\/hr\/?s={search_term_string}"},"query-input":{"@type":"PropertyValueSpecification","valueRequired":true,"valueName":"search_term_string"}}],"inLanguage":"hr"}]}},"_links":{"self":[{"href":"https:\/\/www.hvar.com\/hr\/wp-json\/wp\/v2\/pages\/466","targetHints":{"allow":["GET"]}}],"collection":[{"href":"https:\/\/www.hvar.com\/hr\/wp-json\/wp\/v2\/pages"}],"about":[{"href":"https:\/\/www.hvar.com\/hr\/wp-json\/wp\/v2\/types\/page"}],"author":[{"embeddable":true,"href":"https:\/\/www.hvar.com\/hr\/wp-json\/wp\/v2\/users\/1"}],"replies":[{"embeddable":true,"href":"https:\/\/www.hvar.com\/hr\/wp-json\/wp\/v2\/comments?post=466"}],"version-history":[{"count":1,"href":"https:\/\/www.hvar.com\/hr\/wp-json\/wp\/v2\/pages\/466\/revisions"}],"predecessor-version":[{"id":529,"href":"https:\/\/www.hvar.com\/hr\/wp-json\/wp\/v2\/pages\/466\/revisions\/529"}],"up":[{"embeddable":true,"href":"https:\/\/www.hvar.com\/hr\/wp-json\/wp\/v2\/pages\/49"}],"wp:attachment":[{"href":"https:\/\/www.hvar.com\/hr\/wp-json\/wp\/v2\/media?parent=466"}],"wp:term":[{"taxonomy":"category","embeddable":true,"href":"https:\/\/www.hvar.com\/hr\/wp-json\/wp\/v2\/categories?post=466"},{"taxonomy":"post_tag","embeddable":true,"href":"https:\/\/www.hvar.com\/hr\/wp-json\/wp\/v2\/tags?post=466"}],"curies":[{"name":"wp","href":"https:\/\/api.w.org\/{rel}","templated":true}]}}