{"id":443,"date":"2023-05-16T09:20:51","date_gmt":"2023-05-16T09:20:51","guid":{"rendered":"https:\/\/www.hvar.com\/?page_id=443"},"modified":"2023-08-22T08:42:15","modified_gmt":"2023-08-22T08:42:15","slug":"stari-grad","status":"publish","type":"page","link":"https:\/\/www.hvar.com\/hr\/destinacije\/stari-grad\/","title":{"rendered":"Stari Grad"},"content":{"rendered":"<p>[et_pb_section fb_built=&#8221;1&#8243; _builder_version=&#8221;4.20.0&#8243; _module_preset=&#8221;default&#8221; custom_padding=&#8221;20px||20px||false|false&#8221; global_colors_info=&#8221;{}&#8221;][et_pb_row _builder_version=&#8221;4.20.0&#8243; _module_preset=&#8221;default&#8221; custom_padding=&#8221;15px||15px||true|false&#8221; global_colors_info=&#8221;{}&#8221;][et_pb_column type=&#8221;4_4&#8243; _builder_version=&#8221;4.20.0&#8243; _module_preset=&#8221;default&#8221; global_colors_info=&#8221;{}&#8221;][et_pb_text _builder_version=&#8221;4.21.0&#8243; _module_preset=&#8221;default&#8221; header_font=&#8221;|700|||||||&#8221; header_font_size=&#8221;34px&#8221; global_colors_info=&#8221;{}&#8221;]<\/p>\n<h1>Stari Grad<\/h1>\n<p>[\/et_pb_text][\/et_pb_column][\/et_pb_row][et_pb_row module_class=&#8221;reviewpage-img&#8221; _builder_version=&#8221;4.20.0&#8243; _module_preset=&#8221;default&#8221; max_height=&#8221;700px&#8221; custom_padding=&#8221;0px||0px||true|false&#8221; global_colors_info=&#8221;{}&#8221;][et_pb_column type=&#8221;4_4&#8243; _builder_version=&#8221;4.20.0&#8243; _module_preset=&#8221;default&#8221; global_colors_info=&#8221;{}&#8221;][et_pb_image src=&#8221;https:\/\/www.hvar.com\/wp-content\/uploads\/2023\/05\/stari-grad.jpg&#8221; alt=&#8221;stari grad&#8221; title_text=&#8221;stari grad&#8221; align=&#8221;center&#8221; _builder_version=&#8221;4.21.0&#8243; _module_preset=&#8221;default&#8221; global_colors_info=&#8221;{}&#8221;][\/et_pb_image][\/et_pb_column][\/et_pb_row][\/et_pb_section][et_pb_section fb_built=&#8221;1&#8243; use_custom_gutter=&#8221;on&#8221; gutter_width=&#8221;2&#8243; specialty=&#8221;on&#8221; _builder_version=&#8221;4.21.0&#8243; _module_preset=&#8221;default&#8221; custom_padding=&#8221;10px||5px||false|false&#8221; global_colors_info=&#8221;{}&#8221;][et_pb_column type=&#8221;2_3&#8243; specialty_columns=&#8221;2&#8243; _builder_version=&#8221;4.16&#8243; custom_padding=&#8221;|||&#8221; global_colors_info=&#8221;{}&#8221; custom_padding__hover=&#8221;|||&#8221;][et_pb_row_inner _builder_version=&#8221;4.21.0&#8243; _module_preset=&#8221;default&#8221; custom_padding=&#8221;||29px|||&#8221; global_colors_info=&#8221;{}&#8221;][et_pb_column_inner saved_specialty_column_type=&#8221;2_3&#8243; _builder_version=&#8221;4.21.0&#8243; _module_preset=&#8221;default&#8221; global_colors_info=&#8221;{}&#8221;][et_pb_text _builder_version=&#8221;4.21.0&#8243; _module_preset=&#8221;default&#8221; header_2_font=&#8221;|700|||||||&#8221; global_colors_info=&#8221;{}&#8221;]<\/p>\n<h2>O Stari Gradu<\/h2>\n<p>Stari Grad na otoku Hvaru, najstariji grad u Republici Hrvatskoj (384 p.kr) jedno od 3 najposje\u0107enija centra otoka smje\u0161ten je na dnu duboke Starogradske uvale\u00a0 duge 6km koja slovi za izvrstan zaklon brodovima od vjetra, te kao takva postaje glavnom terminalskom trajektnom lukom otoka Hvara. Glavna terminalska luka za trajekte sa prijevozom automobila na otoku, smje\u0161tena je izvan grada dok je na dnu Staro Gradske uvale smje\u0161ten sam grad. Stari Grad na otoku Hvaru, ujedno i najstariji grad u Republici Hrvatskoj, velike kulturne ba\u0161tine, prekrasnih monumenata, kulturnih gra\u0111evina i sakralnih objekata, te neizostavna Starograjska vala kroz koju prolazi jedna od najve\u0107ih ure\u0111enih Riva tj. \u0161etnica na cjelokupnoj Hrvatskoj obali. Nastao na mjestu nekada\u0161njeg gr\u010dkog Pharosa, a kasnije rimske Pharie. Uz pregr\u0161t i obilje mno\u0161tva do\u017eivljaja iz starih i modernih vremena, te spomenika antike pod UNESCOVOM za\u0161titom \u010dine sukus do\u017eivljaja ovog mirnog i lijepog mediteransko oto\u010dkog grada. Brojna kupali\u0161ta, hortikultura, stari brodovi i anti\u010dki nalazi izlo\u017eeni u muzejima \u010dine Grad Stari Grad nezaobilaznim\u00a0 dijelom Hvarskoga turizma i Hrvatskog oto\u010dkog i nauti\u010dkog turizma uop\u0107e.<\/p>\n<p>Dvorac Petra Hektorovi\u0107a na glavnome trgu Tvrdalj nasuprot pala\u010de sa ribnjakom uz Staro Grojsku rivu za vrijeme ljetnih i sezonskih mjeseci nezaobilazna je promenada turista i mje\u0161tana dok no\u0107ima u\u017eivaju u rijeci ljudi koji se osvr\u0107u na mno\u0161tvo starovjekovnih kulturnih gra\u0111evina i u Vali, vezanih jedrilica i brodica koji u mirno\u0107i zaklonjene luke \u010dine sr\u017e i samu esenciju mediteranskog i oto\u010dnog turizma nekog velikog grada. Ponuda restorana i kafi\u0107a sa tako\u0111er probranim lokalnim mediteranskim sadr\u017eajem od osnova pa sve do egzoti\u010dnih morskih i ribljih delicija daju Starome Gradu mjesto u centru ljetnih Europskih oto\u010dkih i priobalnih zbivanja.<\/p>\n<p>Starogradsko polje, spomenik pod za\u0161titom UNESCO-a, veli\u010dine preko 1000ha, a prote\u017ee se od Staroga Grada, Vrboske pa sve do Jelse, karakterizira rimska katastarska raspodjela \u010destica naziva \u201eager romanus\u201c .<\/p>\n<p>Najpoznatiji sakralni objekti svakako su \u017dupna crkva sv. Stjepana iz 17 \u00a0st sa zvonikom na istoimenom Trgu Svetog Stjepana, nastala na zapu\u0161tenom lokalitetu prve hvarske katedrale iz 11.\/12.stolje\u0107a . Dvorac Petar Hektorovi\u0107 na trgu Tvrdalj nadogra\u0111ivan kroz vrijeme no datira iz 16.stolje\u0107a. Dominikanski samostan iz 14.st.,kasnije fortificiran u 16.st., ostatci anti\u010dkog grada Farosa, polisa iz 384. p.Kr. koji su utemeljili staro-gr\u010dki narodi iz mjesta Pharos i potvrdili status grada. Crkva Sv. Ivana \u010diji lokalitet i po\u010detci datiraju u davno 5.\/6.st., dogra\u0111ivana je u 14.st, a kroz vrijeme obnavljana do 19.stolje\u0107a. Renesansna crkva Sv. Roka iz 16. nastala na nalog i uz financijsku pomo\u0107 Petra Hektorovi\u0107a, u rimsko vrijeme lokalitet je bio mjesto rimskog kupali\u0161ta. Trg \u0160kor na ju\u017enoj strani, u centru Staroga Grada iz 16.st oko kojega su izgra\u0111ene izvorne ku\u0107e \u010dija gradnja datira od 16.st-do 19.stolje\u0107a.<\/p>\n<p>Stari Grad, koji je dakle milenijima kulturna sredina, pokrenuo je duh kod mno\u0161tvo pojedinaca i kreativnih ljudi na svim podru\u010djima \u017eivota. U umjetnosti i kulturi<\/p>\n<p>Stari grad odr\u017eava korak s vremenom u jednoj permanentnoj budnosti organiziraju\u0107i doga\u0111aje od o\u010duvanja kulturne ba\u0161tine do knji\u017eevnih ve\u010deri i organiziranja<\/p>\n<p>izlo\u017ebi, kazali\u0161nih predstava i koncerata. Staro Gradski pliva\u010dki maraton je me\u0111unarodni sportski doga\u0111aj. Povezan je s gradovima prijateljima po cijelom svijetu iz raznih podru\u010dja.<\/p>\n<p>U Starom Gradu stalna je postava arheolo\u0161kog muzeja i galerija slika slikara Jurja Plan\u010di\u0107a i Frane Petri\u0107a, kojima se pridru\u017eila i slikarica Magda Dul\u010di\u0107.<\/p>\n<p>[\/et_pb_text][\/et_pb_column_inner][\/et_pb_row_inner][\/et_pb_column][et_pb_column type=&#8221;1_3&#8243; _builder_version=&#8221;4.16&#8243; custom_padding=&#8221;|||&#8221; global_colors_info=&#8221;{}&#8221; custom_padding__hover=&#8221;|||&#8221;][et_pb_code disabled_on=&#8221;on|off|off&#8221; _builder_version=&#8221;4.21.0&#8243; _module_preset=&#8221;default&#8221; sticky_position=&#8221;top&#8221; sticky_offset_top=&#8221;20px&#8221; sticky_limit_bottom=&#8221;row&#8221; global_colors_info=&#8221;{}&#8221;]<ins class=\"bookingaff\" data-aid=\"2340087\" data-target_aid=\"2340087\" data-prod=\"map\" data-width=\"100%\" data-height=\"590\" data-lang=\"ualng\" data-dest_id=\"0\" data-dest_type=\"landmark\" data-latitude=\"43.1846\" data-longitude=\"16.6011\" data-landmark_name=\"Hvar\" data-mwhsb=\"0\" data-address=\"Stari Grad, Hvar, Croatia\"><!-- [et_pb_line_break_holder] -->    <!-- Anything inside will go away once widget is loaded. --><!-- [et_pb_line_break_holder] -->        <a href=\"\/\/www.booking.com?aid=2340087\">Booking.com<\/a><!-- [et_pb_line_break_holder] --><\/ins><!-- [et_pb_line_break_holder] --><script type=\"text\/javascript\"><!-- [et_pb_line_break_holder] -->    (function(d, sc, u) {<!-- [et_pb_line_break_holder] -->      var s = d.createElement(sc), p = d.getElementsByTagName(sc)[0];<!-- [et_pb_line_break_holder] -->      s.type = 'text\/javascript';<!-- [et_pb_line_break_holder] -->      s.async = true;<!-- [et_pb_line_break_holder] -->      s.src = u + '?v=' + (+new Date());<!-- [et_pb_line_break_holder] -->      p.parentNode.insertBefore(s,p);<!-- [et_pb_line_break_holder] -->      })(document, 'script', '\/\/cf.bstatic.com\/static\/affiliate_base\/js\/flexiproduct.js');<!-- [et_pb_line_break_holder] --><\/script>[\/et_pb_code][\/et_pb_column][\/et_pb_section][et_pb_section fb_built=&#8221;1&#8243; _builder_version=&#8221;4.21.0&#8243; _module_preset=&#8221;default&#8221; custom_padding=&#8221;10px||||false|false&#8221; global_colors_info=&#8221;{}&#8221;][et_pb_row _builder_version=&#8221;4.20.0&#8243; _module_preset=&#8221;default&#8221; global_colors_info=&#8221;{}&#8221;][et_pb_column type=&#8221;4_4&#8243; _builder_version=&#8221;4.20.0&#8243; _module_preset=&#8221;default&#8221; global_colors_info=&#8221;{}&#8221;][et_pb_text _builder_version=&#8221;4.21.0&#8243; _module_preset=&#8221;default&#8221; header_3_font=&#8221;|700|||||||&#8221; custom_margin=&#8221;0px||15px||false|false&#8221; global_colors_info=&#8221;{}&#8221;]<\/p>\n<h3>Galerija slika Stari Grada<\/h3>\n<p>[\/et_pb_text][et_pb_gallery gallery_ids=&#8221;454,455,456,457,458,461,462,459,460&#8243; show_title_and_caption=&#8221;off&#8221; _builder_version=&#8221;4.21.0&#8243; _module_preset=&#8221;default&#8221; global_colors_info=&#8221;{}&#8221;][\/et_pb_gallery][et_pb_code _builder_version=&#8221;4.21.0&#8243; _module_preset=&#8221;default&#8221; global_colors_info=&#8221;{}&#8221;]<ins class=\"bookingaff\" data-aid=\"2340087\" data-target_aid=\"2340087\" data-prod=\"map\" data-width=\"100%\" data-height=\"590\" data-lang=\"ualng\" data-dest_id=\"0\" data-dest_type=\"landmark\" data-latitude=\"43.1846\" data-longitude=\"16.6011\" data-landmark_name=\"Hvar\" data-mwhsb=\"0\" data-address=\"Stari Grad Hvar, Croatia\"><!-- [et_pb_line_break_holder] -->    <!-- Anything inside will go away once widget is loaded. --><!-- [et_pb_line_break_holder] -->        <a href=\"\/\/www.booking.com?aid=2340087\">Booking.com<\/a><!-- [et_pb_line_break_holder] --><\/ins><!-- [et_pb_line_break_holder] --><script type=\"text\/javascript\"><!-- [et_pb_line_break_holder] -->    (function(d, sc, u) {<!-- [et_pb_line_break_holder] -->      var s = d.createElement(sc), p = d.getElementsByTagName(sc)[0];<!-- [et_pb_line_break_holder] -->      s.type = 'text\/javascript';<!-- [et_pb_line_break_holder] -->      s.async = true;<!-- [et_pb_line_break_holder] -->      s.src = u + '?v=' + (+new Date());<!-- [et_pb_line_break_holder] -->      p.parentNode.insertBefore(s,p);<!-- [et_pb_line_break_holder] -->      })(document, 'script', '\/\/cf.bstatic.com\/static\/affiliate_base\/js\/flexiproduct.js');<!-- [et_pb_line_break_holder] --><\/script>[\/et_pb_code][\/et_pb_column][\/et_pb_row][\/et_pb_section]<\/p>\n","protected":false},"excerpt":{"rendered":"<p>Stari GradO Stari Gradu Stari Grad na otoku Hvaru, najstariji grad u Republici Hrvatskoj (384 p.kr) jedno od 3 najposje\u0107enija centra otoka smje\u0161ten je na dnu duboke Starogradske uvale\u00a0 duge 6km koja slovi za izvrstan zaklon brodovima od vjetra, te kao takva postaje glavnom terminalskom trajektnom lukom otoka Hvara. Glavna terminalska luka za trajekte sa [&hellip;]<\/p>\n","protected":false},"author":1,"featured_media":0,"parent":49,"menu_order":0,"comment_status":"closed","ping_status":"closed","template":"","meta":{"_et_pb_use_builder":"on","_et_pb_old_content":"","_et_gb_content_width":"","inline_featured_image":false,"footnotes":""},"categories":[],"tags":[],"class_list":["post-443","page","type-page","status-publish","hentry"],"yoast_head":"<!-- This site is optimized with the Yoast SEO Premium plugin v27.5 (Yoast SEO v27.5) - https:\/\/yoast.com\/product\/yoast-seo-premium-wordpress\/ -->\n<title>Stari Grad, informativni vodi\u0107 otoka Hvara - Hvar.com<\/title>\n<meta name=\"description\" content=\"Upoznajte Stari Grad na otoku Hvaru. Vodi\u0107 kroz kulturu, povijest i umjetnost najstarijeg grada u Hrvatskoj. Pogledajte ljepote ovog mjesta.\" \/>\n<meta name=\"robots\" content=\"index, follow, max-snippet:-1, max-image-preview:large, max-video-preview:-1\" \/>\n<link rel=\"canonical\" href=\"https:\/\/www.hvar.com\/hr\/destinacije\/stari-grad\/\" \/>\n<meta property=\"og:locale\" content=\"hr_HR\" \/>\n<meta property=\"og:type\" content=\"article\" \/>\n<meta property=\"og:title\" content=\"Stari Grad\" \/>\n<meta property=\"og:description\" content=\"Upoznajte Stari Grad na otoku Hvaru. Vodi\u0107 kroz kulturu, povijest i umjetnost najstarijeg grada u Hrvatskoj. Pogledajte ljepote ovog mjesta.\" \/>\n<meta property=\"og:url\" content=\"https:\/\/www.hvar.com\/hr\/destinacije\/stari-grad\/\" \/>\n<meta property=\"og:site_name\" content=\"Hvar island Croatia\" \/>\n<meta property=\"article:modified_time\" content=\"2023-08-22T08:42:15+00:00\" \/>\n<meta name=\"twitter:card\" content=\"summary_large_image\" \/>\n<meta name=\"twitter:label1\" content=\"Procijenjeno vrijeme \u010ditanja\" \/>\n\t<meta name=\"twitter:data1\" content=\"4 minute\" \/>\n<script type=\"application\/ld+json\" class=\"yoast-schema-graph\">{\"@context\":\"https:\\\/\\\/schema.org\",\"@graph\":[{\"@type\":\"WebPage\",\"@id\":\"https:\\\/\\\/www.hvar.com\\\/hr\\\/destinacije\\\/stari-grad\\\/\",\"url\":\"https:\\\/\\\/www.hvar.com\\\/hr\\\/destinacije\\\/stari-grad\\\/\",\"name\":\"Stari Grad, informativni vodi\u0107 otoka Hvara - Hvar.com\",\"isPartOf\":{\"@id\":\"https:\\\/\\\/www.hvar.com\\\/hr\\\/#website\"},\"datePublished\":\"2023-05-16T09:20:51+00:00\",\"dateModified\":\"2023-08-22T08:42:15+00:00\",\"description\":\"Upoznajte Stari Grad na otoku Hvaru. Vodi\u0107 kroz kulturu, povijest i umjetnost najstarijeg grada u Hrvatskoj. Pogledajte ljepote ovog mjesta.\",\"breadcrumb\":{\"@id\":\"https:\\\/\\\/www.hvar.com\\\/hr\\\/destinacije\\\/stari-grad\\\/#breadcrumb\"},\"inLanguage\":\"hr\",\"potentialAction\":[{\"@type\":\"ReadAction\",\"target\":[\"https:\\\/\\\/www.hvar.com\\\/hr\\\/destinacije\\\/stari-grad\\\/\"]}]},{\"@type\":\"BreadcrumbList\",\"@id\":\"https:\\\/\\\/www.hvar.com\\\/hr\\\/destinacije\\\/stari-grad\\\/#breadcrumb\",\"itemListElement\":[{\"@type\":\"ListItem\",\"position\":1,\"name\":\"Home\",\"item\":\"https:\\\/\\\/www.hvar.com\\\/hr\\\/\"},{\"@type\":\"ListItem\",\"position\":2,\"name\":\"Destinacije\",\"item\":\"https:\\\/\\\/www.hvar.com\\\/hr\\\/destinacije\\\/\"},{\"@type\":\"ListItem\",\"position\":3,\"name\":\"Stari Grad\"}]},{\"@type\":\"WebSite\",\"@id\":\"https:\\\/\\\/www.hvar.com\\\/hr\\\/#website\",\"url\":\"https:\\\/\\\/www.hvar.com\\\/hr\\\/\",\"name\":\"Hvar island Croatia\",\"description\":\"hvar, hvar croatia, hvar island\",\"potentialAction\":[{\"@type\":\"SearchAction\",\"target\":{\"@type\":\"EntryPoint\",\"urlTemplate\":\"https:\\\/\\\/www.hvar.com\\\/hr\\\/?s={search_term_string}\"},\"query-input\":{\"@type\":\"PropertyValueSpecification\",\"valueRequired\":true,\"valueName\":\"search_term_string\"}}],\"inLanguage\":\"hr\"}]}<\/script>\n<!-- \/ Yoast SEO Premium plugin. -->","yoast_head_json":{"title":"Stari Grad, informativni vodi\u0107 otoka Hvara - Hvar.com","description":"Upoznajte Stari Grad na otoku Hvaru. Vodi\u0107 kroz kulturu, povijest i umjetnost najstarijeg grada u Hrvatskoj. Pogledajte ljepote ovog mjesta.","robots":{"index":"index","follow":"follow","max-snippet":"max-snippet:-1","max-image-preview":"max-image-preview:large","max-video-preview":"max-video-preview:-1"},"canonical":"https:\/\/www.hvar.com\/hr\/destinacije\/stari-grad\/","og_locale":"hr_HR","og_type":"article","og_title":"Stari Grad","og_description":"Upoznajte Stari Grad na otoku Hvaru. Vodi\u0107 kroz kulturu, povijest i umjetnost najstarijeg grada u Hrvatskoj. Pogledajte ljepote ovog mjesta.","og_url":"https:\/\/www.hvar.com\/hr\/destinacije\/stari-grad\/","og_site_name":"Hvar island Croatia","article_modified_time":"2023-08-22T08:42:15+00:00","twitter_card":"summary_large_image","twitter_misc":{"Procijenjeno vrijeme \u010ditanja":"4 minute"},"schema":{"@context":"https:\/\/schema.org","@graph":[{"@type":"WebPage","@id":"https:\/\/www.hvar.com\/hr\/destinacije\/stari-grad\/","url":"https:\/\/www.hvar.com\/hr\/destinacije\/stari-grad\/","name":"Stari Grad, informativni vodi\u0107 otoka Hvara - Hvar.com","isPartOf":{"@id":"https:\/\/www.hvar.com\/hr\/#website"},"datePublished":"2023-05-16T09:20:51+00:00","dateModified":"2023-08-22T08:42:15+00:00","description":"Upoznajte Stari Grad na otoku Hvaru. Vodi\u0107 kroz kulturu, povijest i umjetnost najstarijeg grada u Hrvatskoj. Pogledajte ljepote ovog mjesta.","breadcrumb":{"@id":"https:\/\/www.hvar.com\/hr\/destinacije\/stari-grad\/#breadcrumb"},"inLanguage":"hr","potentialAction":[{"@type":"ReadAction","target":["https:\/\/www.hvar.com\/hr\/destinacije\/stari-grad\/"]}]},{"@type":"BreadcrumbList","@id":"https:\/\/www.hvar.com\/hr\/destinacije\/stari-grad\/#breadcrumb","itemListElement":[{"@type":"ListItem","position":1,"name":"Home","item":"https:\/\/www.hvar.com\/hr\/"},{"@type":"ListItem","position":2,"name":"Destinacije","item":"https:\/\/www.hvar.com\/hr\/destinacije\/"},{"@type":"ListItem","position":3,"name":"Stari Grad"}]},{"@type":"WebSite","@id":"https:\/\/www.hvar.com\/hr\/#website","url":"https:\/\/www.hvar.com\/hr\/","name":"Hvar island Croatia","description":"hvar, hvar croatia, hvar island","potentialAction":[{"@type":"SearchAction","target":{"@type":"EntryPoint","urlTemplate":"https:\/\/www.hvar.com\/hr\/?s={search_term_string}"},"query-input":{"@type":"PropertyValueSpecification","valueRequired":true,"valueName":"search_term_string"}}],"inLanguage":"hr"}]}},"_links":{"self":[{"href":"https:\/\/www.hvar.com\/hr\/wp-json\/wp\/v2\/pages\/443","targetHints":{"allow":["GET"]}}],"collection":[{"href":"https:\/\/www.hvar.com\/hr\/wp-json\/wp\/v2\/pages"}],"about":[{"href":"https:\/\/www.hvar.com\/hr\/wp-json\/wp\/v2\/types\/page"}],"author":[{"embeddable":true,"href":"https:\/\/www.hvar.com\/hr\/wp-json\/wp\/v2\/users\/1"}],"replies":[{"embeddable":true,"href":"https:\/\/www.hvar.com\/hr\/wp-json\/wp\/v2\/comments?post=443"}],"version-history":[{"count":1,"href":"https:\/\/www.hvar.com\/hr\/wp-json\/wp\/v2\/pages\/443\/revisions"}],"predecessor-version":[{"id":465,"href":"https:\/\/www.hvar.com\/hr\/wp-json\/wp\/v2\/pages\/443\/revisions\/465"}],"up":[{"embeddable":true,"href":"https:\/\/www.hvar.com\/hr\/wp-json\/wp\/v2\/pages\/49"}],"wp:attachment":[{"href":"https:\/\/www.hvar.com\/hr\/wp-json\/wp\/v2\/media?parent=443"}],"wp:term":[{"taxonomy":"category","embeddable":true,"href":"https:\/\/www.hvar.com\/hr\/wp-json\/wp\/v2\/categories?post=443"},{"taxonomy":"post_tag","embeddable":true,"href":"https:\/\/www.hvar.com\/hr\/wp-json\/wp\/v2\/tags?post=443"}],"curies":[{"name":"wp","href":"https:\/\/api.w.org\/{rel}","templated":true}]}}