{"id":1424,"date":"2024-04-09T14:53:37","date_gmt":"2024-04-09T14:53:37","guid":{"rendered":"https:\/\/www.hvar.com\/?page_id=1424"},"modified":"2024-04-09T14:58:09","modified_gmt":"2024-04-09T14:58:09","slug":"alavia","status":"publish","type":"page","link":"https:\/\/www.hvar.com\/hr\/restorani\/alavia\/","title":{"rendered":"Alavia"},"content":{"rendered":"<p>[et_pb_section fb_built=&#8221;1&#8243; _builder_version=&#8221;4.20.0&#8243; _module_preset=&#8221;default&#8221; custom_padding=&#8221;20px||20px||false|false&#8221; global_colors_info=&#8221;{}&#8221;][et_pb_row _builder_version=&#8221;4.20.0&#8243; _module_preset=&#8221;default&#8221; custom_padding=&#8221;15px||15px||true|false&#8221; global_colors_info=&#8221;{}&#8221;][et_pb_column type=&#8221;4_4&#8243; _builder_version=&#8221;4.20.0&#8243; _module_preset=&#8221;default&#8221; global_colors_info=&#8221;{}&#8221;][et_pb_text _builder_version=&#8221;4.24.3&#8243; _module_preset=&#8221;default&#8221; header_font=&#8221;|700|||||||&#8221; header_font_size=&#8221;34px&#8221; global_colors_info=&#8221;{}&#8221;]<\/p>\n<h1>Restoran Alavia<\/h1>\n<p>[\/et_pb_text][\/et_pb_column][\/et_pb_row][et_pb_row module_class=&#8221;reviewpage-img&#8221; _builder_version=&#8221;4.20.0&#8243; _module_preset=&#8221;default&#8221; max_height=&#8221;700px&#8221; custom_padding=&#8221;0px||0px||true|false&#8221; global_colors_info=&#8221;{}&#8221;][et_pb_column type=&#8221;4_4&#8243; _builder_version=&#8221;4.20.0&#8243; _module_preset=&#8221;default&#8221; global_colors_info=&#8221;{}&#8221;][et_pb_image src=&#8221;https:\/\/www.hvar.com\/wp-content\/uploads\/2024\/04\/alavia.jpg&#8221; alt=&#8221;alavia&#8221; title_text=&#8221;alavia&#8221; align=&#8221;center&#8221; _builder_version=&#8221;4.24.3&#8243; _module_preset=&#8221;default&#8221; global_colors_info=&#8221;{}&#8221;][\/et_pb_image][\/et_pb_column][\/et_pb_row][\/et_pb_section][et_pb_section fb_built=&#8221;1&#8243; use_custom_gutter=&#8221;on&#8221; gutter_width=&#8221;2&#8243; specialty=&#8221;on&#8221; _builder_version=&#8221;4.20.0&#8243; _module_preset=&#8221;default&#8221; custom_padding=&#8221;15px|||||&#8221; global_colors_info=&#8221;{}&#8221;][et_pb_column type=&#8221;1_3&#8243; _builder_version=&#8221;4.16&#8243; custom_padding=&#8221;|||&#8221; global_colors_info=&#8221;{}&#8221; custom_padding__hover=&#8221;|||&#8221;][et_pb_text _builder_version=&#8221;4.23&#8243; _module_preset=&#8221;default&#8221; header_4_font=&#8221;|700|||||||&#8221; custom_margin=&#8221;||0px||false|false&#8221; custom_padding=&#8221;||0px||false|false&#8221; global_colors_info=&#8221;{}&#8221;]<\/p>\n<h4>Tip restorana:<\/h4>\n<p>[\/et_pb_text][et_pb_text _builder_version=&#8221;4.24.3&#8243; _module_preset=&#8221;default&#8221; header_4_font=&#8221;|700|||||||&#8221; custom_margin=&#8221;0px||||false|false&#8221; custom_padding=&#8221;0px||||false|false&#8221; global_colors_info=&#8221;{}&#8221;]<\/p>\n<p>Tradicionalan &amp; Moderan Restoran<\/p>\n<p>[\/et_pb_text][et_pb_blurb title=&#8221;Web stranica&#8221; url=&#8221;https:\/\/alavia-soulfood.com\/&#8221; use_icon=&#8221;on&#8221; font_icon=&#8221;&#xf0c1;||fa||900&#8243; icon_color=&#8221;gcid-0e08fed6-92a3-4c3a-accb-2559072c0a6c&#8221; icon_placement=&#8221;left&#8221; image_icon_width=&#8221;19px&#8221; _builder_version=&#8221;4.24.3&#8243; _module_preset=&#8221;default&#8221; header_font=&#8221;|600|||||||&#8221; header_text_align=&#8221;left&#8221; header_font_size=&#8221;17px&#8221; module_alignment=&#8221;left&#8221; custom_margin=&#8221;||13px||false|false&#8221; custom_padding=&#8221;||0px||false|false&#8221; global_colors_info=&#8221;{%22gcid-0e08fed6-92a3-4c3a-accb-2559072c0a6c%22:%91%22icon_color%22,%22icon_color%22%93}&#8221;][\/et_pb_blurb][et_pb_blurb title=&#8221;+385 91 358 5376&#8243; url=&#8221;tel:+38521742999&#8243; use_icon=&#8221;on&#8221; font_icon=&#8221;&#xf879;||fa||900&#8243; icon_color=&#8221;gcid-0e08fed6-92a3-4c3a-accb-2559072c0a6c&#8221; icon_placement=&#8221;left&#8221; image_icon_width=&#8221;19px&#8221; _builder_version=&#8221;4.24.3&#8243; _module_preset=&#8221;default&#8221; header_font=&#8221;|600|||||||&#8221; header_text_align=&#8221;left&#8221; header_font_size=&#8221;17px&#8221; module_alignment=&#8221;left&#8221; custom_margin=&#8221;||13px||false|false&#8221; custom_padding=&#8221;||0px||false|false&#8221; global_colors_info=&#8221;{%22gcid-0e08fed6-92a3-4c3a-accb-2559072c0a6c%22:%91%22icon_color%22,%22icon_color%22%93}&#8221;][\/et_pb_blurb][et_pb_blurb title=&#8221;Google maps adresa&#8221; url=&#8221;#lokacijarestorana&#8221; use_icon=&#8221;on&#8221; font_icon=&#8221;&#xe081;||divi||400&#8243; icon_color=&#8221;gcid-0e08fed6-92a3-4c3a-accb-2559072c0a6c&#8221; icon_placement=&#8221;left&#8221; image_icon_width=&#8221;19px&#8221; _builder_version=&#8221;4.24.3&#8243; _module_preset=&#8221;default&#8221; header_font=&#8221;|600|||||||&#8221; header_text_align=&#8221;left&#8221; header_font_size=&#8221;17px&#8221; module_alignment=&#8221;left&#8221; custom_margin=&#8221;||13px||false|false&#8221; custom_padding=&#8221;||0px||false|false&#8221; global_colors_info=&#8221;{%22gcid-0e08fed6-92a3-4c3a-accb-2559072c0a6c%22:%91%22icon_color%22,%22icon_color%22%93}&#8221;][\/et_pb_blurb][et_pb_blurb title=&#8221;Radno vrijeme&#8221; use_icon=&#8221;on&#8221; font_icon=&#8221;&#xf017;||fa||400&#8243; icon_color=&#8221;gcid-0e08fed6-92a3-4c3a-accb-2559072c0a6c&#8221; icon_placement=&#8221;left&#8221; image_icon_width=&#8221;19px&#8221; _builder_version=&#8221;4.24.3&#8243; _module_preset=&#8221;default&#8221; header_font=&#8221;|600|||||||&#8221; header_text_align=&#8221;left&#8221; header_font_size=&#8221;17px&#8221; module_alignment=&#8221;left&#8221; custom_margin=&#8221;||13px||false|false&#8221; custom_padding=&#8221;||0px||false|false&#8221; global_colors_info=&#8221;{%22gcid-0e08fed6-92a3-4c3a-accb-2559072c0a6c%22:%91%22icon_color%22,%22icon_color%22%93}&#8221;]<\/p>\n<p>Ponedjeljak 10:00 \u2013 18:00<br \/>Utorak 10:00 \u2013 18:00<br \/>Srijeda 10:00 \u2013 18:00<br \/>\u010cetvrtak 10:00 \u2013 18:00<br \/>Petak 10:00 \u2013 18:00<br \/>Subota 10:00 \u2013 18:00<br \/>Nedjelja 10:00 \u2013 18:00<\/p>\n<p>[\/et_pb_blurb][\/et_pb_column][et_pb_column type=&#8221;2_3&#8243; specialty_columns=&#8221;2&#8243; _builder_version=&#8221;4.16&#8243; custom_padding=&#8221;|||&#8221; global_colors_info=&#8221;{}&#8221; custom_padding__hover=&#8221;|||&#8221;][et_pb_row_inner _builder_version=&#8221;4.20.0&#8243; _module_preset=&#8221;default&#8221; global_colors_info=&#8221;{}&#8221;][et_pb_column_inner saved_specialty_column_type=&#8221;2_3&#8243; _builder_version=&#8221;4.20.0&#8243; _module_preset=&#8221;default&#8221; global_colors_info=&#8221;{}&#8221;][et_pb_text _builder_version=&#8221;4.24.3&#8243; _module_preset=&#8221;default&#8221; header_2_font=&#8221;|700|||||||&#8221; hover_enabled=&#8221;0&#8243; global_colors_info=&#8221;{}&#8221; sticky_enabled=&#8221;0&#8243;]<\/p>\n<h2>O restoranu Alavia<\/h2>\n<p>Smje\u0161ten u srcu jednog od najpoznatijih hrvatskih otoka, Alavia restoran Hvar pravo je otkri\u0107e za sve ljubitelje mediteranske kuhinje. Ovaj elegantni restoran nudi autenti\u010dno iskustvo obilje\u017eeno tradicionalnim otvaranjem vrata prema bogatstvu okusa, mirisa i tekstura koje samo Mediteran mo\u017ee pru\u017eiti. Od svje\u017ee ulovljene ribe do zrelih plodova masline, svaki zalogaj u Alavia restoranu postaje putovanje kroz vrijeme i prostor, od drevnih gr\u010dkih obala do modernih hvarskih terasa s pogledom na azurno more. Za\u010dini poput ru\u017emarina, timijana i origana, koji rastu na sun\u010danim padinama otoka, koriste se ne samo da pobolj\u0161aju okus svje\u017eih namirnica ve\u0107 i da gostima pribli\u017ee esenciju mediteranskog na\u010dina \u017eivota.<\/p>\n<p>Pa\u017eljivo birane masline, kapare i doma\u0107i sirevi temelj su za neodoljive predjela koje Alavia restoran nudi. Kuhinja se oslanja na sezonske sastojke, \u010dime se osigurava da svaki obrok odra\u017eava pravu sliku trenutne ponude otoka Hvar. U Alavia restoranu, gosti mogu u\u017eivati u klasi\u010dnim jelima poput brudeta, pa\u0161ticade ili ribe na gradelama, ali i u modernim interpretacijama koje prate suvremene gastronomske trendove. Kreativnost kuhara dolazi do izra\u017eaja u svakom tanjuru, pa tako i najzahtjevniji gurmani mogu o\u010dekivati zadovoljstvo svojih nepca. Osim toga, vinska karta restorana pa\u017eljivo je odabrana kako bi se savr\u0161eno uparila s jelima, \u010dime se zaokru\u017euje cijeli do\u017eivljaj i stvara harmonija okusa. Posjet Alavia restoranu Hvar ne\u0107e biti samo obrok, ve\u0107 istinsko gastronomsko putovanje koje \u0107e vam omogu\u0107iti da kroz svaki zalogaj do\u017eivite duh i tradiciju Mediterana, a sve to u ambijentu koji odra\u017eava ljepotu i eleganciju hvarskog krajolika.<\/p>\n<p>Ukoliko tra\u017eite idealno mjesto za provesti romanti\u010dnu ve\u010der, Alavia restoran Hvar predstavlja izbor koji \u0107e nadma\u0161iti sva o\u010dekivanja. U intimnoj atmosferi, uz svjetlost svije\u0107a i blagi povjetarac koji donosi mirise lavande i mora, svaki trenutak proveden ovdje postaje dio nezaboravne uspomene. S pogledom na zvjezdano nebo i uz zvukove valova, romanti\u010dni ambijent postaje savr\u0161ena kulisa za ve\u010dere koje obilje\u017eavaju posebne prigode ili jednostavno oboga\u0107uju odnos dvoje ljudi. Za\u010dinjene romanti\u010dnom atmosferom, ve\u010deri u Alavia restoranu postaju ne samo gastronomski nego i emotivni do\u017eivljaj. Jela koja se poslu\u017euju odra\u017eavaju strast kuhara prema kulinarskoj umjetnosti, a svaki obrok je pa\u017eljivo pripremljen kako bi zadovoljio i najistan\u010danije ukuse.<\/p>\n<p>Od predjela pa do desertnih delicija, svaki korak ve\u010dere je pa\u017eljivo osmi\u0161ljen kako bi se stvorio skladan ritam koji parove vodi kroz ve\u010der punu u\u017eitaka. Poseban naglasak stavlja se na svje\u017einu i kvalitetu sastojaka, gdje lokalno ulovljena riba i plodovi mora zauzimaju centralno mjesto na meniju. Alavia restoran Hvar tako postaje mjesto gdje se okusi Jadranskog mora pretapaju u kulinarska remek-djela. Isto tako, ljubav prema lokalnim sastojcima jasno se vidi u ponudi vina, gdje doma\u0107i vinari imaju priliku predstaviti svoje najbolje etikete koje savr\u0161eno prate svako jelo. Svaki posjetitelj ovog restorana mo\u017ee o\u010dekivati da \u0107e biti tretiran s posebnom pa\u017enjom, a osoblje restorana u\u010dinit \u0107e sve kako bi svaka ve\u010der bila ispunjena ugodnim iznena\u0111enjima i pa\u017enjom posve\u0107enom detaljima. U Alavia restoranu Hvar, romantika i vrhunska gastronomija spajaju se u jedinstveno iskustvo, ostavljaju\u0107i sve goste s osje\u0107ajem bla\u017eenstva i \u017eeljom za ponovnim dolaskom.<\/p>\n<p>Alavia restoran Hvar sinonim je za gastronomsku izvrsnost i spoj tradicije s modernim pristupom kuhanju, \u0161to ga \u010dini savr\u0161enim mjestom za sve one koji \u017eude za vrhunskim kulinarskim do\u017eivljajem. Od trenutka kada kro\u010dite u ovo jedinstveno okru\u017eenje, osjetit \u0107ete toplinu gostoljubivosti i profesionalnost osoblja koje je posve\u0107eno tome da va\u0161 boravak u\u010dini nezaboravnim. Ovdje se svaki obrok pretvara u pravu gastronomsku senzaciju, stvaraju\u0107i do\u017eivljaj koji zadovoljava i najzahtjevnije gurmane. Kroz prozore restorana pru\u017ea se zadivljuju\u0107i pogled na slikovite hvarske pejza\u017ee, dodatno nagla\u0161avaju\u0107i atmosferu koja prati svaku ve\u010deru. U Alavia restoranu, posve\u0107enost detaljima vidljiva je u svemu, od pa\u017eljivo postavljenog stola do izbora glazbe koja prati ritam ve\u010deri.<\/p>\n<p>Svaki zalogaj jela koja izlaze iz kuhinje restorana predstavlja simfoniju okusa koja govori pri\u010du o lokalnim proizvodima i kreativnosti kuhara. Primjena najnovijih kulinarskih tehnika uz po\u0161tivanje tradicionalnih recepata \u010dini da se u Alavia restoranu Hvar spoj pro\u0161losti i sada\u0161njosti odvija na tanjuru pred vama. Izbor vina koja prate jela sastavni je dio ove gastronomske simfonije, s posebnim fokusom na etikete koje dolaze s hvarskih vinograda, poznatih po svojoj kvaliteti i karakteru. Bilo da je rije\u010d o poslovnom ru\u010dku, obiteljskom okupljanju ili slavlju posebnih trenutaka, Alavia restoran Hvar pru\u017ea idealnu pozornicu za svaku priliku. U ovom restoranu svaki gost postaje dio pri\u010de koja se pamti i koja poziva na povratak, a kvaliteta usluge i izvanredna kuhinja klju\u010dni su razlozi zbog kojih se gosti iznova vra\u0107aju. Uistinu, Alavia restoran je mjesto gdje se svaki gastronomski u\u017eitak slavi s posebnom pa\u017enjom i gdje se kvaliteta nikada ne dovodi u pitanje.<\/p>\n<p>[\/et_pb_text][et_pb_text _builder_version=&#8221;4.24.3&#8243; _module_preset=&#8221;default&#8221; header_2_font=&#8221;|700|||||||&#8221; hover_enabled=&#8221;0&#8243; global_colors_info=&#8221;{}&#8221; sticky_enabled=&#8221;0&#8243;]<\/p>\n<h2>Lokacija restorana<\/h2>\n<p>[\/et_pb_text][et_pb_code module_id=&#8221;lokacijarestorana&#8221; _builder_version=&#8221;4.24.3&#8243; _module_preset=&#8221;default&#8221; global_colors_info=&#8221;{}&#8221;]<ins class=\"bookingaff\" data-aid=\"2340087\" data-target_aid=\"2340087\" data-prod=\"map\" data-width=\"100%\" data-height=\"590\" data-lang=\"ualng\" data-dest_id=\"0\" data-dest_type=\"landmark\" data-latitude=\"43.17039\" data-longitude=\"16.53128\" data-landmark_name=\"Hvar\" data-mwhsb=\"0\" data-address=\"Hvar, Croatia\"><!-- [et_pb_line_break_holder] -->    <!-- Anything inside will go away once widget is loaded. --><!-- [et_pb_line_break_holder] -->        <a href=\"\/\/www.booking.com?aid=2340087\">Booking.com<\/a><!-- [et_pb_line_break_holder] --><\/ins><!-- [et_pb_line_break_holder] --><script type=\"text\/javascript\"><!-- [et_pb_line_break_holder] -->    (function(d, sc, u) {<!-- [et_pb_line_break_holder] -->      var s = d.createElement(sc), p = d.getElementsByTagName(sc)[0];<!-- [et_pb_line_break_holder] -->      s.type = 'text\/javascript';<!-- [et_pb_line_break_holder] -->      s.async = true;<!-- [et_pb_line_break_holder] -->      s.src = u + '?v=' + (+new Date());<!-- [et_pb_line_break_holder] -->      p.parentNode.insertBefore(s,p);<!-- [et_pb_line_break_holder] -->      })(document, 'script', '\/\/cf.bstatic.com\/static\/affiliate_base\/js\/flexiproduct.js');<!-- [et_pb_line_break_holder] --><\/script>[\/et_pb_code][et_pb_text _builder_version=&#8221;4.23&#8243; _module_preset=&#8221;default&#8221; header_3_font=&#8221;|700|||||||&#8221; custom_margin=&#8221;50px||15px||false|false&#8221; global_colors_info=&#8221;{}&#8221;]<\/p>\n<h3>Galerija<\/h3>\n<p>[\/et_pb_text][et_pb_gallery gallery_ids=&#8221;1433,1434,1435,1436&#8243; posts_number=&#8221;6&#8243; show_title_and_caption=&#8221;off&#8221; show_pagination=&#8221;off&#8221; _builder_version=&#8221;4.24.3&#8243; _module_preset=&#8221;default&#8221; hover_enabled=&#8221;0&#8243; global_colors_info=&#8221;{}&#8221; sticky_enabled=&#8221;0&#8243;][\/et_pb_gallery][\/et_pb_column_inner][\/et_pb_row_inner][\/et_pb_column][\/et_pb_section]<\/p>\n","protected":false},"excerpt":{"rendered":"<p>Restoran AlaviaTip restorana:Tradicionalan &amp; Moderan RestoranPonedjeljak 10:00 \u2013 18:00Utorak 10:00 \u2013 18:00Srijeda 10:00 \u2013 18:00\u010cetvrtak 10:00 \u2013 18:00Petak 10:00 \u2013 18:00Subota 10:00 \u2013 18:00Nedjelja 10:00 \u2013 18:00O restoranu Alavia Smje\u0161ten u srcu jednog od najpoznatijih hrvatskih otoka, Alavia restoran Hvar pravo je otkri\u0107e za sve ljubitelje mediteranske kuhinje. Ovaj elegantni restoran nudi autenti\u010dno iskustvo obilje\u017eeno [&hellip;]<\/p>\n","protected":false},"author":1,"featured_media":0,"parent":315,"menu_order":0,"comment_status":"closed","ping_status":"closed","template":"","meta":{"_et_pb_use_builder":"on","_et_pb_old_content":"","_et_gb_content_width":"","inline_featured_image":false,"footnotes":""},"categories":[],"tags":[],"class_list":["post-1424","page","type-page","status-publish","hentry"],"yoast_head":"<!-- This site is optimized with the Yoast SEO Premium plugin v27.4 (Yoast SEO v27.4) - https:\/\/yoast.com\/product\/yoast-seo-premium-wordpress\/ -->\n<title>Restoran Alavia - Hvar.com<\/title>\n<meta name=\"description\" content=\"Smje\u0161ten u srcu jednog od najpoznatijih hrvatskih otoka, Alavia restoran Hvar pravo je otkri\u0107e za sve ljubitelje mediteranske kuhinje.\" \/>\n<meta name=\"robots\" content=\"index, follow, max-snippet:-1, max-image-preview:large, max-video-preview:-1\" \/>\n<link rel=\"canonical\" href=\"https:\/\/www.hvar.com\/hr\/restorani\/alavia\/\" \/>\n<meta property=\"og:locale\" content=\"hr_HR\" \/>\n<meta property=\"og:type\" content=\"article\" \/>\n<meta property=\"og:title\" content=\"Alavia\" \/>\n<meta property=\"og:description\" content=\"Smje\u0161ten u srcu jednog od najpoznatijih hrvatskih otoka, Alavia restoran Hvar pravo je otkri\u0107e za sve ljubitelje mediteranske kuhinje.\" \/>\n<meta property=\"og:url\" content=\"https:\/\/www.hvar.com\/hr\/restorani\/alavia\/\" \/>\n<meta property=\"og:site_name\" content=\"Hvar island Croatia\" \/>\n<meta property=\"article:modified_time\" content=\"2024-04-09T14:58:09+00:00\" \/>\n<meta name=\"twitter:card\" content=\"summary_large_image\" \/>\n<meta name=\"twitter:label1\" content=\"Procijenjeno vrijeme \u010ditanja\" \/>\n\t<meta name=\"twitter:data1\" content=\"5 minuta\" \/>\n<script type=\"application\/ld+json\" class=\"yoast-schema-graph\">{\"@context\":\"https:\\\/\\\/schema.org\",\"@graph\":[{\"@type\":\"WebPage\",\"@id\":\"https:\\\/\\\/www.hvar.com\\\/hr\\\/restorani\\\/alavia\\\/\",\"url\":\"https:\\\/\\\/www.hvar.com\\\/hr\\\/restorani\\\/alavia\\\/\",\"name\":\"Restoran Alavia - Hvar.com\",\"isPartOf\":{\"@id\":\"https:\\\/\\\/www.hvar.com\\\/hr\\\/#website\"},\"datePublished\":\"2024-04-09T14:53:37+00:00\",\"dateModified\":\"2024-04-09T14:58:09+00:00\",\"description\":\"Smje\u0161ten u srcu jednog od najpoznatijih hrvatskih otoka, Alavia restoran Hvar pravo je otkri\u0107e za sve ljubitelje mediteranske kuhinje.\",\"breadcrumb\":{\"@id\":\"https:\\\/\\\/www.hvar.com\\\/hr\\\/restorani\\\/alavia\\\/#breadcrumb\"},\"inLanguage\":\"hr\",\"potentialAction\":[{\"@type\":\"ReadAction\",\"target\":[\"https:\\\/\\\/www.hvar.com\\\/hr\\\/restorani\\\/alavia\\\/\"]}]},{\"@type\":\"BreadcrumbList\",\"@id\":\"https:\\\/\\\/www.hvar.com\\\/hr\\\/restorani\\\/alavia\\\/#breadcrumb\",\"itemListElement\":[{\"@type\":\"ListItem\",\"position\":1,\"name\":\"Home\",\"item\":\"https:\\\/\\\/www.hvar.com\\\/hr\\\/\"},{\"@type\":\"ListItem\",\"position\":2,\"name\":\"Restorani\",\"item\":\"https:\\\/\\\/www.hvar.com\\\/hr\\\/restorani\\\/\"},{\"@type\":\"ListItem\",\"position\":3,\"name\":\"Alavia\"}]},{\"@type\":\"WebSite\",\"@id\":\"https:\\\/\\\/www.hvar.com\\\/hr\\\/#website\",\"url\":\"https:\\\/\\\/www.hvar.com\\\/hr\\\/\",\"name\":\"Hvar island Croatia\",\"description\":\"hvar, hvar croatia, hvar island\",\"potentialAction\":[{\"@type\":\"SearchAction\",\"target\":{\"@type\":\"EntryPoint\",\"urlTemplate\":\"https:\\\/\\\/www.hvar.com\\\/hr\\\/?s={search_term_string}\"},\"query-input\":{\"@type\":\"PropertyValueSpecification\",\"valueRequired\":true,\"valueName\":\"search_term_string\"}}],\"inLanguage\":\"hr\"}]}<\/script>\n<!-- \/ Yoast SEO Premium plugin. -->","yoast_head_json":{"title":"Restoran Alavia - Hvar.com","description":"Smje\u0161ten u srcu jednog od najpoznatijih hrvatskih otoka, Alavia restoran Hvar pravo je otkri\u0107e za sve ljubitelje mediteranske kuhinje.","robots":{"index":"index","follow":"follow","max-snippet":"max-snippet:-1","max-image-preview":"max-image-preview:large","max-video-preview":"max-video-preview:-1"},"canonical":"https:\/\/www.hvar.com\/hr\/restorani\/alavia\/","og_locale":"hr_HR","og_type":"article","og_title":"Alavia","og_description":"Smje\u0161ten u srcu jednog od najpoznatijih hrvatskih otoka, Alavia restoran Hvar pravo je otkri\u0107e za sve ljubitelje mediteranske kuhinje.","og_url":"https:\/\/www.hvar.com\/hr\/restorani\/alavia\/","og_site_name":"Hvar island Croatia","article_modified_time":"2024-04-09T14:58:09+00:00","twitter_card":"summary_large_image","twitter_misc":{"Procijenjeno vrijeme \u010ditanja":"5 minuta"},"schema":{"@context":"https:\/\/schema.org","@graph":[{"@type":"WebPage","@id":"https:\/\/www.hvar.com\/hr\/restorani\/alavia\/","url":"https:\/\/www.hvar.com\/hr\/restorani\/alavia\/","name":"Restoran Alavia - Hvar.com","isPartOf":{"@id":"https:\/\/www.hvar.com\/hr\/#website"},"datePublished":"2024-04-09T14:53:37+00:00","dateModified":"2024-04-09T14:58:09+00:00","description":"Smje\u0161ten u srcu jednog od najpoznatijih hrvatskih otoka, Alavia restoran Hvar pravo je otkri\u0107e za sve ljubitelje mediteranske kuhinje.","breadcrumb":{"@id":"https:\/\/www.hvar.com\/hr\/restorani\/alavia\/#breadcrumb"},"inLanguage":"hr","potentialAction":[{"@type":"ReadAction","target":["https:\/\/www.hvar.com\/hr\/restorani\/alavia\/"]}]},{"@type":"BreadcrumbList","@id":"https:\/\/www.hvar.com\/hr\/restorani\/alavia\/#breadcrumb","itemListElement":[{"@type":"ListItem","position":1,"name":"Home","item":"https:\/\/www.hvar.com\/hr\/"},{"@type":"ListItem","position":2,"name":"Restorani","item":"https:\/\/www.hvar.com\/hr\/restorani\/"},{"@type":"ListItem","position":3,"name":"Alavia"}]},{"@type":"WebSite","@id":"https:\/\/www.hvar.com\/hr\/#website","url":"https:\/\/www.hvar.com\/hr\/","name":"Hvar island Croatia","description":"hvar, hvar croatia, hvar island","potentialAction":[{"@type":"SearchAction","target":{"@type":"EntryPoint","urlTemplate":"https:\/\/www.hvar.com\/hr\/?s={search_term_string}"},"query-input":{"@type":"PropertyValueSpecification","valueRequired":true,"valueName":"search_term_string"}}],"inLanguage":"hr"}]}},"_links":{"self":[{"href":"https:\/\/www.hvar.com\/hr\/wp-json\/wp\/v2\/pages\/1424","targetHints":{"allow":["GET"]}}],"collection":[{"href":"https:\/\/www.hvar.com\/hr\/wp-json\/wp\/v2\/pages"}],"about":[{"href":"https:\/\/www.hvar.com\/hr\/wp-json\/wp\/v2\/types\/page"}],"author":[{"embeddable":true,"href":"https:\/\/www.hvar.com\/hr\/wp-json\/wp\/v2\/users\/1"}],"replies":[{"embeddable":true,"href":"https:\/\/www.hvar.com\/hr\/wp-json\/wp\/v2\/comments?post=1424"}],"version-history":[{"count":1,"href":"https:\/\/www.hvar.com\/hr\/wp-json\/wp\/v2\/pages\/1424\/revisions"}],"predecessor-version":[{"id":2285,"href":"https:\/\/www.hvar.com\/hr\/wp-json\/wp\/v2\/pages\/1424\/revisions\/2285"}],"up":[{"embeddable":true,"href":"https:\/\/www.hvar.com\/hr\/wp-json\/wp\/v2\/pages\/315"}],"wp:attachment":[{"href":"https:\/\/www.hvar.com\/hr\/wp-json\/wp\/v2\/media?parent=1424"}],"wp:term":[{"taxonomy":"category","embeddable":true,"href":"https:\/\/www.hvar.com\/hr\/wp-json\/wp\/v2\/categories?post=1424"},{"taxonomy":"post_tag","embeddable":true,"href":"https:\/\/www.hvar.com\/hr\/wp-json\/wp\/v2\/tags?post=1424"}],"curies":[{"name":"wp","href":"https:\/\/api.w.org\/{rel}","templated":true}]}}