{"id":1375,"date":"2024-04-09T12:55:45","date_gmt":"2024-04-09T12:55:45","guid":{"rendered":"https:\/\/www.hvar.com\/?page_id=1375"},"modified":"2024-04-09T14:14:31","modified_gmt":"2024-04-09T14:14:31","slug":"totos","status":"publish","type":"page","link":"https:\/\/www.hvar.com\/hr\/restorani\/totos\/","title":{"rendered":"Toto\u2019s"},"content":{"rendered":"<p>[et_pb_section fb_built=&#8221;1&#8243; _builder_version=&#8221;4.20.0&#8243; _module_preset=&#8221;default&#8221; custom_padding=&#8221;20px||20px||false|false&#8221; global_colors_info=&#8221;{}&#8221;][et_pb_row _builder_version=&#8221;4.20.0&#8243; _module_preset=&#8221;default&#8221; custom_padding=&#8221;15px||15px||true|false&#8221; global_colors_info=&#8221;{}&#8221;][et_pb_column type=&#8221;4_4&#8243; _builder_version=&#8221;4.20.0&#8243; _module_preset=&#8221;default&#8221; global_colors_info=&#8221;{}&#8221;][et_pb_text _builder_version=&#8221;4.24.3&#8243; _module_preset=&#8221;default&#8221; header_font=&#8221;|700|||||||&#8221; header_font_size=&#8221;34px&#8221; global_colors_info=&#8221;{}&#8221;]<\/p>\n<h1>Restoran Toto\u2019s<\/h1>\n<p>[\/et_pb_text][\/et_pb_column][\/et_pb_row][et_pb_row module_class=&#8221;reviewpage-img&#8221; _builder_version=&#8221;4.20.0&#8243; _module_preset=&#8221;default&#8221; max_height=&#8221;700px&#8221; custom_padding=&#8221;0px||0px||true|false&#8221; global_colors_info=&#8221;{}&#8221;][et_pb_column type=&#8221;4_4&#8243; _builder_version=&#8221;4.20.0&#8243; _module_preset=&#8221;default&#8221; global_colors_info=&#8221;{}&#8221;][et_pb_image src=&#8221;https:\/\/www.hvar.com\/wp-content\/uploads\/2024\/04\/totos-restaurant.jpg&#8221; alt=&#8221;totos restoran&#8221; title_text=&#8221;totos restoran&#8221; align=&#8221;center&#8221; _builder_version=&#8221;4.24.3&#8243; _module_preset=&#8221;default&#8221; global_colors_info=&#8221;{}&#8221;][\/et_pb_image][\/et_pb_column][\/et_pb_row][\/et_pb_section][et_pb_section fb_built=&#8221;1&#8243; use_custom_gutter=&#8221;on&#8221; gutter_width=&#8221;2&#8243; specialty=&#8221;on&#8221; _builder_version=&#8221;4.20.0&#8243; _module_preset=&#8221;default&#8221; custom_padding=&#8221;15px|||||&#8221; global_colors_info=&#8221;{}&#8221;][et_pb_column type=&#8221;1_3&#8243; _builder_version=&#8221;4.16&#8243; custom_padding=&#8221;|||&#8221; global_colors_info=&#8221;{}&#8221; custom_padding__hover=&#8221;|||&#8221;][et_pb_text _builder_version=&#8221;4.24.3&#8243; _module_preset=&#8221;default&#8221; header_4_font=&#8221;|700|||||||&#8221; custom_margin=&#8221;||0px||false|false&#8221; custom_padding=&#8221;||0px||false|false&#8221; global_colors_info=&#8221;{}&#8221;]<\/p>\n<h4>Tip restorana:<\/h4>\n<p>[\/et_pb_text][et_pb_text _builder_version=&#8221;4.24.3&#8243; _module_preset=&#8221;default&#8221; header_4_font=&#8221;|700|||||||&#8221; custom_margin=&#8221;0px||||false|false&#8221; custom_padding=&#8221;0px||||false|false&#8221; global_colors_info=&#8221;{}&#8221;]<\/p>\n<p>Riblji restoran<\/p>\n<p>[\/et_pb_text][et_pb_blurb title=&#8221;Web stranica&#8221; url=&#8221;https:\/\/totos.eu\/&#8221; use_icon=&#8221;on&#8221; font_icon=&#8221;&#xf0c1;||fa||900&#8243; icon_color=&#8221;gcid-0e08fed6-92a3-4c3a-accb-2559072c0a6c&#8221; icon_placement=&#8221;left&#8221; image_icon_width=&#8221;19px&#8221; _builder_version=&#8221;4.24.3&#8243; _module_preset=&#8221;default&#8221; header_font=&#8221;|600|||||||&#8221; header_text_align=&#8221;left&#8221; header_font_size=&#8221;17px&#8221; module_alignment=&#8221;left&#8221; custom_margin=&#8221;||13px||false|false&#8221; custom_padding=&#8221;||0px||false|false&#8221; global_colors_info=&#8221;{%22gcid-0e08fed6-92a3-4c3a-accb-2559072c0a6c%22:%91%22icon_color%22,%22icon_color%22%93}&#8221;][\/et_pb_blurb][et_pb_blurb title=&#8221;+385 21 718 242&#8243; url=&#8221;tel:+38521742999&#8243; use_icon=&#8221;on&#8221; font_icon=&#8221;&#xf879;||fa||900&#8243; icon_color=&#8221;gcid-0e08fed6-92a3-4c3a-accb-2559072c0a6c&#8221; icon_placement=&#8221;left&#8221; image_icon_width=&#8221;19px&#8221; _builder_version=&#8221;4.24.3&#8243; _module_preset=&#8221;default&#8221; header_font=&#8221;|600|||||||&#8221; header_text_align=&#8221;left&#8221; header_font_size=&#8221;17px&#8221; module_alignment=&#8221;left&#8221; custom_margin=&#8221;||13px||false|false&#8221; custom_padding=&#8221;||0px||false|false&#8221; global_colors_info=&#8221;{%22gcid-0e08fed6-92a3-4c3a-accb-2559072c0a6c%22:%91%22icon_color%22,%22icon_color%22%93}&#8221;][\/et_pb_blurb][et_pb_blurb title=&#8221;Google maps adresa&#8221; url=&#8221;#lokacijarestorana&#8221; use_icon=&#8221;on&#8221; font_icon=&#8221;&#xe081;||divi||400&#8243; icon_color=&#8221;gcid-0e08fed6-92a3-4c3a-accb-2559072c0a6c&#8221; icon_placement=&#8221;left&#8221; image_icon_width=&#8221;19px&#8221; _builder_version=&#8221;4.24.3&#8243; _module_preset=&#8221;default&#8221; header_font=&#8221;|600|||||||&#8221; header_text_align=&#8221;left&#8221; header_font_size=&#8221;17px&#8221; module_alignment=&#8221;left&#8221; custom_margin=&#8221;||13px||false|false&#8221; custom_padding=&#8221;||0px||false|false&#8221; global_colors_info=&#8221;{%22gcid-0e08fed6-92a3-4c3a-accb-2559072c0a6c%22:%91%22icon_color%22,%22icon_color%22%93}&#8221;][\/et_pb_blurb][et_pb_blurb title=&#8221;Radno vrijeme&#8221; use_icon=&#8221;on&#8221; font_icon=&#8221;&#xf017;||fa||400&#8243; icon_color=&#8221;gcid-0e08fed6-92a3-4c3a-accb-2559072c0a6c&#8221; icon_placement=&#8221;left&#8221; image_icon_width=&#8221;19px&#8221; _builder_version=&#8221;4.24.3&#8243; _module_preset=&#8221;default&#8221; header_font=&#8221;|600|||||||&#8221; header_text_align=&#8221;left&#8221; header_font_size=&#8221;17px&#8221; module_alignment=&#8221;left&#8221; custom_margin=&#8221;||13px||false|false&#8221; custom_padding=&#8221;||0px||false|false&#8221; global_colors_info=&#8221;{%22gcid-0e08fed6-92a3-4c3a-accb-2559072c0a6c%22:%91%22icon_color%22,%22icon_color%22%93}&#8221;]<\/p>\n<p>MONDAY-FRIDAY &#8211; 09:00-24:00<br \/>SATURDAY &#8211; 09:00-24:00<br \/>SUNDAY &#8211; 09:00-24:00<\/p>\n<p>[\/et_pb_blurb][\/et_pb_column][et_pb_column type=&#8221;2_3&#8243; specialty_columns=&#8221;2&#8243; _builder_version=&#8221;4.16&#8243; custom_padding=&#8221;|||&#8221; global_colors_info=&#8221;{}&#8221; custom_padding__hover=&#8221;|||&#8221;][et_pb_row_inner _builder_version=&#8221;4.20.0&#8243; _module_preset=&#8221;default&#8221; global_colors_info=&#8221;{}&#8221;][et_pb_column_inner saved_specialty_column_type=&#8221;2_3&#8243; _builder_version=&#8221;4.20.0&#8243; _module_preset=&#8221;default&#8221; global_colors_info=&#8221;{}&#8221;][et_pb_text _builder_version=&#8221;4.24.3&#8243; _module_preset=&#8221;default&#8221; header_2_font=&#8221;|700|||||||&#8221; global_colors_info=&#8221;{}&#8221;]<\/p>\n<h2>O restoranu Toto\u2019s\u200b<\/h2>\n<p>Toto\u2019s restoran mjesto je gdje gosti mogu uroniti u bogatstvo i raznolikost mediteranske kuhinje. Smje\u0161ten u srcu \u010darobnog Hvara na Paklenim otocima, ovaj ugledni restoran ponosi se izvrsno\u0161\u0107u u spravljanju tradicionalnih jela koja su impregnirana su\u0161tinom Jadrana. Svaki zalogaj odra\u017eava strast i po\u0161tovanje prema lokalnim sastojcima, koje kuharski majstori pa\u017eljivo biraju na dnevnoj bazi. Sve\u017ee ulovljena riba, \u0161koljke i plodovi mora samo su neki od dragulja koji se mogu prona\u0107i na meniju, a koji su pripremljeni s ciljem o\u010duvanja autenti\u010dnog ukusa i kvalitete. Za\u010dinsko bilje poput lavande, ru\u017emarina i kadulje, zajedno s maslinovim uljem najvi\u0161e kvalitete, odli\u010dno se uklapaju u paletu okusa i mirisa koji definiraju jela u Toto\u2019s restoranu Hvar.<\/p>\n<p>Posjetitelji tako\u0111er mogu u\u017eivati u raznim tjesteninama, doma\u0107em kruhu i pa\u017eljivo odabranim sirevima s lokalnih farmi. Sve to upotpunjeno je kvalitetnom selekcijom vina, koja savr\u0161eno pristaje uz bogatstvo okusa koji se serviraju na tanjurima. Ovo gastronomsko putovanje oboga\u0107uje svako pojedino iskustvo, bilo da se radi o laganoj ve\u010deri ili obiteljskom objedu. Posve\u0107enost detaljima i strast prema gostoljubivosti ono je \u0161to Toto&#8217;s restoran \u010dini ne samo mjestom za obrok, ve\u0107 destinacijom za pravi eno-gastronomski u\u017eitak. U Toto\u2019s restoranu , svaki obrok je prilika da se upustite u jedinstvenu avanturu okusa i mirisa, gdje se tradicija savr\u0161eno spaja s inovativnim pristupom u kulinarstvu.<\/p>\n<p>Kada se spusti ve\u010der i zvijezde po\u010dnu titrati na nebu nad Hvarom, Toto\u2019s restoran postaje oaza za sve zaljubljene i one koji \u017eele stvoriti nezaboravne uspomene. Uz svjetlost svije\u0107a i melem umiruju\u0107eg zvuka valova, ovaj restoran nudi atmosferu koja je kao stvorena za romanti\u010dne ve\u010deri. Meni je pa\u017eljivo osmi\u0161ljen kako bi zadovoljio i najzahtjevnije gurmane, pru\u017eaju\u0107i istinski senzualno iskustvo s fokusom na svje\u017ee i lokalne proizvode. Svaka delicija koja izlazi iz kuhinje Toto\u2019s restorana ima svoju pri\u010du, a kreativni kuhari uvijek su u potrazi za savr\u0161enom ravnote\u017eom izme\u0111u tradicionalnog i modernog.<\/p>\n<p>Bilo da se odlu\u010dite za odreske najfinije ribe ili neodoljive morske plodove pripremljene na jedinstven na\u010din, va\u0161e nepce \u0107e biti odvedeno na putovanje kroz vrhunsku kulinarsku rasko\u0161. Svakim zalogajem, okusi Dalmacije pro\u017eimaju se s mediteranskim za\u010dinima, stvaraju\u0107i simfoniju okusa koja ostaje u sje\u0107anju. Posebnu pa\u017enju posve\u0107ujemo i odabiru vina koja pru\u017eaju savr\u0161enu pratnju jelima, stvaraju\u0107i harmoniju okusa koja upotpunjuje ve\u010der. Profesionalno osoblje, spremno da preporu\u010di najbolje kombinacije jela i vina, osigurava da va\u0161a ve\u010dera u Toto\u2019s restoranu Hvar bude zaista posebna. Ovo mjesto priznato je kao idili\u010dna kulisa za proslave, godi\u0161njice i druge intimne doga\u0111aje koji zahtijevaju posebnu pa\u017enju i atmosferu kojom vlada ljubav.<\/p>\n<p>Posjeta Toto\u2019s restoranu nezaboravno je iskustvo ne samo zbog izvrsne hrane, ve\u0107 i zbog jedinstvenog ambijenta koji savr\u0161eno oslikava duh Hvara. Ovaj restoran odlikuje se elegantnim interijerom koji kombinira tradicionalne dalmatinske elemente s modernim detaljima, stvaraju\u0107i ugodnu i opu\u0161taju\u0107u atmosferu. Prostrana terasa s prekrasnim pogledom na kristalno plavo more i obli\u017enje otoke omogu\u0107uje gostima da u\u017eivaju u obroku na otvorenom, gdje svje\u017ei morski povjetarac dodatno oboga\u0107uje do\u017eivljaj. Napori da se svakom gostu pru\u017ei vrhunska usluga u Toto\u2019s restoranu primjetni su od prvog trenutka.<\/p>\n<p>Osoblje je uvijek na raspolaganju, spremno zadovoljiti sve potrebe i \u017eelje posjetitelja. Bilo da se radi o savjetu prilikom odabira jela, preporuci vina, ili samo diskretnom osmijehu koji prati svaki segment usluge, svi aspekti boravka u restoranu su pa\u017eljivo osmi\u0161ljeni kako bi gostima pru\u017eili osje\u0107aj dobrodo\u0161lice i zadovoljstva. Upe\u010datljiva kombinacija autenti\u010dnosti, kreativnosti i profesionalnosti \u010dine Toto\u2019s restoran mjestom gdje su kvaliteta i gostoljubivost uvijek na prvom mjestu. Okru\u017eeni \u010darolijom mediteranskog pejza\u017ea i u\u017eivaju\u0107i u neprikosnovenoj kvaliteti usluge i jela, posjetitelji se jednostavno mogu prepustiti u\u017eivanju osje\u0107aju\u0107i se kao kod ku\u0107e u Toto\u2019s restoranu &#8211; mjestu gdje se izvrsnost susre\u0107e sa srcem i du\u0161om Hvara.<\/p>\n<p>[\/et_pb_text][et_pb_text _builder_version=&#8221;4.24.3&#8243; _module_preset=&#8221;default&#8221; header_2_font=&#8221;|700|||||||&#8221; global_colors_info=&#8221;{}&#8221;]<\/p>\n<h2>Lokacija restorana<\/h2>\n<p>[\/et_pb_text][et_pb_code module_id=&#8221;lokacijarestorana&#8221; _builder_version=&#8221;4.24.3&#8243; _module_preset=&#8221;default&#8221; global_colors_info=&#8221;{}&#8221;]<ins class=\"bookingaff\" data-aid=\"2340087\" data-target_aid=\"2340087\" data-prod=\"map\" data-width=\"100%\" data-height=\"590\" data-lang=\"ualng\" data-dest_id=\"0\" data-dest_type=\"landmark\" data-latitude=\"43.158870\" data-longitude=\"16.391478\" data-landmark_name=\"Hvar\" data-mwhsb=\"0\" data-address=\"Hvar, Croatia\"><!-- [et_pb_line_break_holder] -->    <!-- Anything inside will go away once widget is loaded. --><!-- [et_pb_line_break_holder] -->        <a href=\"\/\/www.booking.com?aid=2340087\">Booking.com<\/a><!-- [et_pb_line_break_holder] --><\/ins><!-- [et_pb_line_break_holder] --><script type=\"text\/javascript\"><!-- [et_pb_line_break_holder] -->    (function(d, sc, u) {<!-- [et_pb_line_break_holder] -->      var s = d.createElement(sc), p = d.getElementsByTagName(sc)[0];<!-- [et_pb_line_break_holder] -->      s.type = 'text\/javascript';<!-- [et_pb_line_break_holder] -->      s.async = true;<!-- [et_pb_line_break_holder] -->      s.src = u + '?v=' + (+new Date());<!-- [et_pb_line_break_holder] -->      p.parentNode.insertBefore(s,p);<!-- [et_pb_line_break_holder] -->      })(document, 'script', '\/\/cf.bstatic.com\/static\/affiliate_base\/js\/flexiproduct.js');<!-- [et_pb_line_break_holder] --><\/script>[\/et_pb_code][et_pb_text _builder_version=&#8221;4.23&#8243; _module_preset=&#8221;default&#8221; header_3_font=&#8221;|700|||||||&#8221; custom_margin=&#8221;50px||15px||false|false&#8221; global_colors_info=&#8221;{}&#8221;]<\/p>\n<h3>Galerija<\/h3>\n<p>[\/et_pb_text][et_pb_gallery gallery_ids=&#8221;1417,1418,1419,1420,1421,1422&#8243; posts_number=&#8221;6&#8243; show_title_and_caption=&#8221;off&#8221; show_pagination=&#8221;off&#8221; _builder_version=&#8221;4.24.3&#8243; _module_preset=&#8221;default&#8221; hover_enabled=&#8221;0&#8243; global_colors_info=&#8221;{}&#8221; sticky_enabled=&#8221;0&#8243;][\/et_pb_gallery][\/et_pb_column_inner][\/et_pb_row_inner][\/et_pb_column][\/et_pb_section]<\/p>\n","protected":false},"excerpt":{"rendered":"<p>Restoran Toto\u2019sTip restorana:Riblji restoranMONDAY-FRIDAY &#8211; 09:00-24:00SATURDAY &#8211; 09:00-24:00SUNDAY &#8211; 09:00-24:00O restoranu Toto\u2019s\u200b Toto\u2019s restoran mjesto je gdje gosti mogu uroniti u bogatstvo i raznolikost mediteranske kuhinje. Smje\u0161ten u srcu \u010darobnog Hvara na Paklenim otocima, ovaj ugledni restoran ponosi se izvrsno\u0161\u0107u u spravljanju tradicionalnih jela koja su impregnirana su\u0161tinom Jadrana. Svaki zalogaj odra\u017eava strast i po\u0161tovanje [&hellip;]<\/p>\n","protected":false},"author":1,"featured_media":0,"parent":315,"menu_order":0,"comment_status":"closed","ping_status":"closed","template":"","meta":{"_et_pb_use_builder":"on","_et_pb_old_content":"","_et_gb_content_width":"","inline_featured_image":false,"footnotes":""},"categories":[],"tags":[],"class_list":["post-1375","page","type-page","status-publish","hentry"],"yoast_head":"<!-- This site is optimized with the Yoast SEO Premium plugin v27.4 (Yoast SEO v27.4) - https:\/\/yoast.com\/product\/yoast-seo-premium-wordpress\/ -->\n<title>Toto\u2019s restoran - Hvar.com<\/title>\n<meta name=\"description\" content=\"Toto\u2019s restoran mjesto je gdje gosti mogu uroniti u bogatstvo i raznolikost mediteranske kuhinje. Restoran se nalazi na Paklenim otocima.\" \/>\n<meta name=\"robots\" content=\"index, follow, max-snippet:-1, max-image-preview:large, max-video-preview:-1\" \/>\n<link rel=\"canonical\" href=\"https:\/\/www.hvar.com\/hr\/restorani\/totos\/\" \/>\n<meta property=\"og:locale\" content=\"hr_HR\" \/>\n<meta property=\"og:type\" content=\"article\" \/>\n<meta property=\"og:title\" content=\"Toto\u2019s\" \/>\n<meta property=\"og:description\" content=\"Toto\u2019s restoran mjesto je gdje gosti mogu uroniti u bogatstvo i raznolikost mediteranske kuhinje. Restoran se nalazi na Paklenim otocima.\" \/>\n<meta property=\"og:url\" content=\"https:\/\/www.hvar.com\/hr\/restorani\/totos\/\" \/>\n<meta property=\"og:site_name\" content=\"Hvar island Croatia\" \/>\n<meta property=\"article:modified_time\" content=\"2024-04-09T14:14:31+00:00\" \/>\n<meta name=\"twitter:card\" content=\"summary_large_image\" \/>\n<meta name=\"twitter:label1\" content=\"Procijenjeno vrijeme \u010ditanja\" \/>\n\t<meta name=\"twitter:data1\" content=\"5 minuta\" \/>\n<script type=\"application\/ld+json\" class=\"yoast-schema-graph\">{\"@context\":\"https:\\\/\\\/schema.org\",\"@graph\":[{\"@type\":\"WebPage\",\"@id\":\"https:\\\/\\\/www.hvar.com\\\/hr\\\/restorani\\\/totos\\\/\",\"url\":\"https:\\\/\\\/www.hvar.com\\\/hr\\\/restorani\\\/totos\\\/\",\"name\":\"Toto\u2019s restoran - Hvar.com\",\"isPartOf\":{\"@id\":\"https:\\\/\\\/www.hvar.com\\\/hr\\\/#website\"},\"datePublished\":\"2024-04-09T12:55:45+00:00\",\"dateModified\":\"2024-04-09T14:14:31+00:00\",\"description\":\"Toto\u2019s restoran mjesto je gdje gosti mogu uroniti u bogatstvo i raznolikost mediteranske kuhinje. Restoran se nalazi na Paklenim otocima.\",\"breadcrumb\":{\"@id\":\"https:\\\/\\\/www.hvar.com\\\/hr\\\/restorani\\\/totos\\\/#breadcrumb\"},\"inLanguage\":\"hr\",\"potentialAction\":[{\"@type\":\"ReadAction\",\"target\":[\"https:\\\/\\\/www.hvar.com\\\/hr\\\/restorani\\\/totos\\\/\"]}]},{\"@type\":\"BreadcrumbList\",\"@id\":\"https:\\\/\\\/www.hvar.com\\\/hr\\\/restorani\\\/totos\\\/#breadcrumb\",\"itemListElement\":[{\"@type\":\"ListItem\",\"position\":1,\"name\":\"Home\",\"item\":\"https:\\\/\\\/www.hvar.com\\\/hr\\\/\"},{\"@type\":\"ListItem\",\"position\":2,\"name\":\"Restorani\",\"item\":\"https:\\\/\\\/www.hvar.com\\\/hr\\\/restorani\\\/\"},{\"@type\":\"ListItem\",\"position\":3,\"name\":\"Toto\u2019s\"}]},{\"@type\":\"WebSite\",\"@id\":\"https:\\\/\\\/www.hvar.com\\\/hr\\\/#website\",\"url\":\"https:\\\/\\\/www.hvar.com\\\/hr\\\/\",\"name\":\"Hvar island Croatia\",\"description\":\"hvar, hvar croatia, hvar island\",\"potentialAction\":[{\"@type\":\"SearchAction\",\"target\":{\"@type\":\"EntryPoint\",\"urlTemplate\":\"https:\\\/\\\/www.hvar.com\\\/hr\\\/?s={search_term_string}\"},\"query-input\":{\"@type\":\"PropertyValueSpecification\",\"valueRequired\":true,\"valueName\":\"search_term_string\"}}],\"inLanguage\":\"hr\"}]}<\/script>\n<!-- \/ Yoast SEO Premium plugin. -->","yoast_head_json":{"title":"Toto\u2019s restoran - Hvar.com","description":"Toto\u2019s restoran mjesto je gdje gosti mogu uroniti u bogatstvo i raznolikost mediteranske kuhinje. Restoran se nalazi na Paklenim otocima.","robots":{"index":"index","follow":"follow","max-snippet":"max-snippet:-1","max-image-preview":"max-image-preview:large","max-video-preview":"max-video-preview:-1"},"canonical":"https:\/\/www.hvar.com\/hr\/restorani\/totos\/","og_locale":"hr_HR","og_type":"article","og_title":"Toto\u2019s","og_description":"Toto\u2019s restoran mjesto je gdje gosti mogu uroniti u bogatstvo i raznolikost mediteranske kuhinje. Restoran se nalazi na Paklenim otocima.","og_url":"https:\/\/www.hvar.com\/hr\/restorani\/totos\/","og_site_name":"Hvar island Croatia","article_modified_time":"2024-04-09T14:14:31+00:00","twitter_card":"summary_large_image","twitter_misc":{"Procijenjeno vrijeme \u010ditanja":"5 minuta"},"schema":{"@context":"https:\/\/schema.org","@graph":[{"@type":"WebPage","@id":"https:\/\/www.hvar.com\/hr\/restorani\/totos\/","url":"https:\/\/www.hvar.com\/hr\/restorani\/totos\/","name":"Toto\u2019s restoran - Hvar.com","isPartOf":{"@id":"https:\/\/www.hvar.com\/hr\/#website"},"datePublished":"2024-04-09T12:55:45+00:00","dateModified":"2024-04-09T14:14:31+00:00","description":"Toto\u2019s restoran mjesto je gdje gosti mogu uroniti u bogatstvo i raznolikost mediteranske kuhinje. Restoran se nalazi na Paklenim otocima.","breadcrumb":{"@id":"https:\/\/www.hvar.com\/hr\/restorani\/totos\/#breadcrumb"},"inLanguage":"hr","potentialAction":[{"@type":"ReadAction","target":["https:\/\/www.hvar.com\/hr\/restorani\/totos\/"]}]},{"@type":"BreadcrumbList","@id":"https:\/\/www.hvar.com\/hr\/restorani\/totos\/#breadcrumb","itemListElement":[{"@type":"ListItem","position":1,"name":"Home","item":"https:\/\/www.hvar.com\/hr\/"},{"@type":"ListItem","position":2,"name":"Restorani","item":"https:\/\/www.hvar.com\/hr\/restorani\/"},{"@type":"ListItem","position":3,"name":"Toto\u2019s"}]},{"@type":"WebSite","@id":"https:\/\/www.hvar.com\/hr\/#website","url":"https:\/\/www.hvar.com\/hr\/","name":"Hvar island Croatia","description":"hvar, hvar croatia, hvar island","potentialAction":[{"@type":"SearchAction","target":{"@type":"EntryPoint","urlTemplate":"https:\/\/www.hvar.com\/hr\/?s={search_term_string}"},"query-input":{"@type":"PropertyValueSpecification","valueRequired":true,"valueName":"search_term_string"}}],"inLanguage":"hr"}]}},"_links":{"self":[{"href":"https:\/\/www.hvar.com\/hr\/wp-json\/wp\/v2\/pages\/1375","targetHints":{"allow":["GET"]}}],"collection":[{"href":"https:\/\/www.hvar.com\/hr\/wp-json\/wp\/v2\/pages"}],"about":[{"href":"https:\/\/www.hvar.com\/hr\/wp-json\/wp\/v2\/types\/page"}],"author":[{"embeddable":true,"href":"https:\/\/www.hvar.com\/hr\/wp-json\/wp\/v2\/users\/1"}],"replies":[{"embeddable":true,"href":"https:\/\/www.hvar.com\/hr\/wp-json\/wp\/v2\/comments?post=1375"}],"version-history":[{"count":1,"href":"https:\/\/www.hvar.com\/hr\/wp-json\/wp\/v2\/pages\/1375\/revisions"}],"predecessor-version":[{"id":2276,"href":"https:\/\/www.hvar.com\/hr\/wp-json\/wp\/v2\/pages\/1375\/revisions\/2276"}],"up":[{"embeddable":true,"href":"https:\/\/www.hvar.com\/hr\/wp-json\/wp\/v2\/pages\/315"}],"wp:attachment":[{"href":"https:\/\/www.hvar.com\/hr\/wp-json\/wp\/v2\/media?parent=1375"}],"wp:term":[{"taxonomy":"category","embeddable":true,"href":"https:\/\/www.hvar.com\/hr\/wp-json\/wp\/v2\/categories?post=1375"},{"taxonomy":"post_tag","embeddable":true,"href":"https:\/\/www.hvar.com\/hr\/wp-json\/wp\/v2\/tags?post=1375"}],"curies":[{"name":"wp","href":"https:\/\/api.w.org\/{rel}","templated":true}]}}