{"id":1355,"date":"2024-04-09T11:33:01","date_gmt":"2024-04-09T11:33:01","guid":{"rendered":"https:\/\/www.hvar.com\/?page_id=1355"},"modified":"2024-04-09T12:31:08","modified_gmt":"2024-04-09T12:31:08","slug":"smjestaj","status":"publish","type":"page","link":"https:\/\/www.hvar.com\/hr\/smjestaj\/","title":{"rendered":"Smje\u0161taj"},"content":{"rendered":"<p>[et_pb_section fb_built=&#8221;1&#8243; _builder_version=&#8221;4.20.2&#8243; _module_preset=&#8221;default&#8221; custom_padding=&#8221;40px||10px||false|false&#8221; global_colors_info=&#8221;{}&#8221;][et_pb_row _builder_version=&#8221;4.20.0&#8243; _module_preset=&#8221;default&#8221; custom_padding=&#8221;||10px||false|false&#8221; global_colors_info=&#8221;{}&#8221;][et_pb_column type=&#8221;4_4&#8243; _builder_version=&#8221;4.20.0&#8243; _module_preset=&#8221;default&#8221; global_colors_info=&#8221;{}&#8221;][et_pb_text _builder_version=&#8221;4.24.3&#8243; _module_preset=&#8221;default&#8221; text_font_size=&#8221;15px&#8221; header_2_font=&#8221;|700|||||||&#8221; header_2_font_size=&#8221;30px&#8221; header_3_font=&#8221;|700|||||||&#8221; header_3_font_size=&#8221;30px&#8221; custom_margin=&#8221;||0px||false|false&#8221; custom_padding=&#8221;||15px||false|false&#8221; global_colors_info=&#8221;{}&#8221;]<\/p>\n<h2>Smje\u0161taj na otoku Hvaru<\/h2>\n<p>Otok Hvar nudi raznolik izbor smje\u0161taja koji odgovara svim potrebama i preferencijama posjetitelja, bilo da tra\u017eite luksuzan hotel, udoban apartman ili autenti\u010dnu seosku ku\u0107u. Bez obzira na to gdje odlu\u010dite boraviti, o\u010dekuje vas gostoljubivost i udobnost koja \u0107e upotpuniti va\u0161e iskustvo na ovom prekrasnom jadranskom otoku.<\/p>\n<p>Za one koji tra\u017ee luksuz i udobnost, otok Hvar nudi niz ekskluzivnih hotela koji pru\u017eaju vrhunsku uslugu i sadr\u017eaje. Hoteli poput Amfora Hvar Grand Beach Resort, Adriana Hvar Spa Hotel i Hotel Riva smje\u0161teni su uz obalu i nude luksuzne sobe s pogledom na more, vrhunske restorane, spa centre i bazene te brojne aktivnosti poput ronjenja, jedrenja ili vo\u017enje biciklom.<\/p>\n<p>Za putnike koji preferiraju privatnost i neovisnost, otok Hvar nudi \u0161irok izbor apartmana i privatnih ku\u0107a za najam. Ovi smje\u0161tajni objekti \u010desto su smje\u0161teni u mirnim okolicama, udaljeni od gradske vreve, te nude gostima priliku da do\u017eive autenti\u010dni na\u010din \u017eivota na otoku. Apartmani su \u010desto opremljeni kuhinjom i dnevnim boravkom, pru\u017eaju\u0107i udobnost doma \u010dak i dok ste daleko od njega.<\/p>\n<p>Za one koji \u017eele iskusiti rustikalnu ljepotu otoka Hvara, mogu se odlu\u010diti za boravak u seoskim ku\u0107ama ili vilama. Ove tradicionalne ku\u0107e obi\u010dno su smje\u0161tene u unutra\u0161njosti otoka, okru\u017eene maslinicima, vinogradima i mediteranskim vrtovima. Gosti mogu u\u017eivati u miru i ti\u0161ini, istra\u017euju\u0107i okolicu ili se opu\u0161taju\u0107i uz lokalna vina i doma\u0107e specijalitete koje nude njihovi doma\u0107ini.<\/p>\n<p>Naravno, za putnike s ograni\u010denijim prora\u010dunom, otok Hvar nudi i pristupa\u010dne opcije smje\u0161taja poput hostela ili privatnih soba u obiteljskim ku\u0107ama. Ove opcije pru\u017eaju udoban smje\u0161taj po pristupa\u010dnim cijenama, \u010desto smje\u0161tene u blizini pla\u017ea ili centra grada, pru\u017eaju\u0107i jednostavan pristup svim atrakcijama otoka.<\/p>\n<p>S nevjerojatnom raznoliko\u0161\u0107u smje\u0161taja i \u0161irokim spektrom opcija, otok Hvar osigurava da svaki posjetitelj prona\u0111e savr\u0161en smje\u0161taj koji odgovara njihovim potrebama i prora\u010dunu. Bez obzira jeste li ljubitelj luksuza, autenti\u010dnosti ili udobnosti, Hvar \u0107e vas do\u010dekati otvorenih vrata i pru\u017eiti vam nezaboravan boravak na obali Jadranskog mora.[\/et_pb_text][et_pb_divider color=&#8221;gcid-0cba9fd9-2429-4af5-a497-ad14d86092a1&#8243; divider_weight=&#8221;3px&#8221; _builder_version=&#8221;4.20.0&#8243; _module_preset=&#8221;default&#8221; max_width=&#8221;60px&#8221; module_alignment=&#8221;left&#8221; custom_margin=&#8221;||0px||false|false&#8221; custom_padding=&#8221;||0px||false|false&#8221; global_colors_info=&#8221;{%22gcid-0cba9fd9-2429-4af5-a497-ad14d86092a1%22:%91%22color%22%93}&#8221;][\/et_pb_divider][et_pb_image src=&#8221;https:\/\/www.hvar.com\/wp-content\/uploads\/2024\/04\/smjestaj.jpg&#8221; alt=&#8221;smje\u0161taj na otoku Hvaru&#8221; title_text=&#8221;smje\u0161taj&#8221; _builder_version=&#8221;4.24.3&#8243; _module_preset=&#8221;default&#8221; global_colors_info=&#8221;{}&#8221;][\/et_pb_image][\/et_pb_column][\/et_pb_row][et_pb_row _builder_version=&#8221;4.20.2&#8243; _module_preset=&#8221;default&#8221; background_color=&#8221;RGBA(255,255,255,0)&#8221; custom_margin=&#8221;30px||30px||true|false&#8221; custom_padding=&#8221;20px||20px||true|false&#8221; border_width_bottom=&#8221;1px&#8221; border_style_bottom=&#8221;dashed&#8221; global_colors_info=&#8221;{}&#8221;][et_pb_column type=&#8221;4_4&#8243; _builder_version=&#8221;4.20.2&#8243; _module_preset=&#8221;default&#8221; global_colors_info=&#8221;{}&#8221;][et_pb_text _builder_version=&#8221;4.24.3&#8243; _module_preset=&#8221;default&#8221; header_2_font=&#8221;|700|||||||&#8221; custom_margin=&#8221;0px||10px||false|false&#8221; custom_padding=&#8221;||0px||false|false&#8221; global_colors_info=&#8221;{}&#8221;]<\/p>\n<h2>Odaberite smje\u0161taj<\/h2>\n<p>[\/et_pb_text][et_pb_menu menu_id=&#8221;12&#8243; submenu_direction=&#8221;downwards&#8221; dropdown_menu_bg_color=&#8221;gcid-ce2d7e92-1b1e-419d-9fe3-1a70b07f2078&#8243; dropdown_menu_line_color=&#8221;gcid-515a9bce-4ed7-4a68-9add-2e2ddf24ed74&#8243; dropdown_menu_text_color=&#8221;gcid-515a9bce-4ed7-4a68-9add-2e2ddf24ed74&#8243; dropdown_menu_active_link_color=&#8221;gcid-515a9bce-4ed7-4a68-9add-2e2ddf24ed74&#8243; mobile_menu_bg_color=&#8221;gcid-ce2d7e92-1b1e-419d-9fe3-1a70b07f2078&#8243; mobile_menu_text_color=&#8221;gcid-515a9bce-4ed7-4a68-9add-2e2ddf24ed74&#8243; menu_icon_color=&#8221;gcid-0e08fed6-92a3-4c3a-accb-2559072c0a6c&#8221; _builder_version=&#8221;4.24.3&#8243; _module_preset=&#8221;default&#8221; menu_font=&#8221;Cairo||||||||&#8221; menu_text_color=&#8221;gcid-515a9bce-4ed7-4a68-9add-2e2ddf24ed74&#8243; menu_font_size=&#8221;17px&#8221; background_color=&#8221;RGBA(255,255,255,0)&#8221; z_index=&#8221;495&#8243; text_orientation=&#8221;justified&#8221; global_colors_info=&#8221;{%22gcid-515a9bce-4ed7-4a68-9add-2e2ddf24ed74%22:%91%22menu_text_color%22,%22dropdown_menu_line_color%22,%22dropdown_menu_text_color%22,%22dropdown_menu_active_link_color%22,%22mobile_menu_text_color%22%93,%22gcid-0e08fed6-92a3-4c3a-accb-2559072c0a6c%22:%91%22menu_text_color__hover%22,%22menu_icon_color%22%93,%22gcid-ce2d7e92-1b1e-419d-9fe3-1a70b07f2078%22:%91%22dropdown_menu_bg_color%22,%22mobile_menu_bg_color%22%93}&#8221; menu_text_color__hover_enabled=&#8221;on|hover&#8221; menu_text_color__hover=&#8221;#0896ff&#8221;][\/et_pb_menu][\/et_pb_column][\/et_pb_row][\/et_pb_section][et_pb_section fb_built=&#8221;1&#8243; module_id=&#8221;apartmani&#8221; _builder_version=&#8221;4.24.3&#8243; _module_preset=&#8221;default&#8221; custom_padding=&#8221;10px||30px||false|false&#8221; global_colors_info=&#8221;{}&#8221;][et_pb_row _builder_version=&#8221;4.20.0&#8243; _module_preset=&#8221;default&#8221; custom_padding=&#8221;||10px||false|false&#8221; global_colors_info=&#8221;{}&#8221;][et_pb_column type=&#8221;4_4&#8243; _builder_version=&#8221;4.20.0&#8243; _module_preset=&#8221;default&#8221; global_colors_info=&#8221;{}&#8221;][et_pb_text _builder_version=&#8221;4.24.3&#8243; _module_preset=&#8221;default&#8221; text_font_size=&#8221;15px&#8221; header_2_font=&#8221;|700|||||||&#8221; header_2_font_size=&#8221;30px&#8221; header_3_font=&#8221;|700|||||||&#8221; header_3_font_size=&#8221;30px&#8221; custom_margin=&#8221;||0px||false|false&#8221; custom_padding=&#8221;||15px||false|false&#8221; global_colors_info=&#8221;{}&#8221;]<\/p>\n<h2>Apartmani<\/h2>\n<p>[\/et_pb_text][et_pb_divider color=&#8221;gcid-0cba9fd9-2429-4af5-a497-ad14d86092a1&#8243; divider_weight=&#8221;3px&#8221; _builder_version=&#8221;4.20.0&#8243; _module_preset=&#8221;default&#8221; max_width=&#8221;60px&#8221; module_alignment=&#8221;left&#8221; custom_margin=&#8221;||0px||false|false&#8221; custom_padding=&#8221;||0px||false|false&#8221; global_colors_info=&#8221;{%22gcid-0cba9fd9-2429-4af5-a497-ad14d86092a1%22:%91%22color%22%93}&#8221;][\/et_pb_divider][\/et_pb_column][\/et_pb_row][et_pb_row use_custom_gutter=&#8221;on&#8221; gutter_width=&#8221;2&#8243; _builder_version=&#8221;4.20.0&#8243; _module_preset=&#8221;default&#8221; custom_margin=&#8221;0px||||false|false&#8221; custom_padding=&#8221;0px||||false|false&#8221; global_colors_info=&#8221;{}&#8221;][et_pb_column type=&#8221;4_4&#8243; _builder_version=&#8221;4.20.0&#8243; _module_preset=&#8221;default&#8221; global_colors_info=&#8221;{}&#8221;][et_pb_code _builder_version=&#8221;4.24.3&#8243; _module_preset=&#8221;default&#8221; hover_enabled=&#8221;0&#8243; global_colors_info=&#8221;{}&#8221; sticky_enabled=&#8221;0&#8243;]<ins class=\"bookingaff\" data-aid=\"2340087\" data-target_aid=\"2340087\" data-prod=\"map\" data-width=\"100%\" data-height=\"590\" data-lang=\"ualng\" data-dest_id=\"0\" data-dest_type=\"landmark\" data-latitude=\"43.172178\" data-longitude=\"16.441681\" data-landmark_name=\"Hvar\" data-mwhsb=\"0\" data-address=\"Hvar Apartment, Croatia\"><!-- [et_pb_line_break_holder] -->    <!-- Anything inside will go away once widget is loaded. --><!-- [et_pb_line_break_holder] -->        <a href=\"\/\/www.booking.com?aid=2340087\">Booking.com<\/a><!-- [et_pb_line_break_holder] --><\/ins><!-- [et_pb_line_break_holder] --><script type=\"text\/javascript\"><!-- [et_pb_line_break_holder] -->    (function(d, sc, u) {<!-- [et_pb_line_break_holder] -->      var s = d.createElement(sc), p = d.getElementsByTagName(sc)[0];<!-- [et_pb_line_break_holder] -->      s.type = 'text\/javascript';<!-- [et_pb_line_break_holder] -->      s.async = true;<!-- [et_pb_line_break_holder] -->      s.src = u + '?v=' + (+new Date());<!-- [et_pb_line_break_holder] -->      p.parentNode.insertBefore(s,p);<!-- [et_pb_line_break_holder] -->      })(document, 'script', '\/\/cf.bstatic.com\/static\/affiliate_base\/js\/flexiproduct.js');<!-- [et_pb_line_break_holder] --><\/script>[\/et_pb_code][\/et_pb_column][\/et_pb_row][\/et_pb_section][et_pb_section fb_built=&#8221;1&#8243; module_id=&#8221;hoteli&#8221; _builder_version=&#8221;4.24.3&#8243; _module_preset=&#8221;default&#8221; custom_padding=&#8221;10px||30px||false|false&#8221; global_colors_info=&#8221;{}&#8221;][et_pb_row _builder_version=&#8221;4.20.0&#8243; _module_preset=&#8221;default&#8221; custom_padding=&#8221;||10px||false|false&#8221; global_colors_info=&#8221;{}&#8221;][et_pb_column type=&#8221;4_4&#8243; _builder_version=&#8221;4.20.0&#8243; _module_preset=&#8221;default&#8221; global_colors_info=&#8221;{}&#8221;][et_pb_text _builder_version=&#8221;4.24.3&#8243; _module_preset=&#8221;default&#8221; text_font_size=&#8221;15px&#8221; header_2_font=&#8221;|700|||||||&#8221; header_2_font_size=&#8221;30px&#8221; header_3_font=&#8221;|700|||||||&#8221; header_3_font_size=&#8221;30px&#8221; custom_margin=&#8221;||0px||false|false&#8221; custom_padding=&#8221;||15px||false|false&#8221; global_colors_info=&#8221;{}&#8221;]<\/p>\n<h2>Hoteli<\/h2>\n<p>[\/et_pb_text][et_pb_divider color=&#8221;gcid-0cba9fd9-2429-4af5-a497-ad14d86092a1&#8243; divider_weight=&#8221;3px&#8221; _builder_version=&#8221;4.20.0&#8243; _module_preset=&#8221;default&#8221; max_width=&#8221;60px&#8221; module_alignment=&#8221;left&#8221; custom_margin=&#8221;||0px||false|false&#8221; custom_padding=&#8221;||0px||false|false&#8221; global_colors_info=&#8221;{%22gcid-0cba9fd9-2429-4af5-a497-ad14d86092a1%22:%91%22color%22%93}&#8221;][\/et_pb_divider][\/et_pb_column][\/et_pb_row][et_pb_row use_custom_gutter=&#8221;on&#8221; gutter_width=&#8221;2&#8243; _builder_version=&#8221;4.20.0&#8243; _module_preset=&#8221;default&#8221; custom_margin=&#8221;0px||||false|false&#8221; custom_padding=&#8221;0px||||false|false&#8221; global_colors_info=&#8221;{}&#8221;][et_pb_column type=&#8221;4_4&#8243; _builder_version=&#8221;4.20.0&#8243; _module_preset=&#8221;default&#8221; global_colors_info=&#8221;{}&#8221;][et_pb_code _builder_version=&#8221;4.24.3&#8243; _module_preset=&#8221;default&#8221; hover_enabled=&#8221;0&#8243; global_colors_info=&#8221;{}&#8221; sticky_enabled=&#8221;0&#8243;]<ins class=\"bookingaff\" data-aid=\"2340087\" data-target_aid=\"2340087\" data-prod=\"map\" data-width=\"100%\" data-height=\"590\" data-lang=\"ualng\" data-dest_id=\"0\" data-dest_type=\"landmark\" data-latitude=\"43.172178\" data-longitude=\"16.441681\" data-landmark_name=\"Hvar\" data-mwhsb=\"0\" data-address=\"Hvar Hotels, Croatia\"><!-- [et_pb_line_break_holder] -->    <!-- Anything inside will go away once widget is loaded. --><!-- [et_pb_line_break_holder] -->        <a href=\"\/\/www.booking.com?aid=2340087\">Booking.com<\/a><!-- [et_pb_line_break_holder] --><\/ins><!-- [et_pb_line_break_holder] --><script type=\"text\/javascript\"><!-- [et_pb_line_break_holder] -->    (function(d, sc, u) {<!-- [et_pb_line_break_holder] -->      var s = d.createElement(sc), p = d.getElementsByTagName(sc)[0];<!-- [et_pb_line_break_holder] -->      s.type = 'text\/javascript';<!-- [et_pb_line_break_holder] -->      s.async = true;<!-- [et_pb_line_break_holder] -->      s.src = u + '?v=' + (+new Date());<!-- [et_pb_line_break_holder] -->      p.parentNode.insertBefore(s,p);<!-- [et_pb_line_break_holder] -->      })(document, 'script', '\/\/cf.bstatic.com\/static\/affiliate_base\/js\/flexiproduct.js');<!-- [et_pb_line_break_holder] --><\/script>[\/et_pb_code][\/et_pb_column][\/et_pb_row][\/et_pb_section][et_pb_section fb_built=&#8221;1&#8243; module_id=&#8221;kampovi&#8221; _builder_version=&#8221;4.24.3&#8243; _module_preset=&#8221;default&#8221; custom_padding=&#8221;10px||30px||false|false&#8221; global_colors_info=&#8221;{}&#8221;][et_pb_row _builder_version=&#8221;4.20.0&#8243; _module_preset=&#8221;default&#8221; custom_padding=&#8221;||10px||false|false&#8221; global_colors_info=&#8221;{}&#8221;][et_pb_column type=&#8221;4_4&#8243; _builder_version=&#8221;4.20.0&#8243; _module_preset=&#8221;default&#8221; global_colors_info=&#8221;{}&#8221;][et_pb_text _builder_version=&#8221;4.24.3&#8243; _module_preset=&#8221;default&#8221; text_font_size=&#8221;15px&#8221; header_2_font=&#8221;|700|||||||&#8221; header_2_font_size=&#8221;30px&#8221; header_3_font=&#8221;|700|||||||&#8221; header_3_font_size=&#8221;30px&#8221; custom_margin=&#8221;||0px||false|false&#8221; custom_padding=&#8221;||15px||false|false&#8221; global_colors_info=&#8221;{}&#8221;]<\/p>\n<h2>Kampovi<\/h2>\n<p>[\/et_pb_text][et_pb_divider color=&#8221;gcid-0cba9fd9-2429-4af5-a497-ad14d86092a1&#8243; divider_weight=&#8221;3px&#8221; _builder_version=&#8221;4.20.0&#8243; _module_preset=&#8221;default&#8221; max_width=&#8221;60px&#8221; module_alignment=&#8221;left&#8221; custom_margin=&#8221;||0px||false|false&#8221; custom_padding=&#8221;||0px||false|false&#8221; global_colors_info=&#8221;{%22gcid-0cba9fd9-2429-4af5-a497-ad14d86092a1%22:%91%22color%22%93}&#8221;][\/et_pb_divider][\/et_pb_column][\/et_pb_row][et_pb_row use_custom_gutter=&#8221;on&#8221; gutter_width=&#8221;2&#8243; _builder_version=&#8221;4.20.0&#8243; _module_preset=&#8221;default&#8221; custom_margin=&#8221;0px||||false|false&#8221; custom_padding=&#8221;0px||||false|false&#8221; global_colors_info=&#8221;{}&#8221;][et_pb_column type=&#8221;4_4&#8243; _builder_version=&#8221;4.20.0&#8243; _module_preset=&#8221;default&#8221; global_colors_info=&#8221;{}&#8221;][et_pb_code _builder_version=&#8221;4.24.3&#8243; _module_preset=&#8221;default&#8221; global_colors_info=&#8221;{}&#8221;]<ins class=\"bookingaff\" data-aid=\"2340087\" data-target_aid=\"2340087\" data-prod=\"map\" data-width=\"100%\" data-height=\"590\" data-lang=\"ualng\" data-dest_id=\"0\" data-dest_type=\"landmark\" data-latitude=\"43.172178\" data-longitude=\"16.441681\" data-landmark_name=\"Hvar\" data-mwhsb=\"0\" data-address=\"Hvar Camping, Croatia\"><!-- [et_pb_line_break_holder] -->    <!-- Anything inside will go away once widget is loaded. --><!-- [et_pb_line_break_holder] -->        <a href=\"\/\/www.booking.com?aid=2340087\">Booking.com<\/a><!-- [et_pb_line_break_holder] --><\/ins><!-- [et_pb_line_break_holder] --><script type=\"text\/javascript\"><!-- [et_pb_line_break_holder] -->    (function(d, sc, u) {<!-- [et_pb_line_break_holder] -->      var s = d.createElement(sc), p = d.getElementsByTagName(sc)[0];<!-- [et_pb_line_break_holder] -->      s.type = 'text\/javascript';<!-- [et_pb_line_break_holder] -->      s.async = true;<!-- [et_pb_line_break_holder] -->      s.src = u + '?v=' + (+new Date());<!-- [et_pb_line_break_holder] -->      p.parentNode.insertBefore(s,p);<!-- [et_pb_line_break_holder] -->      })(document, 'script', '\/\/cf.bstatic.com\/static\/affiliate_base\/js\/flexiproduct.js');<!-- [et_pb_line_break_holder] --><\/script>[\/et_pb_code][\/et_pb_column][\/et_pb_row][\/et_pb_section]<\/p>\n","protected":false},"excerpt":{"rendered":"<p>Smje\u0161taj na otoku Hvaru Otok Hvar nudi raznolik izbor smje\u0161taja koji odgovara svim potrebama i preferencijama posjetitelja, bilo da tra\u017eite luksuzan hotel, udoban apartman ili autenti\u010dnu seosku ku\u0107u. Bez obzira na to gdje odlu\u010dite boraviti, o\u010dekuje vas gostoljubivost i udobnost koja \u0107e upotpuniti va\u0161e iskustvo na ovom prekrasnom jadranskom otoku. Za one koji tra\u017ee luksuz [&hellip;]<\/p>\n","protected":false},"author":1,"featured_media":0,"parent":0,"menu_order":0,"comment_status":"closed","ping_status":"closed","template":"","meta":{"_et_pb_use_builder":"on","_et_pb_old_content":"","_et_gb_content_width":"","inline_featured_image":false,"footnotes":""},"categories":[],"tags":[],"class_list":["post-1355","page","type-page","status-publish","hentry"],"yoast_head":"<!-- This site is optimized with the Yoast SEO Premium plugin v27.4 (Yoast SEO v27.4) - https:\/\/yoast.com\/product\/yoast-seo-premium-wordpress\/ -->\n<title>Smje\u0161taj na otoku Hvaru - Hvar.com<\/title>\n<meta name=\"description\" content=\"Otok Hvar nudi raznolik izbor smje\u0161taja koji odgovara svim potrebama i preferencijama, bilo da tra\u017eite hotel, udoban apartman ili ku\u0107u.\" \/>\n<meta name=\"robots\" content=\"index, follow, max-snippet:-1, max-image-preview:large, max-video-preview:-1\" \/>\n<link rel=\"canonical\" href=\"https:\/\/www.hvar.com\/hr\/smjestaj\/\" \/>\n<meta property=\"og:locale\" content=\"hr_HR\" \/>\n<meta property=\"og:type\" content=\"article\" \/>\n<meta property=\"og:title\" content=\"Smje\u0161taj\" \/>\n<meta property=\"og:description\" content=\"Otok Hvar nudi raznolik izbor smje\u0161taja koji odgovara svim potrebama i preferencijama, bilo da tra\u017eite hotel, udoban apartman ili ku\u0107u.\" \/>\n<meta property=\"og:url\" content=\"https:\/\/www.hvar.com\/hr\/smjestaj\/\" \/>\n<meta property=\"og:site_name\" content=\"Hvar island Croatia\" \/>\n<meta property=\"article:modified_time\" content=\"2024-04-09T12:31:08+00:00\" \/>\n<meta name=\"twitter:card\" content=\"summary_large_image\" \/>\n<meta name=\"twitter:label1\" content=\"Procijenjeno vrijeme \u010ditanja\" \/>\n\t<meta name=\"twitter:data1\" content=\"2 minute\" \/>\n<script type=\"application\/ld+json\" class=\"yoast-schema-graph\">{\"@context\":\"https:\\\/\\\/schema.org\",\"@graph\":[{\"@type\":\"WebPage\",\"@id\":\"https:\\\/\\\/www.hvar.com\\\/hr\\\/smjestaj\\\/\",\"url\":\"https:\\\/\\\/www.hvar.com\\\/hr\\\/smjestaj\\\/\",\"name\":\"Smje\u0161taj na otoku Hvaru - Hvar.com\",\"isPartOf\":{\"@id\":\"https:\\\/\\\/www.hvar.com\\\/hr\\\/#website\"},\"datePublished\":\"2024-04-09T11:33:01+00:00\",\"dateModified\":\"2024-04-09T12:31:08+00:00\",\"description\":\"Otok Hvar nudi raznolik izbor smje\u0161taja koji odgovara svim potrebama i preferencijama, bilo da tra\u017eite hotel, udoban apartman ili ku\u0107u.\",\"breadcrumb\":{\"@id\":\"https:\\\/\\\/www.hvar.com\\\/hr\\\/smjestaj\\\/#breadcrumb\"},\"inLanguage\":\"hr\",\"potentialAction\":[{\"@type\":\"ReadAction\",\"target\":[\"https:\\\/\\\/www.hvar.com\\\/hr\\\/smjestaj\\\/\"]}]},{\"@type\":\"BreadcrumbList\",\"@id\":\"https:\\\/\\\/www.hvar.com\\\/hr\\\/smjestaj\\\/#breadcrumb\",\"itemListElement\":[{\"@type\":\"ListItem\",\"position\":1,\"name\":\"Home\",\"item\":\"https:\\\/\\\/www.hvar.com\\\/hr\\\/\"},{\"@type\":\"ListItem\",\"position\":2,\"name\":\"Smje\u0161taj\"}]},{\"@type\":\"WebSite\",\"@id\":\"https:\\\/\\\/www.hvar.com\\\/hr\\\/#website\",\"url\":\"https:\\\/\\\/www.hvar.com\\\/hr\\\/\",\"name\":\"Hvar island Croatia\",\"description\":\"hvar, hvar croatia, hvar island\",\"potentialAction\":[{\"@type\":\"SearchAction\",\"target\":{\"@type\":\"EntryPoint\",\"urlTemplate\":\"https:\\\/\\\/www.hvar.com\\\/hr\\\/?s={search_term_string}\"},\"query-input\":{\"@type\":\"PropertyValueSpecification\",\"valueRequired\":true,\"valueName\":\"search_term_string\"}}],\"inLanguage\":\"hr\"}]}<\/script>\n<!-- \/ Yoast SEO Premium plugin. -->","yoast_head_json":{"title":"Smje\u0161taj na otoku Hvaru - Hvar.com","description":"Otok Hvar nudi raznolik izbor smje\u0161taja koji odgovara svim potrebama i preferencijama, bilo da tra\u017eite hotel, udoban apartman ili ku\u0107u.","robots":{"index":"index","follow":"follow","max-snippet":"max-snippet:-1","max-image-preview":"max-image-preview:large","max-video-preview":"max-video-preview:-1"},"canonical":"https:\/\/www.hvar.com\/hr\/smjestaj\/","og_locale":"hr_HR","og_type":"article","og_title":"Smje\u0161taj","og_description":"Otok Hvar nudi raznolik izbor smje\u0161taja koji odgovara svim potrebama i preferencijama, bilo da tra\u017eite hotel, udoban apartman ili ku\u0107u.","og_url":"https:\/\/www.hvar.com\/hr\/smjestaj\/","og_site_name":"Hvar island Croatia","article_modified_time":"2024-04-09T12:31:08+00:00","twitter_card":"summary_large_image","twitter_misc":{"Procijenjeno vrijeme \u010ditanja":"2 minute"},"schema":{"@context":"https:\/\/schema.org","@graph":[{"@type":"WebPage","@id":"https:\/\/www.hvar.com\/hr\/smjestaj\/","url":"https:\/\/www.hvar.com\/hr\/smjestaj\/","name":"Smje\u0161taj na otoku Hvaru - Hvar.com","isPartOf":{"@id":"https:\/\/www.hvar.com\/hr\/#website"},"datePublished":"2024-04-09T11:33:01+00:00","dateModified":"2024-04-09T12:31:08+00:00","description":"Otok Hvar nudi raznolik izbor smje\u0161taja koji odgovara svim potrebama i preferencijama, bilo da tra\u017eite hotel, udoban apartman ili ku\u0107u.","breadcrumb":{"@id":"https:\/\/www.hvar.com\/hr\/smjestaj\/#breadcrumb"},"inLanguage":"hr","potentialAction":[{"@type":"ReadAction","target":["https:\/\/www.hvar.com\/hr\/smjestaj\/"]}]},{"@type":"BreadcrumbList","@id":"https:\/\/www.hvar.com\/hr\/smjestaj\/#breadcrumb","itemListElement":[{"@type":"ListItem","position":1,"name":"Home","item":"https:\/\/www.hvar.com\/hr\/"},{"@type":"ListItem","position":2,"name":"Smje\u0161taj"}]},{"@type":"WebSite","@id":"https:\/\/www.hvar.com\/hr\/#website","url":"https:\/\/www.hvar.com\/hr\/","name":"Hvar island Croatia","description":"hvar, hvar croatia, hvar island","potentialAction":[{"@type":"SearchAction","target":{"@type":"EntryPoint","urlTemplate":"https:\/\/www.hvar.com\/hr\/?s={search_term_string}"},"query-input":{"@type":"PropertyValueSpecification","valueRequired":true,"valueName":"search_term_string"}}],"inLanguage":"hr"}]}},"_links":{"self":[{"href":"https:\/\/www.hvar.com\/hr\/wp-json\/wp\/v2\/pages\/1355","targetHints":{"allow":["GET"]}}],"collection":[{"href":"https:\/\/www.hvar.com\/hr\/wp-json\/wp\/v2\/pages"}],"about":[{"href":"https:\/\/www.hvar.com\/hr\/wp-json\/wp\/v2\/types\/page"}],"author":[{"embeddable":true,"href":"https:\/\/www.hvar.com\/hr\/wp-json\/wp\/v2\/users\/1"}],"replies":[{"embeddable":true,"href":"https:\/\/www.hvar.com\/hr\/wp-json\/wp\/v2\/comments?post=1355"}],"version-history":[{"count":1,"href":"https:\/\/www.hvar.com\/hr\/wp-json\/wp\/v2\/pages\/1355\/revisions"}],"predecessor-version":[{"id":1374,"href":"https:\/\/www.hvar.com\/hr\/wp-json\/wp\/v2\/pages\/1355\/revisions\/1374"}],"wp:attachment":[{"href":"https:\/\/www.hvar.com\/hr\/wp-json\/wp\/v2\/media?parent=1355"}],"wp:term":[{"taxonomy":"category","embeddable":true,"href":"https:\/\/www.hvar.com\/hr\/wp-json\/wp\/v2\/categories?post=1355"},{"taxonomy":"post_tag","embeddable":true,"href":"https:\/\/www.hvar.com\/hr\/wp-json\/wp\/v2\/tags?post=1355"}],"curies":[{"name":"wp","href":"https:\/\/api.w.org\/{rel}","templated":true}]}}