{"id":1347,"date":"2024-04-09T11:12:47","date_gmt":"2024-04-09T11:12:47","guid":{"rendered":"https:\/\/www.hvar.com\/?page_id=1347"},"modified":"2024-04-09T11:12:52","modified_gmt":"2024-04-09T11:12:52","slug":"dozivite","status":"publish","type":"page","link":"https:\/\/www.hvar.com\/hr\/dozivite\/","title":{"rendered":"Do\u017eivite"},"content":{"rendered":"<p>[et_pb_section fb_built=&#8221;1&#8243; admin_label=&#8221;Section&#8221; _builder_version=&#8221;4.20.0&#8243; _module_preset=&#8221;default&#8221; custom_padding=&#8221;20px||20px||false|false&#8221; global_colors_info=&#8221;{}&#8221;][et_pb_row _builder_version=&#8221;4.20.0&#8243; _module_preset=&#8221;default&#8221; custom_padding=&#8221;15px||15px||true|false&#8221; global_colors_info=&#8221;{}&#8221;][et_pb_column type=&#8221;4_4&#8243; _builder_version=&#8221;4.20.0&#8243; _module_preset=&#8221;default&#8221; global_colors_info=&#8221;{}&#8221;][et_pb_text _builder_version=&#8221;4.24.3&#8243; _module_preset=&#8221;default&#8221; header_font=&#8221;|700|||||||&#8221; header_font_size=&#8221;34px&#8221; hover_enabled=&#8221;0&#8243; global_colors_info=&#8221;{}&#8221; sticky_enabled=&#8221;0&#8243;]<\/p>\n<h1>Do\u017eivite na otoku Hvaru<\/h1>\n<p>[\/et_pb_text][\/et_pb_column][\/et_pb_row][et_pb_row module_class=&#8221;reviewpage-img&#8221; _builder_version=&#8221;4.20.0&#8243; _module_preset=&#8221;default&#8221; max_height=&#8221;700px&#8221; custom_padding=&#8221;0px||0px||true|false&#8221; global_colors_info=&#8221;{}&#8221;][et_pb_column type=&#8221;4_4&#8243; _builder_version=&#8221;4.20.0&#8243; _module_preset=&#8221;default&#8221; global_colors_info=&#8221;{}&#8221;][et_pb_image src=&#8221;https:\/\/www.hvar.com\/wp-content\/uploads\/2024\/04\/dozivite-na-hvaru.jpg&#8221; alt=&#8221;do\u017eivite na Hvaru&#8221; title_text=&#8221;do\u017eivite na Hvaru&#8221; align=&#8221;center&#8221; _builder_version=&#8221;4.24.3&#8243; _module_preset=&#8221;default&#8221; hover_enabled=&#8221;0&#8243; global_colors_info=&#8221;{}&#8221; sticky_enabled=&#8221;0&#8243;][\/et_pb_image][\/et_pb_column][\/et_pb_row][\/et_pb_section][et_pb_section fb_built=&#8221;1&#8243; use_custom_gutter=&#8221;on&#8221; gutter_width=&#8221;2&#8243; specialty=&#8221;on&#8221; _builder_version=&#8221;4.21.0&#8243; _module_preset=&#8221;default&#8221; custom_padding=&#8221;10px||5px||false|false&#8221; global_colors_info=&#8221;{}&#8221;][et_pb_column type=&#8221;2_3&#8243; specialty_columns=&#8221;2&#8243; _builder_version=&#8221;4.16&#8243; custom_padding=&#8221;|||&#8221; global_colors_info=&#8221;{}&#8221; custom_padding__hover=&#8221;|||&#8221;][et_pb_row_inner _builder_version=&#8221;4.21.0&#8243; _module_preset=&#8221;default&#8221; custom_padding=&#8221;||29px|||&#8221; global_colors_info=&#8221;{}&#8221;][et_pb_column_inner saved_specialty_column_type=&#8221;2_3&#8243; _builder_version=&#8221;4.21.0&#8243; _module_preset=&#8221;default&#8221; global_colors_info=&#8221;{}&#8221;][et_pb_text _builder_version=&#8221;4.24.3&#8243; _module_preset=&#8221;default&#8221; header_2_font=&#8221;|700|||||||&#8221; hover_enabled=&#8221;0&#8243; global_colors_info=&#8221;{}&#8221; sticky_enabled=&#8221;0&#8243;]<\/p>\n<h2>Otok Hvar &#8211; otok mogu\u0107nosti<\/h2>\n<p>Do\u017eivljaj na otoku Hvaru pru\u017ea jedinstvenu kombinaciju prirodnih ljepota, bogate povijesti i \u017eivopisne mediteranske atmosfere. Smje\u0161ten u srcu Jadranskog mora, Hvar je jedan od najpoznatijih hrvatskih otoka, poznat po svojim prekrasnim pla\u017eama, kristalno \u010distom moru i spektakularnim zalascima sunca. No, ovo je samo po\u010detak pri\u010de o ovoj o\u010daravaju\u0107oj destinaciji.<\/p>\n<p><strong>Za ljubitelje prirode<\/strong>, otok Hvar nudi brojne mogu\u0107nosti istra\u017eivanja. Od planinarenja do \u0161etnji kroz netaknute \u0161ume i maslinike, ovaj otok obiluje raznolikim krajolicima. Za one avanturisti\u010dkog duha, mogu se organizirati izleti kajakom ili biciklom, pru\u017eaju\u0107i priliku za istra\u017eivanje skrivenih uvala i slikovitih sela du\u017e obale.<\/p>\n<p><strong>Za povijesne entuzijaste<\/strong>, Hvar nudi fascinantan uvid u svoju pro\u0161lost kroz svoje brojne povijesne spomenike i znamenitosti. Stari grad Hvar, sa svojom dobro o\u010duvanom srednjovjekovnom arhitekturom, mramornim ulicama i impresivnom tvr\u0111avom, jedno je od najljep\u0161ih srednjovjekovnih naselja na Jadranu. Posjetitelji mogu istra\u017eivati \u200b\u200buskim uli\u010dicama, posjetiti katedralu Sv. Stjepana ili se diviti prekrasnom pogledu s tvr\u0111ave Fortica koja nadgleda grad.<\/p>\n<p><strong>Gastronomska scena otoka Hvara<\/strong> tako\u0111er je ne\u0161to \u0161to ne smijete propustiti. Pojedite u autenti\u010dnim dalmatinskim restoranima i konobama gdje se slu\u017ee svje\u017ea riba, lokalno uzgojeno povr\u0107e i maslinovo ulje, sve za\u010dinjeno za\u010dinima Mediterana. Posjet vinarijama na otoku tako\u0111er je nezaboravno iskustvo, gdje mo\u017eete ku\u0161ati vrhunska vina koja su plod stoljetne tradicije vinogradarstva.<\/p>\n<p><strong>Za ljubitelje no\u0107nog \u017eivota<\/strong>, Hvar nudi dinami\u010dnu zabavu koja traje do ranih jutarnjih sati. Brojni barovi, klubovi i lounge barovi raspore\u0111eni du\u017e obale pru\u017eaju raznolik izbor glazbe i atmosfere, nude\u0107i nezaboravne no\u0107i ispunjene plesom i zabavom.<\/p>\n<p><strong>Jedna od najposebnijih atrakcija otoka Hvara su njegove pla\u017ee<\/strong>. Od skrivenih uvala do \u0161ljun\u010danih pla\u017ea i kristalno \u010distih voda, svatko mo\u017ee prona\u0107i savr\u0161eno mjesto za opu\u0161tanje i u\u017eivanje pod suncem. Pla\u017ea Zlatni rat u mjestu Bol posebno je popularna zbog svoje neobi\u010dne forme i spektakularnog okru\u017eenja.<\/p>\n<p>Sve u svemu, do\u017eivljaj na otoku Hvaru pru\u017ea nezaboravnu kombinaciju prirodnih ljepota, kulturnih bogatstava i zabavnih aktivnosti. Bez obzira jeste li avanturisti\u010dkog duha, ljubitelj povijesti, gurman ili jednostavno tra\u017eite mjesto za opu\u0161tanje na pla\u017ei, Hvar \u0107e vas o\u010darati svojom raznoliko\u0161\u0107u i ljepotom.<\/p>\n<p>[\/et_pb_text][\/et_pb_column_inner][\/et_pb_row_inner][\/et_pb_column][et_pb_column type=&#8221;1_3&#8243; _builder_version=&#8221;4.16&#8243; custom_padding=&#8221;|||&#8221; global_colors_info=&#8221;{}&#8221; custom_padding__hover=&#8221;|||&#8221;][et_pb_code disabled_on=&#8221;on|off|off&#8221; _builder_version=&#8221;4.21.0&#8243; _module_preset=&#8221;default&#8221; sticky_position=&#8221;top&#8221; sticky_offset_top=&#8221;20px&#8221; sticky_limit_bottom=&#8221;row&#8221; global_colors_info=&#8221;{}&#8221;]<ins class=\"bookingaff\" data-aid=\"2340087\" data-target_aid=\"2340087\" data-prod=\"map\" data-width=\"100%\" data-height=\"590\" data-lang=\"ualng\" data-dest_id=\"0\" data-dest_type=\"landmark\" data-latitude=\"43.172178\" data-longitude=\"16.441681\" data-landmark_name=\"Hvar\" data-mwhsb=\"0\" data-address=\"Hvar, Croatia\"><!-- [et_pb_line_break_holder] -->    <!-- Anything inside will go away once widget is loaded. --><!-- [et_pb_line_break_holder] -->        <a href=\"\/\/www.booking.com?aid=2340087\">Booking.com<\/a><!-- [et_pb_line_break_holder] --><\/ins><!-- [et_pb_line_break_holder] --><script type=\"text\/javascript\"><!-- [et_pb_line_break_holder] -->    (function(d, sc, u) {<!-- [et_pb_line_break_holder] -->      var s = d.createElement(sc), p = d.getElementsByTagName(sc)[0];<!-- [et_pb_line_break_holder] -->      s.type = 'text\/javascript';<!-- [et_pb_line_break_holder] -->      s.async = true;<!-- [et_pb_line_break_holder] -->      s.src = u + '?v=' + (+new Date());<!-- [et_pb_line_break_holder] -->      p.parentNode.insertBefore(s,p);<!-- [et_pb_line_break_holder] -->      })(document, 'script', '\/\/cf.bstatic.com\/static\/affiliate_base\/js\/flexiproduct.js');<!-- [et_pb_line_break_holder] --><\/script>[\/et_pb_code][\/et_pb_column][\/et_pb_section][et_pb_section fb_built=&#8221;1&#8243; _builder_version=&#8221;4.21.0&#8243; _module_preset=&#8221;default&#8221; custom_padding=&#8221;10px||||false|false&#8221; global_colors_info=&#8221;{}&#8221;][et_pb_row _builder_version=&#8221;4.20.0&#8243; _module_preset=&#8221;default&#8221; global_colors_info=&#8221;{}&#8221;][et_pb_column type=&#8221;4_4&#8243; _builder_version=&#8221;4.20.0&#8243; _module_preset=&#8221;default&#8221; global_colors_info=&#8221;{}&#8221;][et_pb_text _builder_version=&#8221;4.21.0&#8243; _module_preset=&#8221;default&#8221; header_3_font=&#8221;|700|||||||&#8221; custom_margin=&#8221;0px||15px||false|false&#8221; global_colors_info=&#8221;{}&#8221;]<\/p>\n<h3>Galerija slika otoka Hvara<\/h3>\n<p>[\/et_pb_text][et_pb_gallery gallery_ids=&#8221;708,701,705,702,703,704,707,706,709,710,713,711,712,714,716,715,717,719,718,720&#8243; show_title_and_caption=&#8221;off&#8221; _builder_version=&#8221;4.21.0&#8243; _module_preset=&#8221;default&#8221; global_colors_info=&#8221;{}&#8221;][\/et_pb_gallery][et_pb_code _builder_version=&#8221;4.21.0&#8243; _module_preset=&#8221;default&#8221; global_colors_info=&#8221;{}&#8221;]<ins class=\"bookingaff\" data-aid=\"2340087\" data-target_aid=\"2340087\" data-prod=\"map\" data-width=\"100%\" data-height=\"590\" data-lang=\"ualng\" data-dest_id=\"0\" data-dest_type=\"landmark\" data-latitude=\"43.172178\" data-longitude=\"16.441681\" data-landmark_name=\"Hvar\" data-mwhsb=\"0\" data-address=\"Hvar, Croatia\"><!-- [et_pb_line_break_holder] -->    <!-- Anything inside will go away once widget is loaded. --><!-- [et_pb_line_break_holder] -->        <a href=\"\/\/www.booking.com?aid=2340087\">Booking.com<\/a><!-- [et_pb_line_break_holder] --><\/ins><!-- [et_pb_line_break_holder] --><script type=\"text\/javascript\"><!-- [et_pb_line_break_holder] -->    (function(d, sc, u) {<!-- [et_pb_line_break_holder] -->      var s = d.createElement(sc), p = d.getElementsByTagName(sc)[0];<!-- [et_pb_line_break_holder] -->      s.type = 'text\/javascript';<!-- [et_pb_line_break_holder] -->      s.async = true;<!-- [et_pb_line_break_holder] -->      s.src = u + '?v=' + (+new Date());<!-- [et_pb_line_break_holder] -->      p.parentNode.insertBefore(s,p);<!-- [et_pb_line_break_holder] -->      })(document, 'script', '\/\/cf.bstatic.com\/static\/affiliate_base\/js\/flexiproduct.js');<!-- [et_pb_line_break_holder] --><\/script>[\/et_pb_code][\/et_pb_column][\/et_pb_row][\/et_pb_section]<\/p>\n","protected":false},"excerpt":{"rendered":"<p>Do\u017eivite na otoku HvaruOtok Hvar &#8211; otok mogu\u0107nosti Do\u017eivljaj na otoku Hvaru pru\u017ea jedinstvenu kombinaciju prirodnih ljepota, bogate povijesti i \u017eivopisne mediteranske atmosfere. Smje\u0161ten u srcu Jadranskog mora, Hvar je jedan od najpoznatijih hrvatskih otoka, poznat po svojim prekrasnim pla\u017eama, kristalno \u010distom moru i spektakularnim zalascima sunca. No, ovo je samo po\u010detak pri\u010de o ovoj [&hellip;]<\/p>\n","protected":false},"author":1,"featured_media":0,"parent":0,"menu_order":0,"comment_status":"closed","ping_status":"closed","template":"","meta":{"_et_pb_use_builder":"on","_et_pb_old_content":"","_et_gb_content_width":"","inline_featured_image":false,"footnotes":""},"categories":[],"tags":[],"class_list":["post-1347","page","type-page","status-publish","hentry"],"yoast_head":"<!-- This site is optimized with the Yoast SEO Premium plugin v27.4 (Yoast SEO v27.4) - https:\/\/yoast.com\/product\/yoast-seo-premium-wordpress\/ -->\n<title>Do\u017eivite na otoku Hvaru - Hvar.com<\/title>\n<meta name=\"description\" content=\"Otok Hvar je otok mogu\u0107nosti. Ovdje svatko mo\u017ee prona\u0107i ne\u0161to za sebe. Od gastronomije, pla\u017ea, no\u0107nog \u017eivota ili prirode. U\u017eivaj u posjeti.\" \/>\n<meta name=\"robots\" content=\"index, follow, max-snippet:-1, max-image-preview:large, max-video-preview:-1\" \/>\n<link rel=\"canonical\" href=\"https:\/\/www.hvar.com\/hr\/dozivite\/\" \/>\n<meta property=\"og:locale\" content=\"hr_HR\" \/>\n<meta property=\"og:type\" content=\"article\" \/>\n<meta property=\"og:title\" content=\"Do\u017eivite\" \/>\n<meta property=\"og:description\" content=\"Otok Hvar je otok mogu\u0107nosti. Ovdje svatko mo\u017ee prona\u0107i ne\u0161to za sebe. Od gastronomije, pla\u017ea, no\u0107nog \u017eivota ili prirode. U\u017eivaj u posjeti.\" \/>\n<meta property=\"og:url\" content=\"https:\/\/www.hvar.com\/hr\/dozivite\/\" \/>\n<meta property=\"og:site_name\" content=\"Hvar island Croatia\" \/>\n<meta property=\"article:modified_time\" content=\"2024-04-09T11:12:52+00:00\" \/>\n<meta name=\"twitter:card\" content=\"summary_large_image\" \/>\n<meta name=\"twitter:label1\" content=\"Procijenjeno vrijeme \u010ditanja\" \/>\n\t<meta name=\"twitter:data1\" content=\"6 minuta\" \/>\n<script type=\"application\/ld+json\" class=\"yoast-schema-graph\">{\"@context\":\"https:\\\/\\\/schema.org\",\"@graph\":[{\"@type\":\"WebPage\",\"@id\":\"https:\\\/\\\/www.hvar.com\\\/hr\\\/dozivite\\\/\",\"url\":\"https:\\\/\\\/www.hvar.com\\\/hr\\\/dozivite\\\/\",\"name\":\"Do\u017eivite na otoku Hvaru - Hvar.com\",\"isPartOf\":{\"@id\":\"https:\\\/\\\/www.hvar.com\\\/hr\\\/#website\"},\"datePublished\":\"2024-04-09T11:12:47+00:00\",\"dateModified\":\"2024-04-09T11:12:52+00:00\",\"description\":\"Otok Hvar je otok mogu\u0107nosti. Ovdje svatko mo\u017ee prona\u0107i ne\u0161to za sebe. Od gastronomije, pla\u017ea, no\u0107nog \u017eivota ili prirode. U\u017eivaj u posjeti.\",\"breadcrumb\":{\"@id\":\"https:\\\/\\\/www.hvar.com\\\/hr\\\/dozivite\\\/#breadcrumb\"},\"inLanguage\":\"hr\",\"potentialAction\":[{\"@type\":\"ReadAction\",\"target\":[\"https:\\\/\\\/www.hvar.com\\\/hr\\\/dozivite\\\/\"]}]},{\"@type\":\"BreadcrumbList\",\"@id\":\"https:\\\/\\\/www.hvar.com\\\/hr\\\/dozivite\\\/#breadcrumb\",\"itemListElement\":[{\"@type\":\"ListItem\",\"position\":1,\"name\":\"Home\",\"item\":\"https:\\\/\\\/www.hvar.com\\\/hr\\\/\"},{\"@type\":\"ListItem\",\"position\":2,\"name\":\"Do\u017eivite\"}]},{\"@type\":\"WebSite\",\"@id\":\"https:\\\/\\\/www.hvar.com\\\/hr\\\/#website\",\"url\":\"https:\\\/\\\/www.hvar.com\\\/hr\\\/\",\"name\":\"Hvar island Croatia\",\"description\":\"hvar, hvar croatia, hvar island\",\"potentialAction\":[{\"@type\":\"SearchAction\",\"target\":{\"@type\":\"EntryPoint\",\"urlTemplate\":\"https:\\\/\\\/www.hvar.com\\\/hr\\\/?s={search_term_string}\"},\"query-input\":{\"@type\":\"PropertyValueSpecification\",\"valueRequired\":true,\"valueName\":\"search_term_string\"}}],\"inLanguage\":\"hr\"}]}<\/script>\n<!-- \/ Yoast SEO Premium plugin. -->","yoast_head_json":{"title":"Do\u017eivite na otoku Hvaru - Hvar.com","description":"Otok Hvar je otok mogu\u0107nosti. Ovdje svatko mo\u017ee prona\u0107i ne\u0161to za sebe. Od gastronomije, pla\u017ea, no\u0107nog \u017eivota ili prirode. U\u017eivaj u posjeti.","robots":{"index":"index","follow":"follow","max-snippet":"max-snippet:-1","max-image-preview":"max-image-preview:large","max-video-preview":"max-video-preview:-1"},"canonical":"https:\/\/www.hvar.com\/hr\/dozivite\/","og_locale":"hr_HR","og_type":"article","og_title":"Do\u017eivite","og_description":"Otok Hvar je otok mogu\u0107nosti. Ovdje svatko mo\u017ee prona\u0107i ne\u0161to za sebe. Od gastronomije, pla\u017ea, no\u0107nog \u017eivota ili prirode. U\u017eivaj u posjeti.","og_url":"https:\/\/www.hvar.com\/hr\/dozivite\/","og_site_name":"Hvar island Croatia","article_modified_time":"2024-04-09T11:12:52+00:00","twitter_card":"summary_large_image","twitter_misc":{"Procijenjeno vrijeme \u010ditanja":"6 minuta"},"schema":{"@context":"https:\/\/schema.org","@graph":[{"@type":"WebPage","@id":"https:\/\/www.hvar.com\/hr\/dozivite\/","url":"https:\/\/www.hvar.com\/hr\/dozivite\/","name":"Do\u017eivite na otoku Hvaru - Hvar.com","isPartOf":{"@id":"https:\/\/www.hvar.com\/hr\/#website"},"datePublished":"2024-04-09T11:12:47+00:00","dateModified":"2024-04-09T11:12:52+00:00","description":"Otok Hvar je otok mogu\u0107nosti. Ovdje svatko mo\u017ee prona\u0107i ne\u0161to za sebe. Od gastronomije, pla\u017ea, no\u0107nog \u017eivota ili prirode. U\u017eivaj u posjeti.","breadcrumb":{"@id":"https:\/\/www.hvar.com\/hr\/dozivite\/#breadcrumb"},"inLanguage":"hr","potentialAction":[{"@type":"ReadAction","target":["https:\/\/www.hvar.com\/hr\/dozivite\/"]}]},{"@type":"BreadcrumbList","@id":"https:\/\/www.hvar.com\/hr\/dozivite\/#breadcrumb","itemListElement":[{"@type":"ListItem","position":1,"name":"Home","item":"https:\/\/www.hvar.com\/hr\/"},{"@type":"ListItem","position":2,"name":"Do\u017eivite"}]},{"@type":"WebSite","@id":"https:\/\/www.hvar.com\/hr\/#website","url":"https:\/\/www.hvar.com\/hr\/","name":"Hvar island Croatia","description":"hvar, hvar croatia, hvar island","potentialAction":[{"@type":"SearchAction","target":{"@type":"EntryPoint","urlTemplate":"https:\/\/www.hvar.com\/hr\/?s={search_term_string}"},"query-input":{"@type":"PropertyValueSpecification","valueRequired":true,"valueName":"search_term_string"}}],"inLanguage":"hr"}]}},"_links":{"self":[{"href":"https:\/\/www.hvar.com\/hr\/wp-json\/wp\/v2\/pages\/1347","targetHints":{"allow":["GET"]}}],"collection":[{"href":"https:\/\/www.hvar.com\/hr\/wp-json\/wp\/v2\/pages"}],"about":[{"href":"https:\/\/www.hvar.com\/hr\/wp-json\/wp\/v2\/types\/page"}],"author":[{"embeddable":true,"href":"https:\/\/www.hvar.com\/hr\/wp-json\/wp\/v2\/users\/1"}],"replies":[{"embeddable":true,"href":"https:\/\/www.hvar.com\/hr\/wp-json\/wp\/v2\/comments?post=1347"}],"version-history":[{"count":1,"href":"https:\/\/www.hvar.com\/hr\/wp-json\/wp\/v2\/pages\/1347\/revisions"}],"predecessor-version":[{"id":1352,"href":"https:\/\/www.hvar.com\/hr\/wp-json\/wp\/v2\/pages\/1347\/revisions\/1352"}],"wp:attachment":[{"href":"https:\/\/www.hvar.com\/hr\/wp-json\/wp\/v2\/media?parent=1347"}],"wp:term":[{"taxonomy":"category","embeddable":true,"href":"https:\/\/www.hvar.com\/hr\/wp-json\/wp\/v2\/categories?post=1347"},{"taxonomy":"post_tag","embeddable":true,"href":"https:\/\/www.hvar.com\/hr\/wp-json\/wp\/v2\/tags?post=1347"}],"curies":[{"name":"wp","href":"https:\/\/api.w.org\/{rel}","templated":true}]}}