{"id":1322,"date":"2023-10-25T13:52:06","date_gmt":"2023-10-25T13:52:06","guid":{"rendered":"https:\/\/www.hvar.com\/?page_id=1322"},"modified":"2023-10-25T14:54:54","modified_gmt":"2023-10-25T14:54:54","slug":"dalmatino","status":"publish","type":"page","link":"https:\/\/www.hvar.com\/hr\/restorani\/dalmatino\/","title":{"rendered":"Dalmatino"},"content":{"rendered":"<p>[et_pb_section fb_built=&#8221;1&#8243; _builder_version=&#8221;4.20.0&#8243; _module_preset=&#8221;default&#8221; custom_padding=&#8221;20px||20px||false|false&#8221; global_colors_info=&#8221;{}&#8221;][et_pb_row _builder_version=&#8221;4.20.0&#8243; _module_preset=&#8221;default&#8221; custom_padding=&#8221;15px||15px||true|false&#8221; global_colors_info=&#8221;{}&#8221;][et_pb_column type=&#8221;4_4&#8243; _builder_version=&#8221;4.20.0&#8243; _module_preset=&#8221;default&#8221; global_colors_info=&#8221;{}&#8221;][et_pb_text _builder_version=&#8221;4.23&#8243; _module_preset=&#8221;default&#8221; header_font=&#8221;|700|||||||&#8221; header_font_size=&#8221;34px&#8221; global_colors_info=&#8221;{}&#8221;]<\/p>\n<h1>Restoran Dalmatino<\/h1>\n<p>[\/et_pb_text][\/et_pb_column][\/et_pb_row][et_pb_row module_class=&#8221;reviewpage-img&#8221; _builder_version=&#8221;4.20.0&#8243; _module_preset=&#8221;default&#8221; max_height=&#8221;700px&#8221; custom_padding=&#8221;0px||0px||true|false&#8221; global_colors_info=&#8221;{}&#8221;][et_pb_column type=&#8221;4_4&#8243; _builder_version=&#8221;4.20.0&#8243; _module_preset=&#8221;default&#8221; global_colors_info=&#8221;{}&#8221;][et_pb_image src=&#8221;https:\/\/www.hvar.com\/wp-content\/uploads\/2023\/10\/restoran-dalmatino-hvar.jpg&#8221; alt=&#8221;dalmatino hvar&#8221; title_text=&#8221;restoran dalmatino hvar&#8221; align=&#8221;center&#8221; _builder_version=&#8221;4.23&#8243; _module_preset=&#8221;default&#8221; global_colors_info=&#8221;{}&#8221;][\/et_pb_image][\/et_pb_column][\/et_pb_row][\/et_pb_section][et_pb_section fb_built=&#8221;1&#8243; use_custom_gutter=&#8221;on&#8221; gutter_width=&#8221;2&#8243; specialty=&#8221;on&#8221; _builder_version=&#8221;4.20.0&#8243; _module_preset=&#8221;default&#8221; custom_padding=&#8221;15px|||||&#8221; global_colors_info=&#8221;{}&#8221;][et_pb_column type=&#8221;1_3&#8243; _builder_version=&#8221;4.16&#8243; custom_padding=&#8221;|||&#8221; global_colors_info=&#8221;{}&#8221; custom_padding__hover=&#8221;|||&#8221;][et_pb_text _builder_version=&#8221;4.23&#8243; _module_preset=&#8221;default&#8221; header_4_font=&#8221;|700|||||||&#8221; custom_margin=&#8221;||0px||false|false&#8221; custom_padding=&#8221;||0px||false|false&#8221; global_colors_info=&#8221;{}&#8221;]<\/p>\n<h4>Tip restorana:<\/h4>\n<p>[\/et_pb_text][et_pb_text _builder_version=&#8221;4.23&#8243; _module_preset=&#8221;default&#8221; header_4_font=&#8221;|700|||||||&#8221; custom_margin=&#8221;0px||||false|false&#8221; custom_padding=&#8221;0px||||false|false&#8221; global_colors_info=&#8221;{}&#8221;]<\/p>\n<p>Steak and fish house<\/p>\n<p>[\/et_pb_text][et_pb_blurb title=&#8221;Web stranica&#8221; url=&#8221;https:\/\/dalmatino-hvar.com\/hr\/&#8221; use_icon=&#8221;on&#8221; font_icon=&#8221;&#xf0c1;||fa||900&#8243; icon_color=&#8221;gcid-0e08fed6-92a3-4c3a-accb-2559072c0a6c&#8221; icon_placement=&#8221;left&#8221; image_icon_width=&#8221;19px&#8221; _builder_version=&#8221;4.23&#8243; _module_preset=&#8221;default&#8221; header_font=&#8221;|600|||||||&#8221; header_text_align=&#8221;left&#8221; header_font_size=&#8221;17px&#8221; module_alignment=&#8221;left&#8221; custom_margin=&#8221;||13px||false|false&#8221; custom_padding=&#8221;||0px||false|false&#8221; global_colors_info=&#8221;{%22gcid-0e08fed6-92a3-4c3a-accb-2559072c0a6c%22:%91%22icon_color%22,%22icon_color%22%93}&#8221;][\/et_pb_blurb][et_pb_blurb title=&#8221;+385 91 529 3121&#8243; url=&#8221;tel:+38521742999&#8243; use_icon=&#8221;on&#8221; font_icon=&#8221;&#xf879;||fa||900&#8243; icon_color=&#8221;gcid-0e08fed6-92a3-4c3a-accb-2559072c0a6c&#8221; icon_placement=&#8221;left&#8221; image_icon_width=&#8221;19px&#8221; _builder_version=&#8221;4.23&#8243; _module_preset=&#8221;default&#8221; header_font=&#8221;|600|||||||&#8221; header_text_align=&#8221;left&#8221; header_font_size=&#8221;17px&#8221; module_alignment=&#8221;left&#8221; custom_margin=&#8221;||13px||false|false&#8221; custom_padding=&#8221;||0px||false|false&#8221; global_colors_info=&#8221;{%22gcid-0e08fed6-92a3-4c3a-accb-2559072c0a6c%22:%91%22icon_color%22,%22icon_color%22%93}&#8221;][\/et_pb_blurb][et_pb_blurb title=&#8221;Google maps adresa&#8221; url=&#8221;#lokacijarestorana&#8221; use_icon=&#8221;on&#8221; font_icon=&#8221;&#xe081;||divi||400&#8243; icon_color=&#8221;gcid-0e08fed6-92a3-4c3a-accb-2559072c0a6c&#8221; icon_placement=&#8221;left&#8221; image_icon_width=&#8221;19px&#8221; _builder_version=&#8221;4.23&#8243; _module_preset=&#8221;default&#8221; header_font=&#8221;|600|||||||&#8221; header_text_align=&#8221;left&#8221; header_font_size=&#8221;17px&#8221; module_alignment=&#8221;left&#8221; custom_margin=&#8221;||13px||false|false&#8221; custom_padding=&#8221;||0px||false|false&#8221; global_colors_info=&#8221;{%22gcid-0e08fed6-92a3-4c3a-accb-2559072c0a6c%22:%91%22icon_color%22,%22icon_color%22%93}&#8221;][\/et_pb_blurb][et_pb_blurb title=&#8221;Radno vrijeme&#8221; use_icon=&#8221;on&#8221; font_icon=&#8221;&#xf017;||fa||400&#8243; icon_color=&#8221;gcid-0e08fed6-92a3-4c3a-accb-2559072c0a6c&#8221; icon_placement=&#8221;left&#8221; image_icon_width=&#8221;19px&#8221; _builder_version=&#8221;4.23&#8243; _module_preset=&#8221;default&#8221; header_font=&#8221;|600|||||||&#8221; header_text_align=&#8221;left&#8221; header_font_size=&#8221;17px&#8221; module_alignment=&#8221;left&#8221; custom_margin=&#8221;||13px||false|false&#8221; custom_padding=&#8221;||0px||false|false&#8221; global_colors_info=&#8221;{%22gcid-0e08fed6-92a3-4c3a-accb-2559072c0a6c%22:%91%22icon_color%22,%22icon_color%22%93}&#8221;]<\/p>\n<p>Ponedjeljak &#8211; Subota<br \/>12:00 do 24:00<\/p>\n<p>Nedjelja zatvoreno<\/p>\n<p>[\/et_pb_blurb][\/et_pb_column][et_pb_column type=&#8221;2_3&#8243; specialty_columns=&#8221;2&#8243; _builder_version=&#8221;4.16&#8243; custom_padding=&#8221;|||&#8221; global_colors_info=&#8221;{}&#8221; custom_padding__hover=&#8221;|||&#8221;][et_pb_row_inner _builder_version=&#8221;4.20.0&#8243; _module_preset=&#8221;default&#8221; global_colors_info=&#8221;{}&#8221;][et_pb_column_inner saved_specialty_column_type=&#8221;2_3&#8243; _builder_version=&#8221;4.20.0&#8243; _module_preset=&#8221;default&#8221; global_colors_info=&#8221;{}&#8221;][et_pb_text _builder_version=&#8221;4.23&#8243; _module_preset=&#8221;default&#8221; header_2_font=&#8221;|700|||||||&#8221; hover_enabled=&#8221;0&#8243; global_colors_info=&#8221;{}&#8221; sticky_enabled=&#8221;0&#8243;]<\/p>\n<h2>O restoranu Dalmatino<\/h2>\n<p>Restoran Dalmatino pru\u017ea jedinstvenu priliku za do\u017eivljaj autenti\u010dne dalmatinske kuhinje u srcu predivnog Jadranskog otoka Hvara. Ovaj restoran, smje\u0161ten u slikovitom, povijesnom gradu Hvaru, odlikuje se svojom iznimnom ponudom tradicionalnih jela koja su pripremljena s ljubavlju i stru\u010dno\u0161\u0107u, koriste\u0107i samo najsvje\u017eije lokalne sastojke. Izbor jela u Restoranu Dalmatino Hvar je impresivan, a svako jelo na jelovniku donosi da\u0161ak dalmatinske tradicije. Od svje\u017ee ribe i morskih plodova, preko klasi\u010dnih mesnih specijaliteta poput pa\u0161ticade ili janjetine ispod peke, do neodoljivih doma\u0107ih deserta poput ro\u017eate ili fritula, sve je pripremljeno s posebnom pa\u017enjom na detalje, kako bi se gostima pru\u017eilo autenti\u010dno gastronomsko iskustvo. Osim izvrsne kuhinje, restoran se mo\u017ee pohvaliti i vrhunskim vinima iz vlastite vinoteke, u kojoj se \u010duvaju najbolja dalmatinska i hrvatska vina, a posebno se isti\u010du vina s obli\u017enjih hvarskih vinogorja. <\/p>\n<p>Uz prepoznatljivu dalmatinsku glazbu u pozadini, svaki obrok u Restoranu Dalmatino postaje pravo putovanje kroz dalmatinsku kulturu i tradiciju. Uz to, ljubazno osoblje restorana uvijek je spremno preporu\u010diti jelo ili vino, te pomo\u0107i gostima da se osje\u0107aju dobrodo\u0161lima i u\u017eivaju u svakom trenutku svog boravka. Stoga, ako tra\u017eite mjesto gdje mo\u017eete okusiti pravu dalmatinsku kuhinju u autenti\u010dnom ambijentu, ne tra\u017eite dalje. Restoran Dalmatino pravo je mjesto za vas.<\/p>\n<p>Restoran Dalmatino nije samo mjesto gdje \u0107ete u\u017eivati u vrhunskoj gastronomiji, ve\u0107 je to mjesto koje pru\u017ea luksuznu uslugu koja ne ostavlja nikoga ravnodu\u0161nim. Ovaj restoran je poznat po tome \u0161to svakom gostu pru\u017ea individualni pristup, uvijek se trude\u0107i da zadovolji sve njegove gastronomske \u017eelje i potrebe. Usluga u Restoranu Dalmatino je na najvi\u0161em nivou. Profesionalno, ljubazno i uvijek nasmijano osoblje spremno je da vam pru\u017ei nezaboravno iskustvo. <\/p>\n<p>Bilo da se radi o preporuci jela, savjetima o vinima ili pomo\u0107i oko posebnih prehrambenih potreba, osoblje restorana uvijek je na raspolaganju da osigura da va\u0161 posjet bude \u0161to ugodniji. Osim toga, interijer restorana je elegantan i udoban, s toplim tonovima koji stvaraju ugodnu atmosferu za u\u017eivanje u delicijama dalmatinske kuhinje. Kada je rije\u010d o gastronomiji, Restoran Dalmatino pru\u017ea iznimno bogat izbor jela koja kombiniraju tradicionalne dalmatinske recepte s modernim kulinarskim trendovima. Svako jelo na jelovniku priprema se s pa\u017enjom i stru\u010dno\u0161\u0107u, koriste\u0107i samo najkvalitetnije lokalne sastojke. Posjet Restoranu Dalmatino nije samo obrok, ve\u0107 pravo gastronomsko putovanje koje \u0107e vas o\u010darati svojim okusima, mirisima i atmosferom. Ukoliko tra\u017eite mjesto gdje \u0107ete do\u017eivjeti vrhunski gastronomski do\u017eivljaj u kombinaciji s luksuznom uslugom, ovo je pravo mjesto za vas.<\/p>\n<p>U srcu grada Hvara, smjestio se Restoran Dalmatino , mjesto koje savr\u0161eno spaja tradiciju i suvremenost. Ovaj restoran je pravi predstavnik dalmatinske kulture i njenih kulinarskih tradicija, ali istovremeno prati i najnovije trendove u gastronomiji, nude\u0107i svojim gostima jedinstveno i moderno iskustvo. Restoran Dalmatino je mjesto gdje se tradicionalna dalmatinska kuhinja susre\u0107e s modernim kulinarskim umije\u0107em. Jela su inspirirana stoljetnim receptima, ali su prilago\u0111ena suvremenom ukusu i na\u010dinu prehrane. <\/p>\n<p>Uz to, restoran koristi samo najsvje\u017eije lokalne sastojke, nagla\u0161avaju\u0107i va\u017enost o\u010duvanja lokalne poljoprivrede i odr\u017eivog razvoja. Interijer restorana je kombinacija tradicionalnih i modernih elemenata, stvaraju\u0107i atmosferu koja je u isto vrijeme opu\u0161taju\u0107a i elegantna. Osoblje restorana je profesionalno i uvijek spremno pomo\u0107i, bilo da se radi o preporuci jela, uparivanju vina ili organizaciji posebnih doga\u0111anja. Stoga, ukoliko \u017eelite iskusiti autenti\u010dnu dalmatinsku kuhinju u modernom ambijentu, uz iznimnu uslugu i divan pogled, ova je lokacija na Hvaru savr\u0161en izbor za vas.<\/p>\n<p>&nbsp;<\/p>\n<p>[\/et_pb_text][et_pb_text _builder_version=&#8221;4.23&#8243; _module_preset=&#8221;default&#8221; header_2_font=&#8221;|700|||||||&#8221; global_colors_info=&#8221;{}&#8221;]<\/p>\n<h2>Lokacija restorana<\/h2>\n<p>[\/et_pb_text][et_pb_code module_id=&#8221;lokacijarestorana&#8221; _builder_version=&#8221;4.23&#8243; _module_preset=&#8221;default&#8221; global_colors_info=&#8221;{}&#8221;]<ins class=\"bookingaff\" data-aid=\"2340087\" data-target_aid=\"2340087\" data-prod=\"map\" data-width=\"100%\" data-height=\"590\" data-lang=\"ualng\" data-dest_id=\"0\" data-dest_type=\"landmark\" data-latitude=\"43.172798\" data-longitude=\"16.440856\" data-landmark_name=\"Hvar\" data-mwhsb=\"0\" data-address=\"Hvar, Croatia\"><!-- [et_pb_line_break_holder] -->    <!-- Anything inside will go away once widget is loaded. --><!-- [et_pb_line_break_holder] -->        <a href=\"\/\/www.booking.com?aid=2340087\">Booking.com<\/a><!-- [et_pb_line_break_holder] --><\/ins><!-- [et_pb_line_break_holder] --><script type=\"text\/javascript\"><!-- [et_pb_line_break_holder] -->    (function(d, sc, u) {<!-- [et_pb_line_break_holder] -->      var s = d.createElement(sc), p = d.getElementsByTagName(sc)[0];<!-- [et_pb_line_break_holder] -->      s.type = 'text\/javascript';<!-- [et_pb_line_break_holder] -->      s.async = true;<!-- [et_pb_line_break_holder] -->      s.src = u + '?v=' + (+new Date());<!-- [et_pb_line_break_holder] -->      p.parentNode.insertBefore(s,p);<!-- [et_pb_line_break_holder] -->      })(document, 'script', '\/\/cf.bstatic.com\/static\/affiliate_base\/js\/flexiproduct.js');<!-- [et_pb_line_break_holder] --><\/script>[\/et_pb_code][et_pb_text _builder_version=&#8221;4.23&#8243; _module_preset=&#8221;default&#8221; header_3_font=&#8221;|700|||||||&#8221; custom_margin=&#8221;50px||15px||false|false&#8221; global_colors_info=&#8221;{}&#8221;]<\/p>\n<h3>Galerija<\/h3>\n<p>[\/et_pb_text][et_pb_gallery gallery_ids=&#8221;1335,1336,1337,1338,1339,1340&#8243; posts_number=&#8221;6&#8243; show_title_and_caption=&#8221;off&#8221; show_pagination=&#8221;off&#8221; _builder_version=&#8221;4.23&#8243; _module_preset=&#8221;default&#8221; global_colors_info=&#8221;{}&#8221;][\/et_pb_gallery][\/et_pb_column_inner][\/et_pb_row_inner][\/et_pb_column][\/et_pb_section]<\/p>\n","protected":false},"excerpt":{"rendered":"<p>Restoran DalmatinoTip restorana:Steak and fish housePonedjeljak &#8211; Subota12:00 do 24:00 Nedjelja zatvorenoO restoranu Dalmatino Restoran Dalmatino pru\u017ea jedinstvenu priliku za do\u017eivljaj autenti\u010dne dalmatinske kuhinje u srcu predivnog Jadranskog otoka Hvara. Ovaj restoran, smje\u0161ten u slikovitom, povijesnom gradu Hvaru, odlikuje se svojom iznimnom ponudom tradicionalnih jela koja su pripremljena s ljubavlju i stru\u010dno\u0161\u0107u, koriste\u0107i samo najsvje\u017eije [&hellip;]<\/p>\n","protected":false},"author":1,"featured_media":0,"parent":315,"menu_order":0,"comment_status":"closed","ping_status":"closed","template":"","meta":{"_et_pb_use_builder":"on","_et_pb_old_content":"","_et_gb_content_width":"","inline_featured_image":false,"footnotes":""},"categories":[],"tags":[],"class_list":["post-1322","page","type-page","status-publish","hentry"],"yoast_head":"<!-- This site is optimized with the Yoast SEO Premium plugin v27.4 (Yoast SEO v27.4) - https:\/\/yoast.com\/product\/yoast-seo-premium-wordpress\/ -->\n<title>Restoran Dalmatino - Hvar.com<\/title>\n<meta name=\"description\" content=\"Restoran Dalmatino otvoren je 1987. godine i do danas se establiro u jedan od najpoznatijih restorana u gradu Hvaru.\" \/>\n<meta name=\"robots\" content=\"index, follow, max-snippet:-1, max-image-preview:large, max-video-preview:-1\" \/>\n<link rel=\"canonical\" href=\"https:\/\/www.hvar.com\/hr\/restorani\/dalmatino\/\" \/>\n<meta property=\"og:locale\" content=\"hr_HR\" \/>\n<meta property=\"og:type\" content=\"article\" \/>\n<meta property=\"og:title\" content=\"Dalmatino\" \/>\n<meta property=\"og:description\" content=\"Restoran Dalmatino otvoren je 1987. godine i do danas se establiro u jedan od najpoznatijih restorana u gradu Hvaru.\" \/>\n<meta property=\"og:url\" content=\"https:\/\/www.hvar.com\/hr\/restorani\/dalmatino\/\" \/>\n<meta property=\"og:site_name\" content=\"Hvar island Croatia\" \/>\n<meta property=\"article:modified_time\" content=\"2023-10-25T14:54:54+00:00\" \/>\n<meta name=\"twitter:card\" content=\"summary_large_image\" \/>\n<meta name=\"twitter:label1\" content=\"Procijenjeno vrijeme \u010ditanja\" \/>\n\t<meta name=\"twitter:data1\" content=\"4 minute\" \/>\n<script type=\"application\/ld+json\" class=\"yoast-schema-graph\">{\"@context\":\"https:\\\/\\\/schema.org\",\"@graph\":[{\"@type\":\"WebPage\",\"@id\":\"https:\\\/\\\/www.hvar.com\\\/hr\\\/restorani\\\/dalmatino\\\/\",\"url\":\"https:\\\/\\\/www.hvar.com\\\/hr\\\/restorani\\\/dalmatino\\\/\",\"name\":\"Restoran Dalmatino - Hvar.com\",\"isPartOf\":{\"@id\":\"https:\\\/\\\/www.hvar.com\\\/hr\\\/#website\"},\"datePublished\":\"2023-10-25T13:52:06+00:00\",\"dateModified\":\"2023-10-25T14:54:54+00:00\",\"description\":\"Restoran Dalmatino otvoren je 1987. godine i do danas se establiro u jedan od najpoznatijih restorana u gradu Hvaru.\",\"breadcrumb\":{\"@id\":\"https:\\\/\\\/www.hvar.com\\\/hr\\\/restorani\\\/dalmatino\\\/#breadcrumb\"},\"inLanguage\":\"hr\",\"potentialAction\":[{\"@type\":\"ReadAction\",\"target\":[\"https:\\\/\\\/www.hvar.com\\\/hr\\\/restorani\\\/dalmatino\\\/\"]}]},{\"@type\":\"BreadcrumbList\",\"@id\":\"https:\\\/\\\/www.hvar.com\\\/hr\\\/restorani\\\/dalmatino\\\/#breadcrumb\",\"itemListElement\":[{\"@type\":\"ListItem\",\"position\":1,\"name\":\"Home\",\"item\":\"https:\\\/\\\/www.hvar.com\\\/hr\\\/\"},{\"@type\":\"ListItem\",\"position\":2,\"name\":\"Restorani\",\"item\":\"https:\\\/\\\/www.hvar.com\\\/hr\\\/restorani\\\/\"},{\"@type\":\"ListItem\",\"position\":3,\"name\":\"Dalmatino\"}]},{\"@type\":\"WebSite\",\"@id\":\"https:\\\/\\\/www.hvar.com\\\/hr\\\/#website\",\"url\":\"https:\\\/\\\/www.hvar.com\\\/hr\\\/\",\"name\":\"Hvar island Croatia\",\"description\":\"hvar, hvar croatia, hvar island\",\"potentialAction\":[{\"@type\":\"SearchAction\",\"target\":{\"@type\":\"EntryPoint\",\"urlTemplate\":\"https:\\\/\\\/www.hvar.com\\\/hr\\\/?s={search_term_string}\"},\"query-input\":{\"@type\":\"PropertyValueSpecification\",\"valueRequired\":true,\"valueName\":\"search_term_string\"}}],\"inLanguage\":\"hr\"}]}<\/script>\n<!-- \/ Yoast SEO Premium plugin. -->","yoast_head_json":{"title":"Restoran Dalmatino - Hvar.com","description":"Restoran Dalmatino otvoren je 1987. godine i do danas se establiro u jedan od najpoznatijih restorana u gradu Hvaru.","robots":{"index":"index","follow":"follow","max-snippet":"max-snippet:-1","max-image-preview":"max-image-preview:large","max-video-preview":"max-video-preview:-1"},"canonical":"https:\/\/www.hvar.com\/hr\/restorani\/dalmatino\/","og_locale":"hr_HR","og_type":"article","og_title":"Dalmatino","og_description":"Restoran Dalmatino otvoren je 1987. godine i do danas se establiro u jedan od najpoznatijih restorana u gradu Hvaru.","og_url":"https:\/\/www.hvar.com\/hr\/restorani\/dalmatino\/","og_site_name":"Hvar island Croatia","article_modified_time":"2023-10-25T14:54:54+00:00","twitter_card":"summary_large_image","twitter_misc":{"Procijenjeno vrijeme \u010ditanja":"4 minute"},"schema":{"@context":"https:\/\/schema.org","@graph":[{"@type":"WebPage","@id":"https:\/\/www.hvar.com\/hr\/restorani\/dalmatino\/","url":"https:\/\/www.hvar.com\/hr\/restorani\/dalmatino\/","name":"Restoran Dalmatino - Hvar.com","isPartOf":{"@id":"https:\/\/www.hvar.com\/hr\/#website"},"datePublished":"2023-10-25T13:52:06+00:00","dateModified":"2023-10-25T14:54:54+00:00","description":"Restoran Dalmatino otvoren je 1987. godine i do danas se establiro u jedan od najpoznatijih restorana u gradu Hvaru.","breadcrumb":{"@id":"https:\/\/www.hvar.com\/hr\/restorani\/dalmatino\/#breadcrumb"},"inLanguage":"hr","potentialAction":[{"@type":"ReadAction","target":["https:\/\/www.hvar.com\/hr\/restorani\/dalmatino\/"]}]},{"@type":"BreadcrumbList","@id":"https:\/\/www.hvar.com\/hr\/restorani\/dalmatino\/#breadcrumb","itemListElement":[{"@type":"ListItem","position":1,"name":"Home","item":"https:\/\/www.hvar.com\/hr\/"},{"@type":"ListItem","position":2,"name":"Restorani","item":"https:\/\/www.hvar.com\/hr\/restorani\/"},{"@type":"ListItem","position":3,"name":"Dalmatino"}]},{"@type":"WebSite","@id":"https:\/\/www.hvar.com\/hr\/#website","url":"https:\/\/www.hvar.com\/hr\/","name":"Hvar island Croatia","description":"hvar, hvar croatia, hvar island","potentialAction":[{"@type":"SearchAction","target":{"@type":"EntryPoint","urlTemplate":"https:\/\/www.hvar.com\/hr\/?s={search_term_string}"},"query-input":{"@type":"PropertyValueSpecification","valueRequired":true,"valueName":"search_term_string"}}],"inLanguage":"hr"}]}},"_links":{"self":[{"href":"https:\/\/www.hvar.com\/hr\/wp-json\/wp\/v2\/pages\/1322","targetHints":{"allow":["GET"]}}],"collection":[{"href":"https:\/\/www.hvar.com\/hr\/wp-json\/wp\/v2\/pages"}],"about":[{"href":"https:\/\/www.hvar.com\/hr\/wp-json\/wp\/v2\/types\/page"}],"author":[{"embeddable":true,"href":"https:\/\/www.hvar.com\/hr\/wp-json\/wp\/v2\/users\/1"}],"replies":[{"embeddable":true,"href":"https:\/\/www.hvar.com\/hr\/wp-json\/wp\/v2\/comments?post=1322"}],"version-history":[{"count":1,"href":"https:\/\/www.hvar.com\/hr\/wp-json\/wp\/v2\/pages\/1322\/revisions"}],"predecessor-version":[{"id":1343,"href":"https:\/\/www.hvar.com\/hr\/wp-json\/wp\/v2\/pages\/1322\/revisions\/1343"}],"up":[{"embeddable":true,"href":"https:\/\/www.hvar.com\/hr\/wp-json\/wp\/v2\/pages\/315"}],"wp:attachment":[{"href":"https:\/\/www.hvar.com\/hr\/wp-json\/wp\/v2\/media?parent=1322"}],"wp:term":[{"taxonomy":"category","embeddable":true,"href":"https:\/\/www.hvar.com\/hr\/wp-json\/wp\/v2\/categories?post=1322"},{"taxonomy":"post_tag","embeddable":true,"href":"https:\/\/www.hvar.com\/hr\/wp-json\/wp\/v2\/tags?post=1322"}],"curies":[{"name":"wp","href":"https:\/\/api.w.org\/{rel}","templated":true}]}}