{"id":1257,"date":"2023-10-25T09:20:41","date_gmt":"2023-10-25T09:20:41","guid":{"rendered":"https:\/\/www.hvar.com\/?page_id=1257"},"modified":"2024-07-01T13:44:18","modified_gmt":"2024-07-01T13:44:18","slug":"laganini","status":"publish","type":"page","link":"https:\/\/www.hvar.com\/hr\/restorani\/laganini\/","title":{"rendered":"Laganini"},"content":{"rendered":"<p>[et_pb_section fb_built=&#8221;1&#8243; _builder_version=&#8221;4.20.0&#8243; _module_preset=&#8221;default&#8221; custom_padding=&#8221;20px||20px||false|false&#8221; global_colors_info=&#8221;{}&#8221;][et_pb_row _builder_version=&#8221;4.20.0&#8243; _module_preset=&#8221;default&#8221; custom_padding=&#8221;15px||15px||true|false&#8221; global_colors_info=&#8221;{}&#8221;][et_pb_column type=&#8221;4_4&#8243; _builder_version=&#8221;4.20.0&#8243; _module_preset=&#8221;default&#8221; global_colors_info=&#8221;{}&#8221;][et_pb_text _builder_version=&#8221;4.25.2&#8243; _module_preset=&#8221;default&#8221; header_font=&#8221;|700|||||||&#8221; header_font_size=&#8221;34px&#8221; hover_enabled=&#8221;0&#8243; global_colors_info=&#8221;{}&#8221; sticky_enabled=&#8221;0&#8243;]<\/p>\n<h1>Restoran Laganini<\/h1>\n<p>[\/et_pb_text][\/et_pb_column][\/et_pb_row][et_pb_row module_class=&#8221;reviewpage-img&#8221; _builder_version=&#8221;4.20.0&#8243; _module_preset=&#8221;default&#8221; max_height=&#8221;700px&#8221; custom_padding=&#8221;0px||0px||true|false&#8221; global_colors_info=&#8221;{}&#8221;][et_pb_column type=&#8221;4_4&#8243; _builder_version=&#8221;4.20.0&#8243; _module_preset=&#8221;default&#8221; global_colors_info=&#8221;{}&#8221;][et_pb_image src=&#8221;https:\/\/www.hvar.com\/wp-content\/uploads\/2023\/10\/laganini-hvar.jpg&#8221; alt=&#8221;laganini hvar&#8221; title_text=&#8221;laganini hvar&#8221; align=&#8221;center&#8221; _builder_version=&#8221;4.23&#8243; _module_preset=&#8221;default&#8221; global_colors_info=&#8221;{}&#8221;][\/et_pb_image][\/et_pb_column][\/et_pb_row][\/et_pb_section][et_pb_section fb_built=&#8221;1&#8243; use_custom_gutter=&#8221;on&#8221; gutter_width=&#8221;2&#8243; specialty=&#8221;on&#8221; _builder_version=&#8221;4.20.0&#8243; _module_preset=&#8221;default&#8221; custom_padding=&#8221;15px|||||&#8221; global_colors_info=&#8221;{}&#8221;][et_pb_column type=&#8221;1_3&#8243; _builder_version=&#8221;4.16&#8243; custom_padding=&#8221;|||&#8221; global_colors_info=&#8221;{}&#8221; custom_padding__hover=&#8221;|||&#8221;][et_pb_text _builder_version=&#8221;4.25.2&#8243; _module_preset=&#8221;default&#8221; header_4_font=&#8221;|700|||||||&#8221; custom_margin=&#8221;||0px||false|false&#8221; custom_padding=&#8221;||0px||false|false&#8221; hover_enabled=&#8221;0&#8243; global_colors_info=&#8221;{}&#8221; sticky_enabled=&#8221;0&#8243;]<\/p>\n<h4>Tip restotana:<\/h4>\n<p>[\/et_pb_text][et_pb_text _builder_version=&#8221;4.25.2&#8243; _module_preset=&#8221;default&#8221; header_4_font=&#8221;|700|||||||&#8221; custom_margin=&#8221;0px||||false|false&#8221; custom_padding=&#8221;0px||||false|false&#8221; hover_enabled=&#8221;0&#8243; global_colors_info=&#8221;{}&#8221; sticky_enabled=&#8221;0&#8243;]<\/p>\n<p>Lounge bar &amp; Fish house<\/p>\n<p>[\/et_pb_text][et_pb_blurb title=&#8221;Web stranica&#8221; url=&#8221;https:\/\/loungebarlaganini.com\/&#8221; use_icon=&#8221;on&#8221; font_icon=&#8221;&#xf0c1;||fa||900&#8243; icon_color=&#8221;gcid-0e08fed6-92a3-4c3a-accb-2559072c0a6c&#8221; icon_placement=&#8221;left&#8221; image_icon_width=&#8221;19px&#8221; _builder_version=&#8221;4.25.2&#8243; _module_preset=&#8221;default&#8221; header_font=&#8221;|600|||||||&#8221; header_text_align=&#8221;left&#8221; header_font_size=&#8221;17px&#8221; module_alignment=&#8221;left&#8221; custom_margin=&#8221;||13px||false|false&#8221; custom_padding=&#8221;||0px||false|false&#8221; hover_enabled=&#8221;0&#8243; global_colors_info=&#8221;{%22gcid-0e08fed6-92a3-4c3a-accb-2559072c0a6c%22:%91%22icon_color%22,%22icon_color%22%93}&#8221; sticky_enabled=&#8221;0&#8243;][\/et_pb_blurb][et_pb_blurb title=&#8221;+385 91 174 4976&#8243; url=&#8221;tel:+38521742999&#8243; use_icon=&#8221;on&#8221; font_icon=&#8221;&#xf879;||fa||900&#8243; icon_color=&#8221;gcid-0e08fed6-92a3-4c3a-accb-2559072c0a6c&#8221; icon_placement=&#8221;left&#8221; image_icon_width=&#8221;19px&#8221; _builder_version=&#8221;4.25.2&#8243; _module_preset=&#8221;default&#8221; header_font=&#8221;|600|||||||&#8221; header_text_align=&#8221;left&#8221; header_font_size=&#8221;17px&#8221; module_alignment=&#8221;left&#8221; custom_margin=&#8221;||13px||false|false&#8221; custom_padding=&#8221;||0px||false|false&#8221; hover_enabled=&#8221;0&#8243; global_colors_info=&#8221;{%22gcid-0e08fed6-92a3-4c3a-accb-2559072c0a6c%22:%91%22icon_color%22,%22icon_color%22%93}&#8221; sticky_enabled=&#8221;0&#8243;][\/et_pb_blurb][et_pb_blurb title=&#8221;Google maps adresa&#8221; url=&#8221;#lokacijarestorana&#8221; use_icon=&#8221;on&#8221; font_icon=&#8221;&#xe081;||divi||400&#8243; icon_color=&#8221;gcid-0e08fed6-92a3-4c3a-accb-2559072c0a6c&#8221; icon_placement=&#8221;left&#8221; image_icon_width=&#8221;19px&#8221; _builder_version=&#8221;4.25.2&#8243; _module_preset=&#8221;default&#8221; header_font=&#8221;|600|||||||&#8221; header_text_align=&#8221;left&#8221; header_font_size=&#8221;17px&#8221; module_alignment=&#8221;left&#8221; custom_margin=&#8221;||13px||false|false&#8221; custom_padding=&#8221;||0px||false|false&#8221; hover_enabled=&#8221;0&#8243; global_colors_info=&#8221;{%22gcid-0e08fed6-92a3-4c3a-accb-2559072c0a6c%22:%91%22icon_color%22,%22icon_color%22%93}&#8221; sticky_enabled=&#8221;0&#8243;][\/et_pb_blurb][et_pb_blurb title=&#8221;Radno vrijeme&#8221; use_icon=&#8221;on&#8221; font_icon=&#8221;&#xf017;||fa||400&#8243; icon_color=&#8221;gcid-0e08fed6-92a3-4c3a-accb-2559072c0a6c&#8221; icon_placement=&#8221;left&#8221; image_icon_width=&#8221;19px&#8221; _builder_version=&#8221;4.25.2&#8243; _module_preset=&#8221;default&#8221; header_font=&#8221;|600|||||||&#8221; header_text_align=&#8221;left&#8221; header_font_size=&#8221;17px&#8221; module_alignment=&#8221;left&#8221; custom_margin=&#8221;||13px||false|false&#8221; custom_padding=&#8221;||0px||false|false&#8221; hover_enabled=&#8221;0&#8243; global_colors_info=&#8221;{%22gcid-0e08fed6-92a3-4c3a-accb-2559072c0a6c%22:%91%22icon_color%22,%22icon_color%22%93}&#8221; sticky_enabled=&#8221;0&#8243;]<\/p>\n<p>Svaki dan<br \/>12:00 do 22:00<\/p>\n<p>Izvan sezone restoran ne radi<\/p>\n<p>[\/et_pb_blurb][\/et_pb_column][et_pb_column type=&#8221;2_3&#8243; specialty_columns=&#8221;2&#8243; _builder_version=&#8221;4.16&#8243; custom_padding=&#8221;|||&#8221; global_colors_info=&#8221;{}&#8221; custom_padding__hover=&#8221;|||&#8221;][et_pb_row_inner _builder_version=&#8221;4.20.0&#8243; _module_preset=&#8221;default&#8221; global_colors_info=&#8221;{}&#8221;][et_pb_column_inner saved_specialty_column_type=&#8221;2_3&#8243; _builder_version=&#8221;4.20.0&#8243; _module_preset=&#8221;default&#8221; global_colors_info=&#8221;{}&#8221;][et_pb_text _builder_version=&#8221;4.25.2&#8243; _module_preset=&#8221;default&#8221; header_2_font=&#8221;|700|||||||&#8221; hover_enabled=&#8221;0&#8243; global_colors_info=&#8221;{}&#8221; sticky_enabled=&#8221;0&#8243;]<\/p>\n<h2>O restoranu Laganini<\/h2>\n<p>Otkrijte \u010dari morske kuhinje u Restoranu Laganini, mjestu koje je postalo sinonim za vrhunsku gastronomsku ponudu na Jadranu. Ovaj restoran, smje\u0161ten na prekrasnom otoku Hvaru, pru\u017ea posjetiteljima jedinstveno iskustvo u\u017eivanja u morskim delicijama pripremljenim na tradicionalan na\u010din, ali s modernim twistom. Svaki zalogaj u Laganiniju otkriva bogatstvo okusa i aroma koje dolaze iz svje\u017ee ulovljene ribe i morskih plodova, za\u010dinjenih s ljubavlju i stra\u0161\u0107u. Ovdje se posebna pa\u017enja posve\u0107uje odabiru namirnica, koje se svakodnevno nabavljaju od lokalnih ribara i uzgajiva\u010da. Na taj na\u010din se osigurava da svaki tanjur koji iza\u0111e iz kuhinje bude pravi mali spektakl za nepce.<\/p>\n<p>Osim \u0161to mo\u017eete u\u017eivati u bogatoj ponudi svje\u017ee ribe, \u0161koljaka i rakova, restoran Laganini nudi i izbor vrhunskih vina koja savr\u0161eno nadopunjuju svaki obrok. Bilo da ste ljubitelj bijelih, crvenih ili rose vina, ovdje \u0107ete prona\u0107i ne\u0161to za svoj ukus. Kuharski tim restorana stalno istra\u017euje i inovira, stvaraju\u0107i nove recepte koji odu\u0161evljavaju goste. Uz to, njihov pristup je uvijek usmjeren na to da se svaki gost osje\u0107a posebno, pru\u017eaju\u0107i personaliziranu uslugu koja nadma\u0161uje o\u010dekivanja. Posjetite Laganini \u2013 Lounge bar &amp; Fish house i otkrijte \u010dari morske kuhinje na jedinstven i nezaboravan na\u010din.<\/p>\n<p>U\u017eivanje u opu\u0161taju\u0107em ambijentu restorana je iskustvo koje se ne propu\u0161ta. Ovaj prekrasni restoran, smje\u0161ten na samoj obali mora, okru\u017een je mirisima borove \u0161ume i zvukovima valova, stvaraju\u0107i atmosferu koja vas odmah opu\u0161ta i odvodi daleko od svakodnevnog stresa. Interijer restorana odra\u017eava duh Mediterana \u2013 kombinacija rustikalnih i modernih elemenata stvara ugodan i topao ambijent.<\/p>\n<p>Veliki prozori omogu\u0107uju da svaki kutak restorana bude obasjan prirodnim svjetlom, dok pogled na more dodatno doprinosi osje\u0107aju spokoja i relaksacije. U Restoranu Laganini mo\u017eete se opustiti uz lagane zvuke lounge glazbe, u\u017eivati u \u010da\u0161i vrhunskog vina i diviti se prekrasnom zalasku sunca. Ovaj restoran je mjesto gdje mo\u017eete pobje\u0107i od svakodnevnice i prepustiti se u\u017eivanju u svakom trenutku. Osim toga, ljubazno osoblje restorana uvijek je tu da se pobrine za va\u0161u udobnost i zadovoljstvo. Svojim gostoljubivim pristupom i profesionalno\u0161\u0107u, oni \u010dine da se svaki gost osje\u0107a dobrodo\u0161lo i posebno.<\/p>\n<p>Restoran Laganini mjesto je gdje se kvaliteta i ukus susre\u0107u. Ovdje se svaki tanjur priprema s posebnom pa\u017enjom i posve\u0107eno\u0161\u0107u, kako bi se gostima pru\u017eilo istinsko gastronomsko iskustvo. Laganini je poznat po svojoj iznimnoj kuhinji koja kombinira tradicionalne recepte s modernim kulinarskim tehnikama. Svaki obrok je prava simfonija okusa, a svaki sastojak je pa\u017eljivo odabran kako bi se postigla savr\u0161ena harmonija na tanjuru.<\/p>\n<p>Kuharski tim ovog restorana uvijek te\u017ei najvi\u0161im standardima. Sve namirnice su svje\u017ee i lokalnog porijekla, a riba i morski plodovi dolaze direktno od lokalnih ribara. Ova posve\u0107enost kvaliteti osigurava da svaki obrok bude nezaboravan. Osim vrhunske hrane, restoran nudi i impresivnu selekciju vina. Na vinskoj karti mo\u017eete prona\u0107i najbolja doma\u0107a i strana vina koja savr\u0161eno nadopunjuju svaki obrok. Posjetite to mjesto i do\u017eivite prostor gdje se kvaliteta i ukus susre\u0107u u savr\u0161enom skladu. Ovdje \u0107ete prona\u0107i spoj tradicije i inovacije, a svaki obrok bit \u0107e prava gozba za va\u0161a osjetila.<\/p>\n<p>&nbsp;<\/p>\n<p>[\/et_pb_text][et_pb_text _builder_version=&#8221;4.25.2&#8243; _module_preset=&#8221;default&#8221; header_2_font=&#8221;|700|||||||&#8221; hover_enabled=&#8221;0&#8243; global_colors_info=&#8221;{}&#8221; sticky_enabled=&#8221;0&#8243;]<\/p>\n<h2>Lokacija restorana<\/h2>\n<p>[\/et_pb_text][et_pb_code module_id=&#8221;lokacijarestorana&#8221; _builder_version=&#8221;4.23&#8243; _module_preset=&#8221;default&#8221; global_colors_info=&#8221;{}&#8221;]<ins class=\"bookingaff\" data-aid=\"2340087\" data-target_aid=\"2340087\" data-prod=\"map\" data-width=\"100%\" data-height=\"590\" data-lang=\"ualng\" data-dest_id=\"0\" data-dest_type=\"landmark\" data-latitude=\"43.157295\" data-longitude=\"16.391572\" data-landmark_name=\"Hvar\" data-mwhsb=\"0\" data-address=\"Hvar, Croatia\"><!-- [et_pb_line_break_holder] -->    <!-- Anything inside will go away once widget is loaded. --><!-- [et_pb_line_break_holder] -->        <a href=\"\/\/www.booking.com?aid=2340087\">Booking.com<\/a><!-- [et_pb_line_break_holder] --><\/ins><!-- [et_pb_line_break_holder] --><script type=\"text\/javascript\"><!-- [et_pb_line_break_holder] -->    (function(d, sc, u) {<!-- [et_pb_line_break_holder] -->      var s = d.createElement(sc), p = d.getElementsByTagName(sc)[0];<!-- [et_pb_line_break_holder] -->      s.type = 'text\/javascript';<!-- [et_pb_line_break_holder] -->      s.async = true;<!-- [et_pb_line_break_holder] -->      s.src = u + '?v=' + (+new Date());<!-- [et_pb_line_break_holder] -->      p.parentNode.insertBefore(s,p);<!-- [et_pb_line_break_holder] -->      })(document, 'script', '\/\/cf.bstatic.com\/static\/affiliate_base\/js\/flexiproduct.js');<!-- [et_pb_line_break_holder] --><\/script>[\/et_pb_code][et_pb_text _builder_version=&#8221;4.25.2&#8243; _module_preset=&#8221;default&#8221; header_3_font=&#8221;|700|||||||&#8221; custom_margin=&#8221;50px||15px||false|false&#8221; hover_enabled=&#8221;0&#8243; global_colors_info=&#8221;{}&#8221; sticky_enabled=&#8221;0&#8243;]<\/p>\n<h3>Galerija<\/h3>\n<p>[\/et_pb_text][et_pb_gallery gallery_ids=&#8221;1272,1276,1273,1277,1274,1275&#8243; posts_number=&#8221;6&#8243; show_title_and_caption=&#8221;off&#8221; show_pagination=&#8221;off&#8221; _builder_version=&#8221;4.23&#8243; _module_preset=&#8221;default&#8221; global_colors_info=&#8221;{}&#8221;][\/et_pb_gallery][\/et_pb_column_inner][\/et_pb_row_inner][\/et_pb_column][\/et_pb_section]<\/p>\n","protected":false},"excerpt":{"rendered":"<p>Restoran LaganiniTip restotana:Lounge bar &amp; Fish houseSvaki dan12:00 do 22:00 Izvan sezone restoran ne radiO restoranu Laganini Otkrijte \u010dari morske kuhinje u Restoranu Laganini, mjestu koje je postalo sinonim za vrhunsku gastronomsku ponudu na Jadranu. Ovaj restoran, smje\u0161ten na prekrasnom otoku Hvaru, pru\u017ea posjetiteljima jedinstveno iskustvo u\u017eivanja u morskim delicijama pripremljenim na tradicionalan na\u010din, ali [&hellip;]<\/p>\n","protected":false},"author":1,"featured_media":0,"parent":315,"menu_order":0,"comment_status":"closed","ping_status":"closed","template":"","meta":{"_et_pb_use_builder":"on","_et_pb_old_content":"","_et_gb_content_width":"","inline_featured_image":false,"footnotes":""},"categories":[],"tags":[],"class_list":["post-1257","page","type-page","status-publish","hentry"],"yoast_head":"<!-- This site is optimized with the Yoast SEO Premium plugin v27.5 (Yoast SEO v27.5) - https:\/\/yoast.com\/product\/yoast-seo-premium-wordpress\/ -->\n<title>Restoran Laganini - Hvar.com<\/title>\n<meta name=\"description\" content=\"Laganini - Lounge bar &amp; Fish house vrhunski je restoran na Palmi\u017eani u blizini grada Hvara. Nudi specijalitete i bogatu ponudu pi\u0107a.\" \/>\n<meta name=\"robots\" content=\"index, follow, max-snippet:-1, max-image-preview:large, max-video-preview:-1\" \/>\n<link rel=\"canonical\" href=\"https:\/\/www.hvar.com\/hr\/restorani\/laganini\/\" \/>\n<meta property=\"og:locale\" content=\"hr_HR\" \/>\n<meta property=\"og:type\" content=\"article\" \/>\n<meta property=\"og:title\" content=\"Laganini\" \/>\n<meta property=\"og:description\" content=\"Laganini - Lounge bar &amp; Fish house vrhunski je restoran na Palmi\u017eani u blizini grada Hvara. Nudi specijalitete i bogatu ponudu pi\u0107a.\" \/>\n<meta property=\"og:url\" content=\"https:\/\/www.hvar.com\/hr\/restorani\/laganini\/\" \/>\n<meta property=\"og:site_name\" content=\"Hvar island Croatia\" \/>\n<meta property=\"article:modified_time\" content=\"2024-07-01T13:44:18+00:00\" \/>\n<meta name=\"twitter:card\" content=\"summary_large_image\" \/>\n<meta name=\"twitter:label1\" content=\"Procijenjeno vrijeme \u010ditanja\" \/>\n\t<meta name=\"twitter:data1\" content=\"5 minuta\" \/>\n<script type=\"application\/ld+json\" class=\"yoast-schema-graph\">{\"@context\":\"https:\\\/\\\/schema.org\",\"@graph\":[{\"@type\":\"WebPage\",\"@id\":\"https:\\\/\\\/www.hvar.com\\\/hr\\\/restorani\\\/laganini\\\/\",\"url\":\"https:\\\/\\\/www.hvar.com\\\/hr\\\/restorani\\\/laganini\\\/\",\"name\":\"Restoran Laganini - Hvar.com\",\"isPartOf\":{\"@id\":\"https:\\\/\\\/www.hvar.com\\\/hr\\\/#website\"},\"datePublished\":\"2023-10-25T09:20:41+00:00\",\"dateModified\":\"2024-07-01T13:44:18+00:00\",\"description\":\"Laganini - Lounge bar &amp; Fish house vrhunski je restoran na Palmi\u017eani u blizini grada Hvara. Nudi specijalitete i bogatu ponudu pi\u0107a.\",\"breadcrumb\":{\"@id\":\"https:\\\/\\\/www.hvar.com\\\/hr\\\/restorani\\\/laganini\\\/#breadcrumb\"},\"inLanguage\":\"hr\",\"potentialAction\":[{\"@type\":\"ReadAction\",\"target\":[\"https:\\\/\\\/www.hvar.com\\\/hr\\\/restorani\\\/laganini\\\/\"]}]},{\"@type\":\"BreadcrumbList\",\"@id\":\"https:\\\/\\\/www.hvar.com\\\/hr\\\/restorani\\\/laganini\\\/#breadcrumb\",\"itemListElement\":[{\"@type\":\"ListItem\",\"position\":1,\"name\":\"Home\",\"item\":\"https:\\\/\\\/www.hvar.com\\\/hr\\\/\"},{\"@type\":\"ListItem\",\"position\":2,\"name\":\"Restorani\",\"item\":\"https:\\\/\\\/www.hvar.com\\\/hr\\\/restorani\\\/\"},{\"@type\":\"ListItem\",\"position\":3,\"name\":\"Laganini\"}]},{\"@type\":\"WebSite\",\"@id\":\"https:\\\/\\\/www.hvar.com\\\/hr\\\/#website\",\"url\":\"https:\\\/\\\/www.hvar.com\\\/hr\\\/\",\"name\":\"Hvar island Croatia\",\"description\":\"hvar, hvar croatia, hvar island\",\"potentialAction\":[{\"@type\":\"SearchAction\",\"target\":{\"@type\":\"EntryPoint\",\"urlTemplate\":\"https:\\\/\\\/www.hvar.com\\\/hr\\\/?s={search_term_string}\"},\"query-input\":{\"@type\":\"PropertyValueSpecification\",\"valueRequired\":true,\"valueName\":\"search_term_string\"}}],\"inLanguage\":\"hr\"}]}<\/script>\n<!-- \/ Yoast SEO Premium plugin. -->","yoast_head_json":{"title":"Restoran Laganini - Hvar.com","description":"Laganini - Lounge bar &amp; Fish house vrhunski je restoran na Palmi\u017eani u blizini grada Hvara. Nudi specijalitete i bogatu ponudu pi\u0107a.","robots":{"index":"index","follow":"follow","max-snippet":"max-snippet:-1","max-image-preview":"max-image-preview:large","max-video-preview":"max-video-preview:-1"},"canonical":"https:\/\/www.hvar.com\/hr\/restorani\/laganini\/","og_locale":"hr_HR","og_type":"article","og_title":"Laganini","og_description":"Laganini - Lounge bar &amp; Fish house vrhunski je restoran na Palmi\u017eani u blizini grada Hvara. Nudi specijalitete i bogatu ponudu pi\u0107a.","og_url":"https:\/\/www.hvar.com\/hr\/restorani\/laganini\/","og_site_name":"Hvar island Croatia","article_modified_time":"2024-07-01T13:44:18+00:00","twitter_card":"summary_large_image","twitter_misc":{"Procijenjeno vrijeme \u010ditanja":"5 minuta"},"schema":{"@context":"https:\/\/schema.org","@graph":[{"@type":"WebPage","@id":"https:\/\/www.hvar.com\/hr\/restorani\/laganini\/","url":"https:\/\/www.hvar.com\/hr\/restorani\/laganini\/","name":"Restoran Laganini - Hvar.com","isPartOf":{"@id":"https:\/\/www.hvar.com\/hr\/#website"},"datePublished":"2023-10-25T09:20:41+00:00","dateModified":"2024-07-01T13:44:18+00:00","description":"Laganini - Lounge bar &amp; Fish house vrhunski je restoran na Palmi\u017eani u blizini grada Hvara. Nudi specijalitete i bogatu ponudu pi\u0107a.","breadcrumb":{"@id":"https:\/\/www.hvar.com\/hr\/restorani\/laganini\/#breadcrumb"},"inLanguage":"hr","potentialAction":[{"@type":"ReadAction","target":["https:\/\/www.hvar.com\/hr\/restorani\/laganini\/"]}]},{"@type":"BreadcrumbList","@id":"https:\/\/www.hvar.com\/hr\/restorani\/laganini\/#breadcrumb","itemListElement":[{"@type":"ListItem","position":1,"name":"Home","item":"https:\/\/www.hvar.com\/hr\/"},{"@type":"ListItem","position":2,"name":"Restorani","item":"https:\/\/www.hvar.com\/hr\/restorani\/"},{"@type":"ListItem","position":3,"name":"Laganini"}]},{"@type":"WebSite","@id":"https:\/\/www.hvar.com\/hr\/#website","url":"https:\/\/www.hvar.com\/hr\/","name":"Hvar island Croatia","description":"hvar, hvar croatia, hvar island","potentialAction":[{"@type":"SearchAction","target":{"@type":"EntryPoint","urlTemplate":"https:\/\/www.hvar.com\/hr\/?s={search_term_string}"},"query-input":{"@type":"PropertyValueSpecification","valueRequired":true,"valueName":"search_term_string"}}],"inLanguage":"hr"}]}},"_links":{"self":[{"href":"https:\/\/www.hvar.com\/hr\/wp-json\/wp\/v2\/pages\/1257","targetHints":{"allow":["GET"]}}],"collection":[{"href":"https:\/\/www.hvar.com\/hr\/wp-json\/wp\/v2\/pages"}],"about":[{"href":"https:\/\/www.hvar.com\/hr\/wp-json\/wp\/v2\/types\/page"}],"author":[{"embeddable":true,"href":"https:\/\/www.hvar.com\/hr\/wp-json\/wp\/v2\/users\/1"}],"replies":[{"embeddable":true,"href":"https:\/\/www.hvar.com\/hr\/wp-json\/wp\/v2\/comments?post=1257"}],"version-history":[{"count":1,"href":"https:\/\/www.hvar.com\/hr\/wp-json\/wp\/v2\/pages\/1257\/revisions"}],"predecessor-version":[{"id":2271,"href":"https:\/\/www.hvar.com\/hr\/wp-json\/wp\/v2\/pages\/1257\/revisions\/2271"}],"up":[{"embeddable":true,"href":"https:\/\/www.hvar.com\/hr\/wp-json\/wp\/v2\/pages\/315"}],"wp:attachment":[{"href":"https:\/\/www.hvar.com\/hr\/wp-json\/wp\/v2\/media?parent=1257"}],"wp:term":[{"taxonomy":"category","embeddable":true,"href":"https:\/\/www.hvar.com\/hr\/wp-json\/wp\/v2\/categories?post=1257"},{"taxonomy":"post_tag","embeddable":true,"href":"https:\/\/www.hvar.com\/hr\/wp-json\/wp\/v2\/tags?post=1257"}],"curies":[{"name":"wp","href":"https:\/\/api.w.org\/{rel}","templated":true}]}}