{"id":1214,"date":"2023-08-25T13:46:10","date_gmt":"2023-08-25T13:46:10","guid":{"rendered":"https:\/\/www.hvar.com\/?page_id=1214"},"modified":"2023-10-25T09:07:00","modified_gmt":"2023-10-25T09:07:00","slug":"gariful","status":"publish","type":"page","link":"https:\/\/www.hvar.com\/hr\/restorani\/gariful\/","title":{"rendered":"Gariful"},"content":{"rendered":"<p>[et_pb_section fb_built=&#8221;1&#8243; _builder_version=&#8221;4.20.0&#8243; _module_preset=&#8221;default&#8221; custom_padding=&#8221;20px||20px||false|false&#8221; global_colors_info=&#8221;{}&#8221;][et_pb_row _builder_version=&#8221;4.20.0&#8243; _module_preset=&#8221;default&#8221; custom_padding=&#8221;15px||15px||true|false&#8221; global_colors_info=&#8221;{}&#8221;][et_pb_column type=&#8221;4_4&#8243; _builder_version=&#8221;4.20.0&#8243; _module_preset=&#8221;default&#8221; global_colors_info=&#8221;{}&#8221;][et_pb_text _builder_version=&#8221;4.22.1&#8243; _module_preset=&#8221;default&#8221; header_font=&#8221;|700|||||||&#8221; header_font_size=&#8221;34px&#8221; global_colors_info=&#8221;{}&#8221;]<\/p>\n<h1>Restoran Gariful<\/h1>\n<p>[\/et_pb_text][\/et_pb_column][\/et_pb_row][et_pb_row module_class=&#8221;reviewpage-img&#8221; _builder_version=&#8221;4.20.0&#8243; _module_preset=&#8221;default&#8221; max_height=&#8221;700px&#8221; custom_padding=&#8221;0px||0px||true|false&#8221; global_colors_info=&#8221;{}&#8221;][et_pb_column type=&#8221;4_4&#8243; _builder_version=&#8221;4.20.0&#8243; _module_preset=&#8221;default&#8221; global_colors_info=&#8221;{}&#8221;][et_pb_image src=&#8221;https:\/\/www.hvar.com\/wp-content\/uploads\/2023\/08\/gariful-restoran.jpg&#8221; alt=&#8221;gariful restoran&#8221; title_text=&#8221;gariful restoran&#8221; align=&#8221;center&#8221; _builder_version=&#8221;4.22.1&#8243; _module_preset=&#8221;default&#8221; global_colors_info=&#8221;{}&#8221;][\/et_pb_image][\/et_pb_column][\/et_pb_row][\/et_pb_section][et_pb_section fb_built=&#8221;1&#8243; use_custom_gutter=&#8221;on&#8221; gutter_width=&#8221;2&#8243; specialty=&#8221;on&#8221; _builder_version=&#8221;4.20.0&#8243; _module_preset=&#8221;default&#8221; custom_padding=&#8221;15px|||||&#8221; global_colors_info=&#8221;{}&#8221;][et_pb_column type=&#8221;1_3&#8243; _builder_version=&#8221;4.16&#8243; custom_padding=&#8221;|||&#8221; global_colors_info=&#8221;{}&#8221; custom_padding__hover=&#8221;|||&#8221;][et_pb_text _builder_version=&#8221;4.20.0&#8243; _module_preset=&#8221;default&#8221; header_4_font=&#8221;|700|||||||&#8221; custom_margin=&#8221;||0px||false|false&#8221; custom_padding=&#8221;||0px||false|false&#8221; global_colors_info=&#8221;{}&#8221;]<\/p>\n<h4>Tip restorana:<\/h4>\n<p>[\/et_pb_text][et_pb_text _builder_version=&#8221;4.22.1&#8243; _module_preset=&#8221;default&#8221; header_4_font=&#8221;|700|||||||&#8221; custom_margin=&#8221;0px||||false|false&#8221; custom_padding=&#8221;0px||||false|false&#8221; global_colors_info=&#8221;{}&#8221;]<\/p>\n<p>Obiteljski restoran salonskog tipa. Prevladavaju dalmatinski i mediteranski specijaliteti uz bogatu vrhunsku vinsku kartu.<\/p>\n<p>[\/et_pb_text][et_pb_blurb title=&#8221;Web stranica&#8221; url=&#8221;https:\/\/www.hvar-gariful.hr\/&#8221; use_icon=&#8221;on&#8221; font_icon=&#8221;&#xf0c1;||fa||900&#8243; icon_color=&#8221;gcid-0e08fed6-92a3-4c3a-accb-2559072c0a6c&#8221; icon_placement=&#8221;left&#8221; image_icon_width=&#8221;19px&#8221; _builder_version=&#8221;4.22.1&#8243; _module_preset=&#8221;default&#8221; header_font=&#8221;|600|||||||&#8221; header_text_align=&#8221;left&#8221; header_font_size=&#8221;17px&#8221; module_alignment=&#8221;left&#8221; custom_margin=&#8221;||13px||false|false&#8221; custom_padding=&#8221;||0px||false|false&#8221; global_colors_info=&#8221;{%22gcid-0e08fed6-92a3-4c3a-accb-2559072c0a6c%22:%91%22icon_color%22,%22icon_color%22%93}&#8221;][\/et_pb_blurb][et_pb_blurb title=&#8221;+385 (0)21 742 999&#8243; url=&#8221;tel:+38521742999&#8243; use_icon=&#8221;on&#8221; font_icon=&#8221;&#xf879;||fa||900&#8243; icon_color=&#8221;gcid-0e08fed6-92a3-4c3a-accb-2559072c0a6c&#8221; icon_placement=&#8221;left&#8221; image_icon_width=&#8221;19px&#8221; _builder_version=&#8221;4.22.1&#8243; _module_preset=&#8221;default&#8221; header_font=&#8221;|600|||||||&#8221; header_text_align=&#8221;left&#8221; header_font_size=&#8221;17px&#8221; module_alignment=&#8221;left&#8221; custom_margin=&#8221;||13px||false|false&#8221; custom_padding=&#8221;||0px||false|false&#8221; global_colors_info=&#8221;{%22gcid-0e08fed6-92a3-4c3a-accb-2559072c0a6c%22:%91%22icon_color%22,%22icon_color%22%93}&#8221;][\/et_pb_blurb][et_pb_blurb title=&#8221;Google maps adresa&#8221; url=&#8221;#lokacijarestorana&#8221; use_icon=&#8221;on&#8221; font_icon=&#8221;&#xe081;||divi||400&#8243; icon_color=&#8221;gcid-0e08fed6-92a3-4c3a-accb-2559072c0a6c&#8221; icon_placement=&#8221;left&#8221; image_icon_width=&#8221;19px&#8221; _builder_version=&#8221;4.22.1&#8243; _module_preset=&#8221;default&#8221; header_font=&#8221;|600|||||||&#8221; header_text_align=&#8221;left&#8221; header_font_size=&#8221;17px&#8221; module_alignment=&#8221;left&#8221; custom_margin=&#8221;||13px||false|false&#8221; custom_padding=&#8221;||0px||false|false&#8221; global_colors_info=&#8221;{%22gcid-0e08fed6-92a3-4c3a-accb-2559072c0a6c%22:%91%22icon_color%22,%22icon_color%22%93}&#8221;][\/et_pb_blurb][et_pb_blurb title=&#8221;Radno vrijeme&#8221; use_icon=&#8221;on&#8221; font_icon=&#8221;&#xf017;||fa||400&#8243; icon_color=&#8221;gcid-0e08fed6-92a3-4c3a-accb-2559072c0a6c&#8221; icon_placement=&#8221;left&#8221; image_icon_width=&#8221;19px&#8221; _builder_version=&#8221;4.22.1&#8243; _module_preset=&#8221;default&#8221; header_font=&#8221;|600|||||||&#8221; header_text_align=&#8221;left&#8221; header_font_size=&#8221;17px&#8221; module_alignment=&#8221;left&#8221; custom_margin=&#8221;||13px||false|false&#8221; custom_padding=&#8221;||0px||false|false&#8221; global_colors_info=&#8221;{%22gcid-0e08fed6-92a3-4c3a-accb-2559072c0a6c%22:%91%22icon_color%22,%22icon_color%22%93}&#8221;]<\/p>\n<p>Svaki dan<br \/>10:00 do 02:00<br \/>1. Travanj &#8211; 1. Studeni<\/p>\n<p>[\/et_pb_blurb][\/et_pb_column][et_pb_column type=&#8221;2_3&#8243; specialty_columns=&#8221;2&#8243; _builder_version=&#8221;4.16&#8243; custom_padding=&#8221;|||&#8221; global_colors_info=&#8221;{}&#8221; custom_padding__hover=&#8221;|||&#8221;][et_pb_row_inner _builder_version=&#8221;4.20.0&#8243; _module_preset=&#8221;default&#8221; global_colors_info=&#8221;{}&#8221;][et_pb_column_inner saved_specialty_column_type=&#8221;2_3&#8243; _builder_version=&#8221;4.20.0&#8243; _module_preset=&#8221;default&#8221; global_colors_info=&#8221;{}&#8221;][et_pb_text _builder_version=&#8221;4.22.1&#8243; _module_preset=&#8221;default&#8221; header_2_font=&#8221;|700|||||||&#8221; global_colors_info=&#8221;{}&#8221;]<\/p>\n<h2>O restoranu Gariful<\/h2>\n<p>Na slikovitom otoku Hvaru, okru\u017eenom tirkiznim Jadranom i bogatom povije\u0161\u0107u, smjestio se jedan od najistaknutijih gastronomskih dragulja Mediterana &#8211; restoran Gariful. Ovaj renomirani restoran prepoznatljiv je po svojoj elegantnoj atmosferi, svje\u017eim morskim plodovima te prekrasnom pogledu na more, \u0161to ga \u010dini nezaobilaznom destinacijom za sve istinske ljubitelje kvalitetne hrane i opu\u0161tenog u\u017eivanja.<\/p>\n<p>Lokacija samog restorana pru\u017ea nevjerojatan ambijent. Smje\u0161ten uz samu hvarsku rivu, Gariful nudi prekrasan pogled na lu\u010dicu i slikovite brodove koji ulaze i izlaze iz luke. Bez obzira jeste li zalazak sunca ili romanti\u010dna ve\u010dera uz morsku svjetlost, ovo mjesto pru\u017ea nezaboravan do\u017eivljaj za sva osjetila.<\/p>\n<p>Jedno od najve\u0107ih blaga restorana Gariful je njihova kuhinja. Po\u010dev\u0161i od svje\u017eih ulova jadranske ribe do raznovrsnih plodova mora, svako jelo je pa\u017eljivo pripremljeno kako bi istaknulo bogatstvo okusa lokalnih namirnica. Ku\u0161ajte njihovu \u010duvenu riblju juhu, svje\u017ee pripremljene \u0161koljke na buzaru ili file tune s mediteranskim za\u010dinima &#8211; svaki zalogaj predstavlja pravo putovanje kroz okuse regije.<\/p>\n<p>Gariful tako\u0111er nudi impresivnu vinsku kartu s odabranim vinima kako bi se svako jelo upotpunilo savr\u0161enim vinom. Vinska karta istra\u017euje bogatstvo hrvatskih vinogradarskih podru\u010dja, a stru\u010dno osoblje restorana rado \u0107e vam preporu\u010diti najbolje odabire koji se sla\u017eu s va\u0161im jelovnikom.<\/p>\n<p>Ambijent restorana Gariful savr\u0161eno se nadopunjuje s profesionalnim i ljubaznim osobljem koje je spremno udovoljiti svakoj \u017eelji gosta. Posve\u0107enost visokim standardima usluge \u010dini posjetitelje da se osje\u0107aju dobrodo\u0161lo i posebno, \u010dine\u0107i svaki obrok ne samo gastronomskim iskustvom, ve\u0107 i nezaboravnim trenutkom koji se pamti.<\/p>\n<p>Restoran Gariful postao je ne samo prepoznatljivo ime na otoku Hvaru, ve\u0107 i jedan od simbola izvrsne mediteranske kuhinje i opu\u0161tene jadranske elegancije. Njegova dugogodi\u0161nja tradicija, spoj lokalnih okusa i internacionalnih utjecaja te prekrasan ambijent \u010dine ga mjestom gdje se strast prema hrani i ljepoti Jadrana susre\u0107u i stvaraju neprocjenjivo iskustvo koje ostavlja bez daha.<\/p>\n<p>[\/et_pb_text][et_pb_text _builder_version=&#8221;4.22.1&#8243; _module_preset=&#8221;default&#8221; header_2_font=&#8221;|700|||||||&#8221; global_colors_info=&#8221;{}&#8221;]<\/p>\n<h2>Lokacija restorana<\/h2>\n<p>[\/et_pb_text][et_pb_code module_id=&#8221;lokacijarestorana&#8221; _builder_version=&#8221;4.22.1&#8243; _module_preset=&#8221;default&#8221; global_colors_info=&#8221;{}&#8221;]<ins class=\"bookingaff\" data-aid=\"2340087\" data-target_aid=\"2340087\" data-prod=\"map\" data-width=\"100%\" data-height=\"590\" data-lang=\"ualng\" data-dest_id=\"0\" data-dest_type=\"landmark\" data-latitude=\"43.17001\" data-longitude=\"16.44139\" data-landmark_name=\"Hvar\" data-mwhsb=\"0\" data-address=\"Hvar, Croatia\"><!-- [et_pb_line_break_holder] -->    <!-- Anything inside will go away once widget is loaded. --><!-- [et_pb_line_break_holder] -->        <a href=\"\/\/www.booking.com?aid=2340087\">Booking.com<\/a><!-- [et_pb_line_break_holder] --><\/ins><!-- [et_pb_line_break_holder] --><script type=\"text\/javascript\"><!-- [et_pb_line_break_holder] -->    (function(d, sc, u) {<!-- [et_pb_line_break_holder] -->      var s = d.createElement(sc), p = d.getElementsByTagName(sc)[0];<!-- [et_pb_line_break_holder] -->      s.type = 'text\/javascript';<!-- [et_pb_line_break_holder] -->      s.async = true;<!-- [et_pb_line_break_holder] -->      s.src = u + '?v=' + (+new Date());<!-- [et_pb_line_break_holder] -->      p.parentNode.insertBefore(s,p);<!-- [et_pb_line_break_holder] -->      })(document, 'script', '\/\/cf.bstatic.com\/static\/affiliate_base\/js\/flexiproduct.js');<!-- [et_pb_line_break_holder] --><\/script>[\/et_pb_code][et_pb_text _builder_version=&#8221;4.22.1&#8243; _module_preset=&#8221;default&#8221; header_3_font=&#8221;|700|||||||&#8221; custom_margin=&#8221;50px||15px||false|false&#8221; global_colors_info=&#8221;{}&#8221;]<\/p>\n<h3>Galerija<\/h3>\n<p>[\/et_pb_text][et_pb_gallery gallery_ids=&#8221;1236,1235,1237,1238,1239,1240&#8243; posts_number=&#8221;6&#8243; show_title_and_caption=&#8221;off&#8221; show_pagination=&#8221;off&#8221; _builder_version=&#8221;4.22.1&#8243; _module_preset=&#8221;default&#8221; global_colors_info=&#8221;{}&#8221;][\/et_pb_gallery][\/et_pb_column_inner][\/et_pb_row_inner][\/et_pb_column][\/et_pb_section]<\/p>\n","protected":false},"excerpt":{"rendered":"<p>Restoran GarifulTip restorana:Obiteljski restoran salonskog tipa. Prevladavaju dalmatinski i mediteranski specijaliteti uz bogatu vrhunsku vinsku kartu.Svaki dan10:00 do 02:001. Travanj &#8211; 1. StudeniO restoranu Gariful Na slikovitom otoku Hvaru, okru\u017eenom tirkiznim Jadranom i bogatom povije\u0161\u0107u, smjestio se jedan od najistaknutijih gastronomskih dragulja Mediterana &#8211; restoran Gariful. Ovaj renomirani restoran prepoznatljiv je po svojoj elegantnoj atmosferi, [&hellip;]<\/p>\n","protected":false},"author":1,"featured_media":0,"parent":315,"menu_order":0,"comment_status":"closed","ping_status":"closed","template":"","meta":{"_et_pb_use_builder":"on","_et_pb_old_content":"","_et_gb_content_width":"","inline_featured_image":false,"footnotes":""},"categories":[],"tags":[],"class_list":["post-1214","page","type-page","status-publish","hentry"],"yoast_head":"<!-- This site is optimized with the Yoast SEO Premium plugin v27.5 (Yoast SEO v27.5) - https:\/\/yoast.com\/product\/yoast-seo-premium-wordpress\/ -->\n<title>Restoran Gariful - Hvar.com<\/title>\n<meta name=\"description\" content=\"Restoran Gariful jedan je od najistaknutijih gastronomskih dragulja Mediterana. Nalazi se u Gradu Hvaru, te pru\u017ea svije\u017ee specijalitete.\" \/>\n<meta name=\"robots\" content=\"index, follow, max-snippet:-1, max-image-preview:large, max-video-preview:-1\" \/>\n<link rel=\"canonical\" href=\"https:\/\/www.hvar.com\/hr\/restorani\/gariful\/\" \/>\n<meta property=\"og:locale\" content=\"hr_HR\" \/>\n<meta property=\"og:type\" content=\"article\" \/>\n<meta property=\"og:title\" content=\"Gariful\" \/>\n<meta property=\"og:description\" content=\"Restoran Gariful jedan je od najistaknutijih gastronomskih dragulja Mediterana. Nalazi se u Gradu Hvaru, te pru\u017ea svije\u017ee specijalitete.\" \/>\n<meta property=\"og:url\" content=\"https:\/\/www.hvar.com\/hr\/restorani\/gariful\/\" \/>\n<meta property=\"og:site_name\" content=\"Hvar island Croatia\" \/>\n<meta property=\"article:modified_time\" content=\"2023-10-25T09:07:00+00:00\" \/>\n<meta name=\"twitter:card\" content=\"summary_large_image\" \/>\n<meta name=\"twitter:label1\" content=\"Procijenjeno vrijeme \u010ditanja\" \/>\n\t<meta name=\"twitter:data1\" content=\"3 minute\" \/>\n<script type=\"application\/ld+json\" class=\"yoast-schema-graph\">{\"@context\":\"https:\\\/\\\/schema.org\",\"@graph\":[{\"@type\":\"WebPage\",\"@id\":\"https:\\\/\\\/www.hvar.com\\\/hr\\\/restorani\\\/gariful\\\/\",\"url\":\"https:\\\/\\\/www.hvar.com\\\/hr\\\/restorani\\\/gariful\\\/\",\"name\":\"Restoran Gariful - Hvar.com\",\"isPartOf\":{\"@id\":\"https:\\\/\\\/www.hvar.com\\\/hr\\\/#website\"},\"datePublished\":\"2023-08-25T13:46:10+00:00\",\"dateModified\":\"2023-10-25T09:07:00+00:00\",\"description\":\"Restoran Gariful jedan je od najistaknutijih gastronomskih dragulja Mediterana. Nalazi se u Gradu Hvaru, te pru\u017ea svije\u017ee specijalitete.\",\"breadcrumb\":{\"@id\":\"https:\\\/\\\/www.hvar.com\\\/hr\\\/restorani\\\/gariful\\\/#breadcrumb\"},\"inLanguage\":\"hr\",\"potentialAction\":[{\"@type\":\"ReadAction\",\"target\":[\"https:\\\/\\\/www.hvar.com\\\/hr\\\/restorani\\\/gariful\\\/\"]}]},{\"@type\":\"BreadcrumbList\",\"@id\":\"https:\\\/\\\/www.hvar.com\\\/hr\\\/restorani\\\/gariful\\\/#breadcrumb\",\"itemListElement\":[{\"@type\":\"ListItem\",\"position\":1,\"name\":\"Home\",\"item\":\"https:\\\/\\\/www.hvar.com\\\/hr\\\/\"},{\"@type\":\"ListItem\",\"position\":2,\"name\":\"Restorani\",\"item\":\"https:\\\/\\\/www.hvar.com\\\/hr\\\/restorani\\\/\"},{\"@type\":\"ListItem\",\"position\":3,\"name\":\"Gariful\"}]},{\"@type\":\"WebSite\",\"@id\":\"https:\\\/\\\/www.hvar.com\\\/hr\\\/#website\",\"url\":\"https:\\\/\\\/www.hvar.com\\\/hr\\\/\",\"name\":\"Hvar island Croatia\",\"description\":\"hvar, hvar croatia, hvar island\",\"potentialAction\":[{\"@type\":\"SearchAction\",\"target\":{\"@type\":\"EntryPoint\",\"urlTemplate\":\"https:\\\/\\\/www.hvar.com\\\/hr\\\/?s={search_term_string}\"},\"query-input\":{\"@type\":\"PropertyValueSpecification\",\"valueRequired\":true,\"valueName\":\"search_term_string\"}}],\"inLanguage\":\"hr\"}]}<\/script>\n<!-- \/ Yoast SEO Premium plugin. -->","yoast_head_json":{"title":"Restoran Gariful - Hvar.com","description":"Restoran Gariful jedan je od najistaknutijih gastronomskih dragulja Mediterana. Nalazi se u Gradu Hvaru, te pru\u017ea svije\u017ee specijalitete.","robots":{"index":"index","follow":"follow","max-snippet":"max-snippet:-1","max-image-preview":"max-image-preview:large","max-video-preview":"max-video-preview:-1"},"canonical":"https:\/\/www.hvar.com\/hr\/restorani\/gariful\/","og_locale":"hr_HR","og_type":"article","og_title":"Gariful","og_description":"Restoran Gariful jedan je od najistaknutijih gastronomskih dragulja Mediterana. Nalazi se u Gradu Hvaru, te pru\u017ea svije\u017ee specijalitete.","og_url":"https:\/\/www.hvar.com\/hr\/restorani\/gariful\/","og_site_name":"Hvar island Croatia","article_modified_time":"2023-10-25T09:07:00+00:00","twitter_card":"summary_large_image","twitter_misc":{"Procijenjeno vrijeme \u010ditanja":"3 minute"},"schema":{"@context":"https:\/\/schema.org","@graph":[{"@type":"WebPage","@id":"https:\/\/www.hvar.com\/hr\/restorani\/gariful\/","url":"https:\/\/www.hvar.com\/hr\/restorani\/gariful\/","name":"Restoran Gariful - Hvar.com","isPartOf":{"@id":"https:\/\/www.hvar.com\/hr\/#website"},"datePublished":"2023-08-25T13:46:10+00:00","dateModified":"2023-10-25T09:07:00+00:00","description":"Restoran Gariful jedan je od najistaknutijih gastronomskih dragulja Mediterana. Nalazi se u Gradu Hvaru, te pru\u017ea svije\u017ee specijalitete.","breadcrumb":{"@id":"https:\/\/www.hvar.com\/hr\/restorani\/gariful\/#breadcrumb"},"inLanguage":"hr","potentialAction":[{"@type":"ReadAction","target":["https:\/\/www.hvar.com\/hr\/restorani\/gariful\/"]}]},{"@type":"BreadcrumbList","@id":"https:\/\/www.hvar.com\/hr\/restorani\/gariful\/#breadcrumb","itemListElement":[{"@type":"ListItem","position":1,"name":"Home","item":"https:\/\/www.hvar.com\/hr\/"},{"@type":"ListItem","position":2,"name":"Restorani","item":"https:\/\/www.hvar.com\/hr\/restorani\/"},{"@type":"ListItem","position":3,"name":"Gariful"}]},{"@type":"WebSite","@id":"https:\/\/www.hvar.com\/hr\/#website","url":"https:\/\/www.hvar.com\/hr\/","name":"Hvar island Croatia","description":"hvar, hvar croatia, hvar island","potentialAction":[{"@type":"SearchAction","target":{"@type":"EntryPoint","urlTemplate":"https:\/\/www.hvar.com\/hr\/?s={search_term_string}"},"query-input":{"@type":"PropertyValueSpecification","valueRequired":true,"valueName":"search_term_string"}}],"inLanguage":"hr"}]}},"_links":{"self":[{"href":"https:\/\/www.hvar.com\/hr\/wp-json\/wp\/v2\/pages\/1214","targetHints":{"allow":["GET"]}}],"collection":[{"href":"https:\/\/www.hvar.com\/hr\/wp-json\/wp\/v2\/pages"}],"about":[{"href":"https:\/\/www.hvar.com\/hr\/wp-json\/wp\/v2\/types\/page"}],"author":[{"embeddable":true,"href":"https:\/\/www.hvar.com\/hr\/wp-json\/wp\/v2\/users\/1"}],"replies":[{"embeddable":true,"href":"https:\/\/www.hvar.com\/hr\/wp-json\/wp\/v2\/comments?post=1214"}],"version-history":[{"count":1,"href":"https:\/\/www.hvar.com\/hr\/wp-json\/wp\/v2\/pages\/1214\/revisions"}],"predecessor-version":[{"id":1254,"href":"https:\/\/www.hvar.com\/hr\/wp-json\/wp\/v2\/pages\/1214\/revisions\/1254"}],"up":[{"embeddable":true,"href":"https:\/\/www.hvar.com\/hr\/wp-json\/wp\/v2\/pages\/315"}],"wp:attachment":[{"href":"https:\/\/www.hvar.com\/hr\/wp-json\/wp\/v2\/media?parent=1214"}],"wp:term":[{"taxonomy":"category","embeddable":true,"href":"https:\/\/www.hvar.com\/hr\/wp-json\/wp\/v2\/categories?post=1214"},{"taxonomy":"post_tag","embeddable":true,"href":"https:\/\/www.hvar.com\/hr\/wp-json\/wp\/v2\/tags?post=1214"}],"curies":[{"name":"wp","href":"https:\/\/api.w.org\/{rel}","templated":true}]}}