{"id":1027,"date":"2023-08-15T13:37:39","date_gmt":"2023-08-15T13:37:39","guid":{"rendered":"https:\/\/www.hvar.com\/?page_id=1027"},"modified":"2023-08-22T08:43:40","modified_gmt":"2023-08-22T08:43:40","slug":"zastrizisce","status":"publish","type":"page","link":"https:\/\/www.hvar.com\/hr\/destinacije\/zastrizisce\/","title":{"rendered":"Zastri\u017ei\u0161\u0107e"},"content":{"rendered":"<p>[et_pb_section fb_built=&#8221;1&#8243; _builder_version=&#8221;4.20.0&#8243; _module_preset=&#8221;default&#8221; custom_padding=&#8221;20px||20px||false|false&#8221; global_colors_info=&#8221;{}&#8221;][et_pb_row _builder_version=&#8221;4.20.0&#8243; _module_preset=&#8221;default&#8221; custom_padding=&#8221;15px||15px||true|false&#8221; global_colors_info=&#8221;{}&#8221;][et_pb_column type=&#8221;4_4&#8243; _builder_version=&#8221;4.20.0&#8243; _module_preset=&#8221;default&#8221; global_colors_info=&#8221;{}&#8221;][et_pb_text _builder_version=&#8221;4.22.0&#8243; _module_preset=&#8221;default&#8221; header_font=&#8221;|700|||||||&#8221; header_font_size=&#8221;34px&#8221; hover_enabled=&#8221;0&#8243; global_colors_info=&#8221;{}&#8221; sticky_enabled=&#8221;0&#8243;]<\/p>\n<h1>Zastri\u017ei\u0161\u0107e, otok Hvar<\/h1>\n<p>[\/et_pb_text][\/et_pb_column][\/et_pb_row][et_pb_row module_class=&#8221;reviewpage-img&#8221; _builder_version=&#8221;4.20.0&#8243; _module_preset=&#8221;default&#8221; max_height=&#8221;700px&#8221; custom_padding=&#8221;0px||0px||true|false&#8221; global_colors_info=&#8221;{}&#8221;][et_pb_column type=&#8221;4_4&#8243; _builder_version=&#8221;4.20.0&#8243; _module_preset=&#8221;default&#8221; global_colors_info=&#8221;{}&#8221;][et_pb_image src=&#8221;https:\/\/www.hvar.com\/wp-content\/uploads\/2023\/08\/zastrizisce.jpg&#8221; alt=&#8221;zastri\u017ei\u0161\u0107e&#8221; title_text=&#8221;zastri\u017ei\u0161\u0107e&#8221; align=&#8221;center&#8221; _builder_version=&#8221;4.22.0&#8243; _module_preset=&#8221;default&#8221; hover_enabled=&#8221;0&#8243; global_colors_info=&#8221;{}&#8221; sticky_enabled=&#8221;0&#8243;][\/et_pb_image][\/et_pb_column][\/et_pb_row][\/et_pb_section][et_pb_section fb_built=&#8221;1&#8243; use_custom_gutter=&#8221;on&#8221; gutter_width=&#8221;2&#8243; specialty=&#8221;on&#8221; _builder_version=&#8221;4.21.0&#8243; _module_preset=&#8221;default&#8221; custom_padding=&#8221;10px||5px||false|false&#8221; global_colors_info=&#8221;{}&#8221;][et_pb_column type=&#8221;2_3&#8243; specialty_columns=&#8221;2&#8243; _builder_version=&#8221;4.16&#8243; custom_padding=&#8221;|||&#8221; global_colors_info=&#8221;{}&#8221; custom_padding__hover=&#8221;|||&#8221;][et_pb_row_inner _builder_version=&#8221;4.21.0&#8243; _module_preset=&#8221;default&#8221; custom_padding=&#8221;||29px|||&#8221; global_colors_info=&#8221;{}&#8221;][et_pb_column_inner saved_specialty_column_type=&#8221;2_3&#8243; _builder_version=&#8221;4.21.0&#8243; _module_preset=&#8221;default&#8221; global_colors_info=&#8221;{}&#8221;][et_pb_text _builder_version=&#8221;4.22.0&#8243; _module_preset=&#8221;default&#8221; header_2_font=&#8221;|700|||||||&#8221; hover_enabled=&#8221;0&#8243; global_colors_info=&#8221;{}&#8221; sticky_enabled=&#8221;0&#8243;]<\/p>\n<h2>Zastri\u017ei\u0161\u0107e<\/h2>\n<p>Ime mu dolazi od stra\u017earnice na brdu Vela Glava visokog 311 m. podignutoj za obranu od Turaka i dojavu po\u017eara. U blizini se nalazi Ilirska gradina napravljena oko 1000 g. pr. Kr.<\/p>\n<p>Zastra\u017ei\u0161\u0107e se nalazi na 193 m. n. v. , udaljeno je 19 km. od Jelse i 37 km. od Su\u0107urja. Sastoji se od zaselaka Mala Bonda, Donje Polje, Grudac, Jerkov Dvor, Kuzmi\u010di\u0107 Dvor i Postranje u duljini od 5 km. Zajedni\u010dko su im \u0161kola, groblje i \u017eupna crkva Sv. Nikola iz 16 st. koja je dogra\u0111ivana u 18 st. koji je i za\u0161titnik mjesta. Crkva Sv. Barbare izgra\u0111ena je 1407. g. i za\u0161ti\u0107eno je kulturno dobro. U Postranji je 1624, g. napravljena kula- tvr\u0111ava za obranu od Turaka.<\/p>\n<p>Zaselci Zastra\u017ei\u0161\u0107a ima ju uvale i pla\u017ee na sjevernoj i ju\u017enoj strani Hvara. Na sjevernoj strani su uvale Vela Stiniva, Stunji Mir, Sinjava, Dubac, Klju\u0161na, Kru\u0161eva i Pokrivenik u kojem se 20m. iznad mora nalazi \u0161pilja, duboka 27 m. koja je bila nastanjena u neolitiku i za\u0161ti\u0107eno je kulturno dobro. Na ju\u017enoj\u00a0 strani su uvale Prisinjak i \u010crvanj.<\/p>\n<p>Me\u0111u vinogradima i maslinama, posvuda su razasuti \u201e TRIMI \u201e poljske okrugle ku\u0107ice opsega 2-3 metra.<\/p>\n<ol start=\"1931\">\n<li>g. Zastra\u017ei\u0161\u0107e je imalo 638 stanovnika, a 2021. g.\u00a0 126.<\/li>\n<\/ol>\n<p>Stra\u017eariti ili bdjeti , \u0161to su u prijevodu nazivi za ta dva susjedna mjesta, Zastr\u017ei\u0161\u0107e i Gdinj, kao dar imaju maslinu staru 2500 godina , opsega debla 6 metara na mjestu zvanom Huhara\u010da.<\/p>\n<p>Feniksualni trup jednog od najstarijih \u017eivih bi\u0107a na planeti Zemlji \u017eivi vjerojatno zahvaljuju\u0107i ljudskoj budnosti koja je nekada u povijesti sprije\u010dila \u0161irenje nekih po\u017eara te svojom budnosti otvorila prostor budu\u0107nosti u izvjesnost postojanja , opstanku tog nevjerojatno starog bi\u0107a.<\/p>\n<p>[\/et_pb_text][\/et_pb_column_inner][\/et_pb_row_inner][\/et_pb_column][et_pb_column type=&#8221;1_3&#8243; _builder_version=&#8221;4.16&#8243; custom_padding=&#8221;|||&#8221; global_colors_info=&#8221;{}&#8221; custom_padding__hover=&#8221;|||&#8221;][et_pb_code disabled_on=&#8221;on|off|off&#8221; _builder_version=&#8221;4.22.0&#8243; _module_preset=&#8221;default&#8221; sticky_position=&#8221;top&#8221; sticky_offset_top=&#8221;20px&#8221; sticky_limit_bottom=&#8221;row&#8221; hover_enabled=&#8221;0&#8243; global_colors_info=&#8221;{}&#8221; sticky_enabled=&#8221;0&#8243;]<ins class=\"bookingaff\" data-aid=\"2340087\" data-target_aid=\"2340087\" data-prod=\"map\" data-width=\"100%\" data-height=\"590\" data-lang=\"ualng\" data-dest_id=\"0\" data-dest_type=\"landmark\" data-latitude=\"43.142454\" data-longitude=\"16.846646\" data-landmark_name=\"Hvar\" data-mwhsb=\"0\" data-address=\"Brusje, Hvar, Croatia\"><!-- [et_pb_line_break_holder] -->    <!-- Anything inside will go away once widget is loaded. --><!-- [et_pb_line_break_holder] -->        <a href=\"\/\/www.booking.com?aid=2340087\">Booking.com<\/a><!-- [et_pb_line_break_holder] --><\/ins><!-- [et_pb_line_break_holder] --><script type=\"text\/javascript\"><!-- [et_pb_line_break_holder] -->    (function(d, sc, u) {<!-- [et_pb_line_break_holder] -->      var s = d.createElement(sc), p = d.getElementsByTagName(sc)[0];<!-- [et_pb_line_break_holder] -->      s.type = 'text\/javascript';<!-- [et_pb_line_break_holder] -->      s.async = true;<!-- [et_pb_line_break_holder] -->      s.src = u + '?v=' + (+new Date());<!-- [et_pb_line_break_holder] -->      p.parentNode.insertBefore(s,p);<!-- [et_pb_line_break_holder] -->      })(document, 'script', '\/\/cf.bstatic.com\/static\/affiliate_base\/js\/flexiproduct.js');<!-- [et_pb_line_break_holder] --><\/script>[\/et_pb_code][\/et_pb_column][\/et_pb_section][et_pb_section fb_built=&#8221;1&#8243; _builder_version=&#8221;4.21.0&#8243; _module_preset=&#8221;default&#8221; custom_padding=&#8221;10px||||false|false&#8221; global_colors_info=&#8221;{}&#8221;][et_pb_row _builder_version=&#8221;4.20.0&#8243; _module_preset=&#8221;default&#8221; global_colors_info=&#8221;{}&#8221;][et_pb_column type=&#8221;4_4&#8243; _builder_version=&#8221;4.20.0&#8243; _module_preset=&#8221;default&#8221; global_colors_info=&#8221;{}&#8221;][et_pb_text _builder_version=&#8221;4.22.0&#8243; _module_preset=&#8221;default&#8221; header_3_font=&#8221;|700|||||||&#8221; custom_margin=&#8221;0px||15px||false|false&#8221; hover_enabled=&#8221;0&#8243; global_colors_info=&#8221;{}&#8221; sticky_enabled=&#8221;0&#8243;]<\/p>\n<h3>Galerija slika mjesta Zastri\u017ei\u0161\u0107e<\/h3>\n<p>[\/et_pb_text][et_pb_gallery gallery_ids=&#8221;1030,1031,1032,1033,1034,1035,1036,1037,1038,1039,1040,1041&#8243; show_title_and_caption=&#8221;off&#8221; _builder_version=&#8221;4.22.0&#8243; _module_preset=&#8221;default&#8221; hover_enabled=&#8221;0&#8243; global_colors_info=&#8221;{}&#8221; sticky_enabled=&#8221;0&#8243;][\/et_pb_gallery][et_pb_code _builder_version=&#8221;4.22.0&#8243; _module_preset=&#8221;default&#8221; hover_enabled=&#8221;0&#8243; global_colors_info=&#8221;{}&#8221; sticky_enabled=&#8221;0&#8243;]<ins class=\"bookingaff\" data-aid=\"2340087\" data-target_aid=\"2340087\" data-prod=\"map\" data-width=\"100%\" data-height=\"590\" data-lang=\"ualng\" data-dest_id=\"0\" data-dest_type=\"landmark\" data-latitude=\"43.142454\" data-longitude=\"16.846646\" data-landmark_name=\"Hvar\" data-mwhsb=\"0\" data-address=\"Brusje, Hvar, Croatia\"><!-- [et_pb_line_break_holder] -->    <!-- Anything inside will go away once widget is loaded. --><!-- [et_pb_line_break_holder] -->        <a href=\"\/\/www.booking.com?aid=2340087\">Booking.com<\/a><!-- [et_pb_line_break_holder] --><\/ins><!-- [et_pb_line_break_holder] --><script type=\"text\/javascript\"><!-- [et_pb_line_break_holder] -->    (function(d, sc, u) {<!-- [et_pb_line_break_holder] -->      var s = d.createElement(sc), p = d.getElementsByTagName(sc)[0];<!-- [et_pb_line_break_holder] -->      s.type = 'text\/javascript';<!-- [et_pb_line_break_holder] -->      s.async = true;<!-- [et_pb_line_break_holder] -->      s.src = u + '?v=' + (+new Date());<!-- [et_pb_line_break_holder] -->      p.parentNode.insertBefore(s,p);<!-- [et_pb_line_break_holder] -->      })(document, 'script', '\/\/cf.bstatic.com\/static\/affiliate_base\/js\/flexiproduct.js');<!-- [et_pb_line_break_holder] --><\/script>[\/et_pb_code][\/et_pb_column][\/et_pb_row][\/et_pb_section]<\/p>\n","protected":false},"excerpt":{"rendered":"<p>Zastri\u017ei\u0161\u0107e, otok HvarZastri\u017ei\u0161\u0107e Ime mu dolazi od stra\u017earnice na brdu Vela Glava visokog 311 m. podignutoj za obranu od Turaka i dojavu po\u017eara. U blizini se nalazi Ilirska gradina napravljena oko 1000 g. pr. Kr. Zastra\u017ei\u0161\u0107e se nalazi na 193 m. n. v. , udaljeno je 19 km. od Jelse i 37 km. od Su\u0107urja. [&hellip;]<\/p>\n","protected":false},"author":1,"featured_media":0,"parent":49,"menu_order":0,"comment_status":"closed","ping_status":"closed","template":"","meta":{"_et_pb_use_builder":"on","_et_pb_old_content":"","_et_gb_content_width":"","inline_featured_image":false,"footnotes":""},"categories":[],"tags":[],"class_list":["post-1027","page","type-page","status-publish","hentry"],"yoast_head":"<!-- This site is optimized with the Yoast SEO Premium plugin v27.4 (Yoast SEO v27.4) - https:\/\/yoast.com\/product\/yoast-seo-premium-wordpress\/ -->\n<title>Zastri\u017ei\u0161\u0107e, informativni vodi\u0107 otoka Hvara - Hvar.com<\/title>\n<meta name=\"description\" content=\"Zastri\u017ei\u0161\u0107e Zastra\u017ei\u0161\u0107e se nalazi na 193 m. n. v. , udaljeno je 19 km. od Jelse i 37 km. od Su\u0107urja. Sastoji se od nekoliko zaselaka.\" \/>\n<meta name=\"robots\" content=\"index, follow, max-snippet:-1, max-image-preview:large, max-video-preview:-1\" \/>\n<link rel=\"canonical\" href=\"https:\/\/www.hvar.com\/hr\/destinacije\/zastrizisce\/\" \/>\n<meta property=\"og:locale\" content=\"hr_HR\" \/>\n<meta property=\"og:type\" content=\"article\" \/>\n<meta property=\"og:title\" content=\"Zastri\u017ei\u0161\u0107e\" \/>\n<meta property=\"og:description\" content=\"Zastri\u017ei\u0161\u0107e Zastra\u017ei\u0161\u0107e se nalazi na 193 m. n. v. , udaljeno je 19 km. od Jelse i 37 km. od Su\u0107urja. Sastoji se od nekoliko zaselaka.\" \/>\n<meta property=\"og:url\" content=\"https:\/\/www.hvar.com\/hr\/destinacije\/zastrizisce\/\" \/>\n<meta property=\"og:site_name\" content=\"Hvar island Croatia\" \/>\n<meta property=\"article:modified_time\" content=\"2023-08-22T08:43:40+00:00\" \/>\n<meta name=\"twitter:card\" content=\"summary_large_image\" \/>\n<meta name=\"twitter:label1\" content=\"Procijenjeno vrijeme \u010ditanja\" \/>\n\t<meta name=\"twitter:data1\" content=\"2 minute\" \/>\n<script type=\"application\/ld+json\" class=\"yoast-schema-graph\">{\"@context\":\"https:\\\/\\\/schema.org\",\"@graph\":[{\"@type\":\"WebPage\",\"@id\":\"https:\\\/\\\/www.hvar.com\\\/hr\\\/destinacije\\\/zastrizisce\\\/\",\"url\":\"https:\\\/\\\/www.hvar.com\\\/hr\\\/destinacije\\\/zastrizisce\\\/\",\"name\":\"Zastri\u017ei\u0161\u0107e, informativni vodi\u0107 otoka Hvara - Hvar.com\",\"isPartOf\":{\"@id\":\"https:\\\/\\\/www.hvar.com\\\/hr\\\/#website\"},\"datePublished\":\"2023-08-15T13:37:39+00:00\",\"dateModified\":\"2023-08-22T08:43:40+00:00\",\"description\":\"Zastri\u017ei\u0161\u0107e Zastra\u017ei\u0161\u0107e se nalazi na 193 m. n. v. , udaljeno je 19 km. od Jelse i 37 km. od Su\u0107urja. Sastoji se od nekoliko zaselaka.\",\"breadcrumb\":{\"@id\":\"https:\\\/\\\/www.hvar.com\\\/hr\\\/destinacije\\\/zastrizisce\\\/#breadcrumb\"},\"inLanguage\":\"hr\",\"potentialAction\":[{\"@type\":\"ReadAction\",\"target\":[\"https:\\\/\\\/www.hvar.com\\\/hr\\\/destinacije\\\/zastrizisce\\\/\"]}]},{\"@type\":\"BreadcrumbList\",\"@id\":\"https:\\\/\\\/www.hvar.com\\\/hr\\\/destinacije\\\/zastrizisce\\\/#breadcrumb\",\"itemListElement\":[{\"@type\":\"ListItem\",\"position\":1,\"name\":\"Home\",\"item\":\"https:\\\/\\\/www.hvar.com\\\/hr\\\/\"},{\"@type\":\"ListItem\",\"position\":2,\"name\":\"Destinacije\",\"item\":\"https:\\\/\\\/www.hvar.com\\\/hr\\\/destinacije\\\/\"},{\"@type\":\"ListItem\",\"position\":3,\"name\":\"Zastri\u017ei\u0161\u0107e\"}]},{\"@type\":\"WebSite\",\"@id\":\"https:\\\/\\\/www.hvar.com\\\/hr\\\/#website\",\"url\":\"https:\\\/\\\/www.hvar.com\\\/hr\\\/\",\"name\":\"Hvar island Croatia\",\"description\":\"hvar, hvar croatia, hvar island\",\"potentialAction\":[{\"@type\":\"SearchAction\",\"target\":{\"@type\":\"EntryPoint\",\"urlTemplate\":\"https:\\\/\\\/www.hvar.com\\\/hr\\\/?s={search_term_string}\"},\"query-input\":{\"@type\":\"PropertyValueSpecification\",\"valueRequired\":true,\"valueName\":\"search_term_string\"}}],\"inLanguage\":\"hr\"}]}<\/script>\n<!-- \/ Yoast SEO Premium plugin. -->","yoast_head_json":{"title":"Zastri\u017ei\u0161\u0107e, informativni vodi\u0107 otoka Hvara - Hvar.com","description":"Zastri\u017ei\u0161\u0107e Zastra\u017ei\u0161\u0107e se nalazi na 193 m. n. v. , udaljeno je 19 km. od Jelse i 37 km. od Su\u0107urja. Sastoji se od nekoliko zaselaka.","robots":{"index":"index","follow":"follow","max-snippet":"max-snippet:-1","max-image-preview":"max-image-preview:large","max-video-preview":"max-video-preview:-1"},"canonical":"https:\/\/www.hvar.com\/hr\/destinacije\/zastrizisce\/","og_locale":"hr_HR","og_type":"article","og_title":"Zastri\u017ei\u0161\u0107e","og_description":"Zastri\u017ei\u0161\u0107e Zastra\u017ei\u0161\u0107e se nalazi na 193 m. n. v. , udaljeno je 19 km. od Jelse i 37 km. od Su\u0107urja. Sastoji se od nekoliko zaselaka.","og_url":"https:\/\/www.hvar.com\/hr\/destinacije\/zastrizisce\/","og_site_name":"Hvar island Croatia","article_modified_time":"2023-08-22T08:43:40+00:00","twitter_card":"summary_large_image","twitter_misc":{"Procijenjeno vrijeme \u010ditanja":"2 minute"},"schema":{"@context":"https:\/\/schema.org","@graph":[{"@type":"WebPage","@id":"https:\/\/www.hvar.com\/hr\/destinacije\/zastrizisce\/","url":"https:\/\/www.hvar.com\/hr\/destinacije\/zastrizisce\/","name":"Zastri\u017ei\u0161\u0107e, informativni vodi\u0107 otoka Hvara - Hvar.com","isPartOf":{"@id":"https:\/\/www.hvar.com\/hr\/#website"},"datePublished":"2023-08-15T13:37:39+00:00","dateModified":"2023-08-22T08:43:40+00:00","description":"Zastri\u017ei\u0161\u0107e Zastra\u017ei\u0161\u0107e se nalazi na 193 m. n. v. , udaljeno je 19 km. od Jelse i 37 km. od Su\u0107urja. Sastoji se od nekoliko zaselaka.","breadcrumb":{"@id":"https:\/\/www.hvar.com\/hr\/destinacije\/zastrizisce\/#breadcrumb"},"inLanguage":"hr","potentialAction":[{"@type":"ReadAction","target":["https:\/\/www.hvar.com\/hr\/destinacije\/zastrizisce\/"]}]},{"@type":"BreadcrumbList","@id":"https:\/\/www.hvar.com\/hr\/destinacije\/zastrizisce\/#breadcrumb","itemListElement":[{"@type":"ListItem","position":1,"name":"Home","item":"https:\/\/www.hvar.com\/hr\/"},{"@type":"ListItem","position":2,"name":"Destinacije","item":"https:\/\/www.hvar.com\/hr\/destinacije\/"},{"@type":"ListItem","position":3,"name":"Zastri\u017ei\u0161\u0107e"}]},{"@type":"WebSite","@id":"https:\/\/www.hvar.com\/hr\/#website","url":"https:\/\/www.hvar.com\/hr\/","name":"Hvar island Croatia","description":"hvar, hvar croatia, hvar island","potentialAction":[{"@type":"SearchAction","target":{"@type":"EntryPoint","urlTemplate":"https:\/\/www.hvar.com\/hr\/?s={search_term_string}"},"query-input":{"@type":"PropertyValueSpecification","valueRequired":true,"valueName":"search_term_string"}}],"inLanguage":"hr"}]}},"_links":{"self":[{"href":"https:\/\/www.hvar.com\/hr\/wp-json\/wp\/v2\/pages\/1027","targetHints":{"allow":["GET"]}}],"collection":[{"href":"https:\/\/www.hvar.com\/hr\/wp-json\/wp\/v2\/pages"}],"about":[{"href":"https:\/\/www.hvar.com\/hr\/wp-json\/wp\/v2\/types\/page"}],"author":[{"embeddable":true,"href":"https:\/\/www.hvar.com\/hr\/wp-json\/wp\/v2\/users\/1"}],"replies":[{"embeddable":true,"href":"https:\/\/www.hvar.com\/hr\/wp-json\/wp\/v2\/comments?post=1027"}],"version-history":[{"count":1,"href":"https:\/\/www.hvar.com\/hr\/wp-json\/wp\/v2\/pages\/1027\/revisions"}],"predecessor-version":[{"id":1044,"href":"https:\/\/www.hvar.com\/hr\/wp-json\/wp\/v2\/pages\/1027\/revisions\/1044"}],"up":[{"embeddable":true,"href":"https:\/\/www.hvar.com\/hr\/wp-json\/wp\/v2\/pages\/49"}],"wp:attachment":[{"href":"https:\/\/www.hvar.com\/hr\/wp-json\/wp\/v2\/media?parent=1027"}],"wp:term":[{"taxonomy":"category","embeddable":true,"href":"https:\/\/www.hvar.com\/hr\/wp-json\/wp\/v2\/categories?post=1027"},{"taxonomy":"post_tag","embeddable":true,"href":"https:\/\/www.hvar.com\/hr\/wp-json\/wp\/v2\/tags?post=1027"}],"curies":[{"name":"wp","href":"https:\/\/api.w.org\/{rel}","templated":true}]}}